{"id":47100,"date":"2025-03-11T10:28:21","date_gmt":"2025-03-11T09:28:21","guid":{"rendered":"https:\/\/www.alternatievemiddelen.nl\/?post_type=product&#038;p=47100"},"modified":"2026-01-09T16:48:37","modified_gmt":"2026-01-09T15:48:37","slug":"tr-eat-pannenkoek-wafel-mix-200gr","status":"publish","type":"product","link":"https:\/\/www.alternatievemiddelen.nl\/fr\/produits\/tr-eat-melange-pour-crepes-et-gaufres-200gr\/","title":{"rendered":"Tr-eat M\u00e9lange pour cr\u00eapes et gaufres 200 gr"},"content":{"rendered":"<p>M\u00e9lange pour cr\u00eapes et gaufres Tr-eat - Une cr\u00eape ou une gaufre, 100 % sans gluten et sans sucre, pleine de bonnes fibres pour une bonne sant\u00e9 intestinale et une bonne digestion. Ces fibres pr\u00e9biotiques proviennent de tubercules (konjac et tapioca), du fruit du baobab, de graines de lin et de noix de coco. La cr\u00eape ou la gaufre est 100% sans sucre et sucr\u00e9e avec de la poudre de baobab pure. Cette poudre de baobab est une pure poudre de fruit de l'arbre Baobab et est riche en fibres et en vitamine C. Les cr\u00eapes et les gaufres sont d\u00e9licieuses et faciles \u00e0 pr\u00e9parer.<br \/>\n&nbsp;<\/p>\n<h3>Caract\u00e9ristiques M\u00e9lange pour cr\u00eapes et gaufres Tr-eat<\/h3>\n<p>\u2714 Sans gluten<br \/>\n\u2714 Sans sucre<br \/>\n\u2714 Sans lactose<br \/>\n\u2714 Pas de pomme de terre<br \/>\n\u2714 Pas de riz<br \/>\n\u2714 Pas de ma\u00efs<br \/>\n\u2714 Des fibres bonnes pour l'intestin<br \/>\n\u2714 Pr\u00e9biotique<br \/>\nBaobab<br \/>\n\u2714 Konjac<\/p>\n<p>Avec ce m\u00e9lange Tr-eat pour cr\u00eapes et gaufres de 200 g, vous pouvez cuire 12 cr\u00eapes, par exemple.<\/p>\n<p><u><b>Contenu :<\/b><\/u><br \/>\n200 grammes<\/p>\n<p><u><b>Ingr\u00e9dients :<\/b><\/u><br \/>\nFarine de lin jaune, farine de coco, baobab, farine de konjac, farine de tapioca. Le produit peut contenir des traces de fruits \u00e0 coque, d'arachides et de graines de s\u00e9same.<\/p>\n<p><u><b>Valeurs nutritionnelles pour 100g :<\/b><\/u><\/p>\n<table>\n<tbody>\n<tr>\n<td>L'\u00e9nergie<\/td>\n<td>1503 KJ, 357 kcal<\/td>\n<\/tr>\n<tr>\n<td>Graisses<\/td>\n<td>4,9 g<\/td>\n<\/tr>\n<tr>\n<td>dont acides gras satur\u00e9s<\/td>\n<td>3,6 g<\/td>\n<\/tr>\n<tr>\n<td>Glucides<\/td>\n<td>64,6 g<\/td>\n<\/tr>\n<tr>\n<td>dont sucres<\/td>\n<td>3,3 g<\/td>\n<\/tr>\n<tr>\n<td>Fibres<\/td>\n<td>13,9 g<\/td>\n<\/tr>\n<tr>\n<td>Prot\u00e9ines<\/td>\n<td>6,6 g<\/td>\n<\/tr>\n<tr>\n<td>Sel<\/td>\n<td>0,1 g<\/td>\n<\/tr>\n<\/tbody>\n<\/table>\n<p>&nbsp;<\/p>\n<h3>Pr\u00e9paration<\/h3>\n<p><b><u>Cr\u00eapes<\/u><\/b><br \/>\n- 8 \u0153ufs<br \/>\n- 1000 ml d'eau (gazeuse)<br \/>\n- 30 g d'huile<\/p>\n<p>Dans un bol, fouetter tous les ingr\u00e9dients jusqu'\u00e0 obtention d'un m\u00e9lange homog\u00e8ne. Faire chauffer une po\u00eale \u00e0 frire avec un peu d'huile \u00e0 feu moyen. D\u00e9poser un peu de p\u00e2te et faire bouger la po\u00eale d'avant en arri\u00e8re pour que la p\u00e2te soit r\u00e9partie sur toute la surface de la po\u00eale et que vous obteniez une cr\u00eape fine. Faites frire la cr\u00eape jusqu'\u00e0 ce que le dessus soit sec et pr\u00e9sente de petites bulles. Retournez ensuite la cr\u00eape et faites frire le dessous jusqu'\u00e0 ce qu'il soit \u00e9galement dor\u00e9.<\/p>\n<p>Bien entendu, vous pouvez \u00e9galement utiliser la moiti\u00e9 des ingr\u00e9dients si vous souhaitez faire moins de cr\u00eapes.<\/p>\n<p><b><u>Gaufres<\/u><\/b><br \/>\n- 6 \u0153ufs<br \/>\n- 80 ml d'eau (gazeuse)<br \/>\n- 40 g d'huile de coco<br \/>\n- 40 g d'\u00e9dulcorant au choix<\/p>\n<p>Dans un bol, fouetter tous les ingr\u00e9dients jusqu'\u00e0 l'obtention d'un m\u00e9lange homog\u00e8ne. Cuire les gaufres dans un gaufrier.<\/p>\n<p>Bien entendu, vous pouvez \u00e9galement utiliser la moiti\u00e9 des ingr\u00e9dients si vous souhaitez faire moins de gaufres.<br \/>\n&nbsp;<br \/>\nPour obtenir des vid\u00e9os d'instruction sur la pr\u00e9paration des produits Tr-eat, veuillez vous r\u00e9f\u00e9rer \u00e0 notre site web. <a href=\"https:\/\/www.alternatievemiddelen.nl\/fr\/la-bibliotheque\/\">biblioth\u00e8que<\/a>. Dans ces <a href=\"https:\/\/www.alternatievemiddelen.nl\/fr\/videos-d-instructions-tr-eat-produits-sans-gluten\/\">vid\u00e9os p\u00e9dagogiques<\/a> vous verrez \u00e9tape par \u00e9tape comment fabriquer facilement votre produit Tr-eat. Aucun talent de cuisinier n'est requis !<\/p>","protected":false},"excerpt":{"rendered":"<p>M\u00e9lange Tr-eat pour cr\u00eapes et gaufres pour une cr\u00eape ou une gaufre, 100 % sans gluten et sans sucre, plein de bonnes fibres pour une bonne sant\u00e9 intestinale et une bonne digestion.<\/p>\n<p><b>Vous b\u00e9n\u00e9ficiez de remises group\u00e9es ? D\u00e9finissez votre <a href=\"https:\/\/www.alternatievemiddelen.nl\/fr\/produits\/produits-tr-eat-bargain-set\/\"><b>Cr\u00e9ez votre propre lot de produits Tr-eat<\/b><\/a> et b\u00e9n\u00e9ficier d'une r\u00e9duction.<\/b><\/p>","protected":false},"featured_media":47111,"comment_status":"open","ping_status":"closed","template":"","meta":[],"product_brand":[],"product_cat":[3042,3654],"product_tag":[3680,3661,3664,3663,2875,3183,3665,3682,3657,3681,3662],"merk":[3653],"class_list":{"0":"post-47100","1":"product","2":"type-product","3":"status-publish","4":"has-post-thumbnail","6":"product_cat-gezonde-voedingsmiddelen","7":"product_cat-glutenvrije-bakmixen","8":"product_tag-200-gr","9":"product_tag-bakmix","10":"product_tag-darmen","11":"product_tag-darmflora","12":"product_tag-gezondheid","13":"product_tag-glutenvrij","14":"product_tag-lekker","15":"product_tag-pannenkoek-wafel","16":"product_tag-tr-eat","17":"product_tag-tr-eat-pannenkoek-wafel","18":"product_tag-vezels","19":"merk-treat","21":"first","22":"instock","23":"taxable","24":"shipping-taxable","25":"purchasable","26":"product-type-simple"},"bundled_by":["49417"],"bundle_stock_status":"instock","bundle_stock_quantity":2,"bundle_virtual":false,"bundle_layout":"","bundle_add_to_cart_form_location":"","bundle_editable_in_cart":false,"bundle_sold_individually_context":"","bundle_item_grouping":"","bundle_min_size":"","bundle_max_size":"","bundle_price":[],"bundled_items":[],"bundle_sell_ids":[44176,47274,47311,49202,46952],"yoast_head":"<!-- This site is optimized with the Yoast SEO plugin v26.1 - https:\/\/yoast.com\/wordpress\/plugins\/seo\/ -->\n<title>Tr-eat Pannenkoek &amp; Wafel mix 200 gr - Alternatievemiddelen.nl<\/title>\n<meta name=\"description\" content=\"Tr-eat Pannenkoek &amp; Wafel mix voor een pannenkoek of wafel, 100 % glutenvrij en suikervrij, vol goede vezels voor een goede darmflora en spijsvertering.\" \/>\n<meta name=\"robots\" content=\"index, follow, max-snippet:-1, max-image-preview:large, max-video-preview:-1\" \/>\n<link rel=\"canonical\" href=\"https:\/\/www.alternatievemiddelen.nl\/fr\/wp-json\/wp\/v2\/product\/47100\" \/>\n<meta property=\"og:locale\" content=\"fr_FR\" \/>\n<meta property=\"og:type\" content=\"article\" \/>\n<meta property=\"og:title\" content=\"Tr-eat Pannenkoek &amp; Wafel mix 200 gr - Alternatievemiddelen.nl\" \/>\n<meta property=\"og:description\" content=\"Tr-eat Pannenkoek &amp; Wafel mix voor een pannenkoek of wafel, 100 % glutenvrij en suikervrij, vol goede vezels voor een goede darmflora en spijsvertering.\" \/>\n<meta property=\"og:url\" content=\"https:\/\/www.alternatievemiddelen.nl\/fr\/produits\/tr-eat-melange-pour-crepes-et-gaufres-200gr\/\" \/>\n<meta property=\"og:site_name\" content=\"Alternatievemiddelen.nl\" \/>\n<meta property=\"article:modified_time\" content=\"2026-01-09T15:48:37+00:00\" \/>\n<meta property=\"og:image\" content=\"\/wp-content\/uploads\/2025\/03\/Tr-eat-Pannenkoek-Wafel-mix.jpg\" \/>\n\t<meta property=\"og:image:width\" content=\"600\" \/>\n\t<meta property=\"og:image:height\" content=\"800\" \/>\n\t<meta property=\"og:image:type\" content=\"image\/jpeg\" \/>\n<meta name=\"twitter:card\" content=\"summary_large_image\" \/>\n<meta name=\"twitter:label1\" content=\"Dur\u00e9e de lecture estim\u00e9e\" \/>\n\t<meta name=\"twitter:data1\" content=\"2 minutes\" \/>\n<script type=\"application\/ld+json\" class=\"yoast-schema-graph\">{\"@context\":\"https:\/\/schema.org\",\"@graph\":[{\"@type\":[\"WebPage\",\"ItemPage\"],\"@id\":\"https:\/\/www.alternatievemiddelen.nl\/producten\/tr-eat-pannenkoek-wafel-mix-200gr\/\",\"url\":\"https:\/\/www.alternatievemiddelen.nl\/producten\/tr-eat-pannenkoek-wafel-mix-200gr\/\",\"name\":\"Tr-eat Pannenkoek & Wafel mix 200 gr - Alternatievemiddelen.nl\",\"isPartOf\":{\"@id\":\"https:\/\/www.alternatievemiddelen.nl\/#website\"},\"primaryImageOfPage\":{\"@id\":\"https:\/\/www.alternatievemiddelen.nl\/producten\/tr-eat-pannenkoek-wafel-mix-200gr\/#primaryimage\"},\"image\":{\"@id\":\"https:\/\/www.alternatievemiddelen.nl\/producten\/tr-eat-pannenkoek-wafel-mix-200gr\/#primaryimage\"},\"thumbnailUrl\":\"https:\/\/www.alternatievemiddelen.nl\/wp-content\/uploads\/2025\/03\/Tr-eat-Pannenkoek-Wafel-mix.jpg\",\"datePublished\":\"2025-03-11T09:28:21+00:00\",\"dateModified\":\"2026-01-09T15:48:37+00:00\",\"description\":\"Tr-eat Pannenkoek & Wafel mix voor een pannenkoek of wafel, 100 % glutenvrij en suikervrij, vol goede vezels voor een goede darmflora en spijsvertering.\",\"breadcrumb\":{\"@id\":\"https:\/\/www.alternatievemiddelen.nl\/producten\/tr-eat-pannenkoek-wafel-mix-200gr\/#breadcrumb\"},\"inLanguage\":\"fr-FR\",\"potentialAction\":[{\"@type\":\"ReadAction\",\"target\":[\"https:\/\/www.alternatievemiddelen.nl\/producten\/tr-eat-pannenkoek-wafel-mix-200gr\/\"]}]},{\"@type\":\"ImageObject\",\"inLanguage\":\"fr-FR\",\"@id\":\"https:\/\/www.alternatievemiddelen.nl\/producten\/tr-eat-pannenkoek-wafel-mix-200gr\/#primaryimage\",\"url\":\"https:\/\/www.alternatievemiddelen.nl\/wp-content\/uploads\/2025\/03\/Tr-eat-Pannenkoek-Wafel-mix.jpg\",\"contentUrl\":\"https:\/\/www.alternatievemiddelen.nl\/wp-content\/uploads\/2025\/03\/Tr-eat-Pannenkoek-Wafel-mix.jpg\",\"width\":600,\"height\":800,\"caption\":\"Tr-eat Pannenkoek & Wafel mix\"},{\"@type\":\"BreadcrumbList\",\"@id\":\"https:\/\/www.alternatievemiddelen.nl\/producten\/tr-eat-pannenkoek-wafel-mix-200gr\/#breadcrumb\",\"itemListElement\":[{\"@type\":\"ListItem\",\"position\":1,\"name\":\"Home\",\"item\":\"https:\/\/www.alternatievemiddelen.nl\/\"},{\"@type\":\"ListItem\",\"position\":2,\"name\":\"Producten\",\"item\":\"https:\/\/www.alternatievemiddelen.nl\/producten\/\"},{\"@type\":\"ListItem\",\"position\":3,\"name\":\"Tr-eat Pannenkoek &#038; Wafel mix 200 gr\"}]},{\"@type\":\"WebSite\",\"@id\":\"https:\/\/www.alternatievemiddelen.nl\/#website\",\"url\":\"https:\/\/www.alternatievemiddelen.nl\/\",\"name\":\"Alternatievemiddelen.nl\",\"description\":\"Webshop met gezonde, duurzame en ecologische alternatieve mogelijkheden in de hedendaagse levenstijl. Alles uit eigen ervaring.\",\"publisher\":{\"@id\":\"https:\/\/www.alternatievemiddelen.nl\/#organization\"},\"potentialAction\":[{\"@type\":\"SearchAction\",\"target\":{\"@type\":\"EntryPoint\",\"urlTemplate\":\"https:\/\/www.alternatievemiddelen.nl\/?s={search_term_string}\"},\"query-input\":{\"@type\":\"PropertyValueSpecification\",\"valueRequired\":true,\"valueName\":\"search_term_string\"}}],\"inLanguage\":\"fr-FR\"},{\"@type\":\"Organization\",\"@id\":\"https:\/\/www.alternatievemiddelen.nl\/#organization\",\"name\":\"Alternatievemiddelen.nl\",\"url\":\"https:\/\/www.alternatievemiddelen.nl\/\",\"logo\":{\"@type\":\"ImageObject\",\"inLanguage\":\"fr-FR\",\"@id\":\"https:\/\/www.alternatievemiddelen.nl\/#\/schema\/logo\/image\/\",\"url\":\"https:\/\/www.alternatievemiddelen.nl\/wp-content\/uploads\/2023\/10\/alternatievemiddelen-PNG-logo.png\",\"contentUrl\":\"https:\/\/www.alternatievemiddelen.nl\/wp-content\/uploads\/2023\/10\/alternatievemiddelen-PNG-logo.png\",\"width\":6400,\"height\":3062,\"caption\":\"Alternatievemiddelen.nl\"},\"image\":{\"@id\":\"https:\/\/www.alternatievemiddelen.nl\/#\/schema\/logo\/image\/\"}}]}<\/script>\n<!-- \/ Yoast SEO plugin. -->","yoast_head_json":{"title":"Tr-eat Pannenkoek & Wafel mix 200 gr - Alternatievemiddelen.nl","description":"Tr-eat Pannenkoek & Wafel mix voor een pannenkoek of wafel, 100 % glutenvrij en suikervrij, vol goede vezels voor een goede darmflora en spijsvertering.","robots":{"index":"index","follow":"follow","max-snippet":"max-snippet:-1","max-image-preview":"max-image-preview:large","max-video-preview":"max-video-preview:-1"},"canonical":"https:\/\/www.alternatievemiddelen.nl\/fr\/wp-json\/wp\/v2\/product\/47100","og_locale":"fr_FR","og_type":"article","og_title":"Tr-eat Pannenkoek & Wafel mix 200 gr - Alternatievemiddelen.nl","og_description":"Tr-eat Pannenkoek & Wafel mix voor een pannenkoek of wafel, 100 % glutenvrij en suikervrij, vol goede vezels voor een goede darmflora en spijsvertering.","og_url":"https:\/\/www.alternatievemiddelen.nl\/fr\/produits\/tr-eat-melange-pour-crepes-et-gaufres-200gr\/","og_site_name":"Alternatievemiddelen.nl","article_modified_time":"2026-01-09T15:48:37+00:00","og_image":[{"width":600,"height":800,"url":"\/wp-content\/uploads\/2025\/03\/Tr-eat-Pannenkoek-Wafel-mix.jpg","type":"image\/jpeg"}],"twitter_card":"summary_large_image","twitter_misc":{"Dur\u00e9e de lecture estim\u00e9e":"2 minutes"},"schema":{"@context":"https:\/\/schema.org","@graph":[{"@type":["WebPage","ItemPage"],"@id":"https:\/\/www.alternatievemiddelen.nl\/producten\/tr-eat-pannenkoek-wafel-mix-200gr\/","url":"https:\/\/www.alternatievemiddelen.nl\/producten\/tr-eat-pannenkoek-wafel-mix-200gr\/","name":"Tr-eat Pannenkoek & Wafel mix 200 gr - Alternatievemiddelen.nl","isPartOf":{"@id":"https:\/\/www.alternatievemiddelen.nl\/#website"},"primaryImageOfPage":{"@id":"https:\/\/www.alternatievemiddelen.nl\/producten\/tr-eat-pannenkoek-wafel-mix-200gr\/#primaryimage"},"image":{"@id":"https:\/\/www.alternatievemiddelen.nl\/producten\/tr-eat-pannenkoek-wafel-mix-200gr\/#primaryimage"},"thumbnailUrl":"https:\/\/www.alternatievemiddelen.nl\/wp-content\/uploads\/2025\/03\/Tr-eat-Pannenkoek-Wafel-mix.jpg","datePublished":"2025-03-11T09:28:21+00:00","dateModified":"2026-01-09T15:48:37+00:00","description":"Tr-eat Pannenkoek & Wafel mix voor een pannenkoek of wafel, 100 % glutenvrij en suikervrij, vol goede vezels voor een goede darmflora en spijsvertering.","breadcrumb":{"@id":"https:\/\/www.alternatievemiddelen.nl\/producten\/tr-eat-pannenkoek-wafel-mix-200gr\/#breadcrumb"},"inLanguage":"fr-FR","potentialAction":[{"@type":"ReadAction","target":["https:\/\/www.alternatievemiddelen.nl\/producten\/tr-eat-pannenkoek-wafel-mix-200gr\/"]}]},{"@type":"ImageObject","inLanguage":"fr-FR","@id":"https:\/\/www.alternatievemiddelen.nl\/producten\/tr-eat-pannenkoek-wafel-mix-200gr\/#primaryimage","url":"https:\/\/www.alternatievemiddelen.nl\/wp-content\/uploads\/2025\/03\/Tr-eat-Pannenkoek-Wafel-mix.jpg","contentUrl":"https:\/\/www.alternatievemiddelen.nl\/wp-content\/uploads\/2025\/03\/Tr-eat-Pannenkoek-Wafel-mix.jpg","width":600,"height":800,"caption":"Tr-eat Pannenkoek & Wafel mix"},{"@type":"BreadcrumbList","@id":"https:\/\/www.alternatievemiddelen.nl\/producten\/tr-eat-pannenkoek-wafel-mix-200gr\/#breadcrumb","itemListElement":[{"@type":"ListItem","position":1,"name":"Home","item":"https:\/\/www.alternatievemiddelen.nl\/"},{"@type":"ListItem","position":2,"name":"Producten","item":"https:\/\/www.alternatievemiddelen.nl\/producten\/"},{"@type":"ListItem","position":3,"name":"Tr-eat Pannenkoek &#038; Wafel mix 200 gr"}]},{"@type":"WebSite","@id":"https:\/\/www.alternatievemiddelen.nl\/#website","url":"https:\/\/www.alternatievemiddelen.nl\/","name":"Alternatievemiddelen.nl","description":"Webshop met gezonde, duurzame en ecologische alternatieve mogelijkheden in de hedendaagse levenstijl. Alles uit eigen ervaring.","publisher":{"@id":"https:\/\/www.alternatievemiddelen.nl\/#organization"},"potentialAction":[{"@type":"SearchAction","target":{"@type":"EntryPoint","urlTemplate":"https:\/\/www.alternatievemiddelen.nl\/?s={search_term_string}"},"query-input":{"@type":"PropertyValueSpecification","valueRequired":true,"valueName":"search_term_string"}}],"inLanguage":"fr-FR"},{"@type":"Organization","@id":"https:\/\/www.alternatievemiddelen.nl\/#organization","name":"Alternatievemiddelen.nl","url":"https:\/\/www.alternatievemiddelen.nl\/","logo":{"@type":"ImageObject","inLanguage":"fr-FR","@id":"https:\/\/www.alternatievemiddelen.nl\/#\/schema\/logo\/image\/","url":"https:\/\/www.alternatievemiddelen.nl\/wp-content\/uploads\/2023\/10\/alternatievemiddelen-PNG-logo.png","contentUrl":"https:\/\/www.alternatievemiddelen.nl\/wp-content\/uploads\/2023\/10\/alternatievemiddelen-PNG-logo.png","width":6400,"height":3062,"caption":"Alternatievemiddelen.nl"},"image":{"@id":"https:\/\/www.alternatievemiddelen.nl\/#\/schema\/logo\/image\/"}}]}},"_links":{"self":[{"href":"https:\/\/www.alternatievemiddelen.nl\/fr\/wp-json\/wp\/v2\/product\/47100","targetHints":{"allow":["GET"]}}],"collection":[{"href":"https:\/\/www.alternatievemiddelen.nl\/fr\/wp-json\/wp\/v2\/product"}],"about":[{"href":"https:\/\/www.alternatievemiddelen.nl\/fr\/wp-json\/wp\/v2\/types\/product"}],"replies":[{"embeddable":true,"href":"https:\/\/www.alternatievemiddelen.nl\/fr\/wp-json\/wp\/v2\/comments?post=47100"}],"wp:featuredmedia":[{"embeddable":true,"href":"https:\/\/www.alternatievemiddelen.nl\/fr\/wp-json\/wp\/v2\/media\/47111"}],"wp:attachment":[{"href":"https:\/\/www.alternatievemiddelen.nl\/fr\/wp-json\/wp\/v2\/media?parent=47100"}],"wp:term":[{"taxonomy":"product_brand","embeddable":true,"href":"https:\/\/www.alternatievemiddelen.nl\/fr\/wp-json\/wp\/v2\/product_brand?post=47100"},{"taxonomy":"product_cat","embeddable":true,"href":"https:\/\/www.alternatievemiddelen.nl\/fr\/wp-json\/wp\/v2\/product_cat?post=47100"},{"taxonomy":"product_tag","embeddable":true,"href":"https:\/\/www.alternatievemiddelen.nl\/fr\/wp-json\/wp\/v2\/product_tag?post=47100"},{"taxonomy":"merk","embeddable":true,"href":"https:\/\/www.alternatievemiddelen.nl\/fr\/wp-json\/wp\/v2\/merk?post=47100"}],"curies":[{"name":"wp","href":"https:\/\/api.w.org\/{rel}","templated":true}]}}