{"id":47287,"date":"2025-04-01T15:17:59","date_gmt":"2025-04-01T13:17:59","guid":{"rendered":"https:\/\/www.alternatievemiddelen.nl\/?post_type=product&#038;p=47287"},"modified":"2026-03-10T15:45:21","modified_gmt":"2026-03-10T14:45:21","slug":"tr-eat-keto-vegan-pizza-mix-155gr","status":"publish","type":"product","link":"https:\/\/www.alternatievemiddelen.nl\/fr\/produits\/tr-eat-keto-vegan-pizza-mix-155gr\/","title":{"rendered":"Tr-eat Keto &amp; Vegan Pizza mix 155 gr"},"content":{"rendered":"<p>Tr-eat Keto &amp; Vegan Pizza mix - Une pizza sans gluten qui est \u00e0 la fois KETO et VEGAN ! Avec la pizza sans gluten KETO et VEGAN de Tr-eat, vous choisissez une pizza qui :<br \/>\n\u2714 nombreux <b>moins de glucides<\/b> contient plus qu'une pizza normale<br \/>\n\u2714 <b>V\u00e9g\u00e9talien<\/b> est pr\u00e9par\u00e9 sans \u0153ufs<br \/>\n\u2714 <b>Ne pas perturber votre c\u00e9tose<\/b> vous maintient en mode de combustion des graisses<br \/>\n\u2714 <b>Pas de pic de sucre<\/b> donne et ne trempe pas apr\u00e8s avoir mang\u00e9<br \/>\n\u2714 <b>Plein de bonnes fibres<\/b> est bon pour les intestins et vous rassasie plus rapidement<br \/>\n\u2714 Une saveur d\u00e9licieuse avec un go\u00fbt ferme<br \/>\n\u2714 Tr\u00e8s facile et rapide \u00e0 pr\u00e9parer dans un four ordinaire<br \/>\n&nbsp;<\/p>\n<h3>Caract\u00e9ristiques Tr-eat Keto &amp; Vegan Pizza mix<\/h3>\n<p>Ce d\u00e9licieux m\u00e9lange pour pizza convient \u00e0 tout r\u00e9gime v\u00e9g\u00e9talien, pauvre en glucides ou c\u00e9tog\u00e8ne !<\/p>\n<p>Avec cette pizza Tr-eat Keto &amp; Vegan, vous pouvez \u00e0 nouveau savourer une d\u00e9licieuse part de pizza pleine de bonnes fibres tout en suivant un r\u00e9gime c\u00e9to ou pauvre en glucides. La pizza cuite au four ne contient que 4,9 g de glucides par 100 g !<\/p>\n<p>Avec Tr-eat, vous optez pour des aliments purs, d\u00e9licieux et 100% sains !<\/p>\n<p><u><b>Contenu :<\/b><\/u><br \/>\n155 g<\/p>\n<p><u><b>Ingr\u00e9dients :<\/b><\/u><br \/>\nFarine d'amande, farine de lin, farine de noix de coco, fibre de bambou, enveloppe de psyllium, poudre \u00e0 lever pal\u00e9o, sel. Le produit peut contenir des traces de noix, de graines, de cacahu\u00e8tes et de graines de s\u00e9same.<\/p>\n<p><u><b>Valeurs nutritionnelles pour 100g :<\/b><\/u><\/p>\n<table>\n<tbody>\n<tr>\n<td>L'\u00e9nergie<\/td>\n<td>1738 KJ, 421 Kcal<\/td>\n<\/tr>\n<tr>\n<td>Graisses<\/td>\n<td>37 g<\/td>\n<\/tr>\n<tr>\n<td>dont acides gras satur\u00e9s<\/td>\n<td>4,4 g<\/td>\n<\/tr>\n<tr>\n<td>Glucides<\/td>\n<td>4,9 g<\/td>\n<\/tr>\n<tr>\n<td>dont sucres<\/td>\n<td>3,7 g<\/td>\n<\/tr>\n<tr>\n<td>Fibres<\/td>\n<td>13 g<\/td>\n<\/tr>\n<tr>\n<td>Prot\u00e9ines<\/td>\n<td>12 g<\/td>\n<\/tr>\n<tr>\n<td>Sel<\/td>\n<td>1,3 g<\/td>\n<\/tr>\n<\/tbody>\n<\/table>\n<p>&nbsp;<\/p>\n<h3>Pr\u00e9paration<\/h3>\n<p>- 115 ml d'eau ti\u00e8de<br \/>\n- 50 g d'huile d'olive<br \/>\n- Tr-eat M\u00e9lange \u00e0 pizza v\u00e9g\u00e9talien et c\u00e9to<\/p>\n<p>M\u00e9langer la farine avec l'eau et l'huile d'olive dans un bol. Laisser reposer la p\u00e2te pendant 10 minutes.<\/p>\n<p>\u00c9taler la p\u00e2te au rouleau \u00e0 p\u00e2tisserie entre deux feuilles de papier sulfuris\u00e9 brun pour obtenir une belle cro\u00fbte de pizza fine. Garnissez-la \u00e0 votre guise.<\/p>\n<p>Placer la pizza avec le papier sulfuris\u00e9 bruni sur une plaque de cuisson.<\/p>\n<p>Cuire la pizza pendant 20 minutes dans un four pr\u00e9chauff\u00e9 \u00e0 180\u00b0C.<\/p>\n<p>Pour obtenir des vid\u00e9os d'instruction sur la pr\u00e9paration des produits Tr-eat, veuillez vous r\u00e9f\u00e9rer \u00e0 notre site web. <a href=\"https:\/\/www.alternatievemiddelen.nl\/fr\/la-bibliotheque\/\">biblioth\u00e8que<\/a>. Dans ces <a href=\"https:\/\/www.alternatievemiddelen.nl\/fr\/videos-d-instructions-tr-eat-produits-sans-gluten\/\">vid\u00e9os p\u00e9dagogiques<\/a> vous verrez \u00e9tape par \u00e9tape comment fabriquer facilement votre produit Tr-eat. Aucun talent de cuisinier n'est requis !<\/p>","protected":false},"excerpt":{"rendered":"<p>Le m\u00e9lange Tr-eat Keto &amp; Vegan Pizza pour une pizza sans gluten qui est \u00e0 la fois KETOGEN et VEGAN ! Convient \u00e0 tout r\u00e9gime v\u00e9g\u00e9talien, \u00e0 faible teneur en glucides ou c\u00e9tog\u00e8ne !<\/p>\n<p><b>Vous b\u00e9n\u00e9ficiez de remises group\u00e9es ? D\u00e9finissez votre <a href=\"https:\/\/www.alternatievemiddelen.nl\/fr\/produits\/produits-tr-eat-bargain-set\/\"><b>Cr\u00e9ez votre propre lot de produits Tr-eat<\/b><\/a> et b\u00e9n\u00e9ficier d'une r\u00e9duction.<\/b><\/p>","protected":false},"featured_media":47292,"comment_status":"open","ping_status":"closed","template":"","meta":[],"product_brand":[],"product_cat":[3042,3654,3674],"product_tag":[3695,3661,3664,3663,2875,3183,3697,3665,3657,3696,3662],"merk":[3653],"class_list":{"0":"post-47287","1":"product","2":"type-product","3":"status-publish","4":"has-post-thumbnail","6":"product_cat-gezonde-voedingsmiddelen","7":"product_cat-glutenvrije-bakmixen","8":"product_cat-keto-producten","9":"product_tag-155-gr","10":"product_tag-bakmix","11":"product_tag-darmen","12":"product_tag-darmflora","13":"product_tag-gezondheid","14":"product_tag-glutenvrij","15":"product_tag-keto-vegan-pizza","16":"product_tag-lekker","17":"product_tag-tr-eat","18":"product_tag-tr-eat-keto-vegan-pizza","19":"product_tag-vezels","20":"merk-treat","22":"first","23":"instock","24":"taxable","25":"shipping-taxable","26":"purchasable","27":"product-type-simple"},"bundled_by":["49417"],"bundle_stock_status":"instock","bundle_stock_quantity":2,"bundle_virtual":false,"bundle_layout":"","bundle_add_to_cart_form_location":"","bundle_editable_in_cart":false,"bundle_sold_individually_context":"","bundle_item_grouping":"","bundle_min_size":"","bundle_max_size":"","bundle_price":[],"bundled_items":[],"bundle_sell_ids":[44176,47014,49217,49171],"yoast_head":"<!-- This site is optimized with the Yoast SEO plugin v26.1 - https:\/\/yoast.com\/wordpress\/plugins\/seo\/ -->\n<title>Tr-eat Keto &amp; Vegan Pizza mix 155 gr - Alternatievemiddelen.nl<\/title>\n<meta name=\"description\" content=\"De Tr-eat Keto &amp; Vegan Pizza mix voor een glutenvrije pizza die en KETOGEEN en VEGAN is! Past binnen elk vegan, koolhydraatarm of ketogeen dieet!\" \/>\n<meta name=\"robots\" content=\"index, follow, max-snippet:-1, max-image-preview:large, max-video-preview:-1\" \/>\n<link rel=\"canonical\" href=\"https:\/\/www.alternatievemiddelen.nl\/fr\/wp-json\/wp\/v2\/product\/47287\" \/>\n<meta property=\"og:locale\" content=\"fr_FR\" \/>\n<meta property=\"og:type\" content=\"article\" \/>\n<meta property=\"og:title\" content=\"Tr-eat Keto &amp; Vegan Pizza mix 155 gr - Alternatievemiddelen.nl\" \/>\n<meta property=\"og:description\" content=\"De Tr-eat Keto &amp; Vegan Pizza mix voor een glutenvrije pizza die en KETOGEEN en VEGAN is! Past binnen elk vegan, koolhydraatarm of ketogeen dieet!\" \/>\n<meta property=\"og:url\" content=\"https:\/\/www.alternatievemiddelen.nl\/fr\/produits\/tr-eat-keto-vegan-pizza-mix-155gr\/\" \/>\n<meta property=\"og:site_name\" content=\"Alternatievemiddelen.nl\" \/>\n<meta property=\"article:modified_time\" content=\"2026-03-10T14:45:21+00:00\" \/>\n<meta property=\"og:image\" content=\"\/wp-content\/uploads\/2025\/04\/Tr-eat-Keto-Vegan-Pizza.jpg\" \/>\n\t<meta property=\"og:image:width\" content=\"600\" \/>\n\t<meta property=\"og:image:height\" content=\"800\" \/>\n\t<meta property=\"og:image:type\" content=\"image\/jpeg\" \/>\n<meta name=\"twitter:card\" content=\"summary_large_image\" \/>\n<meta name=\"twitter:label1\" content=\"Dur\u00e9e de lecture estim\u00e9e\" \/>\n\t<meta name=\"twitter:data1\" content=\"2 minutes\" \/>\n<script type=\"application\/ld+json\" class=\"yoast-schema-graph\">{\"@context\":\"https:\/\/schema.org\",\"@graph\":[{\"@type\":[\"WebPage\",\"ItemPage\"],\"@id\":\"https:\/\/www.alternatievemiddelen.nl\/producten\/tr-eat-keto-vegan-pizza-mix-155gr\/\",\"url\":\"https:\/\/www.alternatievemiddelen.nl\/producten\/tr-eat-keto-vegan-pizza-mix-155gr\/\",\"name\":\"Tr-eat Keto & Vegan Pizza mix 155 gr - Alternatievemiddelen.nl\",\"isPartOf\":{\"@id\":\"https:\/\/www.alternatievemiddelen.nl\/#website\"},\"primaryImageOfPage\":{\"@id\":\"https:\/\/www.alternatievemiddelen.nl\/producten\/tr-eat-keto-vegan-pizza-mix-155gr\/#primaryimage\"},\"image\":{\"@id\":\"https:\/\/www.alternatievemiddelen.nl\/producten\/tr-eat-keto-vegan-pizza-mix-155gr\/#primaryimage\"},\"thumbnailUrl\":\"https:\/\/www.alternatievemiddelen.nl\/wp-content\/uploads\/2025\/04\/Tr-eat-Keto-Vegan-Pizza.jpg\",\"datePublished\":\"2025-04-01T13:17:59+00:00\",\"dateModified\":\"2026-03-10T14:45:21+00:00\",\"description\":\"De Tr-eat Keto & Vegan Pizza mix voor een glutenvrije pizza die en KETOGEEN en VEGAN is! Past binnen elk vegan, koolhydraatarm of ketogeen dieet!\",\"breadcrumb\":{\"@id\":\"https:\/\/www.alternatievemiddelen.nl\/producten\/tr-eat-keto-vegan-pizza-mix-155gr\/#breadcrumb\"},\"inLanguage\":\"fr-FR\",\"potentialAction\":[{\"@type\":\"ReadAction\",\"target\":[\"https:\/\/www.alternatievemiddelen.nl\/producten\/tr-eat-keto-vegan-pizza-mix-155gr\/\"]}]},{\"@type\":\"ImageObject\",\"inLanguage\":\"fr-FR\",\"@id\":\"https:\/\/www.alternatievemiddelen.nl\/producten\/tr-eat-keto-vegan-pizza-mix-155gr\/#primaryimage\",\"url\":\"https:\/\/www.alternatievemiddelen.nl\/wp-content\/uploads\/2025\/04\/Tr-eat-Keto-Vegan-Pizza.jpg\",\"contentUrl\":\"https:\/\/www.alternatievemiddelen.nl\/wp-content\/uploads\/2025\/04\/Tr-eat-Keto-Vegan-Pizza.jpg\",\"width\":600,\"height\":800,\"caption\":\"Tr-eat Keto & Vegan Pizza mix\"},{\"@type\":\"BreadcrumbList\",\"@id\":\"https:\/\/www.alternatievemiddelen.nl\/producten\/tr-eat-keto-vegan-pizza-mix-155gr\/#breadcrumb\",\"itemListElement\":[{\"@type\":\"ListItem\",\"position\":1,\"name\":\"Home\",\"item\":\"https:\/\/www.alternatievemiddelen.nl\/\"},{\"@type\":\"ListItem\",\"position\":2,\"name\":\"Producten\",\"item\":\"https:\/\/www.alternatievemiddelen.nl\/producten\/\"},{\"@type\":\"ListItem\",\"position\":3,\"name\":\"Tr-eat Keto &#038; Vegan Pizza mix 155 gr\"}]},{\"@type\":\"WebSite\",\"@id\":\"https:\/\/www.alternatievemiddelen.nl\/#website\",\"url\":\"https:\/\/www.alternatievemiddelen.nl\/\",\"name\":\"Alternatievemiddelen.nl\",\"description\":\"Webshop met gezonde, duurzame en ecologische alternatieve mogelijkheden in de hedendaagse levenstijl. Alles uit eigen ervaring.\",\"publisher\":{\"@id\":\"https:\/\/www.alternatievemiddelen.nl\/#organization\"},\"potentialAction\":[{\"@type\":\"SearchAction\",\"target\":{\"@type\":\"EntryPoint\",\"urlTemplate\":\"https:\/\/www.alternatievemiddelen.nl\/?s={search_term_string}\"},\"query-input\":{\"@type\":\"PropertyValueSpecification\",\"valueRequired\":true,\"valueName\":\"search_term_string\"}}],\"inLanguage\":\"fr-FR\"},{\"@type\":\"Organization\",\"@id\":\"https:\/\/www.alternatievemiddelen.nl\/#organization\",\"name\":\"Alternatievemiddelen.nl\",\"url\":\"https:\/\/www.alternatievemiddelen.nl\/\",\"logo\":{\"@type\":\"ImageObject\",\"inLanguage\":\"fr-FR\",\"@id\":\"https:\/\/www.alternatievemiddelen.nl\/#\/schema\/logo\/image\/\",\"url\":\"https:\/\/www.alternatievemiddelen.nl\/wp-content\/uploads\/2023\/10\/alternatievemiddelen-PNG-logo.png\",\"contentUrl\":\"https:\/\/www.alternatievemiddelen.nl\/wp-content\/uploads\/2023\/10\/alternatievemiddelen-PNG-logo.png\",\"width\":6400,\"height\":3062,\"caption\":\"Alternatievemiddelen.nl\"},\"image\":{\"@id\":\"https:\/\/www.alternatievemiddelen.nl\/#\/schema\/logo\/image\/\"}}]}<\/script>\n<!-- \/ Yoast SEO plugin. -->","yoast_head_json":{"title":"Tr-eat Keto & Vegan Pizza mix 155 gr - Alternatievemiddelen.nl","description":"De Tr-eat Keto & Vegan Pizza mix voor een glutenvrije pizza die en KETOGEEN en VEGAN is! Past binnen elk vegan, koolhydraatarm of ketogeen dieet!","robots":{"index":"index","follow":"follow","max-snippet":"max-snippet:-1","max-image-preview":"max-image-preview:large","max-video-preview":"max-video-preview:-1"},"canonical":"https:\/\/www.alternatievemiddelen.nl\/fr\/wp-json\/wp\/v2\/product\/47287","og_locale":"fr_FR","og_type":"article","og_title":"Tr-eat Keto & Vegan Pizza mix 155 gr - Alternatievemiddelen.nl","og_description":"De Tr-eat Keto & Vegan Pizza mix voor een glutenvrije pizza die en KETOGEEN en VEGAN is! Past binnen elk vegan, koolhydraatarm of ketogeen dieet!","og_url":"https:\/\/www.alternatievemiddelen.nl\/fr\/produits\/tr-eat-keto-vegan-pizza-mix-155gr\/","og_site_name":"Alternatievemiddelen.nl","article_modified_time":"2026-03-10T14:45:21+00:00","og_image":[{"width":600,"height":800,"url":"\/wp-content\/uploads\/2025\/04\/Tr-eat-Keto-Vegan-Pizza.jpg","type":"image\/jpeg"}],"twitter_card":"summary_large_image","twitter_misc":{"Dur\u00e9e de lecture estim\u00e9e":"2 minutes"},"schema":{"@context":"https:\/\/schema.org","@graph":[{"@type":["WebPage","ItemPage"],"@id":"https:\/\/www.alternatievemiddelen.nl\/producten\/tr-eat-keto-vegan-pizza-mix-155gr\/","url":"https:\/\/www.alternatievemiddelen.nl\/producten\/tr-eat-keto-vegan-pizza-mix-155gr\/","name":"Tr-eat Keto & Vegan Pizza mix 155 gr - Alternatievemiddelen.nl","isPartOf":{"@id":"https:\/\/www.alternatievemiddelen.nl\/#website"},"primaryImageOfPage":{"@id":"https:\/\/www.alternatievemiddelen.nl\/producten\/tr-eat-keto-vegan-pizza-mix-155gr\/#primaryimage"},"image":{"@id":"https:\/\/www.alternatievemiddelen.nl\/producten\/tr-eat-keto-vegan-pizza-mix-155gr\/#primaryimage"},"thumbnailUrl":"https:\/\/www.alternatievemiddelen.nl\/wp-content\/uploads\/2025\/04\/Tr-eat-Keto-Vegan-Pizza.jpg","datePublished":"2025-04-01T13:17:59+00:00","dateModified":"2026-03-10T14:45:21+00:00","description":"De Tr-eat Keto & Vegan Pizza mix voor een glutenvrije pizza die en KETOGEEN en VEGAN is! Past binnen elk vegan, koolhydraatarm of ketogeen dieet!","breadcrumb":{"@id":"https:\/\/www.alternatievemiddelen.nl\/producten\/tr-eat-keto-vegan-pizza-mix-155gr\/#breadcrumb"},"inLanguage":"fr-FR","potentialAction":[{"@type":"ReadAction","target":["https:\/\/www.alternatievemiddelen.nl\/producten\/tr-eat-keto-vegan-pizza-mix-155gr\/"]}]},{"@type":"ImageObject","inLanguage":"fr-FR","@id":"https:\/\/www.alternatievemiddelen.nl\/producten\/tr-eat-keto-vegan-pizza-mix-155gr\/#primaryimage","url":"https:\/\/www.alternatievemiddelen.nl\/wp-content\/uploads\/2025\/04\/Tr-eat-Keto-Vegan-Pizza.jpg","contentUrl":"https:\/\/www.alternatievemiddelen.nl\/wp-content\/uploads\/2025\/04\/Tr-eat-Keto-Vegan-Pizza.jpg","width":600,"height":800,"caption":"Tr-eat Keto & Vegan Pizza mix"},{"@type":"BreadcrumbList","@id":"https:\/\/www.alternatievemiddelen.nl\/producten\/tr-eat-keto-vegan-pizza-mix-155gr\/#breadcrumb","itemListElement":[{"@type":"ListItem","position":1,"name":"Home","item":"https:\/\/www.alternatievemiddelen.nl\/"},{"@type":"ListItem","position":2,"name":"Producten","item":"https:\/\/www.alternatievemiddelen.nl\/producten\/"},{"@type":"ListItem","position":3,"name":"Tr-eat Keto &#038; Vegan Pizza mix 155 gr"}]},{"@type":"WebSite","@id":"https:\/\/www.alternatievemiddelen.nl\/#website","url":"https:\/\/www.alternatievemiddelen.nl\/","name":"Alternatievemiddelen.nl","description":"Webshop met gezonde, duurzame en ecologische alternatieve mogelijkheden in de hedendaagse levenstijl. Alles uit eigen ervaring.","publisher":{"@id":"https:\/\/www.alternatievemiddelen.nl\/#organization"},"potentialAction":[{"@type":"SearchAction","target":{"@type":"EntryPoint","urlTemplate":"https:\/\/www.alternatievemiddelen.nl\/?s={search_term_string}"},"query-input":{"@type":"PropertyValueSpecification","valueRequired":true,"valueName":"search_term_string"}}],"inLanguage":"fr-FR"},{"@type":"Organization","@id":"https:\/\/www.alternatievemiddelen.nl\/#organization","name":"Alternatievemiddelen.nl","url":"https:\/\/www.alternatievemiddelen.nl\/","logo":{"@type":"ImageObject","inLanguage":"fr-FR","@id":"https:\/\/www.alternatievemiddelen.nl\/#\/schema\/logo\/image\/","url":"https:\/\/www.alternatievemiddelen.nl\/wp-content\/uploads\/2023\/10\/alternatievemiddelen-PNG-logo.png","contentUrl":"https:\/\/www.alternatievemiddelen.nl\/wp-content\/uploads\/2023\/10\/alternatievemiddelen-PNG-logo.png","width":6400,"height":3062,"caption":"Alternatievemiddelen.nl"},"image":{"@id":"https:\/\/www.alternatievemiddelen.nl\/#\/schema\/logo\/image\/"}}]}},"_links":{"self":[{"href":"https:\/\/www.alternatievemiddelen.nl\/fr\/wp-json\/wp\/v2\/product\/47287","targetHints":{"allow":["GET"]}}],"collection":[{"href":"https:\/\/www.alternatievemiddelen.nl\/fr\/wp-json\/wp\/v2\/product"}],"about":[{"href":"https:\/\/www.alternatievemiddelen.nl\/fr\/wp-json\/wp\/v2\/types\/product"}],"replies":[{"embeddable":true,"href":"https:\/\/www.alternatievemiddelen.nl\/fr\/wp-json\/wp\/v2\/comments?post=47287"}],"wp:featuredmedia":[{"embeddable":true,"href":"https:\/\/www.alternatievemiddelen.nl\/fr\/wp-json\/wp\/v2\/media\/47292"}],"wp:attachment":[{"href":"https:\/\/www.alternatievemiddelen.nl\/fr\/wp-json\/wp\/v2\/media?parent=47287"}],"wp:term":[{"taxonomy":"product_brand","embeddable":true,"href":"https:\/\/www.alternatievemiddelen.nl\/fr\/wp-json\/wp\/v2\/product_brand?post=47287"},{"taxonomy":"product_cat","embeddable":true,"href":"https:\/\/www.alternatievemiddelen.nl\/fr\/wp-json\/wp\/v2\/product_cat?post=47287"},{"taxonomy":"product_tag","embeddable":true,"href":"https:\/\/www.alternatievemiddelen.nl\/fr\/wp-json\/wp\/v2\/product_tag?post=47287"},{"taxonomy":"merk","embeddable":true,"href":"https:\/\/www.alternatievemiddelen.nl\/fr\/wp-json\/wp\/v2\/merk?post=47287"}],"curies":[{"name":"wp","href":"https:\/\/api.w.org\/{rel}","templated":true}]}}