{"id":47576,"date":"2025-05-08T16:44:04","date_gmt":"2025-05-08T14:44:04","guid":{"rendered":"https:\/\/www.alternatievemiddelen.nl\/?post_type=product&#038;p=47576"},"modified":"2026-05-11T15:28:40","modified_gmt":"2026-05-11T13:28:40","slug":"boroux-foundation-black-filterelementen","status":"publish","type":"product","link":"https:\/\/www.alternatievemiddelen.nl\/fr\/produits\/elements-de-filtre-a-eau-boroux-foundation-black\/","title":{"rendered":"BOROUX Foundation\u2122 \u00c9l\u00e9ments filtrants noirs (2 pi\u00e8ces)"},"content":{"rendered":"<p>Les \u00e9l\u00e9ments filtrants BOROUX Foundation\u2122 Black s'adaptent \u00e0 la plupart des syst\u00e8mes de filtration d'eau par gravit\u00e9 populaires, notamment Berkey, British Berkefeld, ProOne, Phoenix, Aqua Logic, Monderma, Pure Filters et Newton, entre autres. Les \u00e9l\u00e9ments filtrants durent des ann\u00e9es et sont dot\u00e9s de la technologie Stem Saver pour une durabilit\u00e9 accrue lors de l'utilisation et du nettoyage.<\/p>\n<p>Ces filtres BOROUX \u00e9liminent notamment plus de 99% de chlore, m\u00e9taux lourds, contaminants pharmaceutiques (r\u00e9sidus de m\u00e9dicaments), pesticides, herbicides, insecticides, contaminants plastiques et industriels (PFAS), compos\u00e9s organiques volatils (COV), microplastiques et contaminants de d\u00e9sinfection. Les min\u00e9raux essentiels dont votre corps a besoin sont conserv\u00e9s au cours du processus.<br \/>\n&nbsp;<\/p>\n<h4>Une filtration avanc\u00e9e pour une vie plus saine<\/h4>\n<p>La technologie de filtration avanc\u00e9e ne se contente pas de filtrer l'eau, elle la transforme. En \u00e9liminant plus de 99% de contaminants nocifs, les filtres BOROUX Foundation\u2122 Black garantissent que votre eau est aussi pure et rafra\u00eechissante que la nature l'a pr\u00e9vu. Chaque r\u00e9duction d'un contaminant contribue \u00e0 am\u00e9liorer votre sant\u00e9 et votre bien-\u00eatre !<\/p>\n<p>Les filtres comprennent un m\u00e9lange sp\u00e9cial de charbon actif. Les \u00e9l\u00e9ments filtrants BOROUX Foundation\u2122 Black contiennent de l'argent, un agent antimicrobien, pour emp\u00eacher les micro-organismes d'attaquer le produit lui-m\u00eame. Ces filtres ne sont pas con\u00e7us pour filtrer les micro-organismes.<br \/>\nEn outre, ils sont si puissants qu'ils peuvent \u00e9liminer les colorants rouges de l'eau sans \u00e9liminer les min\u00e9raux utiles dont votre corps a besoin.<br \/>\n&nbsp;<\/p>\n<h4>Rapports d'essais et certification<\/h4>\n<p>Les filtres BOROUX Foundation\u2122 Black ont \u00e9t\u00e9 test\u00e9s par un laboratoire ind\u00e9pendant (IAPMO R&amp;T Lab NJ, ISO\/IEC 17025) conform\u00e9ment aux normes NSF\/ANSI 42, 53 et 401. Voir tous <a href=\"https:\/\/www.alternatievemiddelen.nl\/fr\/ufaq\/resultats-des-essais-en-laboratoire-du-filtre-a-eau-boroux\/\" target=\"_blank\" rel=\"noopener\">rapports d'essais<\/a> pour plus de d\u00e9tails et, ce faisant, la clart\u00e9 et la transparence sont primordiales.<\/p>\n<p>BOROUX est certifi\u00e9 NSF\/ANSI\/CAN par la Water Quality Association (WQA). Cette certification souligne l'engagement de BOROUX \u00e0 fournir des solutions de filtration de l'eau s\u00fbres, efficaces et de haute qualit\u00e9. Cette certification n'est pas un simple sceau d'approbation : elle indique que les produits BOROUX r\u00e9pondent aux normes rigoureuses de NSF International (NSF) et de l'American National Standards Institute (ANSI), organisations mondialement reconnues qui veillent \u00e0 la sant\u00e9 publique et \u00e0 la s\u00e9curit\u00e9 des produits de consommation.<br \/>\n&nbsp;<\/p>\n<h4>Compatible avec d'autres marques<\/h4>\n<p>Le filtre BOROUX Foundation\u2122 Black a \u00e9t\u00e9 soigneusement con\u00e7u pour s'int\u00e9grer parfaitement \u00e0 la plupart des syst\u00e8mes de filtration d'eau par gravit\u00e9, notamment Berkey, British Berkefeld, ProOne, Phoenix, Aqua Logic, Monderma, Pure Filters, Newton et bien d'autres. Qu'il s'agisse de renouveler les filtres de votre syst\u00e8me existant ou de commencer un nouveau voyage dans le bien-\u00eatre de l'eau, les filtres sont con\u00e7us pour une large compatibilit\u00e9 avec les filtres \u00e0 eau par gravit\u00e9.<\/p>\n<p>Un filtre \u00e0 eau BOROUX (BOROUX Legacy\u2122 ou BOROUX Legacy\u2122 Compact) est livr\u00e9 en standard avec 2 \u00e9l\u00e9ments filtrants BOROUX Foundation\u2122 Black d'origine. En option, vous pouvez \u00e9tendre le filtre \u00e0 eau BOROUX Legacy\u2122 \u00e0 4 \u00e9l\u00e9ments filtrants.<br \/>\n&nbsp;<\/p>\n<h4>La bo\u00eete d'\u00e9l\u00e9ments filtrants BOROUX Foundation\u2122 Black contient les \u00e9l\u00e9ments suivants :<\/h4>\n<p>\u25cf 2x BOROUX Foundation\u2122 \u00c9l\u00e9ments filtrants noirs<br \/>\n\u25cf 2x <a href=\"https:\/\/www.alternatievemiddelen.nl\/fr\/produits\/anneau-pour-elements-filtrants-black-berkey\/\">Anneaux en caoutchouc noir<\/a>: entre l'\u00e9l\u00e9ment filtrant et le conteneur en acier inoxydable<br \/>\n\u25cf 2x <a href=\"https:\/\/www.alternatievemiddelen.nl\/fr\/produits\/ecrou-papillon-pour-elements-filtrants-black-berkey\/\">Ecrous \u00e0 ailettes<\/a>: pour le serrage de l'\u00e9l\u00e9ment filtrant<br \/>\n\u25cf 1x <a href=\"https:\/\/www.alternatievemiddelen.nl\/fr\/produits\/bouton-damorcage-black-berkey-elements\/\">Bouton d'amor\u00e7age<\/a>: anneau en caoutchouc marron pour l'amor\u00e7age des \u00e9l\u00e9ments filtrants avec le robinet<br \/>\n\u25cf 1x <a href=\"https:\/\/www.alternatievemiddelen.nl\/fr\/produits\/berkey-primerrite-universal-primer-pf-2-adapter\/\">Primaire universel PrimeRite<\/a>: robinet en caoutchouc bleu pour l'amor\u00e7age des \u00e9l\u00e9ments filtrants<br \/>\n\u25cf 1x Bouteille de colorant rouge pour effectuer le test du colorant rouge.<br \/>\n\u25cf 1x le manuel en anglais (un manuel en n\u00e9erlandais peut \u00eatre t\u00e9l\u00e9charg\u00e9 dans la rubrique <a href=\"https:\/\/www.alternatievemiddelen.nl\/fr\/la-bibliotheque\/\"> notre biblioth\u00e8que<\/a> et est \u00e9galement envoy\u00e9 par e-mail apr\u00e8s la commande)<br \/>\n&nbsp;<br \/>\n<u><b>Pr\u00e9paration \u00e0 l'utilisation<\/b><\/u><br \/>\nLa premi\u00e8re \u00e9tape consiste \u00e0 amorcer les \u00e9l\u00e9ments filtrants. Il est important que cela soit fait correctement, sinon la purification de l'eau prendra beaucoup de temps. Pour toute information sur les filtres \u00e0 eau BOROUX, consultez notre rubrique <a href=\"https:\/\/www.alternatievemiddelen.nl\/fr\/la-bibliotheque\/\">biblioth\u00e8que<\/a>qui comprend des manuels, des vid\u00e9os d'instruction et des r\u00e9ponses aux questions les plus fr\u00e9quemment pos\u00e9es. En cas d'\u00e9chec de l'amor\u00e7age avec le robinet, un <a href=\"https:\/\/www.alternatievemiddelen.nl\/fr\/produits\/pompe-damorcage-de-filtre-automatique-boroux\/\">pompe d'amor\u00e7age automatique<\/a> ou <a href=\"https:\/\/www.alternatievemiddelen.nl\/fr\/produits\/amorce-black-berkey\/\">pompe d'amor\u00e7age manuelle<\/a> commander chez nous.<br \/>\n&nbsp;<\/p>\n<h4>Entretien des \u00e9l\u00e9ments filtrants BOROUX Foundation\u2122 Black<\/h4>\n<p>Frottez les filtres BOROUX Foundation\u2122 Black tous les 3 \u00e0 6 mois. Frottez doucement la surface des filtres pendant quelques minutes avec une \u00e9ponge abrasive. N'utilisez PAS de savon ou de d\u00e9tergents sur les filtres. Appr\u00eatez \u00e0 nouveau les filtres, installez-les et effectuez le test du colorant rouge pour vous assurer de l'installation correcte des filtres.<br \/>\n&nbsp;<\/p>\n<h4>Quand faut-il les remplacer ?<\/h4>\n<p>Les filtres BOROUX Foundation\u2122 Black sont con\u00e7us pour durer de nombreuses ann\u00e9es. Cependant, nous ne vivons plus \u00e0 la m\u00eame \u00e9poque qu'il y a quelques ann\u00e9es. Le nombre de contaminants n'a fait qu'augmenter et ils sont devenus de plus en plus graves (pensez, par exemple, aux PFAS ou \u00e0 l'augmentation consid\u00e9rable des r\u00e9sidus de m\u00e9dicaments, des pesticides, etc.) Cela a un effet consid\u00e9rable sur les filtres, d'o\u00f9 l'int\u00e9r\u00eat de les remplacer un peu plus t\u00f4t. Nous recommandons donc de remplacer les filtres BOROUX Foundation\u2122 Black tous les 3 ans maximum lorsque vous utilisez de l'eau du robinet. Si vous utilisez de l'eau provenant d'une autre source, nous recommandons de les remplacer plus t\u00f4t.<\/p>","protected":false},"excerpt":{"rendered":"<p>Les \u00e9l\u00e9ments filtrants BOROUX Foundation\u2122 Black, gr\u00e2ce \u00e0 leur technologie de filtration avanc\u00e9e, r\u00e9duisent les m\u00e9taux lourds, les r\u00e9sidus de m\u00e9dicaments, les pesticides, les herbicides, les insecticides, les PFAS, les COV, les microplastiques et les contaminants de d\u00e9sinfection, entre autres.<\/p>","protected":false},"featured_media":48021,"comment_status":"open","ping_status":"closed","template":"","meta":[],"product_brand":[],"product_cat":[2971,3099],"product_tag":[3706,3705,3708,3704,3008,3100,2976,3707,2967,2885,2979,3012,2980,3101],"merk":[3432,3702],"class_list":{"0":"post-47576","1":"product","2":"type-product","3":"status-publish","4":"has-post-thumbnail","6":"product_cat-waterfilters","7":"product_cat-waterfilter-elementen","8":"product_tag-boroux","9":"product_tag-boroux-foundation","10":"product_tag-boroux-foundation-black","11":"product_tag-boroux-foundation-black-filters","12":"product_tag-drinkwater","13":"product_tag-elementen","14":"product_tag-filterelement","15":"product_tag-foundation-black-filters","16":"product_tag-schoon","17":"product_tag-water","18":"product_tag-waterfilter","19":"product_tag-waterfilters","20":"product_tag-waterzuivering","21":"product_tag-zuiverelementen","22":"merk-berkey","23":"merk-boroux","25":"first","26":"instock","27":"taxable","28":"shipping-taxable","29":"purchasable","30":"product-type-simple"},"bundled_by":[],"bundle_stock_status":"instock","bundle_stock_quantity":null,"bundle_virtual":false,"bundle_layout":"","bundle_add_to_cart_form_location":"","bundle_editable_in_cart":false,"bundle_sold_individually_context":"","bundle_item_grouping":"","bundle_min_size":"","bundle_max_size":"","bundle_price":[],"bundled_items":[],"bundle_sell_ids":[44176,48794,48825,34415,48681,34414,34416],"yoast_head":"<!-- This site is optimized with the Yoast SEO plugin v26.1 - https:\/\/yoast.com\/wordpress\/plugins\/seo\/ -->\n<title>BOROUX Foundation\u2122 Black filterelementen (2 stuks) - Alternatievemiddelen.nl<\/title>\n<meta name=\"description\" content=\"BOROUX Foundation\u2122 Black filters reduceren o.a. zware metalen, medicijnresten, pesticiden, herbiciden, insecticiden, PFAS, VOC&#039;s en microplastics.\" \/>\n<meta name=\"robots\" content=\"index, follow, max-snippet:-1, max-image-preview:large, max-video-preview:-1\" \/>\n<link rel=\"canonical\" href=\"https:\/\/www.alternatievemiddelen.nl\/fr\/wp-json\/wp\/v2\/product\/47576\" \/>\n<meta property=\"og:locale\" content=\"fr_FR\" \/>\n<meta property=\"og:type\" content=\"article\" \/>\n<meta property=\"og:title\" content=\"BOROUX Foundation\u2122 Black filterelementen (2 stuks) - Alternatievemiddelen.nl\" \/>\n<meta property=\"og:description\" content=\"BOROUX Foundation\u2122 Black filters reduceren o.a. zware metalen, medicijnresten, pesticiden, herbiciden, insecticiden, PFAS, VOC&#039;s en microplastics.\" \/>\n<meta property=\"og:url\" content=\"https:\/\/www.alternatievemiddelen.nl\/fr\/produits\/elements-de-filtre-a-eau-boroux-foundation-black\/\" \/>\n<meta property=\"og:site_name\" content=\"Alternatievemiddelen.nl\" \/>\n<meta property=\"article:publisher\" content=\"https:\/\/www.facebook.com\/alternatievemiddelen\" \/>\n<meta property=\"article:modified_time\" content=\"2026-05-11T13:28:40+00:00\" \/>\n<meta property=\"og:image\" content=\"\/wp-content\/uploads\/2025\/06\/BOROUX-foundation-filters.jpg\" \/>\n\t<meta property=\"og:image:width\" content=\"600\" \/>\n\t<meta property=\"og:image:height\" content=\"800\" \/>\n\t<meta property=\"og:image:type\" content=\"image\/jpeg\" \/>\n<meta name=\"twitter:card\" content=\"summary_large_image\" \/>\n<meta name=\"twitter:label1\" content=\"Dur\u00e9e de lecture estim\u00e9e\" \/>\n\t<meta name=\"twitter:data1\" content=\"4 minutes\" \/>\n<script type=\"application\/ld+json\" class=\"yoast-schema-graph\">{\"@context\":\"https:\/\/schema.org\",\"@graph\":[{\"@type\":[\"WebPage\",\"ItemPage\"],\"@id\":\"https:\/\/www.alternatievemiddelen.nl\/producten\/boroux-foundation-black-filterelementen\/\",\"url\":\"https:\/\/www.alternatievemiddelen.nl\/producten\/boroux-foundation-black-filterelementen\/\",\"name\":\"BOROUX Foundation\u2122 Black filterelementen (2 stuks) - Alternatievemiddelen.nl\",\"isPartOf\":{\"@id\":\"https:\/\/www.alternatievemiddelen.nl\/#website\"},\"primaryImageOfPage\":{\"@id\":\"https:\/\/www.alternatievemiddelen.nl\/producten\/boroux-foundation-black-filterelementen\/#primaryimage\"},\"image\":{\"@id\":\"https:\/\/www.alternatievemiddelen.nl\/producten\/boroux-foundation-black-filterelementen\/#primaryimage\"},\"thumbnailUrl\":\"https:\/\/www.alternatievemiddelen.nl\/wp-content\/uploads\/2025\/06\/BOROUX-foundation-filters.jpg\",\"datePublished\":\"2025-05-08T14:44:04+00:00\",\"dateModified\":\"2026-05-11T13:28:40+00:00\",\"description\":\"BOROUX Foundation\u2122 Black filters reduceren o.a. zware metalen, medicijnresten, pesticiden, herbiciden, insecticiden, PFAS, VOC's en microplastics.\",\"breadcrumb\":{\"@id\":\"https:\/\/www.alternatievemiddelen.nl\/producten\/boroux-foundation-black-filterelementen\/#breadcrumb\"},\"inLanguage\":\"fr-FR\",\"potentialAction\":[{\"@type\":\"ReadAction\",\"target\":[\"https:\/\/www.alternatievemiddelen.nl\/producten\/boroux-foundation-black-filterelementen\/\"]}]},{\"@type\":\"ImageObject\",\"inLanguage\":\"fr-FR\",\"@id\":\"https:\/\/www.alternatievemiddelen.nl\/producten\/boroux-foundation-black-filterelementen\/#primaryimage\",\"url\":\"https:\/\/www.alternatievemiddelen.nl\/wp-content\/uploads\/2025\/06\/BOROUX-foundation-filters.jpg\",\"contentUrl\":\"https:\/\/www.alternatievemiddelen.nl\/wp-content\/uploads\/2025\/06\/BOROUX-foundation-filters.jpg\",\"width\":600,\"height\":800,\"caption\":\"BOROUX foundation filters\"},{\"@type\":\"BreadcrumbList\",\"@id\":\"https:\/\/www.alternatievemiddelen.nl\/producten\/boroux-foundation-black-filterelementen\/#breadcrumb\",\"itemListElement\":[{\"@type\":\"ListItem\",\"position\":1,\"name\":\"Home\",\"item\":\"https:\/\/www.alternatievemiddelen.nl\/\"},{\"@type\":\"ListItem\",\"position\":2,\"name\":\"Producten\",\"item\":\"https:\/\/www.alternatievemiddelen.nl\/producten\/\"},{\"@type\":\"ListItem\",\"position\":3,\"name\":\"BOROUX Foundation\u2122 Black filterelementen (2 stuks)\"}]},{\"@type\":\"WebSite\",\"@id\":\"https:\/\/www.alternatievemiddelen.nl\/#website\",\"url\":\"https:\/\/www.alternatievemiddelen.nl\/\",\"name\":\"Alternatievemiddelen.nl\",\"description\":\"Webshop met gezonde, duurzame en ecologische alternatieve mogelijkheden in de hedendaagse levenstijl. Alles uit eigen ervaring.\",\"publisher\":{\"@id\":\"https:\/\/www.alternatievemiddelen.nl\/#organization\"},\"alternateName\":\"Alternatieve Middelen\",\"potentialAction\":[{\"@type\":\"SearchAction\",\"target\":{\"@type\":\"EntryPoint\",\"urlTemplate\":\"https:\/\/www.alternatievemiddelen.nl\/?s={search_term_string}\"},\"query-input\":{\"@type\":\"PropertyValueSpecification\",\"valueRequired\":true,\"valueName\":\"search_term_string\"}}],\"inLanguage\":\"fr-FR\"},{\"@type\":\"Organization\",\"@id\":\"https:\/\/www.alternatievemiddelen.nl\/#organization\",\"name\":\"Alternatievemiddelen.nl\",\"alternateName\":\"Alternatieve Middelen\",\"url\":\"https:\/\/www.alternatievemiddelen.nl\/\",\"logo\":{\"@type\":\"ImageObject\",\"inLanguage\":\"fr-FR\",\"@id\":\"https:\/\/www.alternatievemiddelen.nl\/#\/schema\/logo\/image\/\",\"url\":\"https:\/\/www.alternatievemiddelen.nl\/wp-content\/uploads\/2023\/10\/alternatievemiddelen-PNG-logo.png\",\"contentUrl\":\"https:\/\/www.alternatievemiddelen.nl\/wp-content\/uploads\/2023\/10\/alternatievemiddelen-PNG-logo.png\",\"width\":6400,\"height\":3062,\"caption\":\"Alternatievemiddelen.nl\"},\"image\":{\"@id\":\"https:\/\/www.alternatievemiddelen.nl\/#\/schema\/logo\/image\/\"},\"sameAs\":[\"https:\/\/www.facebook.com\/alternatievemiddelen\",\"https:\/\/www.instagram.com\/alternatievemiddelen.nl\/\"]}]}<\/script>\n<!-- \/ Yoast SEO plugin. -->","yoast_head_json":{"title":"BOROUX Foundation\u2122 Black filterelementen (2 stuks) - Alternatievemiddelen.nl","description":"BOROUX Foundation\u2122 Black filters reduceren o.a. zware metalen, medicijnresten, pesticiden, herbiciden, insecticiden, PFAS, VOC's en microplastics.","robots":{"index":"index","follow":"follow","max-snippet":"max-snippet:-1","max-image-preview":"max-image-preview:large","max-video-preview":"max-video-preview:-1"},"canonical":"https:\/\/www.alternatievemiddelen.nl\/fr\/wp-json\/wp\/v2\/product\/47576","og_locale":"fr_FR","og_type":"article","og_title":"BOROUX Foundation\u2122 Black filterelementen (2 stuks) - Alternatievemiddelen.nl","og_description":"BOROUX Foundation\u2122 Black filters reduceren o.a. zware metalen, medicijnresten, pesticiden, herbiciden, insecticiden, PFAS, VOC's en microplastics.","og_url":"https:\/\/www.alternatievemiddelen.nl\/fr\/produits\/elements-de-filtre-a-eau-boroux-foundation-black\/","og_site_name":"Alternatievemiddelen.nl","article_publisher":"https:\/\/www.facebook.com\/alternatievemiddelen","article_modified_time":"2026-05-11T13:28:40+00:00","og_image":[{"width":600,"height":800,"url":"\/wp-content\/uploads\/2025\/06\/BOROUX-foundation-filters.jpg","type":"image\/jpeg"}],"twitter_card":"summary_large_image","twitter_misc":{"Dur\u00e9e de lecture estim\u00e9e":"4 minutes"},"schema":{"@context":"https:\/\/schema.org","@graph":[{"@type":["WebPage","ItemPage"],"@id":"https:\/\/www.alternatievemiddelen.nl\/producten\/boroux-foundation-black-filterelementen\/","url":"https:\/\/www.alternatievemiddelen.nl\/producten\/boroux-foundation-black-filterelementen\/","name":"BOROUX Foundation\u2122 Black filterelementen (2 stuks) - Alternatievemiddelen.nl","isPartOf":{"@id":"https:\/\/www.alternatievemiddelen.nl\/#website"},"primaryImageOfPage":{"@id":"https:\/\/www.alternatievemiddelen.nl\/producten\/boroux-foundation-black-filterelementen\/#primaryimage"},"image":{"@id":"https:\/\/www.alternatievemiddelen.nl\/producten\/boroux-foundation-black-filterelementen\/#primaryimage"},"thumbnailUrl":"https:\/\/www.alternatievemiddelen.nl\/wp-content\/uploads\/2025\/06\/BOROUX-foundation-filters.jpg","datePublished":"2025-05-08T14:44:04+00:00","dateModified":"2026-05-11T13:28:40+00:00","description":"BOROUX Foundation\u2122 Black filters reduceren o.a. zware metalen, medicijnresten, pesticiden, herbiciden, insecticiden, PFAS, VOC's en microplastics.","breadcrumb":{"@id":"https:\/\/www.alternatievemiddelen.nl\/producten\/boroux-foundation-black-filterelementen\/#breadcrumb"},"inLanguage":"fr-FR","potentialAction":[{"@type":"ReadAction","target":["https:\/\/www.alternatievemiddelen.nl\/producten\/boroux-foundation-black-filterelementen\/"]}]},{"@type":"ImageObject","inLanguage":"fr-FR","@id":"https:\/\/www.alternatievemiddelen.nl\/producten\/boroux-foundation-black-filterelementen\/#primaryimage","url":"https:\/\/www.alternatievemiddelen.nl\/wp-content\/uploads\/2025\/06\/BOROUX-foundation-filters.jpg","contentUrl":"https:\/\/www.alternatievemiddelen.nl\/wp-content\/uploads\/2025\/06\/BOROUX-foundation-filters.jpg","width":600,"height":800,"caption":"BOROUX foundation filters"},{"@type":"BreadcrumbList","@id":"https:\/\/www.alternatievemiddelen.nl\/producten\/boroux-foundation-black-filterelementen\/#breadcrumb","itemListElement":[{"@type":"ListItem","position":1,"name":"Home","item":"https:\/\/www.alternatievemiddelen.nl\/"},{"@type":"ListItem","position":2,"name":"Producten","item":"https:\/\/www.alternatievemiddelen.nl\/producten\/"},{"@type":"ListItem","position":3,"name":"BOROUX Foundation\u2122 Black filterelementen (2 stuks)"}]},{"@type":"WebSite","@id":"https:\/\/www.alternatievemiddelen.nl\/#website","url":"https:\/\/www.alternatievemiddelen.nl\/","name":"Alternatievemiddelen.nl","description":"Webshop met gezonde, duurzame en ecologische alternatieve mogelijkheden in de hedendaagse levenstijl. Alles uit eigen ervaring.","publisher":{"@id":"https:\/\/www.alternatievemiddelen.nl\/#organization"},"alternateName":"Alternatieve Middelen","potentialAction":[{"@type":"SearchAction","target":{"@type":"EntryPoint","urlTemplate":"https:\/\/www.alternatievemiddelen.nl\/?s={search_term_string}"},"query-input":{"@type":"PropertyValueSpecification","valueRequired":true,"valueName":"search_term_string"}}],"inLanguage":"fr-FR"},{"@type":"Organization","@id":"https:\/\/www.alternatievemiddelen.nl\/#organization","name":"Alternatievemiddelen.nl","alternateName":"Alternatieve Middelen","url":"https:\/\/www.alternatievemiddelen.nl\/","logo":{"@type":"ImageObject","inLanguage":"fr-FR","@id":"https:\/\/www.alternatievemiddelen.nl\/#\/schema\/logo\/image\/","url":"https:\/\/www.alternatievemiddelen.nl\/wp-content\/uploads\/2023\/10\/alternatievemiddelen-PNG-logo.png","contentUrl":"https:\/\/www.alternatievemiddelen.nl\/wp-content\/uploads\/2023\/10\/alternatievemiddelen-PNG-logo.png","width":6400,"height":3062,"caption":"Alternatievemiddelen.nl"},"image":{"@id":"https:\/\/www.alternatievemiddelen.nl\/#\/schema\/logo\/image\/"},"sameAs":["https:\/\/www.facebook.com\/alternatievemiddelen","https:\/\/www.instagram.com\/alternatievemiddelen.nl\/"]}]}},"_links":{"self":[{"href":"https:\/\/www.alternatievemiddelen.nl\/fr\/wp-json\/wp\/v2\/product\/47576","targetHints":{"allow":["GET"]}}],"collection":[{"href":"https:\/\/www.alternatievemiddelen.nl\/fr\/wp-json\/wp\/v2\/product"}],"about":[{"href":"https:\/\/www.alternatievemiddelen.nl\/fr\/wp-json\/wp\/v2\/types\/product"}],"replies":[{"embeddable":true,"href":"https:\/\/www.alternatievemiddelen.nl\/fr\/wp-json\/wp\/v2\/comments?post=47576"}],"wp:featuredmedia":[{"embeddable":true,"href":"https:\/\/www.alternatievemiddelen.nl\/fr\/wp-json\/wp\/v2\/media\/48021"}],"wp:attachment":[{"href":"https:\/\/www.alternatievemiddelen.nl\/fr\/wp-json\/wp\/v2\/media?parent=47576"}],"wp:term":[{"taxonomy":"product_brand","embeddable":true,"href":"https:\/\/www.alternatievemiddelen.nl\/fr\/wp-json\/wp\/v2\/product_brand?post=47576"},{"taxonomy":"product_cat","embeddable":true,"href":"https:\/\/www.alternatievemiddelen.nl\/fr\/wp-json\/wp\/v2\/product_cat?post=47576"},{"taxonomy":"product_tag","embeddable":true,"href":"https:\/\/www.alternatievemiddelen.nl\/fr\/wp-json\/wp\/v2\/product_tag?post=47576"},{"taxonomy":"merk","embeddable":true,"href":"https:\/\/www.alternatievemiddelen.nl\/fr\/wp-json\/wp\/v2\/merk?post=47576"}],"curies":[{"name":"wp","href":"https:\/\/api.w.org\/{rel}","templated":true}]}}