{"id":48036,"date":"2025-06-10T16:05:40","date_gmt":"2025-06-10T14:05:40","guid":{"rendered":"https:\/\/www.alternatievemiddelen.nl\/?post_type=product&#038;p=48036"},"modified":"2026-01-15T17:22:42","modified_gmt":"2026-01-15T16:22:42","slug":"boroux-legacy-compact-waterfilter-zwart","status":"publish","type":"product","link":"https:\/\/www.alternatievemiddelen.nl\/fr\/produits\/boroux-legacy-compact-water-filter-black\/","title":{"rendered":"BOROUX Legacy\u2122 Filtre \u00e0 eau compact noir 6,8L"},"content":{"rendered":"<p>Le filtre \u00e0 eau BOROUX Legacy\u2122 Compact noir red\u00e9finit la filtration de l'eau au pr\u00e9sent. Non seulement il permet d'\u00e9conomiser de l'espace, mais il allie harmonieusement efficacit\u00e9, style et performance. Que vous viviez dans un appartement confortable ou que vous souhaitiez simplement tirer le meilleur parti de votre espace, ce filtre \u00e0 eau d'une capacit\u00e9 de 6,8 litres est con\u00e7u pour s'adapter sans effort \u00e0 toutes les situations. D\u00e9couvrez le plaisir d'une eau pure et la satisfaction d'une solution durable et \u00e9conomique, le tout dans un ensemble complet.<\/p>\n<p>Le filtre \u00e0 eau BOROUX Legacy\u2122 Compact noir est livr\u00e9 en standard avec 2 <a href=\"https:\/\/www.alternatievemiddelen.nl\/fr\/produits\/elements-de-filtre-a-eau-boroux-foundation-black\/\">BOROUX Foundation\u2122 Filtres noirs<\/a>. Ces filtres BOROUX \u00e9liminent notamment plus de 99% de chlore, m\u00e9taux lourds, contaminants pharmaceutiques (r\u00e9sidus de m\u00e9dicaments), pesticides, herbicides, insecticides, contaminants plastiques et industriels (PFAS), compos\u00e9s organiques volatils (COV), microplastiques et contaminants de d\u00e9sinfection. Les min\u00e9raux essentiels dont votre corps a besoin sont conserv\u00e9s au cours du processus.<br \/>\n&nbsp;<\/p>\n<h4>Int\u00e9gration transparente, conception r\u00e9volutionnaire<\/h4>\n<p>D\u00e9couvrez la conception unique de la base - une caract\u00e9ristique qui distingue le BOROUX Legacy\u2122 Compact black \u00e0 la fois en termes de style et de substance. La base de ce filtre \u00e0 eau a \u00e9t\u00e9 repens\u00e9e, \u00e9liminant le besoin d'un anneau en caoutchouc s\u00e9par\u00e9 et cr\u00e9ant une silhouette moderne et sans couture. Cette approche unique am\u00e9liore non seulement la stabilit\u00e9 et la facilit\u00e9 d'utilisation, mais \u00e9limine \u00e9galement la frustration des bords en caoutchouc qui collent aux surfaces et se d\u00e9tachent du filtre \u00e0 eau. Profitez d'un look plus \u00e9l\u00e9gant, d'un entretien plus facile et d'une durabilit\u00e9 accrue, tout en b\u00e9n\u00e9ficiant d'une technologie de filtrage in\u00e9gal\u00e9e.<\/p>\n<p>Le mat\u00e9riau et chaque composant ont \u00e9t\u00e9 soigneusement choisis. Les plateaux sont en acier inoxydable AISI 304 pour une meilleure r\u00e9sistance \u00e0 la corrosion, tandis qu'une encoche fixe dans le plateau inf\u00e9rieur emp\u00eache la formation d'un vide. L'\u00e9l\u00e9gant couvercle, d\u00e9sormais dot\u00e9 d'une languette int\u00e9gr\u00e9e, \u00e9limine la n\u00e9cessit\u00e9 d'un bouton s\u00e9par\u00e9 et offre un aspect homog\u00e8ne. Le processus d'assemblage est ainsi simplifi\u00e9, pour une installation sans souci et une utilisation pratique. Une facilit\u00e9 d'utilisation in\u00e9gal\u00e9e, sans compromis sur le style !<br \/>\n&nbsp;<\/p>\n<h4>Couleur diff\u00e9rente, design unique<\/h4>\n<p>Le filtre \u00e0 eau BOROUX Legacy\u2122 Compact est disponible en quatre couleurs. En plus de la <a href=\"https:\/\/www.alternatievemiddelen.nl\/fr\/produits\/filtre-a-eau-compact-boroux-legacy\/\">mod\u00e8le poli<\/a> Il est \u00e9galement disponible dans la couleur <a href=\"https:\/\/www.alternatievemiddelen.nl\/fr\/produits\/boroux-legacy-compact-water-filter-white\/\">blanc<\/a>, <a href=\"https:\/\/www.alternatievemiddelen.nl\/fr\/produits\/boroux-legacy-compact-water-filter-black\/\">noir<\/a> et <a href=\"https:\/\/www.alternatievemiddelen.nl\/fr\/produits\/boroux-legacy-compact-water-filter-sage-green\/\">vert sauge<\/a>. Ces variantes sont dot\u00e9es d'un rev\u00eatement de haute qualit\u00e9 (uniquement \u00e0 l'ext\u00e9rieur), le robinet et toutes les autres pi\u00e8ces \u00e9tant bien entendu \u00e9galement de cette couleur. Un design unique !<br \/>\n&nbsp;<\/p>\n<h4>BOROUX Foundation\u2122 Filtres noirs<\/h4>\n<p>La technologie de filtration avanc\u00e9e ne se contente pas de filtrer l'eau, elle la transforme \u00e9galement. En \u00e9liminant plus de 99% de contaminants nocifs, elle assure <a href=\"https:\/\/www.alternatievemiddelen.nl\/fr\/produits\/elements-de-filtre-a-eau-boroux-foundation-black\/\">BOROUX Foundation\u2122 Filtres noirs<\/a> en veillant \u00e0 ce que votre eau soit aussi pure et rafra\u00eechissante que la nature l'a voulu. Chaque r\u00e9duction d'un contaminant contribue \u00e0 am\u00e9liorer votre sant\u00e9 et votre bien-\u00eatre !<\/p>\n<p>Les filtres comprennent un m\u00e9lange sp\u00e9cial de charbon actif. Les \u00e9l\u00e9ments filtrants BOROUX Foundation\u2122 Black contiennent de l'argent, un agent antimicrobien, pour emp\u00eacher les micro-organismes d'attaquer le produit lui-m\u00eame. Ces filtres ne sont pas con\u00e7us pour filtrer les micro-organismes.<br \/>\nEn outre, ils sont si puissants qu'ils peuvent \u00e9liminer les colorants rouges de l'eau sans \u00e9liminer les min\u00e9raux utiles dont votre corps a besoin.<br \/>\n&nbsp;<\/p>\n<h4>Rapports d'essais et certification<\/h4>\n<p>Les filtres BOROUX Foundation\u2122 Black ont \u00e9t\u00e9 test\u00e9s par un laboratoire ind\u00e9pendant (IAPMO R&amp;T Lab NJ, ISO\/IEC 17025) conform\u00e9ment aux normes NSF\/ANSI 42, 53 et 401. Voir tous <a href=\"https:\/\/www.alternatievemiddelen.nl\/fr\/ufaq\/resultats-des-essais-en-laboratoire-du-filtre-a-eau-boroux\/\" target=\"_blank\" rel=\"noopener\">rapports d'essais<\/a> pour plus de d\u00e9tails et, ce faisant, la clart\u00e9 et la transparence sont primordiales.<\/p>\n<p>BOROUX est certifi\u00e9 NSF\/ANSI\/CAN par la Water Quality Association (WQA). Cette certification souligne l'engagement de BOROUX \u00e0 fournir des solutions de filtration de l'eau s\u00fbres, efficaces et de haute qualit\u00e9. Cette certification n'est pas un simple sceau d'approbation : elle indique que les produits BOROUX r\u00e9pondent aux normes rigoureuses de NSF International (NSF) et de l'American National Standards Institute (ANSI), organisations mondialement reconnues qui veillent \u00e0 la sant\u00e9 publique et \u00e0 la s\u00e9curit\u00e9 des produits de consommation.<br \/>\n&nbsp;<\/p>\n<h3>Caract\u00e9ristiques Filtre \u00e0 eau BOROUX Legacy\u2122 Compact noir<\/h3>\n<ul>\n<li>Le filtre \u00e0 eau id\u00e9al pour la maison, le bureau et les voyages. Convient \u00e0 une utilisation par 1 \u00e0 3 personnes<\/li>\n<li>R\u00e9duit plus de 99% de chlore, de m\u00e9taux lourds, de contaminants pharmaceutiques (r\u00e9sidus de m\u00e9dicaments), de pesticides, d'herbicides, d'insecticides, de contaminants plastiques et industriels (PFAS), de compos\u00e9s organiques volatils (COV), de microplastiques et de contaminants de d\u00e9sinfection, entre autres.<\/li>\n<li>Les min\u00e9raux essentiels dont votre corps a besoin sont pr\u00e9serv\u00e9s<\/li>\n<li>Test\u00e9 par un laboratoire ind\u00e9pendant conform\u00e9ment aux normes NSF\/ANSI 42, 53 et 401. Voir tous les produits <a href=\"https:\/\/www.alternatievemiddelen.nl\/fr\/ufaq\/resultats-des-essais-en-laboratoire-du-filtre-a-eau-boroux\/\" target=\"_blank\" rel=\"noopener\">rapports d'essais<\/a><\/li>\n<li>Facile \u00e0 utiliser<\/li>\n<li>Capacit\u00e9 de 6,8 litres<\/li>\n<li>Fourni en standard avec 2 <a href=\"https:\/\/www.alternatievemiddelen.nl\/fr\/produits\/elements-de-filtre-a-eau-boroux-foundation-black\/\">BOROUX Foundation\u2122 \u00c9l\u00e9ments filtrants noirs<\/a><\/li>\n<li>Acier inoxydable AISI 304 tr\u00e8s durable, \u00e9galement disponible en acier inoxydable AISI 304. <a href=\"https:\/\/www.alternatievemiddelen.nl\/fr\/produits\/filtre-a-eau-compact-boroux-legacy\/\">ACIER INOXYDABLE<\/a> et <a href=\"https:\/\/www.alternatievemiddelen.nl\/fr\/produits\/boroux-legacy-compact-water-filter-white\/\">blanc<\/a><\/li>\n<li>Vitesse de filtration maximale : 7,5 litres par heure avec 2 filtres<\/li>\n<li>Hauteur : 44,5 cm<\/li>\n<li>Diam\u00e8tre : 20,3 cm<\/li>\n<\/ul>\n<p>&nbsp;<\/p>\n<h3>Le filtre \u00e0 eau BOROUX Legacy\u2122 Compact noir contient les \u00e9l\u00e9ments suivants :<\/h3>\n<p>\u25cf 1x plateau sup\u00e9rieur<br \/>\n\u25cf 1x Bac inf\u00e9rieur<br \/>\n\u25cf 1x Couvercle<br \/>\n\u25cf 1x robinet en acier inoxydable<br \/>\n\u25cf 2x BOROUX Foundation\u2122 \u00c9l\u00e9ments filtrants noirs<br \/>\n\u25cf 2x <a href=\"https:\/\/www.alternatievemiddelen.nl\/fr\/produits\/anneau-pour-elements-filtrants-black-berkey\/\">Anneaux en caoutchouc noir<\/a>: entre l'\u00e9l\u00e9ment filtrant et le conteneur en acier inoxydable<br \/>\n\u25cf 2x <a href=\"https:\/\/www.alternatievemiddelen.nl\/fr\/produits\/ecrou-papillon-pour-elements-filtrants-black-berkey\/\">Ecrous \u00e0 ailettes<\/a>: pour le serrage de l'\u00e9l\u00e9ment filtrant<br \/>\n\u25cf 1x <a href=\"https:\/\/www.alternatievemiddelen.nl\/fr\/produits\/bouton-damorcage-black-berkey-elements\/\">Bouton d'amor\u00e7age<\/a>: anneau en caoutchouc marron pour l'amor\u00e7age des \u00e9l\u00e9ments filtrants avec le robinet<br \/>\n\u25cf 1x <a href=\"https:\/\/www.alternatievemiddelen.nl\/fr\/produits\/berkey-primerrite-universal-primer-pf-2-adapter\/\">Primaire universel PrimeRite<\/a>: robinet en caoutchouc bleu pour l'amor\u00e7age des \u00e9l\u00e9ments filtrants<br \/>\n\u25cf 1x Bouteille de colorant rouge pour effectuer le test du colorant rouge.<br \/>\n\u25cf 1x le manuel en anglais (un manuel en n\u00e9erlandais peut \u00eatre t\u00e9l\u00e9charg\u00e9 dans la rubrique <a href=\"https:\/\/www.alternatievemiddelen.nl\/fr\/la-bibliotheque\/\"> notre biblioth\u00e8que<\/a> et est \u00e9galement envoy\u00e9 par e-mail apr\u00e8s la commande)<br \/>\n\u25cf 1x Sac de transport en toile<br \/>\n&nbsp;<\/p>\n<h3>Installation<\/h3>\n<p>Vous pouvez facilement assembler le BOROUX Legacy\u2122 Compact black en quelques minutes et sans outils. La premi\u00e8re \u00e9tape consiste \u00e0 appliquer une couche d'appr\u00eat sur le <a href=\"https:\/\/www.alternatievemiddelen.nl\/fr\/produits\/elements-de-filtre-a-eau-boroux-foundation-black\/\">BOROUX Foundation\u2122 \u00c9l\u00e9ments filtrants noirs<\/a>. Il est important que cela soit fait correctement, sinon la purification de l'eau prendra beaucoup de temps. Pour toute information sur les filtres \u00e0 eau BOROUX, consultez notre rubrique <a href=\"https:\/\/www.alternatievemiddelen.nl\/fr\/la-bibliotheque\/\">biblioth\u00e8que<\/a>qui comprend des manuels, des vid\u00e9os d'instruction et des r\u00e9ponses aux questions les plus fr\u00e9quemment pos\u00e9es. En cas d'\u00e9chec de l'amor\u00e7age avec le robinet, un <a href=\"https:\/\/www.alternatievemiddelen.nl\/fr\/produits\/pompe-damorcage-de-filtre-automatique-boroux\/\">pompe d'amor\u00e7age automatique<\/a> ou <a href=\"https:\/\/www.alternatievemiddelen.nl\/fr\/produits\/amorce-black-berkey\/\">pompe d'amor\u00e7age manuelle<\/a> commander chez nous.<br \/>\n&nbsp;<\/p>\n<h4>Quand faut-il remplacer les filtres BOROUX Foundation\u2122 Black ?<\/h4>\n<p>Les filtres BOROUX Foundation\u2122 Black sont con\u00e7us pour durer de nombreuses ann\u00e9es. Cependant, nous ne vivons plus \u00e0 la m\u00eame \u00e9poque qu'il y a quelques ann\u00e9es. Le nombre de contaminants n'a fait qu'augmenter et ils sont devenus de plus en plus graves (pensez, par exemple, aux PFAS ou \u00e0 l'augmentation consid\u00e9rable des r\u00e9sidus de m\u00e9dicaments, des pesticides, etc.) ). Cela a un effet consid\u00e9rable sur les filtres et il est donc pr\u00e9f\u00e9rable de les remplacer un peu plus t\u00f4t. Nous recommandons donc de remplacer le <a href=\"https:\/\/www.alternatievemiddelen.nl\/fr\/produits\/elements-de-filtre-a-eau-boroux-foundation-black\/\">BOROUX Foundation\u2122 Filtres noirs<\/a> \u00e0 remplacer tous les 3 ans maximum si vous utilisez de l'eau du robinet. Si vous utilisez de l'eau provenant d'une autre source, il est conseill\u00e9 de la remplacer plus t\u00f4t.<\/p>","protected":false},"excerpt":{"rendered":"<p>Le filtre \u00e0 eau BOROUX Legacy\u2122 Compact noir <b><u>avec 2 filtres BOROUX Foundation\u2122 Black originaux<\/u><\/b>. Le filtre \u00e0 eau id\u00e9al pour la maison, le bureau ou les voyages.<\/p>","protected":false},"featured_media":48043,"comment_status":"open","ping_status":"closed","template":"","meta":[],"product_brand":[],"product_cat":[2971,2972],"product_tag":[3706,3705,3708,3704,3715,3717,3718,3716,3383,2921,2967,2979,3012,2980,2981,3101,2998],"merk":[3702],"class_list":{"0":"post-48036","1":"product","2":"type-product","3":"status-publish","4":"has-post-thumbnail","6":"product_cat-waterfilters","7":"product_cat-waterfilter","8":"product_tag-boroux","9":"product_tag-boroux-foundation","10":"product_tag-boroux-foundation-black","11":"product_tag-boroux-foundation-black-filters","12":"product_tag-boroux-legacy-compact","13":"product_tag-compact","14":"product_tag-legacy","15":"product_tag-legacy-compact","16":"product_tag-op-reis","17":"product_tag-reizen","18":"product_tag-schoon","19":"product_tag-waterfilter","20":"product_tag-waterfilters","21":"product_tag-waterzuivering","22":"product_tag-zuiver","23":"product_tag-zuiverelementen","24":"product_tag-zwart","25":"merk-boroux","27":"first","28":"instock","29":"taxable","30":"shipping-taxable","31":"purchasable","32":"product-type-simple"},"bundled_by":[],"bundle_stock_status":"instock","bundle_stock_quantity":null,"bundle_virtual":false,"bundle_layout":"","bundle_add_to_cart_form_location":"","bundle_editable_in_cart":false,"bundle_sold_individually_context":"","bundle_item_grouping":"","bundle_min_size":"","bundle_max_size":"","bundle_price":[],"bundled_items":[],"bundle_sell_ids":[44176,34577,50681,48232,34339,47576,48794,48825,48681],"yoast_head":"<!-- This site is optimized with the Yoast SEO plugin v26.1 - https:\/\/yoast.com\/wordpress\/plugins\/seo\/ -->\n<title>BOROUX Legacy\u2122 Compact waterfilter zwart 6,8L - Alternatievemiddelen.nl<\/title>\n<meta name=\"description\" content=\"De BOROUX Legacy\u2122 Compact waterfilter zwart met 2 originele BOROUX Foundation\u2122 Black filters. De ideale waterfilter voor thuis, op kantoor of op reis.\" \/>\n<meta name=\"robots\" content=\"index, follow, max-snippet:-1, max-image-preview:large, max-video-preview:-1\" \/>\n<link rel=\"canonical\" href=\"https:\/\/www.alternatievemiddelen.nl\/fr\/wp-json\/wp\/v2\/product\/48036\" \/>\n<meta property=\"og:locale\" content=\"fr_FR\" \/>\n<meta property=\"og:type\" content=\"article\" \/>\n<meta property=\"og:title\" content=\"BOROUX Legacy\u2122 Compact waterfilter zwart 6,8L - Alternatievemiddelen.nl\" \/>\n<meta property=\"og:description\" content=\"De BOROUX Legacy\u2122 Compact waterfilter zwart met 2 originele BOROUX Foundation\u2122 Black filters. De ideale waterfilter voor thuis, op kantoor of op reis.\" \/>\n<meta property=\"og:url\" content=\"https:\/\/www.alternatievemiddelen.nl\/fr\/produits\/boroux-legacy-compact-water-filter-black\/\" \/>\n<meta property=\"og:site_name\" content=\"Alternatievemiddelen.nl\" \/>\n<meta property=\"article:modified_time\" content=\"2026-01-15T16:22:42+00:00\" \/>\n<meta property=\"og:image\" content=\"\/wp-content\/uploads\/2025\/06\/BOROUX-Legacy-Compact-Waterfilter-zwart.jpg\" \/>\n\t<meta property=\"og:image:width\" content=\"1200\" \/>\n\t<meta property=\"og:image:height\" content=\"1600\" \/>\n\t<meta property=\"og:image:type\" content=\"image\/jpeg\" \/>\n<meta name=\"twitter:card\" content=\"summary_large_image\" \/>\n<meta name=\"twitter:label1\" content=\"Dur\u00e9e de lecture estim\u00e9e\" \/>\n\t<meta name=\"twitter:data1\" content=\"6 minutes\" \/>\n<script type=\"application\/ld+json\" class=\"yoast-schema-graph\">{\"@context\":\"https:\/\/schema.org\",\"@graph\":[{\"@type\":[\"WebPage\",\"ItemPage\"],\"@id\":\"https:\/\/www.alternatievemiddelen.nl\/producten\/boroux-legacy-compact-waterfilter-zwart\/\",\"url\":\"https:\/\/www.alternatievemiddelen.nl\/producten\/boroux-legacy-compact-waterfilter-zwart\/\",\"name\":\"BOROUX Legacy\u2122 Compact waterfilter zwart 6,8L - Alternatievemiddelen.nl\",\"isPartOf\":{\"@id\":\"https:\/\/www.alternatievemiddelen.nl\/#website\"},\"primaryImageOfPage\":{\"@id\":\"https:\/\/www.alternatievemiddelen.nl\/producten\/boroux-legacy-compact-waterfilter-zwart\/#primaryimage\"},\"image\":{\"@id\":\"https:\/\/www.alternatievemiddelen.nl\/producten\/boroux-legacy-compact-waterfilter-zwart\/#primaryimage\"},\"thumbnailUrl\":\"https:\/\/www.alternatievemiddelen.nl\/wp-content\/uploads\/2025\/06\/BOROUX-Legacy-Compact-Waterfilter-zwart.jpg\",\"datePublished\":\"2025-06-10T14:05:40+00:00\",\"dateModified\":\"2026-01-15T16:22:42+00:00\",\"description\":\"De BOROUX Legacy\u2122 Compact waterfilter zwart met 2 originele BOROUX Foundation\u2122 Black filters. De ideale waterfilter voor thuis, op kantoor of op reis.\",\"breadcrumb\":{\"@id\":\"https:\/\/www.alternatievemiddelen.nl\/producten\/boroux-legacy-compact-waterfilter-zwart\/#breadcrumb\"},\"inLanguage\":\"fr-FR\",\"potentialAction\":[{\"@type\":\"ReadAction\",\"target\":[\"https:\/\/www.alternatievemiddelen.nl\/producten\/boroux-legacy-compact-waterfilter-zwart\/\"]}]},{\"@type\":\"ImageObject\",\"inLanguage\":\"fr-FR\",\"@id\":\"https:\/\/www.alternatievemiddelen.nl\/producten\/boroux-legacy-compact-waterfilter-zwart\/#primaryimage\",\"url\":\"https:\/\/www.alternatievemiddelen.nl\/wp-content\/uploads\/2025\/06\/BOROUX-Legacy-Compact-Waterfilter-zwart.jpg\",\"contentUrl\":\"https:\/\/www.alternatievemiddelen.nl\/wp-content\/uploads\/2025\/06\/BOROUX-Legacy-Compact-Waterfilter-zwart.jpg\",\"width\":1200,\"height\":1600,\"caption\":\"BOROUX Legacy Compact Waterfilter zwart\"},{\"@type\":\"BreadcrumbList\",\"@id\":\"https:\/\/www.alternatievemiddelen.nl\/producten\/boroux-legacy-compact-waterfilter-zwart\/#breadcrumb\",\"itemListElement\":[{\"@type\":\"ListItem\",\"position\":1,\"name\":\"Home\",\"item\":\"https:\/\/www.alternatievemiddelen.nl\/\"},{\"@type\":\"ListItem\",\"position\":2,\"name\":\"Producten\",\"item\":\"https:\/\/www.alternatievemiddelen.nl\/producten\/\"},{\"@type\":\"ListItem\",\"position\":3,\"name\":\"BOROUX Legacy\u2122 Compact waterfilter zwart 6,8L\"}]},{\"@type\":\"WebSite\",\"@id\":\"https:\/\/www.alternatievemiddelen.nl\/#website\",\"url\":\"https:\/\/www.alternatievemiddelen.nl\/\",\"name\":\"Alternatievemiddelen.nl\",\"description\":\"Webshop met gezonde, duurzame en ecologische alternatieve mogelijkheden in de hedendaagse levenstijl. Alles uit eigen ervaring.\",\"publisher\":{\"@id\":\"https:\/\/www.alternatievemiddelen.nl\/#organization\"},\"potentialAction\":[{\"@type\":\"SearchAction\",\"target\":{\"@type\":\"EntryPoint\",\"urlTemplate\":\"https:\/\/www.alternatievemiddelen.nl\/?s={search_term_string}\"},\"query-input\":{\"@type\":\"PropertyValueSpecification\",\"valueRequired\":true,\"valueName\":\"search_term_string\"}}],\"inLanguage\":\"fr-FR\"},{\"@type\":\"Organization\",\"@id\":\"https:\/\/www.alternatievemiddelen.nl\/#organization\",\"name\":\"Alternatievemiddelen.nl\",\"url\":\"https:\/\/www.alternatievemiddelen.nl\/\",\"logo\":{\"@type\":\"ImageObject\",\"inLanguage\":\"fr-FR\",\"@id\":\"https:\/\/www.alternatievemiddelen.nl\/#\/schema\/logo\/image\/\",\"url\":\"https:\/\/www.alternatievemiddelen.nl\/wp-content\/uploads\/2023\/10\/alternatievemiddelen-PNG-logo.png\",\"contentUrl\":\"https:\/\/www.alternatievemiddelen.nl\/wp-content\/uploads\/2023\/10\/alternatievemiddelen-PNG-logo.png\",\"width\":6400,\"height\":3062,\"caption\":\"Alternatievemiddelen.nl\"},\"image\":{\"@id\":\"https:\/\/www.alternatievemiddelen.nl\/#\/schema\/logo\/image\/\"}}]}<\/script>\n<!-- \/ Yoast SEO plugin. -->","yoast_head_json":{"title":"BOROUX Legacy\u2122 Compact waterfilter zwart 6,8L - Alternatievemiddelen.nl","description":"De BOROUX Legacy\u2122 Compact waterfilter zwart met 2 originele BOROUX Foundation\u2122 Black filters. De ideale waterfilter voor thuis, op kantoor of op reis.","robots":{"index":"index","follow":"follow","max-snippet":"max-snippet:-1","max-image-preview":"max-image-preview:large","max-video-preview":"max-video-preview:-1"},"canonical":"https:\/\/www.alternatievemiddelen.nl\/fr\/wp-json\/wp\/v2\/product\/48036","og_locale":"fr_FR","og_type":"article","og_title":"BOROUX Legacy\u2122 Compact waterfilter zwart 6,8L - Alternatievemiddelen.nl","og_description":"De BOROUX Legacy\u2122 Compact waterfilter zwart met 2 originele BOROUX Foundation\u2122 Black filters. De ideale waterfilter voor thuis, op kantoor of op reis.","og_url":"https:\/\/www.alternatievemiddelen.nl\/fr\/produits\/boroux-legacy-compact-water-filter-black\/","og_site_name":"Alternatievemiddelen.nl","article_modified_time":"2026-01-15T16:22:42+00:00","og_image":[{"width":1200,"height":1600,"url":"\/wp-content\/uploads\/2025\/06\/BOROUX-Legacy-Compact-Waterfilter-zwart.jpg","type":"image\/jpeg"}],"twitter_card":"summary_large_image","twitter_misc":{"Dur\u00e9e de lecture estim\u00e9e":"6 minutes"},"schema":{"@context":"https:\/\/schema.org","@graph":[{"@type":["WebPage","ItemPage"],"@id":"https:\/\/www.alternatievemiddelen.nl\/producten\/boroux-legacy-compact-waterfilter-zwart\/","url":"https:\/\/www.alternatievemiddelen.nl\/producten\/boroux-legacy-compact-waterfilter-zwart\/","name":"BOROUX Legacy\u2122 Compact waterfilter zwart 6,8L - Alternatievemiddelen.nl","isPartOf":{"@id":"https:\/\/www.alternatievemiddelen.nl\/#website"},"primaryImageOfPage":{"@id":"https:\/\/www.alternatievemiddelen.nl\/producten\/boroux-legacy-compact-waterfilter-zwart\/#primaryimage"},"image":{"@id":"https:\/\/www.alternatievemiddelen.nl\/producten\/boroux-legacy-compact-waterfilter-zwart\/#primaryimage"},"thumbnailUrl":"https:\/\/www.alternatievemiddelen.nl\/wp-content\/uploads\/2025\/06\/BOROUX-Legacy-Compact-Waterfilter-zwart.jpg","datePublished":"2025-06-10T14:05:40+00:00","dateModified":"2026-01-15T16:22:42+00:00","description":"De BOROUX Legacy\u2122 Compact waterfilter zwart met 2 originele BOROUX Foundation\u2122 Black filters. De ideale waterfilter voor thuis, op kantoor of op reis.","breadcrumb":{"@id":"https:\/\/www.alternatievemiddelen.nl\/producten\/boroux-legacy-compact-waterfilter-zwart\/#breadcrumb"},"inLanguage":"fr-FR","potentialAction":[{"@type":"ReadAction","target":["https:\/\/www.alternatievemiddelen.nl\/producten\/boroux-legacy-compact-waterfilter-zwart\/"]}]},{"@type":"ImageObject","inLanguage":"fr-FR","@id":"https:\/\/www.alternatievemiddelen.nl\/producten\/boroux-legacy-compact-waterfilter-zwart\/#primaryimage","url":"https:\/\/www.alternatievemiddelen.nl\/wp-content\/uploads\/2025\/06\/BOROUX-Legacy-Compact-Waterfilter-zwart.jpg","contentUrl":"https:\/\/www.alternatievemiddelen.nl\/wp-content\/uploads\/2025\/06\/BOROUX-Legacy-Compact-Waterfilter-zwart.jpg","width":1200,"height":1600,"caption":"BOROUX Legacy Compact Waterfilter zwart"},{"@type":"BreadcrumbList","@id":"https:\/\/www.alternatievemiddelen.nl\/producten\/boroux-legacy-compact-waterfilter-zwart\/#breadcrumb","itemListElement":[{"@type":"ListItem","position":1,"name":"Home","item":"https:\/\/www.alternatievemiddelen.nl\/"},{"@type":"ListItem","position":2,"name":"Producten","item":"https:\/\/www.alternatievemiddelen.nl\/producten\/"},{"@type":"ListItem","position":3,"name":"BOROUX Legacy\u2122 Compact waterfilter zwart 6,8L"}]},{"@type":"WebSite","@id":"https:\/\/www.alternatievemiddelen.nl\/#website","url":"https:\/\/www.alternatievemiddelen.nl\/","name":"Alternatievemiddelen.nl","description":"Webshop met gezonde, duurzame en ecologische alternatieve mogelijkheden in de hedendaagse levenstijl. Alles uit eigen ervaring.","publisher":{"@id":"https:\/\/www.alternatievemiddelen.nl\/#organization"},"potentialAction":[{"@type":"SearchAction","target":{"@type":"EntryPoint","urlTemplate":"https:\/\/www.alternatievemiddelen.nl\/?s={search_term_string}"},"query-input":{"@type":"PropertyValueSpecification","valueRequired":true,"valueName":"search_term_string"}}],"inLanguage":"fr-FR"},{"@type":"Organization","@id":"https:\/\/www.alternatievemiddelen.nl\/#organization","name":"Alternatievemiddelen.nl","url":"https:\/\/www.alternatievemiddelen.nl\/","logo":{"@type":"ImageObject","inLanguage":"fr-FR","@id":"https:\/\/www.alternatievemiddelen.nl\/#\/schema\/logo\/image\/","url":"https:\/\/www.alternatievemiddelen.nl\/wp-content\/uploads\/2023\/10\/alternatievemiddelen-PNG-logo.png","contentUrl":"https:\/\/www.alternatievemiddelen.nl\/wp-content\/uploads\/2023\/10\/alternatievemiddelen-PNG-logo.png","width":6400,"height":3062,"caption":"Alternatievemiddelen.nl"},"image":{"@id":"https:\/\/www.alternatievemiddelen.nl\/#\/schema\/logo\/image\/"}}]}},"_links":{"self":[{"href":"https:\/\/www.alternatievemiddelen.nl\/fr\/wp-json\/wp\/v2\/product\/48036","targetHints":{"allow":["GET"]}}],"collection":[{"href":"https:\/\/www.alternatievemiddelen.nl\/fr\/wp-json\/wp\/v2\/product"}],"about":[{"href":"https:\/\/www.alternatievemiddelen.nl\/fr\/wp-json\/wp\/v2\/types\/product"}],"replies":[{"embeddable":true,"href":"https:\/\/www.alternatievemiddelen.nl\/fr\/wp-json\/wp\/v2\/comments?post=48036"}],"wp:featuredmedia":[{"embeddable":true,"href":"https:\/\/www.alternatievemiddelen.nl\/fr\/wp-json\/wp\/v2\/media\/48043"}],"wp:attachment":[{"href":"https:\/\/www.alternatievemiddelen.nl\/fr\/wp-json\/wp\/v2\/media?parent=48036"}],"wp:term":[{"taxonomy":"product_brand","embeddable":true,"href":"https:\/\/www.alternatievemiddelen.nl\/fr\/wp-json\/wp\/v2\/product_brand?post=48036"},{"taxonomy":"product_cat","embeddable":true,"href":"https:\/\/www.alternatievemiddelen.nl\/fr\/wp-json\/wp\/v2\/product_cat?post=48036"},{"taxonomy":"product_tag","embeddable":true,"href":"https:\/\/www.alternatievemiddelen.nl\/fr\/wp-json\/wp\/v2\/product_tag?post=48036"},{"taxonomy":"merk","embeddable":true,"href":"https:\/\/www.alternatievemiddelen.nl\/fr\/wp-json\/wp\/v2\/merk?post=48036"}],"curies":[{"name":"wp","href":"https:\/\/api.w.org\/{rel}","templated":true}]}}