{"id":48072,"date":"2025-06-11T13:57:51","date_gmt":"2025-06-11T11:57:51","guid":{"rendered":"https:\/\/www.alternatievemiddelen.nl\/?post_type=product&#038;p=48072"},"modified":"2026-01-15T17:25:28","modified_gmt":"2026-01-15T16:25:28","slug":"boroux-legacy-waterfilter-zwart","status":"publish","type":"product","link":"https:\/\/www.alternatievemiddelen.nl\/fr\/produits\/filtre-a-eau-boroux-legacy-noir\/","title":{"rendered":"Filtre \u00e0 eau BOROUX Legacy\u2122 noir 11.4L"},"content":{"rendered":"<p>Le filtre \u00e0 eau BOROUX Legacy\u2122 noir n'est pas seulement une mise \u00e0 niveau, c'est une transformation. Faites l'exp\u00e9rience d'une eau d\u00e9licieusement pure et d'une qualit\u00e9 en acier inoxydable qui dure toute une vie. Depuis 20 ans, BOROUX perfectionne la filtration de l'eau. La conception sup\u00e9rieure en acier inoxydable assure une beaut\u00e9 durable \u00e0 cet \u00e9l\u00e9gant filtre \u00e0 eau, d'une capacit\u00e9 de 11,4 litres, pour le comptoir.<\/p>\n<p>Le filtre \u00e0 eau BOROUX Legacy\u2122 noir est livr\u00e9 en standard avec 2 <a href=\"https:\/\/www.alternatievemiddelen.nl\/fr\/produits\/elements-de-filtre-a-eau-boroux-foundation-black\/\">BOROUX Foundation\u2122 Filtres noirs<\/a>Les filtres BOROUX ont une capacit\u00e9 de 4 \u00e9l\u00e9ments filtrants, mais il est possible de passer \u00e0 4 \u00e9l\u00e9ments filtrants. Ces filtres BOROUX r\u00e9duisent plus de 99% de chlore, de m\u00e9taux lourds, de contaminants pharmaceutiques (r\u00e9sidus de m\u00e9dicaments), de pesticides, d'herbicides, d'insecticides, de contaminants plastiques et industriels (PFAS), de compos\u00e9s organiques volatils (COV), de microplastiques et de contaminants de d\u00e9sinfection, entre autres. Les min\u00e9raux essentiels dont votre corps a besoin sont conserv\u00e9s au cours du processus.<br \/>\n&nbsp;<\/p>\n<h4>Con\u00e7u pour s'amuser tout au long de la vie<\/h4>\n<p>Faites l'exp\u00e9rience de la beaut\u00e9 et de la durabilit\u00e9 du syst\u00e8me d\u00e9lib\u00e9r\u00e9ment con\u00e7u. Les mat\u00e9riaux et les \u00e9l\u00e9ments ont \u00e9t\u00e9 soigneusement s\u00e9lectionn\u00e9s en fonction de l'utilisateur. Les bacs sont en acier inoxydable AISI 304 pour \u00e9viter la corrosion. Le plateau inf\u00e9rieur discr\u00e8tement ventil\u00e9 emp\u00eache la formation d'un vide, tandis que le couvercle \u00e9l\u00e9gamment incurv\u00e9 offre un aspect homog\u00e8ne. Des \u00e9l\u00e9ments de conception bien pens\u00e9s am\u00e9liorent l'efficacit\u00e9 de la filtration et la facilit\u00e9 d'utilisation sans compromettre l'esth\u00e9tique.<\/p>\n<p>Minimisez votre impact sur l'environnement avec BOROUX. Ils privil\u00e9gient les mat\u00e9riaux respectueux de l'environnement et un processus rationalis\u00e9 pour r\u00e9duire les d\u00e9chets. Les filtres, les accessoires et le syst\u00e8me durent longtemps, dans un souci de durabilit\u00e9. Une alternative durable aux produits jetables, qui fait de chaque recharge un choix conscient pour un avenir plus vert.<br \/>\n&nbsp;<\/p>\n<h4>Couleur diff\u00e9rente, design unique<\/h4>\n<p>Le filtre \u00e0 eau BOROUX Legacy\u2122 est disponible en trois couleurs. En plus du filtre \u00e0 eau BOROUX Legacy\u2122, le filtre \u00e0 eau BOROUX Legacy\u2122 est disponible en trois couleurs. <a href=\"https:\/\/www.alternatievemiddelen.nl\/fr\/produits\/filtre-a-eau-boroux-legacy\/\">mod\u00e8le poli<\/a> Il est \u00e9galement disponible dans la couleur <a href=\"https:\/\/www.alternatievemiddelen.nl\/fr\/produits\/boroux-legacy-water-filter-white\/\">blanc<\/a>, <a href=\"https:\/\/www.alternatievemiddelen.nl\/fr\/produits\/filtre-a-eau-boroux-legacy-noir\/\">noir<\/a> et <a href=\"https:\/\/www.alternatievemiddelen.nl\/fr\/produits\/filtre-a-eau-boroux-legacy-vert-sauge\/\">vert sauge<\/a>. Ces variantes sont dot\u00e9es d'un rev\u00eatement de haute qualit\u00e9 (uniquement \u00e0 l'ext\u00e9rieur), le robinet et toutes les autres pi\u00e8ces \u00e9tant bien entendu \u00e9galement de cette couleur. Un design unique !<br \/>\n&nbsp;<\/p>\n<h4>BOROUX Foundation\u2122 Filtres noirs<\/h4>\n<p>La technologie de filtration avanc\u00e9e ne se contente pas de filtrer l'eau, elle la transforme \u00e9galement. En \u00e9liminant plus de 99% de contaminants nocifs, elle assure <a href=\"https:\/\/www.alternatievemiddelen.nl\/fr\/produits\/elements-de-filtre-a-eau-boroux-foundation-black\/\">BOROUX Foundation\u2122 Filtres noirs<\/a> en veillant \u00e0 ce que votre eau soit aussi pure et rafra\u00eechissante que la nature l'a voulu. Chaque r\u00e9duction d'un contaminant contribue \u00e0 am\u00e9liorer votre sant\u00e9 et votre bien-\u00eatre !<\/p>\n<p>Les filtres comprennent un m\u00e9lange sp\u00e9cial de charbon actif. Les \u00e9l\u00e9ments filtrants BOROUX Foundation\u2122 Black contiennent de l'argent, un agent antimicrobien, pour emp\u00eacher les micro-organismes d'attaquer le produit lui-m\u00eame. Ces filtres ne sont pas con\u00e7us pour filtrer les micro-organismes.<br \/>\nEn outre, ils sont si puissants qu'ils peuvent \u00e9liminer les colorants rouges de l'eau sans \u00e9liminer les min\u00e9raux utiles dont votre corps a besoin.<br \/>\n&nbsp;<\/p>\n<h4>Rapports d'essais et certification<\/h4>\n<p>Les filtres BOROUX Foundation\u2122 Black ont \u00e9t\u00e9 test\u00e9s par un laboratoire ind\u00e9pendant (IAPMO R&amp;T Lab NJ, ISO\/IEC 17025) conform\u00e9ment aux normes NSF\/ANSI 42, 53 et 401. Voir tous <a href=\"https:\/\/www.alternatievemiddelen.nl\/fr\/ufaq\/resultats-des-essais-en-laboratoire-du-filtre-a-eau-boroux\/\" target=\"_blank\" rel=\"noopener\">rapports d'essais<\/a> pour plus de d\u00e9tails et, ce faisant, la clart\u00e9 et la transparence sont primordiales.<\/p>\n<p>BOROUX est certifi\u00e9 NSF\/ANSI\/CAN par la Water Quality Association (WQA). Cette certification souligne l'engagement de BOROUX \u00e0 fournir des solutions de filtration de l'eau s\u00fbres, efficaces et de haute qualit\u00e9. Cette certification n'est pas un simple sceau d'approbation : elle indique que les produits BOROUX r\u00e9pondent aux normes rigoureuses de NSF International (NSF) et de l'American National Standards Institute (ANSI), organisations mondialement reconnues qui veillent \u00e0 la sant\u00e9 publique et \u00e0 la s\u00e9curit\u00e9 des produits de consommation.<br \/>\n&nbsp;<\/p>\n<h3>Caract\u00e9ristiques Filtre \u00e0 eau BOROUX Legacy\u2122 noir<\/h3>\n<ul>\n<li>Le filtre \u00e0 eau id\u00e9al pour la maison et le bureau. Convient \u00e0 une utilisation par 2 \u00e0 6 personnes<\/li>\n<li>R\u00e9duit plus de 99% de chlore, de m\u00e9taux lourds, de contaminants pharmaceutiques (r\u00e9sidus de m\u00e9dicaments), de pesticides, d'herbicides, d'insecticides, de contaminants plastiques et industriels (PFAS), de compos\u00e9s organiques volatils (COV), de microplastiques et de contaminants de d\u00e9sinfection, entre autres.<\/li>\n<li>Les min\u00e9raux essentiels dont votre corps a besoin sont pr\u00e9serv\u00e9s<\/li>\n<li>Test\u00e9 par un laboratoire ind\u00e9pendant conform\u00e9ment aux normes NSF\/ANSI 42, 53 et 401. Voir tous les produits <a href=\"https:\/\/www.alternatievemiddelen.nl\/fr\/ufaq\/resultats-des-essais-en-laboratoire-du-filtre-a-eau-boroux\/\" target=\"_blank\" rel=\"noopener\">rapports d'essais<\/a><\/li>\n<li>Facile \u00e0 utiliser<\/li>\n<li>Capacit\u00e9 de 11,4 litres<\/li>\n<li>Fourni en standard avec 2 <a href=\"https:\/\/www.alternatievemiddelen.nl\/fr\/produits\/elements-de-filtre-a-eau-boroux-foundation-black\/\">BOROUX Foundation\u2122 \u00c9l\u00e9ments filtrants noirs<\/a><\/li>\n<li>Extensible jusqu'\u00e0 4 <a href=\"https:\/\/www.alternatievemiddelen.nl\/fr\/produits\/elements-de-filtre-a-eau-boroux-foundation-black\/\">BOROUX Foundation\u2122 \u00c9l\u00e9ments filtrants noirs<\/a><\/li>\n<li>Acier inoxydable AISI 304 tr\u00e8s durable, \u00e9galement disponible en acier inoxydable AISI 304. <a href=\"https:\/\/www.alternatievemiddelen.nl\/fr\/produits\/filtre-a-eau-boroux-legacy\/\">ACIER INOXYDABLE<\/a> et <a href=\"https:\/\/www.alternatievemiddelen.nl\/fr\/produits\/boroux-legacy-water-filter-white\/\">blanc<\/a><\/li>\n<li>Vitesse de filtration maximale : 7,5 litres par heure avec 2 filtres<\/li>\n<li>Vitesse de filtration maximale : 15 litres par heure avec 4 filtres<\/li>\n<li>Hauteur : 58,4 cm<\/li>\n<li>Diam\u00e8tre : 22,9 cm<\/li>\n<\/ul>\n<p>&nbsp;<\/p>\n<h3>Le filtre \u00e0 eau BOROUX Legacy\u2122 noir contient les \u00e9l\u00e9ments suivants :<\/h3>\n<p>\u25cf 1x plateau sup\u00e9rieur<br \/>\n\u25cf 1x Bac inf\u00e9rieur<br \/>\n\u25cf 1x Rebord en caoutchouc pour le plateau inf\u00e9rieur<br \/>\n\u25cf 1x Couvercle<br \/>\n\u25cf 1x robinet en acier inoxydable<br \/>\n\u25cf 2x bouchons de blocage<br \/>\n\u25cf 2x BOROUX Foundation\u2122 \u00c9l\u00e9ments filtrants noirs<br \/>\n\u25cf 2x <a href=\"https:\/\/www.alternatievemiddelen.nl\/fr\/produits\/anneau-pour-elements-filtrants-black-berkey\/\">Anneaux en caoutchouc noir<\/a>: entre l'\u00e9l\u00e9ment filtrant et le conteneur en acier inoxydable<br \/>\n\u25cf 2x <a href=\"https:\/\/www.alternatievemiddelen.nl\/fr\/produits\/ecrou-papillon-pour-elements-filtrants-black-berkey\/\">Ecrous \u00e0 ailettes<\/a>: pour le serrage de l'\u00e9l\u00e9ment filtrant<br \/>\n\u25cf 1x <a href=\"https:\/\/www.alternatievemiddelen.nl\/fr\/produits\/bouton-damorcage-black-berkey-elements\/\">Bouton d'amor\u00e7age<\/a>: anneau en caoutchouc marron pour l'amor\u00e7age des \u00e9l\u00e9ments filtrants avec le robinet<br \/>\n\u25cf 1x <a href=\"https:\/\/www.alternatievemiddelen.nl\/fr\/produits\/berkey-primerrite-universal-primer-pf-2-adapter\/\">Primaire universel PrimeRite<\/a>: robinet en caoutchouc bleu pour l'amor\u00e7age des \u00e9l\u00e9ments filtrants<br \/>\n\u25cf 1x Bouteille de colorant rouge pour effectuer le test du colorant rouge.<br \/>\n\u25cf 1x le manuel en anglais (un manuel en n\u00e9erlandais peut \u00eatre t\u00e9l\u00e9charg\u00e9 dans la rubrique <a href=\"https:\/\/www.alternatievemiddelen.nl\/fr\/la-bibliotheque\/\"> notre biblioth\u00e8que<\/a> et est \u00e9galement envoy\u00e9 par e-mail apr\u00e8s la commande)<br \/>\n\u25cf 1x Sac de transport en toile<br \/>\n&nbsp;<\/p>\n<h3>Installation<\/h3>\n<p>Vous pouvez facilement assembler le BOROUX Legacy\u2122 black en quelques minutes et sans outils. La premi\u00e8re \u00e9tape consiste \u00e0 appliquer une couche d'appr\u00eat sur le <a href=\"https:\/\/www.alternatievemiddelen.nl\/fr\/produits\/elements-de-filtre-a-eau-boroux-foundation-black\/\">BOROUX Foundation\u2122 \u00c9l\u00e9ments filtrants noirs<\/a>. Il est important que cela soit fait correctement, sinon la purification de l'eau prendra beaucoup de temps. Pour toute information sur les filtres \u00e0 eau BOROUX, consultez notre rubrique <a href=\"https:\/\/www.alternatievemiddelen.nl\/fr\/la-bibliotheque\/\">biblioth\u00e8que<\/a>qui comprend des manuels, des vid\u00e9os d'instruction et des r\u00e9ponses aux questions les plus fr\u00e9quemment pos\u00e9es. En cas d'\u00e9chec de l'amor\u00e7age avec le robinet, un <a href=\"https:\/\/www.alternatievemiddelen.nl\/fr\/produits\/pompe-damorcage-de-filtre-automatique-boroux\/\">pompe d'amor\u00e7age automatique<\/a> ou <a href=\"https:\/\/www.alternatievemiddelen.nl\/fr\/produits\/amorce-black-berkey\/\">pompe d'amor\u00e7age manuelle<\/a> commander chez nous.<br \/>\n&nbsp;<\/p>\n<h4>Quand faut-il remplacer les filtres BOROUX Foundation\u2122 Black ?<\/h4>\n<p>Les filtres BOROUX Foundation\u2122 Black sont con\u00e7us pour durer de nombreuses ann\u00e9es. Cependant, nous ne vivons plus \u00e0 la m\u00eame \u00e9poque qu'il y a quelques ann\u00e9es. Le nombre de contaminants n'a fait qu'augmenter et ils sont devenus de plus en plus graves (pensez, par exemple, aux PFAS ou \u00e0 l'augmentation consid\u00e9rable des r\u00e9sidus de m\u00e9dicaments, des pesticides, etc.) ). Cela a un effet consid\u00e9rable sur les filtres et il est donc pr\u00e9f\u00e9rable de les remplacer un peu plus t\u00f4t. Nous recommandons donc de remplacer le <a href=\"https:\/\/www.alternatievemiddelen.nl\/fr\/produits\/elements-de-filtre-a-eau-boroux-foundation-black\/\">BOROUX Foundation\u2122 Filtres noirs<\/a> \u00e0 remplacer tous les 3 ans maximum si vous utilisez de l'eau du robinet. Si vous utilisez de l'eau provenant d'une autre source, il est conseill\u00e9 de la remplacer plus t\u00f4t.<\/p>","protected":false},"excerpt":{"rendered":"<p>Le filtre \u00e0 eau BOROUX Legacy\u2122 noir <b><u>avec 2 filtres BOROUX Foundation\u2122 Black originaux<\/u><\/b>. Une eau d\u00e9licieusement pure pour la maison ou le bureau, avec une qualit\u00e9 solide !<\/p>","protected":false},"featured_media":48079,"comment_status":"open","ping_status":"closed","template":"","meta":[],"product_brand":[],"product_cat":[2971,2972],"product_tag":[3706,3705,3708,3704,3725,3718,3383,2921,2967,2979,3012,2980,2981,3101,2998],"merk":[3702],"class_list":{"0":"post-48072","1":"product","2":"type-product","3":"status-publish","4":"has-post-thumbnail","6":"product_cat-waterfilters","7":"product_cat-waterfilter","8":"product_tag-boroux","9":"product_tag-boroux-foundation","10":"product_tag-boroux-foundation-black","11":"product_tag-boroux-foundation-black-filters","12":"product_tag-boroux-legacy","13":"product_tag-legacy","14":"product_tag-op-reis","15":"product_tag-reizen","16":"product_tag-schoon","17":"product_tag-waterfilter","18":"product_tag-waterfilters","19":"product_tag-waterzuivering","20":"product_tag-zuiver","21":"product_tag-zuiverelementen","22":"product_tag-zwart","23":"merk-boroux","25":"first","26":"instock","27":"taxable","28":"shipping-taxable","29":"purchasable","30":"product-type-simple"},"bundled_by":[],"bundle_stock_status":"instock","bundle_stock_quantity":null,"bundle_virtual":false,"bundle_layout":"","bundle_add_to_cart_form_location":"","bundle_editable_in_cart":false,"bundle_sold_individually_context":"","bundle_item_grouping":"","bundle_min_size":"","bundle_max_size":"","bundle_price":[],"bundled_items":[],"bundle_sell_ids":[44176,34443,50681,48243,34339,47576,48794,48825,48681],"yoast_head":"<!-- This site is optimized with the Yoast SEO plugin v26.1 - https:\/\/yoast.com\/wordpress\/plugins\/seo\/ -->\n<title>BOROUX Legacy\u2122 waterfilter zwart 11,4L - Alternatievemiddelen.nl<\/title>\n<meta name=\"description\" content=\"De BOROUX Legacy\u2122 waterfilter zwart met 2 originele BOROUX Foundation\u2122 Black filters. Heerlijk zuiver water voor thuis of kantoor, met degelijke kwaliteit!\" \/>\n<meta name=\"robots\" content=\"index, follow, max-snippet:-1, max-image-preview:large, max-video-preview:-1\" \/>\n<link rel=\"canonical\" href=\"https:\/\/www.alternatievemiddelen.nl\/fr\/wp-json\/wp\/v2\/product\/48072\" \/>\n<meta property=\"og:locale\" content=\"fr_FR\" \/>\n<meta property=\"og:type\" content=\"article\" \/>\n<meta property=\"og:title\" content=\"BOROUX Legacy\u2122 waterfilter zwart 11,4L - Alternatievemiddelen.nl\" \/>\n<meta property=\"og:description\" content=\"De BOROUX Legacy\u2122 waterfilter zwart met 2 originele BOROUX Foundation\u2122 Black filters. Heerlijk zuiver water voor thuis of kantoor, met degelijke kwaliteit!\" \/>\n<meta property=\"og:url\" content=\"https:\/\/www.alternatievemiddelen.nl\/fr\/produits\/filtre-a-eau-boroux-legacy-noir\/\" \/>\n<meta property=\"og:site_name\" content=\"Alternatievemiddelen.nl\" \/>\n<meta property=\"article:modified_time\" content=\"2026-01-15T16:25:28+00:00\" \/>\n<meta property=\"og:image\" content=\"\/wp-content\/uploads\/2025\/06\/BOROUX-Legacy-Waterfilter-zwart.jpg\" \/>\n\t<meta property=\"og:image:width\" content=\"1200\" \/>\n\t<meta property=\"og:image:height\" content=\"1600\" \/>\n\t<meta property=\"og:image:type\" content=\"image\/jpeg\" \/>\n<meta name=\"twitter:card\" content=\"summary_large_image\" \/>\n<meta name=\"twitter:label1\" content=\"Dur\u00e9e de lecture estim\u00e9e\" \/>\n\t<meta name=\"twitter:data1\" content=\"6 minutes\" \/>\n<script type=\"application\/ld+json\" class=\"yoast-schema-graph\">{\"@context\":\"https:\/\/schema.org\",\"@graph\":[{\"@type\":[\"WebPage\",\"ItemPage\"],\"@id\":\"https:\/\/www.alternatievemiddelen.nl\/producten\/boroux-legacy-waterfilter-zwart\/\",\"url\":\"https:\/\/www.alternatievemiddelen.nl\/producten\/boroux-legacy-waterfilter-zwart\/\",\"name\":\"BOROUX Legacy\u2122 waterfilter zwart 11,4L - Alternatievemiddelen.nl\",\"isPartOf\":{\"@id\":\"https:\/\/www.alternatievemiddelen.nl\/#website\"},\"primaryImageOfPage\":{\"@id\":\"https:\/\/www.alternatievemiddelen.nl\/producten\/boroux-legacy-waterfilter-zwart\/#primaryimage\"},\"image\":{\"@id\":\"https:\/\/www.alternatievemiddelen.nl\/producten\/boroux-legacy-waterfilter-zwart\/#primaryimage\"},\"thumbnailUrl\":\"https:\/\/www.alternatievemiddelen.nl\/wp-content\/uploads\/2025\/06\/BOROUX-Legacy-Waterfilter-zwart.jpg\",\"datePublished\":\"2025-06-11T11:57:51+00:00\",\"dateModified\":\"2026-01-15T16:25:28+00:00\",\"description\":\"De BOROUX Legacy\u2122 waterfilter zwart met 2 originele BOROUX Foundation\u2122 Black filters. Heerlijk zuiver water voor thuis of kantoor, met degelijke kwaliteit!\",\"breadcrumb\":{\"@id\":\"https:\/\/www.alternatievemiddelen.nl\/producten\/boroux-legacy-waterfilter-zwart\/#breadcrumb\"},\"inLanguage\":\"fr-FR\",\"potentialAction\":[{\"@type\":\"ReadAction\",\"target\":[\"https:\/\/www.alternatievemiddelen.nl\/producten\/boroux-legacy-waterfilter-zwart\/\"]}]},{\"@type\":\"ImageObject\",\"inLanguage\":\"fr-FR\",\"@id\":\"https:\/\/www.alternatievemiddelen.nl\/producten\/boroux-legacy-waterfilter-zwart\/#primaryimage\",\"url\":\"https:\/\/www.alternatievemiddelen.nl\/wp-content\/uploads\/2025\/06\/BOROUX-Legacy-Waterfilter-zwart.jpg\",\"contentUrl\":\"https:\/\/www.alternatievemiddelen.nl\/wp-content\/uploads\/2025\/06\/BOROUX-Legacy-Waterfilter-zwart.jpg\",\"width\":1200,\"height\":1600,\"caption\":\"BOROUX Legacy Waterfilter zwart\"},{\"@type\":\"BreadcrumbList\",\"@id\":\"https:\/\/www.alternatievemiddelen.nl\/producten\/boroux-legacy-waterfilter-zwart\/#breadcrumb\",\"itemListElement\":[{\"@type\":\"ListItem\",\"position\":1,\"name\":\"Home\",\"item\":\"https:\/\/www.alternatievemiddelen.nl\/\"},{\"@type\":\"ListItem\",\"position\":2,\"name\":\"Producten\",\"item\":\"https:\/\/www.alternatievemiddelen.nl\/producten\/\"},{\"@type\":\"ListItem\",\"position\":3,\"name\":\"BOROUX Legacy\u2122 waterfilter zwart 11,4L\"}]},{\"@type\":\"WebSite\",\"@id\":\"https:\/\/www.alternatievemiddelen.nl\/#website\",\"url\":\"https:\/\/www.alternatievemiddelen.nl\/\",\"name\":\"Alternatievemiddelen.nl\",\"description\":\"Webshop met gezonde, duurzame en ecologische alternatieve mogelijkheden in de hedendaagse levenstijl. Alles uit eigen ervaring.\",\"publisher\":{\"@id\":\"https:\/\/www.alternatievemiddelen.nl\/#organization\"},\"potentialAction\":[{\"@type\":\"SearchAction\",\"target\":{\"@type\":\"EntryPoint\",\"urlTemplate\":\"https:\/\/www.alternatievemiddelen.nl\/?s={search_term_string}\"},\"query-input\":{\"@type\":\"PropertyValueSpecification\",\"valueRequired\":true,\"valueName\":\"search_term_string\"}}],\"inLanguage\":\"fr-FR\"},{\"@type\":\"Organization\",\"@id\":\"https:\/\/www.alternatievemiddelen.nl\/#organization\",\"name\":\"Alternatievemiddelen.nl\",\"url\":\"https:\/\/www.alternatievemiddelen.nl\/\",\"logo\":{\"@type\":\"ImageObject\",\"inLanguage\":\"fr-FR\",\"@id\":\"https:\/\/www.alternatievemiddelen.nl\/#\/schema\/logo\/image\/\",\"url\":\"https:\/\/www.alternatievemiddelen.nl\/wp-content\/uploads\/2023\/10\/alternatievemiddelen-PNG-logo.png\",\"contentUrl\":\"https:\/\/www.alternatievemiddelen.nl\/wp-content\/uploads\/2023\/10\/alternatievemiddelen-PNG-logo.png\",\"width\":6400,\"height\":3062,\"caption\":\"Alternatievemiddelen.nl\"},\"image\":{\"@id\":\"https:\/\/www.alternatievemiddelen.nl\/#\/schema\/logo\/image\/\"}}]}<\/script>\n<!-- \/ Yoast SEO plugin. -->","yoast_head_json":{"title":"BOROUX Legacy\u2122 waterfilter zwart 11,4L - Alternatievemiddelen.nl","description":"De BOROUX Legacy\u2122 waterfilter zwart met 2 originele BOROUX Foundation\u2122 Black filters. Heerlijk zuiver water voor thuis of kantoor, met degelijke kwaliteit!","robots":{"index":"index","follow":"follow","max-snippet":"max-snippet:-1","max-image-preview":"max-image-preview:large","max-video-preview":"max-video-preview:-1"},"canonical":"https:\/\/www.alternatievemiddelen.nl\/fr\/wp-json\/wp\/v2\/product\/48072","og_locale":"fr_FR","og_type":"article","og_title":"BOROUX Legacy\u2122 waterfilter zwart 11,4L - Alternatievemiddelen.nl","og_description":"De BOROUX Legacy\u2122 waterfilter zwart met 2 originele BOROUX Foundation\u2122 Black filters. Heerlijk zuiver water voor thuis of kantoor, met degelijke kwaliteit!","og_url":"https:\/\/www.alternatievemiddelen.nl\/fr\/produits\/filtre-a-eau-boroux-legacy-noir\/","og_site_name":"Alternatievemiddelen.nl","article_modified_time":"2026-01-15T16:25:28+00:00","og_image":[{"width":1200,"height":1600,"url":"\/wp-content\/uploads\/2025\/06\/BOROUX-Legacy-Waterfilter-zwart.jpg","type":"image\/jpeg"}],"twitter_card":"summary_large_image","twitter_misc":{"Dur\u00e9e de lecture estim\u00e9e":"6 minutes"},"schema":{"@context":"https:\/\/schema.org","@graph":[{"@type":["WebPage","ItemPage"],"@id":"https:\/\/www.alternatievemiddelen.nl\/producten\/boroux-legacy-waterfilter-zwart\/","url":"https:\/\/www.alternatievemiddelen.nl\/producten\/boroux-legacy-waterfilter-zwart\/","name":"BOROUX Legacy\u2122 waterfilter zwart 11,4L - Alternatievemiddelen.nl","isPartOf":{"@id":"https:\/\/www.alternatievemiddelen.nl\/#website"},"primaryImageOfPage":{"@id":"https:\/\/www.alternatievemiddelen.nl\/producten\/boroux-legacy-waterfilter-zwart\/#primaryimage"},"image":{"@id":"https:\/\/www.alternatievemiddelen.nl\/producten\/boroux-legacy-waterfilter-zwart\/#primaryimage"},"thumbnailUrl":"https:\/\/www.alternatievemiddelen.nl\/wp-content\/uploads\/2025\/06\/BOROUX-Legacy-Waterfilter-zwart.jpg","datePublished":"2025-06-11T11:57:51+00:00","dateModified":"2026-01-15T16:25:28+00:00","description":"De BOROUX Legacy\u2122 waterfilter zwart met 2 originele BOROUX Foundation\u2122 Black filters. Heerlijk zuiver water voor thuis of kantoor, met degelijke kwaliteit!","breadcrumb":{"@id":"https:\/\/www.alternatievemiddelen.nl\/producten\/boroux-legacy-waterfilter-zwart\/#breadcrumb"},"inLanguage":"fr-FR","potentialAction":[{"@type":"ReadAction","target":["https:\/\/www.alternatievemiddelen.nl\/producten\/boroux-legacy-waterfilter-zwart\/"]}]},{"@type":"ImageObject","inLanguage":"fr-FR","@id":"https:\/\/www.alternatievemiddelen.nl\/producten\/boroux-legacy-waterfilter-zwart\/#primaryimage","url":"https:\/\/www.alternatievemiddelen.nl\/wp-content\/uploads\/2025\/06\/BOROUX-Legacy-Waterfilter-zwart.jpg","contentUrl":"https:\/\/www.alternatievemiddelen.nl\/wp-content\/uploads\/2025\/06\/BOROUX-Legacy-Waterfilter-zwart.jpg","width":1200,"height":1600,"caption":"BOROUX Legacy Waterfilter zwart"},{"@type":"BreadcrumbList","@id":"https:\/\/www.alternatievemiddelen.nl\/producten\/boroux-legacy-waterfilter-zwart\/#breadcrumb","itemListElement":[{"@type":"ListItem","position":1,"name":"Home","item":"https:\/\/www.alternatievemiddelen.nl\/"},{"@type":"ListItem","position":2,"name":"Producten","item":"https:\/\/www.alternatievemiddelen.nl\/producten\/"},{"@type":"ListItem","position":3,"name":"BOROUX Legacy\u2122 waterfilter zwart 11,4L"}]},{"@type":"WebSite","@id":"https:\/\/www.alternatievemiddelen.nl\/#website","url":"https:\/\/www.alternatievemiddelen.nl\/","name":"Alternatievemiddelen.nl","description":"Webshop met gezonde, duurzame en ecologische alternatieve mogelijkheden in de hedendaagse levenstijl. Alles uit eigen ervaring.","publisher":{"@id":"https:\/\/www.alternatievemiddelen.nl\/#organization"},"potentialAction":[{"@type":"SearchAction","target":{"@type":"EntryPoint","urlTemplate":"https:\/\/www.alternatievemiddelen.nl\/?s={search_term_string}"},"query-input":{"@type":"PropertyValueSpecification","valueRequired":true,"valueName":"search_term_string"}}],"inLanguage":"fr-FR"},{"@type":"Organization","@id":"https:\/\/www.alternatievemiddelen.nl\/#organization","name":"Alternatievemiddelen.nl","url":"https:\/\/www.alternatievemiddelen.nl\/","logo":{"@type":"ImageObject","inLanguage":"fr-FR","@id":"https:\/\/www.alternatievemiddelen.nl\/#\/schema\/logo\/image\/","url":"https:\/\/www.alternatievemiddelen.nl\/wp-content\/uploads\/2023\/10\/alternatievemiddelen-PNG-logo.png","contentUrl":"https:\/\/www.alternatievemiddelen.nl\/wp-content\/uploads\/2023\/10\/alternatievemiddelen-PNG-logo.png","width":6400,"height":3062,"caption":"Alternatievemiddelen.nl"},"image":{"@id":"https:\/\/www.alternatievemiddelen.nl\/#\/schema\/logo\/image\/"}}]}},"_links":{"self":[{"href":"https:\/\/www.alternatievemiddelen.nl\/fr\/wp-json\/wp\/v2\/product\/48072","targetHints":{"allow":["GET"]}}],"collection":[{"href":"https:\/\/www.alternatievemiddelen.nl\/fr\/wp-json\/wp\/v2\/product"}],"about":[{"href":"https:\/\/www.alternatievemiddelen.nl\/fr\/wp-json\/wp\/v2\/types\/product"}],"replies":[{"embeddable":true,"href":"https:\/\/www.alternatievemiddelen.nl\/fr\/wp-json\/wp\/v2\/comments?post=48072"}],"wp:featuredmedia":[{"embeddable":true,"href":"https:\/\/www.alternatievemiddelen.nl\/fr\/wp-json\/wp\/v2\/media\/48079"}],"wp:attachment":[{"href":"https:\/\/www.alternatievemiddelen.nl\/fr\/wp-json\/wp\/v2\/media?parent=48072"}],"wp:term":[{"taxonomy":"product_brand","embeddable":true,"href":"https:\/\/www.alternatievemiddelen.nl\/fr\/wp-json\/wp\/v2\/product_brand?post=48072"},{"taxonomy":"product_cat","embeddable":true,"href":"https:\/\/www.alternatievemiddelen.nl\/fr\/wp-json\/wp\/v2\/product_cat?post=48072"},{"taxonomy":"product_tag","embeddable":true,"href":"https:\/\/www.alternatievemiddelen.nl\/fr\/wp-json\/wp\/v2\/product_tag?post=48072"},{"taxonomy":"merk","embeddable":true,"href":"https:\/\/www.alternatievemiddelen.nl\/fr\/wp-json\/wp\/v2\/merk?post=48072"}],"curies":[{"name":"wp","href":"https:\/\/api.w.org\/{rel}","templated":true}]}}