{"id":48244,"date":"2025-06-26T12:14:48","date_gmt":"2025-06-26T10:14:48","guid":{"rendered":"https:\/\/www.alternatievemiddelen.nl\/?post_type=product&#038;p=48244"},"modified":"2026-02-19T09:28:33","modified_gmt":"2026-02-19T08:28:33","slug":"kijkglaskraantje-rvs-voor-boroux-legacy-waterfilter-wit","status":"publish","type":"product","link":"https:\/\/www.alternatievemiddelen.nl\/fr\/produits\/robinet-de-regard-en-acier-inoxydable-pour-filtre-a-eau-boroux-legacy-blanc\/","title":{"rendered":"BOROUX vanne de visualisation en acier inoxydable pour filtre \u00e0 eau BOROUX Legacy\u2122 blanc"},"content":{"rendered":"<p>Le robinet de visualisation en acier inoxydable pour le filtre \u00e0 eau BOROUX Legacy\u2122 blanc ! Ce robinet \u00e0 verre de visualisation en acier inoxydable blanc offre une solution simple et \u00e9l\u00e9gante pour voir la quantit\u00e9 d'eau restante dans le r\u00e9cipient inf\u00e9rieur de votre filtre \u00e0 eau BOROUX blanc. Il est dot\u00e9 d'une petite boule, qui s'ins\u00e8re parfaitement dans le tube en verre. La petite boule flotte sur l'eau, ce qui vous permet de voir clairement le niveau d'eau \u00e0 distance.<\/p>\n<p>Le robinet de contr\u00f4le est en acier inoxydable pour <a href=\"https:\/\/www.alternatievemiddelen.nl\/fr\/produits\/boroux-legacy-water-filter-white\/\">Filtre \u00e0 eau BOROUX Legacy\u2122 blanc<\/a> est une am\u00e9lioration de premier ordre pour votre syst\u00e8me de filtration d'eau en acier inoxydable ! Enti\u00e8rement d\u00e9pourvu de plastique, il est fabriqu\u00e9 en acier inoxydable 304 de haute qualit\u00e9, avec des anneaux en silicone approuv\u00e9s (pour les aliments) et un rev\u00eatement blanc de haute qualit\u00e9. Cette variante de robinet de regard en acier inoxydable est disponible en deux tailles pour s'adapter \u00e0 tous les mod\u00e8les de filtres \u00e0 eau en acier inoxydable BOROUX. Ainsi, en plus de ce mod\u00e8le, vous pouvez \u00e9galement en obtenir un pour les mod\u00e8les suivants <a href=\"https:\/\/www.alternatievemiddelen.nl\/fr\/produits\/robinet-de-regard-en-acier-inoxydable-pour-filtre-a-eau-compact-boroux-legacy-blanc\/\">BOROUX Legacy\u2122 Compact blanc<\/a>. En outre, vous pouvez \u00e9galement choisir le <a href=\"https:\/\/www.alternatievemiddelen.nl\/fr\/produits\/robinet-de-regard-en-acier-inoxydable-pour-filtre-a-eau-boroux-legacy-et-royal-berkey\/\">ACIER INOXYDABLE<\/a>, <a href=\"https:\/\/www.alternatievemiddelen.nl\/fr\/produits\/robinet-de-regard-en-acier-inoxydable-pour-filtre-a-eau-boroux-legacy-noir\/\">version noire<\/a> ou <a href=\"https:\/\/www.alternatievemiddelen.nl\/fr\/produits\/robinet-de-regard-en-acier-inoxydable-pour-filtre-a-eau-boroux-legacy-vert-sauge\/\">version vert sauge<\/a>Le filtre \u00e0 eau BOROUX Legacy\u2122 permet \u00e9galement de r\u00e9duire les risques de contamination de l'eau par l'eau. <a href=\"https:\/\/www.alternatievemiddelen.nl\/fr\/produits\/filtre-a-eau-boroux-legacy\/\">en acier inoxydable<\/a>, <a href=\"https:\/\/www.alternatievemiddelen.nl\/fr\/produits\/filtre-a-eau-boroux-legacy-noir\/\">en noir<\/a> ou <a href=\"https:\/\/www.alternatievemiddelen.nl\/fr\/produits\/filtre-a-eau-boroux-legacy-vert-sauge\/\">en vert sauge<\/a> pour obtenir.<\/p>\n<p>Une fois install\u00e9, le robinet se trouve \u00e0 environ 7,5 centim\u00e8tres du filtre \u00e0 eau.<br \/>\n&nbsp;<\/p>\n<h4>Sp\u00e9cifications produit du robinet \u00e0 voyant en acier inoxydable pour filtre \u00e0 eau BOROUX Legacy\u2122 blanc.<\/h4>\n<ul>\n<li>Convient \u00e0 la <a href=\"https:\/\/www.alternatievemiddelen.nl\/fr\/produits\/boroux-legacy-water-filter-white\/\">Filtre \u00e0 eau BOROUX Legacy\u2122 blanc<\/a><\/li>\n<li>Hauteur totale : 31 cm<\/li>\n<li>Longueur du tube : environ 25 cm<\/li>\n<\/ul>\n<p>&nbsp;<\/p>\n<h4>Mat\u00e9riau du robinet \u00e0 voyant en acier inoxydable<\/h4>\n<ul>\n<li>Robinet, \u00e9crou, plaques de recouvrement et enveloppe : acier inoxydable 304<\/li>\n<li>Rev\u00eatement de haute qualit\u00e9 (ext\u00e9rieur uniquement)<\/li>\n<li>Hublot (tube) : Verre<\/li>\n<li>Anneaux d'\u00e9tanch\u00e9it\u00e9 : Silicone (alimentaire)<\/li>\n<li>M\u00e9canisme du robinet : c\u00e9ramique<\/li>\n<\/ul>\n<p>&nbsp;<\/p>\n<h4>Inclus dans la bo\u00eete :<\/h4>\n<ul>\n<li>Voyant de robinet en acier inoxydable pour <a href=\"https:\/\/www.alternatievemiddelen.nl\/fr\/produits\/boroux-legacy-water-filter-white\/\">Filtre \u00e0 eau BOROUX Legacy\u2122 blanc<\/a><\/li>\n<li>Ecrou en acier inoxydable<\/li>\n<li>2 plaques de recouvrement en acier inoxydable<\/li>\n<li>2x anneaux d'\u00e9tanch\u00e9it\u00e9 en silicone<\/li>\n<li>Boule bleue (flotteur)<\/li>\n<\/ul>","protected":false},"excerpt":{"rendered":"<p>V\u00e9rifiez le niveau d'eau dans le r\u00e9servoir inf\u00e9rieur de votre filtre \u00e0 eau BOROUX blanc \u00e0 l'aide du robinet de regard en acier inoxydable pour filtre \u00e0 eau BOROUX Legacy\u2122 blanc.<\/p>","protected":false},"featured_media":48238,"comment_status":"open","ping_status":"closed","template":"","meta":[],"product_brand":[],"product_cat":[2971,3013],"product_tag":[3230,3231,3706,3725,3228,3033,3034,3009,3718,2879,2880,2885,2979,3012,3229,2980,2997],"merk":[3702],"class_list":{"0":"post-48244","1":"product","2":"type-product","3":"status-publish","4":"has-post-thumbnail","6":"product_cat-waterfilters","7":"product_cat-waterfilter-accessoires","8":"product_tag-accessoire","9":"product_tag-accessoires","10":"product_tag-boroux","11":"product_tag-boroux-legacy","12":"product_tag-kijkglas","13":"product_tag-kijkglaskraantje","14":"product_tag-kijkglaskraantje-rvs","15":"product_tag-kraantje","16":"product_tag-legacy","17":"product_tag-roestvrij-staal","18":"product_tag-rvs","19":"product_tag-water","20":"product_tag-waterfilter","21":"product_tag-waterfilters","22":"product_tag-waterniveau","23":"product_tag-waterzuivering","24":"product_tag-wit","25":"merk-boroux","27":"first","28":"instock","29":"taxable","30":"shipping-taxable","31":"purchasable","32":"product-type-simple"},"bundled_by":[],"bundle_stock_status":"instock","bundle_stock_quantity":null,"bundle_virtual":false,"bundle_layout":"","bundle_add_to_cart_form_location":"","bundle_editable_in_cart":false,"bundle_sold_individually_context":"","bundle_item_grouping":"","bundle_min_size":"","bundle_max_size":"","bundle_price":[],"bundled_items":[],"bundle_sell_ids":[44176,48062],"yoast_head":"<!-- This site is optimized with the Yoast SEO plugin v26.1 - https:\/\/yoast.com\/wordpress\/plugins\/seo\/ -->\n<title>BOROUX kijkglaskraantje RVS voor BOROUX Legacy\u2122 waterfilter wit - Alternatievemiddelen.nl<\/title>\n<meta name=\"description\" content=\"Bekijk het waterniveau in de onderste bak van jouw witte BOROUX waterfilter met het kijkglaskraantje RVS voor BOROUX Legacy\u2122 waterfilter wit.\" \/>\n<meta name=\"robots\" content=\"index, follow, max-snippet:-1, max-image-preview:large, max-video-preview:-1\" \/>\n<link rel=\"canonical\" href=\"https:\/\/www.alternatievemiddelen.nl\/fr\/wp-json\/wp\/v2\/product\/48244\" \/>\n<meta property=\"og:locale\" content=\"fr_FR\" \/>\n<meta property=\"og:type\" content=\"article\" \/>\n<meta property=\"og:title\" content=\"BOROUX kijkglaskraantje RVS voor BOROUX Legacy\u2122 waterfilter wit - Alternatievemiddelen.nl\" \/>\n<meta property=\"og:description\" content=\"Bekijk het waterniveau in de onderste bak van jouw witte BOROUX waterfilter met het kijkglaskraantje RVS voor BOROUX Legacy\u2122 waterfilter wit.\" \/>\n<meta property=\"og:url\" content=\"https:\/\/www.alternatievemiddelen.nl\/fr\/produits\/robinet-de-regard-en-acier-inoxydable-pour-filtre-a-eau-boroux-legacy-blanc\/\" \/>\n<meta property=\"og:site_name\" content=\"Alternatievemiddelen.nl\" \/>\n<meta property=\"article:modified_time\" content=\"2026-02-19T08:28:33+00:00\" \/>\n<meta property=\"og:image\" content=\"\/wp-content\/uploads\/2025\/06\/Kijkglaskraantje-RVS-BOROUX-wit.jpg\" \/>\n\t<meta property=\"og:image:width\" content=\"1200\" \/>\n\t<meta property=\"og:image:height\" content=\"1600\" \/>\n\t<meta property=\"og:image:type\" content=\"image\/jpeg\" \/>\n<meta name=\"twitter:card\" content=\"summary_large_image\" \/>\n<meta name=\"twitter:label1\" content=\"Dur\u00e9e de lecture estim\u00e9e\" \/>\n\t<meta name=\"twitter:data1\" content=\"2 minutes\" \/>\n<script type=\"application\/ld+json\" class=\"yoast-schema-graph\">{\"@context\":\"https:\/\/schema.org\",\"@graph\":[{\"@type\":[\"WebPage\",\"ItemPage\"],\"@id\":\"https:\/\/www.alternatievemiddelen.nl\/producten\/kijkglaskraantje-rvs-voor-boroux-legacy-waterfilter-wit\/\",\"url\":\"https:\/\/www.alternatievemiddelen.nl\/producten\/kijkglaskraantje-rvs-voor-boroux-legacy-waterfilter-wit\/\",\"name\":\"BOROUX kijkglaskraantje RVS voor BOROUX Legacy\u2122 waterfilter wit - Alternatievemiddelen.nl\",\"isPartOf\":{\"@id\":\"https:\/\/www.alternatievemiddelen.nl\/#website\"},\"primaryImageOfPage\":{\"@id\":\"https:\/\/www.alternatievemiddelen.nl\/producten\/kijkglaskraantje-rvs-voor-boroux-legacy-waterfilter-wit\/#primaryimage\"},\"image\":{\"@id\":\"https:\/\/www.alternatievemiddelen.nl\/producten\/kijkglaskraantje-rvs-voor-boroux-legacy-waterfilter-wit\/#primaryimage\"},\"thumbnailUrl\":\"https:\/\/www.alternatievemiddelen.nl\/wp-content\/uploads\/2025\/06\/Kijkglaskraantje-RVS-BOROUX-wit.jpg\",\"datePublished\":\"2025-06-26T10:14:48+00:00\",\"dateModified\":\"2026-02-19T08:28:33+00:00\",\"description\":\"Bekijk het waterniveau in de onderste bak van jouw witte BOROUX waterfilter met het kijkglaskraantje RVS voor BOROUX Legacy\u2122 waterfilter wit.\",\"breadcrumb\":{\"@id\":\"https:\/\/www.alternatievemiddelen.nl\/producten\/kijkglaskraantje-rvs-voor-boroux-legacy-waterfilter-wit\/#breadcrumb\"},\"inLanguage\":\"fr-FR\",\"potentialAction\":[{\"@type\":\"ReadAction\",\"target\":[\"https:\/\/www.alternatievemiddelen.nl\/producten\/kijkglaskraantje-rvs-voor-boroux-legacy-waterfilter-wit\/\"]}]},{\"@type\":\"ImageObject\",\"inLanguage\":\"fr-FR\",\"@id\":\"https:\/\/www.alternatievemiddelen.nl\/producten\/kijkglaskraantje-rvs-voor-boroux-legacy-waterfilter-wit\/#primaryimage\",\"url\":\"https:\/\/www.alternatievemiddelen.nl\/wp-content\/uploads\/2025\/06\/Kijkglaskraantje-RVS-BOROUX-wit.jpg\",\"contentUrl\":\"https:\/\/www.alternatievemiddelen.nl\/wp-content\/uploads\/2025\/06\/Kijkglaskraantje-RVS-BOROUX-wit.jpg\",\"width\":1200,\"height\":1600,\"caption\":\"Kijkglaskraantje RVS BOROUX wit\"},{\"@type\":\"BreadcrumbList\",\"@id\":\"https:\/\/www.alternatievemiddelen.nl\/producten\/kijkglaskraantje-rvs-voor-boroux-legacy-waterfilter-wit\/#breadcrumb\",\"itemListElement\":[{\"@type\":\"ListItem\",\"position\":1,\"name\":\"Home\",\"item\":\"https:\/\/www.alternatievemiddelen.nl\/\"},{\"@type\":\"ListItem\",\"position\":2,\"name\":\"Producten\",\"item\":\"https:\/\/www.alternatievemiddelen.nl\/producten\/\"},{\"@type\":\"ListItem\",\"position\":3,\"name\":\"BOROUX kijkglaskraantje RVS voor BOROUX Legacy\u2122 waterfilter wit\"}]},{\"@type\":\"WebSite\",\"@id\":\"https:\/\/www.alternatievemiddelen.nl\/#website\",\"url\":\"https:\/\/www.alternatievemiddelen.nl\/\",\"name\":\"Alternatievemiddelen.nl\",\"description\":\"Webshop met gezonde, duurzame en ecologische alternatieve mogelijkheden in de hedendaagse levenstijl. Alles uit eigen ervaring.\",\"publisher\":{\"@id\":\"https:\/\/www.alternatievemiddelen.nl\/#organization\"},\"potentialAction\":[{\"@type\":\"SearchAction\",\"target\":{\"@type\":\"EntryPoint\",\"urlTemplate\":\"https:\/\/www.alternatievemiddelen.nl\/?s={search_term_string}\"},\"query-input\":{\"@type\":\"PropertyValueSpecification\",\"valueRequired\":true,\"valueName\":\"search_term_string\"}}],\"inLanguage\":\"fr-FR\"},{\"@type\":\"Organization\",\"@id\":\"https:\/\/www.alternatievemiddelen.nl\/#organization\",\"name\":\"Alternatievemiddelen.nl\",\"url\":\"https:\/\/www.alternatievemiddelen.nl\/\",\"logo\":{\"@type\":\"ImageObject\",\"inLanguage\":\"fr-FR\",\"@id\":\"https:\/\/www.alternatievemiddelen.nl\/#\/schema\/logo\/image\/\",\"url\":\"https:\/\/www.alternatievemiddelen.nl\/wp-content\/uploads\/2023\/10\/alternatievemiddelen-PNG-logo.png\",\"contentUrl\":\"https:\/\/www.alternatievemiddelen.nl\/wp-content\/uploads\/2023\/10\/alternatievemiddelen-PNG-logo.png\",\"width\":6400,\"height\":3062,\"caption\":\"Alternatievemiddelen.nl\"},\"image\":{\"@id\":\"https:\/\/www.alternatievemiddelen.nl\/#\/schema\/logo\/image\/\"}}]}<\/script>\n<!-- \/ Yoast SEO plugin. -->","yoast_head_json":{"title":"BOROUX kijkglaskraantje RVS voor BOROUX Legacy\u2122 waterfilter wit - Alternatievemiddelen.nl","description":"Bekijk het waterniveau in de onderste bak van jouw witte BOROUX waterfilter met het kijkglaskraantje RVS voor BOROUX Legacy\u2122 waterfilter wit.","robots":{"index":"index","follow":"follow","max-snippet":"max-snippet:-1","max-image-preview":"max-image-preview:large","max-video-preview":"max-video-preview:-1"},"canonical":"https:\/\/www.alternatievemiddelen.nl\/fr\/wp-json\/wp\/v2\/product\/48244","og_locale":"fr_FR","og_type":"article","og_title":"BOROUX kijkglaskraantje RVS voor BOROUX Legacy\u2122 waterfilter wit - Alternatievemiddelen.nl","og_description":"Bekijk het waterniveau in de onderste bak van jouw witte BOROUX waterfilter met het kijkglaskraantje RVS voor BOROUX Legacy\u2122 waterfilter wit.","og_url":"https:\/\/www.alternatievemiddelen.nl\/fr\/produits\/robinet-de-regard-en-acier-inoxydable-pour-filtre-a-eau-boroux-legacy-blanc\/","og_site_name":"Alternatievemiddelen.nl","article_modified_time":"2026-02-19T08:28:33+00:00","og_image":[{"width":1200,"height":1600,"url":"\/wp-content\/uploads\/2025\/06\/Kijkglaskraantje-RVS-BOROUX-wit.jpg","type":"image\/jpeg"}],"twitter_card":"summary_large_image","twitter_misc":{"Dur\u00e9e de lecture estim\u00e9e":"2 minutes"},"schema":{"@context":"https:\/\/schema.org","@graph":[{"@type":["WebPage","ItemPage"],"@id":"https:\/\/www.alternatievemiddelen.nl\/producten\/kijkglaskraantje-rvs-voor-boroux-legacy-waterfilter-wit\/","url":"https:\/\/www.alternatievemiddelen.nl\/producten\/kijkglaskraantje-rvs-voor-boroux-legacy-waterfilter-wit\/","name":"BOROUX kijkglaskraantje RVS voor BOROUX Legacy\u2122 waterfilter wit - Alternatievemiddelen.nl","isPartOf":{"@id":"https:\/\/www.alternatievemiddelen.nl\/#website"},"primaryImageOfPage":{"@id":"https:\/\/www.alternatievemiddelen.nl\/producten\/kijkglaskraantje-rvs-voor-boroux-legacy-waterfilter-wit\/#primaryimage"},"image":{"@id":"https:\/\/www.alternatievemiddelen.nl\/producten\/kijkglaskraantje-rvs-voor-boroux-legacy-waterfilter-wit\/#primaryimage"},"thumbnailUrl":"https:\/\/www.alternatievemiddelen.nl\/wp-content\/uploads\/2025\/06\/Kijkglaskraantje-RVS-BOROUX-wit.jpg","datePublished":"2025-06-26T10:14:48+00:00","dateModified":"2026-02-19T08:28:33+00:00","description":"Bekijk het waterniveau in de onderste bak van jouw witte BOROUX waterfilter met het kijkglaskraantje RVS voor BOROUX Legacy\u2122 waterfilter wit.","breadcrumb":{"@id":"https:\/\/www.alternatievemiddelen.nl\/producten\/kijkglaskraantje-rvs-voor-boroux-legacy-waterfilter-wit\/#breadcrumb"},"inLanguage":"fr-FR","potentialAction":[{"@type":"ReadAction","target":["https:\/\/www.alternatievemiddelen.nl\/producten\/kijkglaskraantje-rvs-voor-boroux-legacy-waterfilter-wit\/"]}]},{"@type":"ImageObject","inLanguage":"fr-FR","@id":"https:\/\/www.alternatievemiddelen.nl\/producten\/kijkglaskraantje-rvs-voor-boroux-legacy-waterfilter-wit\/#primaryimage","url":"https:\/\/www.alternatievemiddelen.nl\/wp-content\/uploads\/2025\/06\/Kijkglaskraantje-RVS-BOROUX-wit.jpg","contentUrl":"https:\/\/www.alternatievemiddelen.nl\/wp-content\/uploads\/2025\/06\/Kijkglaskraantje-RVS-BOROUX-wit.jpg","width":1200,"height":1600,"caption":"Kijkglaskraantje RVS BOROUX wit"},{"@type":"BreadcrumbList","@id":"https:\/\/www.alternatievemiddelen.nl\/producten\/kijkglaskraantje-rvs-voor-boroux-legacy-waterfilter-wit\/#breadcrumb","itemListElement":[{"@type":"ListItem","position":1,"name":"Home","item":"https:\/\/www.alternatievemiddelen.nl\/"},{"@type":"ListItem","position":2,"name":"Producten","item":"https:\/\/www.alternatievemiddelen.nl\/producten\/"},{"@type":"ListItem","position":3,"name":"BOROUX kijkglaskraantje RVS voor BOROUX Legacy\u2122 waterfilter wit"}]},{"@type":"WebSite","@id":"https:\/\/www.alternatievemiddelen.nl\/#website","url":"https:\/\/www.alternatievemiddelen.nl\/","name":"Alternatievemiddelen.nl","description":"Webshop met gezonde, duurzame en ecologische alternatieve mogelijkheden in de hedendaagse levenstijl. Alles uit eigen ervaring.","publisher":{"@id":"https:\/\/www.alternatievemiddelen.nl\/#organization"},"potentialAction":[{"@type":"SearchAction","target":{"@type":"EntryPoint","urlTemplate":"https:\/\/www.alternatievemiddelen.nl\/?s={search_term_string}"},"query-input":{"@type":"PropertyValueSpecification","valueRequired":true,"valueName":"search_term_string"}}],"inLanguage":"fr-FR"},{"@type":"Organization","@id":"https:\/\/www.alternatievemiddelen.nl\/#organization","name":"Alternatievemiddelen.nl","url":"https:\/\/www.alternatievemiddelen.nl\/","logo":{"@type":"ImageObject","inLanguage":"fr-FR","@id":"https:\/\/www.alternatievemiddelen.nl\/#\/schema\/logo\/image\/","url":"https:\/\/www.alternatievemiddelen.nl\/wp-content\/uploads\/2023\/10\/alternatievemiddelen-PNG-logo.png","contentUrl":"https:\/\/www.alternatievemiddelen.nl\/wp-content\/uploads\/2023\/10\/alternatievemiddelen-PNG-logo.png","width":6400,"height":3062,"caption":"Alternatievemiddelen.nl"},"image":{"@id":"https:\/\/www.alternatievemiddelen.nl\/#\/schema\/logo\/image\/"}}]}},"_links":{"self":[{"href":"https:\/\/www.alternatievemiddelen.nl\/fr\/wp-json\/wp\/v2\/product\/48244","targetHints":{"allow":["GET"]}}],"collection":[{"href":"https:\/\/www.alternatievemiddelen.nl\/fr\/wp-json\/wp\/v2\/product"}],"about":[{"href":"https:\/\/www.alternatievemiddelen.nl\/fr\/wp-json\/wp\/v2\/types\/product"}],"replies":[{"embeddable":true,"href":"https:\/\/www.alternatievemiddelen.nl\/fr\/wp-json\/wp\/v2\/comments?post=48244"}],"wp:featuredmedia":[{"embeddable":true,"href":"https:\/\/www.alternatievemiddelen.nl\/fr\/wp-json\/wp\/v2\/media\/48238"}],"wp:attachment":[{"href":"https:\/\/www.alternatievemiddelen.nl\/fr\/wp-json\/wp\/v2\/media?parent=48244"}],"wp:term":[{"taxonomy":"product_brand","embeddable":true,"href":"https:\/\/www.alternatievemiddelen.nl\/fr\/wp-json\/wp\/v2\/product_brand?post=48244"},{"taxonomy":"product_cat","embeddable":true,"href":"https:\/\/www.alternatievemiddelen.nl\/fr\/wp-json\/wp\/v2\/product_cat?post=48244"},{"taxonomy":"product_tag","embeddable":true,"href":"https:\/\/www.alternatievemiddelen.nl\/fr\/wp-json\/wp\/v2\/product_tag?post=48244"},{"taxonomy":"merk","embeddable":true,"href":"https:\/\/www.alternatievemiddelen.nl\/fr\/wp-json\/wp\/v2\/merk?post=48244"}],"curies":[{"name":"wp","href":"https:\/\/api.w.org\/{rel}","templated":true}]}}