{"id":48400,"date":"2025-08-09T08:32:53","date_gmt":"2025-08-09T06:32:53","guid":{"rendered":"https:\/\/www.alternatievemiddelen.nl\/?post_type=product&#038;p=48400"},"modified":"2025-12-15T10:24:29","modified_gmt":"2025-12-15T09:24:29","slug":"simply-more-gezichtsreinigingsemulsie","status":"publish","type":"product","link":"https:\/\/www.alternatievemiddelen.nl\/fr\/produits\/emulsion-nettoyante-pour-le-visage-simply-more\/","title":{"rendered":"SIMPLY MORE Emulsion nettoyante pour le visage 150ml"},"content":{"rendered":"<p>SIMPLY MORE Emulsion nettoyante pour le visage - 100% natural <b>\u00e9mulsion nettoyante pour le visage<\/b> compos\u00e9 de <b>10 ingr\u00e9dients<\/b>. <b>Nettoyage<\/b> et <b>d\u00e9maquillage<\/b> en un seul cosm\u00e9tique. Notre d\u00e9licate \u00e9mulsion nettoyante :<\/p>\n<ul>\n<li>est <b>ultra-doux<\/b> et <b>inodore<\/b>,<\/li>\n<li>a une <b>cr\u00e9meux<\/b> et <b>laiteux<\/b> coh\u00e9rence,<\/li>\n<li>Nettoie en profondeur sans perturber la barri\u00e8re hydro-lipidique,<\/li>\n<li><b>hydrate<\/b> pendant le lavage - quitte la peau <b>velout\u00e9<\/b> et <b>adoucir<\/b>,<\/li>\n<li><b>ne pas d\u00e9nuder<\/b> la peau,<\/li>\n<li>est parfait pour <b>peau sensible<\/b> et les personnes sujettes aux allergies,<\/li>\n<li>ne perturbe pas l'environnement naturel <b>pH<\/b> de la peau.<\/li>\n<\/ul>\n<p><img decoding=\"async\" src=\"\/wp-content\/uploads\/2025\/07\/SIMPLY-MORE-keurmerken-300x78.jpg\" alt=\"\u00c9tiquettes SIMPLY MORE\" width=\"300\" height=\"78\" class=\"size-medium wp-image-48623\" srcset=\"https:\/\/www.alternatievemiddelen.nl\/wp-content\/uploads\/2025\/07\/SIMPLY-MORE-keurmerken-300x78.jpg 300w, https:\/\/www.alternatievemiddelen.nl\/wp-content\/uploads\/2025\/07\/SIMPLY-MORE-keurmerken-18x5.jpg 18w, https:\/\/www.alternatievemiddelen.nl\/wp-content\/uploads\/2025\/07\/SIMPLY-MORE-keurmerken.jpg 441w\" sizes=\"(max-width: 300px) 100vw, 300px\" \/><br \/>\n&nbsp;<\/p>\n<h3>QUE FAIT L'\u00c9MULSION NETTOYANTE POUR LE VISAGE SIMPLY MORE ?<\/h3>\n<p>1. Nettoyage en douceur<br \/>\n2. D\u00e9maquille<br \/>\n3. Hydrate et apaise pendant le lavage<\/p>\n<p>Sa composition minimaliste, l'utilisation d'un ingr\u00e9dient nettoyant doux et naturel et d'\u00e9mollients qui prot\u00e8gent la barri\u00e8re cutan\u00e9e naturelle font de cette \u00e9mulsion l'un des produits nettoyants pour le visage les plus d\u00e9licats. Cette \u00e9mulsion nettoyante pour le visage SIMPLY MORE ne contient aucun parfum.<br \/>\n&nbsp;<\/p>\n<h3>QU'EST-CE QUI REND CE PRODUIT UNIQUE ?<\/h3>\n<ul>\n<li>Seulement <b>10 ingr\u00e9dients certifi\u00e9s<\/b><\/li>\n<li><b>100% origine naturelle<\/b> (pas 98%, pas 99% - vraiment 100% !)<\/li>\n<li><b>Sans parfum<\/b><\/li>\n<li>D\u00e9maquillage et nettoyage en <b>un produit<\/b><\/li>\n<li><b>Ne perturbe pas l'\u00e9quilibre du pH de la peau<\/b> (le toner n'est pas n\u00e9cessaire)<\/li>\n<li><b>Pas de sensation d'oppression<\/b> lors de l'utilisation<\/li>\n<li><b>Nettoie la peau en douceur<\/b> et en profondeur sans perturber la barri\u00e8re hydro-lipidique<\/li>\n<li><b>Ne contient pas d'agents moussants<\/b> qui peuvent irriter la peau<\/li>\n<li><b>Hydrate et restaure<\/b> d\u00e9j\u00e0 lors du nettoyage<\/li>\n<\/ul>\n<p>&nbsp;<\/p>\n<h3>POUR QUI ?<\/h3>\n<ul>\n<li>Peaux s\u00e8ches, mixtes, grasses et sensibles<\/li>\n<li>Peau sujette aux allergies<\/li>\n<li>Peau atteinte d'ecz\u00e9ma atopique<\/li>\n<li>Peau \u00e0 tendance acn\u00e9ique<\/li>\n<li>Peau dont la barri\u00e8re hydro-lipidique est endommag\u00e9e<\/li>\n<\/ul>\n<p>&nbsp;<br \/>\nLe produit est <b>test\u00e9 dermatologiquement<\/b> sur un groupe de personnes \u00e0 la peau sensible et sujette \u00e0 des allergies. <b>r\u00e9actions allergiques et irritations<\/b>.<\/p>\n<p>Produit inodore.<br \/>\n&nbsp;<\/p>\n<h3>INGR\u00c9DIENTS ET EXPLICATIONS<\/h3>\n<p><b>INCI<\/b>: Aqua, Caprylyl Capryl Glucoside, Pentylene Glycol, Macadamia Integrifolia Seed Oil, Cetearyl Olivate, Sorbitan Olivate, Canola Oil, Vaccinium Myrtillus Seed Oil, Acacia Senegal Gum, Xanthan Gum.<\/p>\n<p><b>EAU<\/b> - Apr\u00e8s tout, 60% nous sommes constitu\u00e9s d'eau.<br \/>\nFonction : hydratation et solvant pour d'autres ingr\u00e9dients.<br \/>\n<b>CAPRYLYL GLUCOSIDE CAPRYLIQUE<\/b> - D\u00e9tergent non ionique d'origine v\u00e9g\u00e9tale. Il a un effet exceptionnellement doux et est un d\u00e9riv\u00e9 du sucre. Ne contient pas de sulfates.<br \/>\nFonction : nettoyer en douceur sans dess\u00e9cher la peau.<br \/>\n<b>PENTYL\u00c8NE GLYCOL<\/b> - Un humectant naturel, ou hydratant. Obtenu \u00e0 partir de la canne \u00e0 sucre. Permet d'obtenir une peau douce comme du velours.<br \/>\nFonction : hydratation et adoucissement de la peau.<br \/>\n<b>HUILE DE GRAINE DE MACADAMIA INTEGRIFOLIA<\/b> - L'huile de noix de macadamia contient une grande quantit\u00e9 d'acides gras monoinsatur\u00e9s, dont l'acide palmitique. Elle hydrate, redonne de la douceur \u00e0 la peau et acc\u00e9l\u00e8re la r\u00e9g\u00e9n\u00e9ration. Elle poss\u00e8de des propri\u00e9t\u00e9s antimicrobiennes et anti-inflammatoires, acc\u00e9l\u00e8re la cicatrisation des plaies et stimule la production de collag\u00e8ne.<br \/>\nFonction : hydratation, r\u00e9g\u00e9n\u00e9ration et protection contre l'inflammation.<br \/>\n<b>OLIVATE DE C\u00c9T\u00c9ARYLE<\/b> - \u00c9mulsifiant non ionique, substance qui forme une \u00e9mulsion. D\u00e9riv\u00e9 de l'huile d'olive. A un fort effet d'hydratation et de conditionnement de la peau. Agit comme un \"pansement occlusif\" qui prot\u00e8ge la peau de la perte d'humidit\u00e9. Adoucit et lisse la peau. Emp\u00eache le d\u00e9graissage excessif de la peau.<br \/>\nFonction : hydratation, protection de la peau et adoucissement.<br \/>\n<b>OLIVATE DE SORBITANE<\/b> - \u00c9mulsifiant non ionique, naturellement d\u00e9riv\u00e9 de l'huile d'olive. La structure de cet ingr\u00e9dient est similaire \u00e0 celle de la couche corn\u00e9e de la peau. Outre la formation d'une \u00e9mulsion, il a un fort effet hydratant et adoucissant. Il cr\u00e9e des cristaux liquides dont la structure est similaire au ciment intercellulaire naturel de la peau, ce qui am\u00e9liore l'\u00e9lasticit\u00e9 et l'hydratation.<br \/>\nFonction : hydratation, adoucissement de la peau et protection de la barri\u00e8re cutan\u00e9e.<br \/>\n<b>HUILE DE CANOLA<\/b> - Huile de colza bioactive provenant de cultures non OGM en Su\u00e8de. Naturellement riche en antioxydants tels que les tocoph\u00e9rols et les phytost\u00e9rols, qui prot\u00e8gent et renforcent la barri\u00e8re cutan\u00e9e. Il est cliniquement prouv\u00e9 qu'elle restaure la barri\u00e8re cutan\u00e9e, en particulier apr\u00e8s une exposition \u00e0 des nettoyants.<br \/>\nFonction : hydratation, protection et apaisement de la peau.<br \/>\n<b>HUILE DE GRAINES DE VACCINIUM MYRTILLUS<\/b> - Huile de myrtille recycl\u00e9e, un puissant antioxydant, riche en acides gras om\u00e9ga-3, 6 et 9. Contient du b\u00eata-carot\u00e8ne (provitamine A), une source naturelle de r\u00e9tinol. Soutient la barri\u00e8re cutan\u00e9e et assure une peau hydrat\u00e9e et nourrie.<br \/>\nFonction : action antioxydante, soin de la peau et protection de la barri\u00e8re cutan\u00e9e.<br \/>\n<b>GOMME D'ACACIA SENEGAL<\/b> - La gomme arabique, un \u00e9paississant enti\u00e8rement naturel et innovant issu de la combinaison de deux types de gomme. Procure un effet hydratant puissant sur la peau. Cr\u00e9e une \u00e9mulsion lisse et non collante.<br \/>\nFonction : hydratation et am\u00e9lioration de la texture.<br \/>\n<b>XANTHAN GUM<\/b> - \u00c9paississant d'origine naturelle. Avec la gomme d'acacia, il forme un ingr\u00e9dient qui r\u00e9gule la viscosit\u00e9 de l'\u00e9mulsion. Cr\u00e9e une couche protectrice sur la peau et pr\u00e9vient la perte d'humidit\u00e9 trans\u00e9pidermique.<br \/>\nFonction : hydratation, \u00e9paississement et protection contre la d\u00e9shydratation.<br \/>\n&nbsp;<\/p>\n<h3>COMMENT UTILISER L'\u00c9MULSION NETTOYANTE POUR LE VISAGE SIMPLY MORE ?<\/h3>\n<p><b>Matin<\/b><br \/>\nAppliquer une petite quantit\u00e9 d'\u00e9mulsion sur le visage mouill\u00e9 et masser doucement. Rincer abondamment \u00e0 l'eau.<\/p>\n<p><b>Soir\u00e9e<\/b><br \/>\n<b>\u00c9tape 1<\/b>: Appliquer l'\u00e9mulsion sur la peau s\u00e8che, masser et rincer \u00e0 l'eau pour d\u00e9maquiller.<br \/>\n<b>\u00c9tape 2<\/b>: Appliquer sur le visage mouill\u00e9, masser d\u00e9licatement et rincer.<\/p>\n<p>Vous ne vous maquillez pas ? Sautez l'\u00e9tape 1 et passez directement \u00e0 l'\u00e9tape 2.<\/p>\n<p>L'\u00e9mulsion nettoyante pour le visage SIMPLY MORE a un pH proche de celui de la peau - aucune tonification n'est n\u00e9cessaire.<br \/>\n&nbsp;<\/p>\n<h3>EMBALLAGE<\/h3>\n<p>Contenu : 150ml<\/p>\n<p>Une bouteille \u00e9cologique avec un bouchon est la solution parfaite pour les d\u00e9placements. Elle est l\u00e9g\u00e8re et compacte. La fermeture emp\u00eache le flacon de s'ouvrir accidentellement dans votre trousse de toilette.<\/p>\n<ul>\n<li>Ils ont fabriqu\u00e9 la bouteille \u00e0 partir d'un mat\u00e9riau PEHD VERT issu de la canne \u00e0 sucre.<\/li>\n<li>La bouteille a \u00e9t\u00e9 produite en Pologne - elle n'a pas \u00e9t\u00e9 exp\u00e9di\u00e9e d'Asie.<\/li>\n<li>L'\u00e9tiquette a \u00e9t\u00e9 imprim\u00e9e sur un mat\u00e9riau recyclable.<\/li>\n<\/ul>","protected":false},"excerpt":{"rendered":"<p>L'\u00e9mulsion nettoyante pour le visage SIMPLY MORE est 100% naturelle et compos\u00e9e de 10 ingr\u00e9dients. Nettoyage et d\u00e9maquillage en un seul produit cosm\u00e9tique.<\/p>\n<p>Profitez des remises sur les quantit\u00e9s ou d\u00e9finissez <a href=\"https:\/\/www.alternatievemiddelen.nl\/fr\/produits\/coffret-de-soins-simply-more\/\">ici<\/a> composez votre propre assortiment de produits SIMPLY MORE et b\u00e9n\u00e9ficiez \u00e9galement de r\u00e9ductions.<\/p>","protected":false},"featured_media":48407,"comment_status":"open","ping_status":"closed","template":"","meta":[],"product_brand":[],"product_cat":[2945,3730],"product_tag":[3736,3734,3735,3737,3732,3733],"merk":[3729],"class_list":{"0":"post-48400","1":"product","2":"type-product","3":"status-publish","4":"has-post-thumbnail","6":"product_cat-natuurlijke-verzorging","7":"product_cat-simply-more-huidverzorging","8":"product_tag-100-natuurlijk","9":"product_tag-gezichtsreinigingsemulsie","10":"product_tag-huidverzorging","11":"product_tag-natuurlijke-ingredienten","12":"product_tag-simply-more","13":"product_tag-simply-more-gezichtsreinigingsemulsie","14":"merk-simply-more","16":"first","17":"instock","18":"taxable","19":"shipping-taxable","20":"purchasable","21":"product-type-simple"},"bundled_by":["48629"],"bundle_stock_status":"instock","bundle_stock_quantity":null,"bundle_virtual":false,"bundle_layout":"","bundle_add_to_cart_form_location":"","bundle_editable_in_cart":false,"bundle_sold_individually_context":"","bundle_item_grouping":"","bundle_min_size":"","bundle_max_size":"","bundle_price":[],"bundled_items":[],"bundle_sell_ids":[44176,48413,48426,48421,48434],"yoast_head":"<!-- This site is optimized with the Yoast SEO plugin v26.1 - https:\/\/yoast.com\/wordpress\/plugins\/seo\/ -->\n<title>SIMPLY MORE Gezichtsreinigingsemulsie 150ml - Alternatievemiddelen.nl<\/title>\n<meta name=\"description\" content=\"SIMPLY MORE Gezichtsreinigingsemulsie is 100% natuurlijk en gemaakt van 10 ingredi\u00ebnten. Reinigen en make-up verwijdering in \u00e9\u00e9n cosmetica.\" \/>\n<meta name=\"robots\" content=\"index, follow, max-snippet:-1, max-image-preview:large, max-video-preview:-1\" \/>\n<link rel=\"canonical\" href=\"https:\/\/www.alternatievemiddelen.nl\/fr\/wp-json\/wp\/v2\/product\/48400\" \/>\n<meta property=\"og:locale\" content=\"fr_FR\" \/>\n<meta property=\"og:type\" content=\"article\" \/>\n<meta property=\"og:title\" content=\"SIMPLY MORE Gezichtsreinigingsemulsie 150ml - Alternatievemiddelen.nl\" \/>\n<meta property=\"og:description\" content=\"SIMPLY MORE Gezichtsreinigingsemulsie is 100% natuurlijk en gemaakt van 10 ingredi\u00ebnten. Reinigen en make-up verwijdering in \u00e9\u00e9n cosmetica.\" \/>\n<meta property=\"og:url\" content=\"https:\/\/www.alternatievemiddelen.nl\/fr\/produits\/emulsion-nettoyante-pour-le-visage-simply-more\/\" \/>\n<meta property=\"og:site_name\" content=\"Alternatievemiddelen.nl\" \/>\n<meta property=\"article:modified_time\" content=\"2025-12-15T09:24:29+00:00\" \/>\n<meta property=\"og:image\" content=\"\/wp-content\/uploads\/2025\/07\/SIMPLY-MORE-Gezichtsreinigingsemulsie.jpg\" \/>\n\t<meta property=\"og:image:width\" content=\"600\" \/>\n\t<meta property=\"og:image:height\" content=\"800\" \/>\n\t<meta property=\"og:image:type\" content=\"image\/jpeg\" \/>\n<meta name=\"twitter:card\" content=\"summary_large_image\" \/>\n<meta name=\"twitter:label1\" content=\"Dur\u00e9e de lecture estim\u00e9e\" \/>\n\t<meta name=\"twitter:data1\" content=\"5 minutes\" \/>\n<script type=\"application\/ld+json\" class=\"yoast-schema-graph\">{\"@context\":\"https:\/\/schema.org\",\"@graph\":[{\"@type\":[\"WebPage\",\"ItemPage\"],\"@id\":\"https:\/\/www.alternatievemiddelen.nl\/producten\/simply-more-gezichtsreinigingsemulsie\/\",\"url\":\"https:\/\/www.alternatievemiddelen.nl\/producten\/simply-more-gezichtsreinigingsemulsie\/\",\"name\":\"SIMPLY MORE Gezichtsreinigingsemulsie 150ml - Alternatievemiddelen.nl\",\"isPartOf\":{\"@id\":\"https:\/\/www.alternatievemiddelen.nl\/#website\"},\"primaryImageOfPage\":{\"@id\":\"https:\/\/www.alternatievemiddelen.nl\/producten\/simply-more-gezichtsreinigingsemulsie\/#primaryimage\"},\"image\":{\"@id\":\"https:\/\/www.alternatievemiddelen.nl\/producten\/simply-more-gezichtsreinigingsemulsie\/#primaryimage\"},\"thumbnailUrl\":\"https:\/\/www.alternatievemiddelen.nl\/wp-content\/uploads\/2025\/07\/SIMPLY-MORE-Gezichtsreinigingsemulsie.jpg\",\"datePublished\":\"2025-08-09T06:32:53+00:00\",\"dateModified\":\"2025-12-15T09:24:29+00:00\",\"description\":\"SIMPLY MORE Gezichtsreinigingsemulsie is 100% natuurlijk en gemaakt van 10 ingredi\u00ebnten. Reinigen en make-up verwijdering in \u00e9\u00e9n cosmetica.\",\"breadcrumb\":{\"@id\":\"https:\/\/www.alternatievemiddelen.nl\/producten\/simply-more-gezichtsreinigingsemulsie\/#breadcrumb\"},\"inLanguage\":\"fr-FR\",\"potentialAction\":[{\"@type\":\"ReadAction\",\"target\":[\"https:\/\/www.alternatievemiddelen.nl\/producten\/simply-more-gezichtsreinigingsemulsie\/\"]}]},{\"@type\":\"ImageObject\",\"inLanguage\":\"fr-FR\",\"@id\":\"https:\/\/www.alternatievemiddelen.nl\/producten\/simply-more-gezichtsreinigingsemulsie\/#primaryimage\",\"url\":\"https:\/\/www.alternatievemiddelen.nl\/wp-content\/uploads\/2025\/07\/SIMPLY-MORE-Gezichtsreinigingsemulsie.jpg\",\"contentUrl\":\"https:\/\/www.alternatievemiddelen.nl\/wp-content\/uploads\/2025\/07\/SIMPLY-MORE-Gezichtsreinigingsemulsie.jpg\",\"width\":600,\"height\":800,\"caption\":\"SIMPLY MORE Gezichtsreinigingsemulsie\"},{\"@type\":\"BreadcrumbList\",\"@id\":\"https:\/\/www.alternatievemiddelen.nl\/producten\/simply-more-gezichtsreinigingsemulsie\/#breadcrumb\",\"itemListElement\":[{\"@type\":\"ListItem\",\"position\":1,\"name\":\"Home\",\"item\":\"https:\/\/www.alternatievemiddelen.nl\/\"},{\"@type\":\"ListItem\",\"position\":2,\"name\":\"Producten\",\"item\":\"https:\/\/www.alternatievemiddelen.nl\/producten\/\"},{\"@type\":\"ListItem\",\"position\":3,\"name\":\"SIMPLY MORE Gezichtsreinigingsemulsie 150ml\"}]},{\"@type\":\"WebSite\",\"@id\":\"https:\/\/www.alternatievemiddelen.nl\/#website\",\"url\":\"https:\/\/www.alternatievemiddelen.nl\/\",\"name\":\"Alternatievemiddelen.nl\",\"description\":\"Webshop met gezonde, duurzame en ecologische alternatieve mogelijkheden in de hedendaagse levenstijl. Alles uit eigen ervaring.\",\"publisher\":{\"@id\":\"https:\/\/www.alternatievemiddelen.nl\/#organization\"},\"potentialAction\":[{\"@type\":\"SearchAction\",\"target\":{\"@type\":\"EntryPoint\",\"urlTemplate\":\"https:\/\/www.alternatievemiddelen.nl\/?s={search_term_string}\"},\"query-input\":{\"@type\":\"PropertyValueSpecification\",\"valueRequired\":true,\"valueName\":\"search_term_string\"}}],\"inLanguage\":\"fr-FR\"},{\"@type\":\"Organization\",\"@id\":\"https:\/\/www.alternatievemiddelen.nl\/#organization\",\"name\":\"Alternatievemiddelen.nl\",\"url\":\"https:\/\/www.alternatievemiddelen.nl\/\",\"logo\":{\"@type\":\"ImageObject\",\"inLanguage\":\"fr-FR\",\"@id\":\"https:\/\/www.alternatievemiddelen.nl\/#\/schema\/logo\/image\/\",\"url\":\"https:\/\/www.alternatievemiddelen.nl\/wp-content\/uploads\/2023\/10\/alternatievemiddelen-PNG-logo.png\",\"contentUrl\":\"https:\/\/www.alternatievemiddelen.nl\/wp-content\/uploads\/2023\/10\/alternatievemiddelen-PNG-logo.png\",\"width\":6400,\"height\":3062,\"caption\":\"Alternatievemiddelen.nl\"},\"image\":{\"@id\":\"https:\/\/www.alternatievemiddelen.nl\/#\/schema\/logo\/image\/\"}}]}<\/script>\n<!-- \/ Yoast SEO plugin. -->","yoast_head_json":{"title":"SIMPLY MORE Gezichtsreinigingsemulsie 150ml - Alternatievemiddelen.nl","description":"SIMPLY MORE Gezichtsreinigingsemulsie is 100% natuurlijk en gemaakt van 10 ingredi\u00ebnten. Reinigen en make-up verwijdering in \u00e9\u00e9n cosmetica.","robots":{"index":"index","follow":"follow","max-snippet":"max-snippet:-1","max-image-preview":"max-image-preview:large","max-video-preview":"max-video-preview:-1"},"canonical":"https:\/\/www.alternatievemiddelen.nl\/fr\/wp-json\/wp\/v2\/product\/48400","og_locale":"fr_FR","og_type":"article","og_title":"SIMPLY MORE Gezichtsreinigingsemulsie 150ml - Alternatievemiddelen.nl","og_description":"SIMPLY MORE Gezichtsreinigingsemulsie is 100% natuurlijk en gemaakt van 10 ingredi\u00ebnten. Reinigen en make-up verwijdering in \u00e9\u00e9n cosmetica.","og_url":"https:\/\/www.alternatievemiddelen.nl\/fr\/produits\/emulsion-nettoyante-pour-le-visage-simply-more\/","og_site_name":"Alternatievemiddelen.nl","article_modified_time":"2025-12-15T09:24:29+00:00","og_image":[{"width":600,"height":800,"url":"\/wp-content\/uploads\/2025\/07\/SIMPLY-MORE-Gezichtsreinigingsemulsie.jpg","type":"image\/jpeg"}],"twitter_card":"summary_large_image","twitter_misc":{"Dur\u00e9e de lecture estim\u00e9e":"5 minutes"},"schema":{"@context":"https:\/\/schema.org","@graph":[{"@type":["WebPage","ItemPage"],"@id":"https:\/\/www.alternatievemiddelen.nl\/producten\/simply-more-gezichtsreinigingsemulsie\/","url":"https:\/\/www.alternatievemiddelen.nl\/producten\/simply-more-gezichtsreinigingsemulsie\/","name":"SIMPLY MORE Gezichtsreinigingsemulsie 150ml - Alternatievemiddelen.nl","isPartOf":{"@id":"https:\/\/www.alternatievemiddelen.nl\/#website"},"primaryImageOfPage":{"@id":"https:\/\/www.alternatievemiddelen.nl\/producten\/simply-more-gezichtsreinigingsemulsie\/#primaryimage"},"image":{"@id":"https:\/\/www.alternatievemiddelen.nl\/producten\/simply-more-gezichtsreinigingsemulsie\/#primaryimage"},"thumbnailUrl":"https:\/\/www.alternatievemiddelen.nl\/wp-content\/uploads\/2025\/07\/SIMPLY-MORE-Gezichtsreinigingsemulsie.jpg","datePublished":"2025-08-09T06:32:53+00:00","dateModified":"2025-12-15T09:24:29+00:00","description":"SIMPLY MORE Gezichtsreinigingsemulsie is 100% natuurlijk en gemaakt van 10 ingredi\u00ebnten. Reinigen en make-up verwijdering in \u00e9\u00e9n cosmetica.","breadcrumb":{"@id":"https:\/\/www.alternatievemiddelen.nl\/producten\/simply-more-gezichtsreinigingsemulsie\/#breadcrumb"},"inLanguage":"fr-FR","potentialAction":[{"@type":"ReadAction","target":["https:\/\/www.alternatievemiddelen.nl\/producten\/simply-more-gezichtsreinigingsemulsie\/"]}]},{"@type":"ImageObject","inLanguage":"fr-FR","@id":"https:\/\/www.alternatievemiddelen.nl\/producten\/simply-more-gezichtsreinigingsemulsie\/#primaryimage","url":"https:\/\/www.alternatievemiddelen.nl\/wp-content\/uploads\/2025\/07\/SIMPLY-MORE-Gezichtsreinigingsemulsie.jpg","contentUrl":"https:\/\/www.alternatievemiddelen.nl\/wp-content\/uploads\/2025\/07\/SIMPLY-MORE-Gezichtsreinigingsemulsie.jpg","width":600,"height":800,"caption":"SIMPLY MORE Gezichtsreinigingsemulsie"},{"@type":"BreadcrumbList","@id":"https:\/\/www.alternatievemiddelen.nl\/producten\/simply-more-gezichtsreinigingsemulsie\/#breadcrumb","itemListElement":[{"@type":"ListItem","position":1,"name":"Home","item":"https:\/\/www.alternatievemiddelen.nl\/"},{"@type":"ListItem","position":2,"name":"Producten","item":"https:\/\/www.alternatievemiddelen.nl\/producten\/"},{"@type":"ListItem","position":3,"name":"SIMPLY MORE Gezichtsreinigingsemulsie 150ml"}]},{"@type":"WebSite","@id":"https:\/\/www.alternatievemiddelen.nl\/#website","url":"https:\/\/www.alternatievemiddelen.nl\/","name":"Alternatievemiddelen.nl","description":"Webshop met gezonde, duurzame en ecologische alternatieve mogelijkheden in de hedendaagse levenstijl. Alles uit eigen ervaring.","publisher":{"@id":"https:\/\/www.alternatievemiddelen.nl\/#organization"},"potentialAction":[{"@type":"SearchAction","target":{"@type":"EntryPoint","urlTemplate":"https:\/\/www.alternatievemiddelen.nl\/?s={search_term_string}"},"query-input":{"@type":"PropertyValueSpecification","valueRequired":true,"valueName":"search_term_string"}}],"inLanguage":"fr-FR"},{"@type":"Organization","@id":"https:\/\/www.alternatievemiddelen.nl\/#organization","name":"Alternatievemiddelen.nl","url":"https:\/\/www.alternatievemiddelen.nl\/","logo":{"@type":"ImageObject","inLanguage":"fr-FR","@id":"https:\/\/www.alternatievemiddelen.nl\/#\/schema\/logo\/image\/","url":"https:\/\/www.alternatievemiddelen.nl\/wp-content\/uploads\/2023\/10\/alternatievemiddelen-PNG-logo.png","contentUrl":"https:\/\/www.alternatievemiddelen.nl\/wp-content\/uploads\/2023\/10\/alternatievemiddelen-PNG-logo.png","width":6400,"height":3062,"caption":"Alternatievemiddelen.nl"},"image":{"@id":"https:\/\/www.alternatievemiddelen.nl\/#\/schema\/logo\/image\/"}}]}},"_links":{"self":[{"href":"https:\/\/www.alternatievemiddelen.nl\/fr\/wp-json\/wp\/v2\/product\/48400","targetHints":{"allow":["GET"]}}],"collection":[{"href":"https:\/\/www.alternatievemiddelen.nl\/fr\/wp-json\/wp\/v2\/product"}],"about":[{"href":"https:\/\/www.alternatievemiddelen.nl\/fr\/wp-json\/wp\/v2\/types\/product"}],"replies":[{"embeddable":true,"href":"https:\/\/www.alternatievemiddelen.nl\/fr\/wp-json\/wp\/v2\/comments?post=48400"}],"wp:featuredmedia":[{"embeddable":true,"href":"https:\/\/www.alternatievemiddelen.nl\/fr\/wp-json\/wp\/v2\/media\/48407"}],"wp:attachment":[{"href":"https:\/\/www.alternatievemiddelen.nl\/fr\/wp-json\/wp\/v2\/media?parent=48400"}],"wp:term":[{"taxonomy":"product_brand","embeddable":true,"href":"https:\/\/www.alternatievemiddelen.nl\/fr\/wp-json\/wp\/v2\/product_brand?post=48400"},{"taxonomy":"product_cat","embeddable":true,"href":"https:\/\/www.alternatievemiddelen.nl\/fr\/wp-json\/wp\/v2\/product_cat?post=48400"},{"taxonomy":"product_tag","embeddable":true,"href":"https:\/\/www.alternatievemiddelen.nl\/fr\/wp-json\/wp\/v2\/product_tag?post=48400"},{"taxonomy":"merk","embeddable":true,"href":"https:\/\/www.alternatievemiddelen.nl\/fr\/wp-json\/wp\/v2\/merk?post=48400"}],"curies":[{"name":"wp","href":"https:\/\/api.w.org\/{rel}","templated":true}]}}