{"id":48413,"date":"2025-07-06T08:34:12","date_gmt":"2025-07-06T06:34:12","guid":{"rendered":"https:\/\/www.alternatievemiddelen.nl\/?post_type=product&#038;p=48413"},"modified":"2025-12-15T10:22:26","modified_gmt":"2025-12-15T09:22:26","slug":"simply-more-hydraterende-gezichtscreme","status":"publish","type":"product","link":"https:\/\/www.alternatievemiddelen.nl\/fr\/produits\/creme-hydratante-pour-le-visage-simply-more\/","title":{"rendered":"SIMPLY MORE Cr\u00e8me hydratante pour le visage 50ml"},"content":{"rendered":"<p>SIMPLY MORE Cr\u00e8me hydratante pour le visage - 100% natural <b>cr\u00e8me pour le visage<\/b>, en <b>10 ingr\u00e9dients<\/b>. Un dermo-cosm\u00e9tique best-seller qui donne \u00e0 votre peau un \u00e9clat instantan\u00e9. <b>soulagement et ultra-hydratation<\/b> offre. Cette cr\u00e8me visage ultra-hydratante :<\/p>\n<ul>\n<li>a une <b>l\u00e9ger, inodore<\/b> coh\u00e9rence,<\/li>\n<li>tardive <b>pas de film gras<\/b> derri\u00e8re,<\/li>\n<li><b>absorbe rapidement<\/b> (fonctionne parfaitement sous le maquillage),<\/li>\n<li>est id\u00e9al pour <b>peau sensible<\/b> et les personnes ayant un <b>tendance aux allergies<\/b>.<\/li>\n<\/ul>\n<p><img decoding=\"async\" src=\"\/wp-content\/uploads\/2025\/07\/SIMPLY-MORE-keurmerken-300x78.jpg\" alt=\"\u00c9tiquettes SIMPLY MORE\" width=\"300\" height=\"78\" class=\"size-medium wp-image-48623\" srcset=\"https:\/\/www.alternatievemiddelen.nl\/wp-content\/uploads\/2025\/07\/SIMPLY-MORE-keurmerken-300x78.jpg 300w, https:\/\/www.alternatievemiddelen.nl\/wp-content\/uploads\/2025\/07\/SIMPLY-MORE-keurmerken-18x5.jpg 18w, https:\/\/www.alternatievemiddelen.nl\/wp-content\/uploads\/2025\/07\/SIMPLY-MORE-keurmerken.jpg 441w\" sizes=\"(max-width: 300px) 100vw, 300px\" \/><br \/>\n&nbsp;<\/p>\n<h3>QUE FAIT LA CR\u00c8ME VISAGE SIMPLY MORE MOISTURISING ?<\/h3>\n<p><b><u>DES SOINS COMPLETS :<\/b><\/u><\/p>\n<p>\u2714 Hydrate et nourrit<br \/>\n\u2714 Apaise la peau<br \/>\n\u2714 Pr\u00e9vient les impuret\u00e9s<\/p>\n<p>Ils ont veill\u00e9 \u00e0 ce que cette cr\u00e8me hydratante pour le visage SIMPLY MORE apporte \u00e0 la peau un complexe d'ingr\u00e9dients essentiels \u00e0 son \u00e9quilibre quotidien et \u00e0 son \u00e9clat, sans l'alourdir.<br \/>\n&nbsp;<\/p>\n<h3>QU'EST-CE QUI REND CE PRODUIT UNIQUE ?<\/h3>\n<ul>\n<li>Seulement <b>10 ingr\u00e9dients certifi\u00e9s<\/b><\/li>\n<li><b>100% origine naturelle<\/b> (pas 98%, pas 99% - vraiment 100% !)<\/li>\n<li>Sans parfum<\/li>\n<li>Parfait pour un <b>peau sensible, acn\u00e9ique et allergique<\/b><\/li>\n<li><b>Effet calmant imm\u00e9diat<\/b><\/li>\n<li>L\u00e9ger, mais <b>formule hydratante puissante<\/b><\/li>\n<li>Se ramasse rapidement (<b>id\u00e9al sous le maquillage<\/b>)<\/li>\n<\/ul>\n<p>&nbsp;<\/p>\n<h3>POUR QUI ?<\/h3>\n<p>Cette cr\u00e8me convient \u00e0 :<\/p>\n<ul>\n<li>Peaux s\u00e8ches, mixtes et grasses<\/li>\n<li>Peau sensible et allergique<\/li>\n<li>Peau avec impuret\u00e9s et acn\u00e9<\/li>\n<li>Une barri\u00e8re cutan\u00e9e endommag\u00e9e<\/li>\n<\/ul>\n<p>&nbsp;<br \/>\nParfait apr\u00e8s les traitements cosm\u00e9tiques : <b>apaise, r\u00e9duit les rougeurs et n'obstrue pas les pores<\/b>.<\/p>\n<p>Sans danger pour les femmes enceintes et allaitantes.<br \/>\n&nbsp;<\/p>\n<h3>INGR\u00c9DIENTS ET EXPLICATIONS<\/h3>\n<p><b>INCI<\/b>: Aqua, Simmondsia Chinensis Seed Oil, Pentylene Glycol, Cetearyl Alcohol, Squalane, Moringa Oil\/Hydrogenated Moringa Oil Esters, Cetearyl Glucoside, Embelia Concinna Leaf Extract, Tocopherol, Glycerin.<\/p>\n<p><b>EAU<\/b> - En fin de compte, 60% de notre corps est constitu\u00e9 d'eau.<br \/>\n<b>HUILE DE JOJOBA (huile de graines de Simmondsia Chinensis)<\/b> - Gr\u00e2ce \u00e0 sa haute compatibilit\u00e9 biologique, il renforce la couche de ciment intercellulaire. Sa structure se rapproche le plus du s\u00e9bum de la peau, ce qui permet de r\u00e9guler efficacement la production de s\u00e9bum. Riche en vitamines A, E, F et en phytost\u00e9rols.<br \/>\nFonction : r\u00e9gulation du s\u00e9bum | maintien d'un pH ad\u00e9quat | action antibact\u00e9rienne<br \/>\n<b>PENTYL\u00c8NE GLYCOL<\/b> - Humectant d'origine naturelle, substance qui retient l'eau dans la peau. Obtenu \u00e0 partir de la canne \u00e0 sucre. Procure une peau douce et soyeuse et augmente l'efficacit\u00e9 des autres ingr\u00e9dients. Fonction : action antimicrobienne | apaisante<br \/>\n<b>ALCOOL C\u00c9T\u00c9ARYLIQUE<\/b> - Tous les alcools ne sont pas mauvais. Celui-ci fait partie des bons ! \u00c9mulsifiant naturel d\u00e9riv\u00e9 de l'huile de coco. Il donne la consistance l\u00e9g\u00e8re de notre cr\u00e8me.<br \/>\nFonction : forme une couche protectrice sur la peau | tr\u00e8s hydratant<br \/>\n<b>SQUALANE (Squalane)<\/b> - huile obtenue \u00e0 partir de l'huile d'olive. Elle est unique parce qu'elle est naturellement pr\u00e9sente dans le s\u00e9bum, la couche de graisse protectrice de la peau. Renforce la barri\u00e8re hydro-lipidique et pr\u00e9vient la perte d'humidit\u00e9. Agit comme un antioxydant, comme les vitamines C et D, et prot\u00e8ge les lipides de l'oxydation. Am\u00e9liore la structure de la barri\u00e8re cutan\u00e9e et poss\u00e8de des propri\u00e9t\u00e9s antibact\u00e9riennes.<br \/>\nFonction : anti-inflammatoire | nourrissant | hydratant<br \/>\n<b>BEURRE DE MORINGA (huile de moringa\/esters hydrog\u00e9n\u00e9s d'huile de moringa)<\/b> - D\u00e9riv\u00e9 de l'arbre de vie et des miracles. Hydrate, adoucit et nourrit intens\u00e9ment. Contient une forte teneur en acide ol\u00e9ique, qui reproduit les acides gras de la peau.<br \/>\nFonction : restauration de la barri\u00e8re cutan\u00e9e | ultra-hydratation | apaisant | \u00e9claircissant | peau douce<br \/>\n<b>GLUCOSIDE DE C\u00c9T\u00c9ARYLE<\/b> - \u00c9mulsifiant \u00e0 base de glucose et d'huile de coco. Combine les huiles naturelles avec l'eau pour cr\u00e9er une \u00e9mulsion. Am\u00e9liore la consistance et procure une sensation agr\u00e9able sur la peau.<br \/>\nFonction : nourrissant | pr\u00e9vient la d\u00e9shydratation<br \/>\n<b>EMBELIA (Extrait de feuille d'Embelia Concinna)<\/b> - Extrait d'une plante de Madagascar, connue sous le nom d'\"\u00e9treinte de la for\u00eat\". A un fort effet r\u00e9g\u00e9n\u00e9rant et calmant. Riche en flavono\u00efdes qui am\u00e9liorent la microcirculation et favorisent l'activit\u00e9 enzymatique, ralentissant ainsi le processus de vieillissement de la peau.<br \/>\nFonction : r\u00e9duit les rougeurs | apaise les irritations<br \/>\n<b>TOCOPHEROL<\/b> - tout simplement la vitamine E, \u00e9galement connue sous le nom de vitamine de la jeunesse. Puissant antioxydant qui pr\u00e9vient l'oxydation des lipides de l'\u00e9piderme et du derme. P\u00e9n\u00e8tre les membranes cellulaires et la couche de ciment intercellulaire, renfor\u00e7ant la barri\u00e8re cutan\u00e9e et prot\u00e9geant contre la perte d'humidit\u00e9.<br \/>\nFonction : ralentit le vieillissement de la peau | augmente l'\u00e9lasticit\u00e9<br \/>\n<b>GLYC\u00c9RINE<\/b> - a un large effet soignant et est un excellent humectant. Fonction : aide les autres ingr\u00e9dients \u00e0 mieux p\u00e9n\u00e9trer dans la peau.<br \/>\n&nbsp;<\/p>\n<h3>COMMENT UTILISER LA CR\u00c8ME HYDRATANTE POUR LE VISAGE SIMPLY MORE ?<\/h3>\n<p><b>Appliquer une fine couche<\/b> sur la peau nettoy\u00e9e le matin (\u00e9galement comme base de maquillage) et le soir.<\/p>\n<p><b>Tr\u00e8s \u00e9conomique \u00e0 l'usage<\/b> - Une pompe suffit pour le visage et le cou.<\/p>\n<p><b>Convient \u00e9galement pour le contour des yeux et les paupi\u00e8res.<\/b><br \/>\n&nbsp;<\/p>\n<h3>EMBALLAGE<\/h3>\n<p>Contenu : 50ml<\/p>\n<p>L'emballage airless est <b>tr\u00e8s hygi\u00e9nique<\/b> (acc\u00e8s limit\u00e9 \u00e0 l'oxyg\u00e8ne et aux bact\u00e9ries), <b>confortable et pratique<\/b> (Vous pouvez utiliser la cr\u00e8me jusqu'\u00e0 la derni\u00e8re pompe).<\/p>\n<p>Emballage airless fabriqu\u00e9 en Allemagne. La pompe ne contient pas de ressort, ce qui rend l'emballage enti\u00e8rement recyclable.<\/p>\n<p>\u00c9tiquette imprim\u00e9e sur un mat\u00e9riau recyclable.<\/p>","protected":false},"excerpt":{"rendered":"<p>SIMPLY MORE Cr\u00e8me hydratante pour le visage - 100% naturelle et compos\u00e9e de 10 ingr\u00e9dients. Apporte \u00e0 votre peau un soulagement instantan\u00e9 et une ultra-hydratation. <\/p>\n<p>Profitez des remises sur les quantit\u00e9s ou d\u00e9finissez <a href=\"https:\/\/www.alternatievemiddelen.nl\/fr\/produits\/coffret-de-soins-simply-more\/\">ici<\/a> composez votre propre assortiment de produits SIMPLY MORE et b\u00e9n\u00e9ficiez \u00e9galement de r\u00e9ductions.<\/p>","protected":false},"featured_media":48420,"comment_status":"open","ping_status":"closed","template":"","meta":[],"product_brand":[],"product_cat":[2945,3730],"product_tag":[3736,3735,3739,3737,3732,3738],"merk":[3729],"class_list":{"0":"post-48413","1":"product","2":"type-product","3":"status-publish","4":"has-post-thumbnail","6":"product_cat-natuurlijke-verzorging","7":"product_cat-simply-more-huidverzorging","8":"product_tag-100-natuurlijk","9":"product_tag-huidverzorging","10":"product_tag-hydraterende-gezichtscreme","11":"product_tag-natuurlijke-ingredienten","12":"product_tag-simply-more","13":"product_tag-simply-more-hydraterende-gezichtscreme","14":"merk-simply-more","16":"first","17":"instock","18":"taxable","19":"shipping-taxable","20":"purchasable","21":"product-type-simple"},"bundled_by":["48629"],"bundle_stock_status":"instock","bundle_stock_quantity":null,"bundle_virtual":false,"bundle_layout":"","bundle_add_to_cart_form_location":"","bundle_editable_in_cart":false,"bundle_sold_individually_context":"","bundle_item_grouping":"","bundle_min_size":"","bundle_max_size":"","bundle_price":[],"bundled_items":[],"bundle_sell_ids":[44176,48426,48400,48421,48434],"yoast_head":"<!-- This site is optimized with the Yoast SEO plugin v26.1 - https:\/\/yoast.com\/wordpress\/plugins\/seo\/ -->\n<title>SIMPLY MORE Hydraterende gezichtscr\u00e8me 50ml - Alternatievemiddelen.nl<\/title>\n<meta name=\"description\" content=\"SIMPLY MORE Hydraterende gezichtscr\u00e8me - 100% natuurlijk en gemaakt van 10 ingredi\u00ebnten. Geeft jouw huid direct verlichting en ultra-hydratatie.\" \/>\n<meta name=\"robots\" content=\"index, follow, max-snippet:-1, max-image-preview:large, max-video-preview:-1\" \/>\n<link rel=\"canonical\" href=\"https:\/\/www.alternatievemiddelen.nl\/fr\/wp-json\/wp\/v2\/product\/48413\" \/>\n<meta property=\"og:locale\" content=\"fr_FR\" \/>\n<meta property=\"og:type\" content=\"article\" \/>\n<meta property=\"og:title\" content=\"SIMPLY MORE Hydraterende gezichtscr\u00e8me 50ml - Alternatievemiddelen.nl\" \/>\n<meta property=\"og:description\" content=\"SIMPLY MORE Hydraterende gezichtscr\u00e8me - 100% natuurlijk en gemaakt van 10 ingredi\u00ebnten. Geeft jouw huid direct verlichting en ultra-hydratatie.\" \/>\n<meta property=\"og:url\" content=\"https:\/\/www.alternatievemiddelen.nl\/fr\/produits\/creme-hydratante-pour-le-visage-simply-more\/\" \/>\n<meta property=\"og:site_name\" content=\"Alternatievemiddelen.nl\" \/>\n<meta property=\"article:modified_time\" content=\"2025-12-15T09:22:26+00:00\" \/>\n<meta property=\"og:image\" content=\"\/wp-content\/uploads\/2025\/07\/SIMPLY-MORE-Hydraterende-gezichtscreme.jpg\" \/>\n\t<meta property=\"og:image:width\" content=\"600\" \/>\n\t<meta property=\"og:image:height\" content=\"800\" \/>\n\t<meta property=\"og:image:type\" content=\"image\/jpeg\" \/>\n<meta name=\"twitter:card\" content=\"summary_large_image\" \/>\n<meta name=\"twitter:label1\" content=\"Dur\u00e9e de lecture estim\u00e9e\" \/>\n\t<meta name=\"twitter:data1\" content=\"4 minutes\" \/>\n<script type=\"application\/ld+json\" class=\"yoast-schema-graph\">{\"@context\":\"https:\/\/schema.org\",\"@graph\":[{\"@type\":[\"WebPage\",\"ItemPage\"],\"@id\":\"https:\/\/www.alternatievemiddelen.nl\/producten\/simply-more-hydraterende-gezichtscreme\/\",\"url\":\"https:\/\/www.alternatievemiddelen.nl\/producten\/simply-more-hydraterende-gezichtscreme\/\",\"name\":\"SIMPLY MORE Hydraterende gezichtscr\u00e8me 50ml - Alternatievemiddelen.nl\",\"isPartOf\":{\"@id\":\"https:\/\/www.alternatievemiddelen.nl\/#website\"},\"primaryImageOfPage\":{\"@id\":\"https:\/\/www.alternatievemiddelen.nl\/producten\/simply-more-hydraterende-gezichtscreme\/#primaryimage\"},\"image\":{\"@id\":\"https:\/\/www.alternatievemiddelen.nl\/producten\/simply-more-hydraterende-gezichtscreme\/#primaryimage\"},\"thumbnailUrl\":\"https:\/\/www.alternatievemiddelen.nl\/wp-content\/uploads\/2025\/07\/SIMPLY-MORE-Hydraterende-gezichtscreme.jpg\",\"datePublished\":\"2025-07-06T06:34:12+00:00\",\"dateModified\":\"2025-12-15T09:22:26+00:00\",\"description\":\"SIMPLY MORE Hydraterende gezichtscr\u00e8me - 100% natuurlijk en gemaakt van 10 ingredi\u00ebnten. Geeft jouw huid direct verlichting en ultra-hydratatie.\",\"breadcrumb\":{\"@id\":\"https:\/\/www.alternatievemiddelen.nl\/producten\/simply-more-hydraterende-gezichtscreme\/#breadcrumb\"},\"inLanguage\":\"fr-FR\",\"potentialAction\":[{\"@type\":\"ReadAction\",\"target\":[\"https:\/\/www.alternatievemiddelen.nl\/producten\/simply-more-hydraterende-gezichtscreme\/\"]}]},{\"@type\":\"ImageObject\",\"inLanguage\":\"fr-FR\",\"@id\":\"https:\/\/www.alternatievemiddelen.nl\/producten\/simply-more-hydraterende-gezichtscreme\/#primaryimage\",\"url\":\"https:\/\/www.alternatievemiddelen.nl\/wp-content\/uploads\/2025\/07\/SIMPLY-MORE-Hydraterende-gezichtscreme.jpg\",\"contentUrl\":\"https:\/\/www.alternatievemiddelen.nl\/wp-content\/uploads\/2025\/07\/SIMPLY-MORE-Hydraterende-gezichtscreme.jpg\",\"width\":600,\"height\":800,\"caption\":\"SIMPLY MORE Hydraterende gezichtscreme\"},{\"@type\":\"BreadcrumbList\",\"@id\":\"https:\/\/www.alternatievemiddelen.nl\/producten\/simply-more-hydraterende-gezichtscreme\/#breadcrumb\",\"itemListElement\":[{\"@type\":\"ListItem\",\"position\":1,\"name\":\"Home\",\"item\":\"https:\/\/www.alternatievemiddelen.nl\/\"},{\"@type\":\"ListItem\",\"position\":2,\"name\":\"Producten\",\"item\":\"https:\/\/www.alternatievemiddelen.nl\/producten\/\"},{\"@type\":\"ListItem\",\"position\":3,\"name\":\"SIMPLY MORE Hydraterende gezichtscr\u00e8me 50ml\"}]},{\"@type\":\"WebSite\",\"@id\":\"https:\/\/www.alternatievemiddelen.nl\/#website\",\"url\":\"https:\/\/www.alternatievemiddelen.nl\/\",\"name\":\"Alternatievemiddelen.nl\",\"description\":\"Webshop met gezonde, duurzame en ecologische alternatieve mogelijkheden in de hedendaagse levenstijl. Alles uit eigen ervaring.\",\"publisher\":{\"@id\":\"https:\/\/www.alternatievemiddelen.nl\/#organization\"},\"potentialAction\":[{\"@type\":\"SearchAction\",\"target\":{\"@type\":\"EntryPoint\",\"urlTemplate\":\"https:\/\/www.alternatievemiddelen.nl\/?s={search_term_string}\"},\"query-input\":{\"@type\":\"PropertyValueSpecification\",\"valueRequired\":true,\"valueName\":\"search_term_string\"}}],\"inLanguage\":\"fr-FR\"},{\"@type\":\"Organization\",\"@id\":\"https:\/\/www.alternatievemiddelen.nl\/#organization\",\"name\":\"Alternatievemiddelen.nl\",\"url\":\"https:\/\/www.alternatievemiddelen.nl\/\",\"logo\":{\"@type\":\"ImageObject\",\"inLanguage\":\"fr-FR\",\"@id\":\"https:\/\/www.alternatievemiddelen.nl\/#\/schema\/logo\/image\/\",\"url\":\"https:\/\/www.alternatievemiddelen.nl\/wp-content\/uploads\/2023\/10\/alternatievemiddelen-PNG-logo.png\",\"contentUrl\":\"https:\/\/www.alternatievemiddelen.nl\/wp-content\/uploads\/2023\/10\/alternatievemiddelen-PNG-logo.png\",\"width\":6400,\"height\":3062,\"caption\":\"Alternatievemiddelen.nl\"},\"image\":{\"@id\":\"https:\/\/www.alternatievemiddelen.nl\/#\/schema\/logo\/image\/\"}}]}<\/script>\n<!-- \/ Yoast SEO plugin. -->","yoast_head_json":{"title":"SIMPLY MORE Hydraterende gezichtscr\u00e8me 50ml - Alternatievemiddelen.nl","description":"SIMPLY MORE Hydraterende gezichtscr\u00e8me - 100% natuurlijk en gemaakt van 10 ingredi\u00ebnten. Geeft jouw huid direct verlichting en ultra-hydratatie.","robots":{"index":"index","follow":"follow","max-snippet":"max-snippet:-1","max-image-preview":"max-image-preview:large","max-video-preview":"max-video-preview:-1"},"canonical":"https:\/\/www.alternatievemiddelen.nl\/fr\/wp-json\/wp\/v2\/product\/48413","og_locale":"fr_FR","og_type":"article","og_title":"SIMPLY MORE Hydraterende gezichtscr\u00e8me 50ml - Alternatievemiddelen.nl","og_description":"SIMPLY MORE Hydraterende gezichtscr\u00e8me - 100% natuurlijk en gemaakt van 10 ingredi\u00ebnten. Geeft jouw huid direct verlichting en ultra-hydratatie.","og_url":"https:\/\/www.alternatievemiddelen.nl\/fr\/produits\/creme-hydratante-pour-le-visage-simply-more\/","og_site_name":"Alternatievemiddelen.nl","article_modified_time":"2025-12-15T09:22:26+00:00","og_image":[{"width":600,"height":800,"url":"\/wp-content\/uploads\/2025\/07\/SIMPLY-MORE-Hydraterende-gezichtscreme.jpg","type":"image\/jpeg"}],"twitter_card":"summary_large_image","twitter_misc":{"Dur\u00e9e de lecture estim\u00e9e":"4 minutes"},"schema":{"@context":"https:\/\/schema.org","@graph":[{"@type":["WebPage","ItemPage"],"@id":"https:\/\/www.alternatievemiddelen.nl\/producten\/simply-more-hydraterende-gezichtscreme\/","url":"https:\/\/www.alternatievemiddelen.nl\/producten\/simply-more-hydraterende-gezichtscreme\/","name":"SIMPLY MORE Hydraterende gezichtscr\u00e8me 50ml - Alternatievemiddelen.nl","isPartOf":{"@id":"https:\/\/www.alternatievemiddelen.nl\/#website"},"primaryImageOfPage":{"@id":"https:\/\/www.alternatievemiddelen.nl\/producten\/simply-more-hydraterende-gezichtscreme\/#primaryimage"},"image":{"@id":"https:\/\/www.alternatievemiddelen.nl\/producten\/simply-more-hydraterende-gezichtscreme\/#primaryimage"},"thumbnailUrl":"https:\/\/www.alternatievemiddelen.nl\/wp-content\/uploads\/2025\/07\/SIMPLY-MORE-Hydraterende-gezichtscreme.jpg","datePublished":"2025-07-06T06:34:12+00:00","dateModified":"2025-12-15T09:22:26+00:00","description":"SIMPLY MORE Hydraterende gezichtscr\u00e8me - 100% natuurlijk en gemaakt van 10 ingredi\u00ebnten. Geeft jouw huid direct verlichting en ultra-hydratatie.","breadcrumb":{"@id":"https:\/\/www.alternatievemiddelen.nl\/producten\/simply-more-hydraterende-gezichtscreme\/#breadcrumb"},"inLanguage":"fr-FR","potentialAction":[{"@type":"ReadAction","target":["https:\/\/www.alternatievemiddelen.nl\/producten\/simply-more-hydraterende-gezichtscreme\/"]}]},{"@type":"ImageObject","inLanguage":"fr-FR","@id":"https:\/\/www.alternatievemiddelen.nl\/producten\/simply-more-hydraterende-gezichtscreme\/#primaryimage","url":"https:\/\/www.alternatievemiddelen.nl\/wp-content\/uploads\/2025\/07\/SIMPLY-MORE-Hydraterende-gezichtscreme.jpg","contentUrl":"https:\/\/www.alternatievemiddelen.nl\/wp-content\/uploads\/2025\/07\/SIMPLY-MORE-Hydraterende-gezichtscreme.jpg","width":600,"height":800,"caption":"SIMPLY MORE Hydraterende gezichtscreme"},{"@type":"BreadcrumbList","@id":"https:\/\/www.alternatievemiddelen.nl\/producten\/simply-more-hydraterende-gezichtscreme\/#breadcrumb","itemListElement":[{"@type":"ListItem","position":1,"name":"Home","item":"https:\/\/www.alternatievemiddelen.nl\/"},{"@type":"ListItem","position":2,"name":"Producten","item":"https:\/\/www.alternatievemiddelen.nl\/producten\/"},{"@type":"ListItem","position":3,"name":"SIMPLY MORE Hydraterende gezichtscr\u00e8me 50ml"}]},{"@type":"WebSite","@id":"https:\/\/www.alternatievemiddelen.nl\/#website","url":"https:\/\/www.alternatievemiddelen.nl\/","name":"Alternatievemiddelen.nl","description":"Webshop met gezonde, duurzame en ecologische alternatieve mogelijkheden in de hedendaagse levenstijl. Alles uit eigen ervaring.","publisher":{"@id":"https:\/\/www.alternatievemiddelen.nl\/#organization"},"potentialAction":[{"@type":"SearchAction","target":{"@type":"EntryPoint","urlTemplate":"https:\/\/www.alternatievemiddelen.nl\/?s={search_term_string}"},"query-input":{"@type":"PropertyValueSpecification","valueRequired":true,"valueName":"search_term_string"}}],"inLanguage":"fr-FR"},{"@type":"Organization","@id":"https:\/\/www.alternatievemiddelen.nl\/#organization","name":"Alternatievemiddelen.nl","url":"https:\/\/www.alternatievemiddelen.nl\/","logo":{"@type":"ImageObject","inLanguage":"fr-FR","@id":"https:\/\/www.alternatievemiddelen.nl\/#\/schema\/logo\/image\/","url":"https:\/\/www.alternatievemiddelen.nl\/wp-content\/uploads\/2023\/10\/alternatievemiddelen-PNG-logo.png","contentUrl":"https:\/\/www.alternatievemiddelen.nl\/wp-content\/uploads\/2023\/10\/alternatievemiddelen-PNG-logo.png","width":6400,"height":3062,"caption":"Alternatievemiddelen.nl"},"image":{"@id":"https:\/\/www.alternatievemiddelen.nl\/#\/schema\/logo\/image\/"}}]}},"_links":{"self":[{"href":"https:\/\/www.alternatievemiddelen.nl\/fr\/wp-json\/wp\/v2\/product\/48413","targetHints":{"allow":["GET"]}}],"collection":[{"href":"https:\/\/www.alternatievemiddelen.nl\/fr\/wp-json\/wp\/v2\/product"}],"about":[{"href":"https:\/\/www.alternatievemiddelen.nl\/fr\/wp-json\/wp\/v2\/types\/product"}],"replies":[{"embeddable":true,"href":"https:\/\/www.alternatievemiddelen.nl\/fr\/wp-json\/wp\/v2\/comments?post=48413"}],"wp:featuredmedia":[{"embeddable":true,"href":"https:\/\/www.alternatievemiddelen.nl\/fr\/wp-json\/wp\/v2\/media\/48420"}],"wp:attachment":[{"href":"https:\/\/www.alternatievemiddelen.nl\/fr\/wp-json\/wp\/v2\/media?parent=48413"}],"wp:term":[{"taxonomy":"product_brand","embeddable":true,"href":"https:\/\/www.alternatievemiddelen.nl\/fr\/wp-json\/wp\/v2\/product_brand?post=48413"},{"taxonomy":"product_cat","embeddable":true,"href":"https:\/\/www.alternatievemiddelen.nl\/fr\/wp-json\/wp\/v2\/product_cat?post=48413"},{"taxonomy":"product_tag","embeddable":true,"href":"https:\/\/www.alternatievemiddelen.nl\/fr\/wp-json\/wp\/v2\/product_tag?post=48413"},{"taxonomy":"merk","embeddable":true,"href":"https:\/\/www.alternatievemiddelen.nl\/fr\/wp-json\/wp\/v2\/merk?post=48413"}],"curies":[{"name":"wp","href":"https:\/\/api.w.org\/{rel}","templated":true}]}}