{"id":48426,"date":"2025-07-06T08:53:33","date_gmt":"2025-07-06T06:53:33","guid":{"rendered":"https:\/\/www.alternatievemiddelen.nl\/?post_type=product&#038;p=48426"},"modified":"2025-12-15T10:22:56","modified_gmt":"2025-12-15T09:22:56","slug":"simply-more-rich-face-cream","status":"publish","type":"product","link":"https:\/\/www.alternatievemiddelen.nl\/fr\/produits\/creme-visage-simply-more-rich\/","title":{"rendered":"SIMPLY MORE Cr\u00e8me riche pour le visage 50ml"},"content":{"rendered":"<p>SIMPLY MORE Rich Face Cream - c'est une cr\u00e8me pour les t\u00e2ches sp\u00e9ciales. Un complexe de c\u00e9ramides y a \u00e9t\u00e9 ajout\u00e9 et son action a \u00e9t\u00e9 renforc\u00e9e par trois ingr\u00e9dients actifs suppl\u00e9mentaires.<\/p>\n<p>Gr\u00e2ce \u00e0 sa formule avanc\u00e9e, \u00e0 son origine naturelle 100% et \u00e0 sa combinaison innovante d'ingr\u00e9dients actifs, la cr\u00e8me restaure parfaitement la barri\u00e8re hydrolipidique et r\u00e9g\u00e9n\u00e8re la peau d\u00e8s la premi\u00e8re utilisation. Elle r\u00e9duit \u00e9galement l'apparence des ridules, donnant \u00e0 la peau un aspect plus jeune et plus repos\u00e9.<\/p>\n<p><b>Cr\u00e8me riche pour le visage SIMPLY MORE<\/b> est un produit dermocosm\u00e9tique qui comprend<\/p>\n<p>\u2714 <b>Complexe de c\u00e9ramides<\/b> - restaure et r\u00e9g\u00e9n\u00e8re<br \/>\n\u2714 <b>Probiotiques<\/b> - \u00e9quilibrer la microflore<br \/>\n\u2714 <b>Extrait d'algues rouges<\/b> - hydrate intens\u00e9ment<br \/>\n\u2714 <b>Complexe de sucre<\/b> - emp\u00eache la perte d'humidit\u00e9<br \/>\n<img decoding=\"async\" src=\"\/wp-content\/uploads\/2025\/07\/SIMPLY-MORE-keurmerken-300x78.jpg\" alt=\"\u00c9tiquettes SIMPLY MORE\" width=\"300\" height=\"78\" class=\"size-medium wp-image-48623\" srcset=\"https:\/\/www.alternatievemiddelen.nl\/wp-content\/uploads\/2025\/07\/SIMPLY-MORE-keurmerken-300x78.jpg 300w, https:\/\/www.alternatievemiddelen.nl\/wp-content\/uploads\/2025\/07\/SIMPLY-MORE-keurmerken-18x5.jpg 18w, https:\/\/www.alternatievemiddelen.nl\/wp-content\/uploads\/2025\/07\/SIMPLY-MORE-keurmerken.jpg 441w\" sizes=\"(max-width: 300px) 100vw, 300px\" \/><br \/>\n&nbsp;<\/p>\n<h3>QUE FAIT LA CR\u00c8ME VISAGE SIMPLY MORE RICH ?<\/h3>\n<p><b><u>R\u00c9G\u00c9N\u00c9RATION INTENSIVE :<\/b><\/u><\/p>\n<p>1. <b>Restauration de la barri\u00e8re hydrolipidique<\/b><br \/>\n2. <b>R\u00e9duction de l'apparence des ridules<\/b><br \/>\n3. <b>Hydratation et raffermissement en profondeur<\/b><\/p>\n<p>SIMPLY MORE Rich Face Cream est une cr\u00e8me nourrissante \u00e0 la texture riche qui r\u00e9g\u00e9n\u00e8re intens\u00e9ment la peau et l'hydrate durablement. Elle am\u00e9liore visiblement l'\u00e9tat de la peau.<\/p>\n<p>Gr\u00e2ce \u00e0 sa formule avanc\u00e9e et \u00e0 sa combinaison innovante d'ingr\u00e9dients actifs, la cr\u00e8me traite parfaitement les premiers signes de vieillissement de la peau. La cr\u00e8me agit dans l'esprit de \"ralentir le processus de vieillissement\" - elle aide \u00e0 garder la peau jeune plus longtemps.<br \/>\n&nbsp;<\/p>\n<h3>QU'EST-CE QUI REND CE PRODUIT UNIQUE ?<\/h3>\n<ul>\n<li><b>100% origine naturelle<\/b> (pas 98%, pas 99% - vraiment 100% !)<\/li>\n<li><b>Sans parfum<\/b> - convient aux peaux sensibles et allergiques<\/li>\n<li><b>R\u00e9g\u00e9n\u00e9ration intensive<\/b> par une combinaison innovante de c\u00e9ramides et de 3 substances qui soutiennent leur action<\/li>\n<li><b>Donne \u00e0 la peau un aspect plus jeune et repos\u00e9<\/b><\/li>\n<li><b>Protection contre la d\u00e9shydratation<\/b><\/li>\n<li><b>Texture riche sans effet collant<\/b><\/li>\n<\/ul>\n<p>&nbsp;<\/p>\n<h3>POUR QUI ?<\/h3>\n<p>Cette cr\u00e8me convient \u00e0 :<\/p>\n<ul>\n<li>Peau s\u00e8che et tr\u00e8s s\u00e8che<\/li>\n<li>Peau mixte<\/li>\n<li>Peau grasse<\/li>\n<li>Peau sensible et allergique<\/li>\n<li>Peau \u00e0 probl\u00e8mes, acn\u00e9, dermatite atopique<\/li>\n<li>Barri\u00e8re hydrolipidique endommag\u00e9e<\/li>\n<li>Parfait comme \"injection\" d'hydratation pour les peaux matures, ab\u00eem\u00e9es, rugueuses, irrit\u00e9es et s\u00e8ches.<\/li>\n<\/ul>\n<p>&nbsp;<br \/>\nSans danger pour les femmes enceintes et allaitantes.<br \/>\n&nbsp;<\/p>\n<h3>INGR\u00c9DIENTS ET EXPLICATIONS<\/h3>\n<p><b>INCI<\/b>: Aqua, Simmondsia Chinensis Seed Oil, Squalane, Pentylene Glycol, Lauryl Oleate, Moringa Oil\/Hydrogenated Moringa Oil Esters, Cetearyl Alcohol, Crambe Abyssinica Seed Oil Phytosterol Esters, Arachidyl Alcohol, Xylitylglucoside, Ceramide NP, st\u00e9rols de Punica Granatum, Lactobacillus, Maris Sal, Helianthus Annuus Seed Oil, Xylitol, Anhydroxylitol, Maltodextrine, Olive Glycerides, Sodium Carrageenan, Cetearyl Glucoside, Arachidyl Glucoside, Behenyl Alcohol, Phenethyl Alcohol, Tocopherol.<\/p>\n<p><b>Aqua<\/b> - L'eau, apr\u00e8s tout, c'est 60%.<br \/>\n<b>Huile de graines de Simmondsia Chinensis<\/b> - Huile de jojoba. Gr\u00e2ce \u00e0 sa haute compatibilit\u00e9 biologique, il renforce la couche de ciment intercellulaire. Sa structure se rapproche le plus du s\u00e9bum de la peau, ce qui permet de r\u00e9guler efficacement la production de s\u00e9bum. Riche en vitamines A, E, F et en phytost\u00e9rols.<br \/>\nFonction : r\u00e9gule la production de s\u00e9bum, \u00e9quilibre le pH de la peau, a un effet antibact\u00e9rien.<br \/>\n<b>Squalane<\/b> - Huile extraite de l'huile d'olive. Elle est unique car elle est naturellement pr\u00e9sente dans notre s\u00e9bum, la couche de graisse protectrice de la peau. Il scelle la barri\u00e8re hydrolipidique et emp\u00eache la perte d'eau. En tant qu'antioxydant, comme les vitamines C et D, elle emp\u00eache l'oxydation de nos lipides (cellules graisseuses).<br \/>\nFonction : am\u00e9liore la structure de la couche lipidique de la peau, agit comme un anti-inflammatoire, nourrit et retient l'humidit\u00e9.<br \/>\n<b>Pentyl\u00e8ne glycol<\/b> - Un humectant d'origine naturelle - une substance qui retient l'eau dans la peau. Il est obtenu \u00e0 partir de la canne \u00e0 sucre. Il donne \u00e0 la peau une sensation de velours et augmente l'efficacit\u00e9 des autres ingr\u00e9dients.<br \/>\nFonction : antimicrobienne, \u00e9molliente.<br \/>\n<b>Ol\u00e9ate de lauryle<\/b> - Un \u00e9mollient naturel d'origine v\u00e9g\u00e9tale de nouvelle g\u00e9n\u00e9ration.<br \/>\nFonction : adoucir et lisser la peau.<br \/>\n<b>Huile de Moringa\/Esters hydrog\u00e9n\u00e9s d'huile de Moringa<\/b> - Beurre de moringa, issu de l'arbre de vie et des miracles. Hydrate, adoucit et nourrit parfaitement. Il a une teneur \u00e9lev\u00e9e en acide ol\u00e9ique, qui reproduit les acides gras de la peau.<br \/>\nFonction : Restaure la barri\u00e8re cutan\u00e9e, fournit une ultra-hydratation, adoucit et donne \u00e0 la peau un aspect radieux et doux.<br \/>\n<b>Alcool c\u00e9t\u00e9arylique<\/b> - Tous les alcools ne sont pas mauvais ! Celui-ci fait partie des bons. \u00c9mulsifiant naturel d\u00e9riv\u00e9 de l'huile de coco. Responsable de la consistance l\u00e9g\u00e8re de notre cr\u00e8me.<br \/>\nFonction : forme une couche occlusive sur la peau, hydrate intens\u00e9ment.<br \/>\n<b>Huile de graines de Crambe Abyssinica Esters de phytost\u00e9rol<\/b> - Huile d'Abyssinie riche en phytost\u00e9rols. Lubrifie et renforce la barri\u00e8re lipidique de l'\u00e9piderme et forme un film protecteur.<br \/>\n<b>Alcool arachidique<\/b> - Bon alcool d'origine v\u00e9g\u00e9tale qui n'irrite pas la peau et ne provoque pas d'allergies. \u00c9mollient huileux qui forme une couche occlusive sur la peau et la prot\u00e8ge contre la perte d'humidit\u00e9.<br \/>\n<b>Xylitylglucoside<\/b> - Humectant d'origine naturelle obtenu \u00e0 partir de sucres et de bl\u00e9. Augmente l'hydratation en fixant l'eau. Un des composants du complexe Aquaxyl.<br \/>\n<b>C\u00e9ramide NP<\/b> - Un composant naturel du ciment intercellulaire de la couche corn\u00e9e (la couche la plus superficielle de la peau). Les c\u00e9ramides forment une couche protectrice naturelle de la peau et aident \u00e0 retenir l'eau \u00e0 long terme. Ils ont des propri\u00e9t\u00e9s anti-\u00e2ge et am\u00e9liorent la texture de la peau.<br \/>\nFonction : renforce la barri\u00e8re cutan\u00e9e, hydrate en profondeur et favorise le renouvellement de la peau.<br \/>\n<b>St\u00e9rols de Punica Granatum<\/b> - St\u00e9rols de grenade, un substitut naturel \u00e0 la vaseline. La grenade est l'une des plus anciennes plantes m\u00e9dicinales, connue de l'humanit\u00e9 depuis plus de 8 000 ans. Acc\u00e9l\u00e8re la r\u00e9g\u00e9n\u00e9ration de la peau et la prot\u00e8ge contre les facteurs externes. Poss\u00e8de des propri\u00e9t\u00e9s antioxydantes.<br \/>\n<b>Lactobacillus<\/b> - Extrait probiotique issu de la fermentation bact\u00e9rienne. Renforce la fonction de barri\u00e8re de la peau et emp\u00eache le d\u00e9veloppement de micro-organismes nocifs. Nourrit et stimule la croissance du microbiote cutan\u00e9 et poss\u00e8de des propri\u00e9t\u00e9s anti-inflammatoires.<br \/>\n<b>Maris Sal<\/b> - Sel marin, ingr\u00e9dient extrait d'algues rouges qui active la synth\u00e8se de l'acide hyaluronique \u00e9pidermique et augmente la synth\u00e8se des c\u00e9ramides par 56%. Poss\u00e8de des propri\u00e9t\u00e9s antiseptiques et anti-inflammatoires.<br \/>\n<b>Huile de graines d'Helianthus Annuus<\/b> - Huile de tournesol. Poss\u00e8de des propri\u00e9t\u00e9s hydratantes et protectrices. Pr\u00e9sente \u00e0 l'\u00e9tat de traces dans notre \u00e9mollient naturel de nouvelle g\u00e9n\u00e9ration.<br \/>\n<b>Xylitol<\/b> - Xylitol, naturellement pr\u00e9sent dans le bouleau. Un des composants du complexe de sucre Aquaxyl. Poss\u00e8de des propri\u00e9t\u00e9s hydratantes.<br \/>\n<b>Anhydroxylitol<\/b> - Le xylitol anhydre am\u00e9liore la fermet\u00e9 et l'\u00e9lasticit\u00e9 de la peau. Un des composants du complexe de sucre Aquaxyl.<br \/>\n<b>Maltodextrine<\/b> - Substance obtenue \u00e0 partir de l'amidon de ma\u00efs. Absorbe le s\u00e9bum et stabilise les souches probiotiques de notre cr\u00e8me.<br \/>\n<b>Glyc\u00e9rides d'olive<\/b> - Substance d\u00e9riv\u00e9e de la production d'huile d'olive. Augmente l'absorption et la stabilit\u00e9 des c\u00e9ramides. Compatible avec les lipides de la couche corn\u00e9e de la peau, qui sont en grande partie compos\u00e9s de c\u00e9ramides.<br \/>\n<b>Carragh\u00e9nane sodique<\/b> - Substance d'origine naturelle qui d\u00e9termine la consistance de la cr\u00e8me. Composant de l'extrait d'algues rouges.<br \/>\n<b>Glucoside de c\u00e9t\u00e9aryle<\/b> - \u00c9mulsifiant \u00e0 base de glucose et d'huile de coco. Combine les huiles naturelles avec l'eau pour former une \u00e9mulsion. Am\u00e9liore la consistance et procure une sensation agr\u00e9able sur la peau.<br \/>\nFonction : Nourrit et pr\u00e9vient la d\u00e9shydratation.<br \/>\n<b>Glucoside d'arachide<\/b> - \u00c9mulsifiant doux d'origine naturelle \u00e0 base de glucose.<br \/>\n<b>Alcool de b\u00e9h\u00e9nyle<\/b> - Un bon alcool b\u00e9hilique naturel d\u00e9riv\u00e9 du ma\u00efs. Un \u00e9mollient qui agit comme un \"pansement occlusif\". Il donne \u00e0 la cr\u00e8me sa consistance soyeuse.<br \/>\n<b>Alcool ph\u00e9nylique<\/b> - Un bon alcool ph\u00e9nyl\u00e9thylique d'origine naturelle, extrait des roses ou de la soie. Inhibe la croissance des bact\u00e9ries. Fait partie de l'extrait d'algues rouges, o\u00f9 il a un effet conservateur.<br \/>\n<b>Tocoph\u00e9rol<\/b> - En clair : la vitamine E, ou vitamine de la jeunesse. Un antioxydant puissant qui ralentit l'oxydation des lipides dans l'\u00e9piderme et le derme. Elle peut \u00eatre incorpor\u00e9e dans les structures lipidiques des membranes cellulaires et dans le ciment intercellulaire de la couche corn\u00e9e, renfor\u00e7ant ainsi la barri\u00e8re cutan\u00e9e et emp\u00eachant la perte d'eau.<br \/>\nFonction : ralentit le vieillissement de la peau et la rend plus \u00e9lastique.<br \/>\n&nbsp;<\/p>\n<h3>COMMENT UTILISER LA CR\u00c8ME VISAGE SIMPLY MORE RICH ?<\/h3>\n<p>Appliquer une fine couche sur la peau nettoy\u00e9e, matin et\/ou soir. Parfait comme masque r\u00e9g\u00e9n\u00e9rant et hydratant.<\/p>\n<p><b>Utilisation \u00e9conomique<\/b> - Une pompe suffit pour le visage et le cou.<\/p>\n<p><b>Convient \u00e9galement pour le dessous des yeux et les paupi\u00e8res.<\/b><br \/>\n&nbsp;<\/p>\n<h3>EMBALLAGE<\/h3>\n<p>Contenu : 50ml<\/p>\n<p>L'emballage airless est <b>tr\u00e8s hygi\u00e9nique<\/b> (acc\u00e8s limit\u00e9 \u00e0 l'oxyg\u00e8ne et aux bact\u00e9ries), confortable et pratique (vous pouvez utiliser la cr\u00e8me jusqu'\u00e0 la derni\u00e8re pompe).<\/p>\n<ul>\n<li><b>Emballage airless<\/b> fabriqu\u00e9 en Allemagne. La pompe ne contient pas de ressort, ce qui rend l'emballage enti\u00e8rement recyclable.<\/li>\n<li>L'\u00e9tiquette est imprim\u00e9e sur <b>mat\u00e9riaux recyclables<\/b>.<\/li>\n<li>Pas de bo\u00eete en carton pour r\u00e9duire les d\u00e9chets inutiles.<\/li>\n<\/ul>","protected":false},"excerpt":{"rendered":"<p>D'origine naturelle 100%, la Cr\u00e8me Riche Visage SIMPLY MORE restaure parfaitement la barri\u00e8re hydrolipidique et r\u00e9g\u00e9n\u00e8re la peau d\u00e8s la premi\u00e8re utilisation. <\/p>\n<p>Profitez des remises sur les quantit\u00e9s ou d\u00e9finissez <a href=\"https:\/\/www.alternatievemiddelen.nl\/fr\/produits\/coffret-de-soins-simply-more\/\">ici<\/a> composez votre propre assortiment de produits SIMPLY MORE et b\u00e9n\u00e9ficiez \u00e9galement de r\u00e9ductions.<\/p>","protected":false},"featured_media":48433,"comment_status":"open","ping_status":"closed","template":"","meta":[],"product_brand":[],"product_cat":[2945,3730],"product_tag":[3736,3735,3737,3744,3732,3743],"merk":[3729],"class_list":{"0":"post-48426","1":"product","2":"type-product","3":"status-publish","4":"has-post-thumbnail","6":"product_cat-natuurlijke-verzorging","7":"product_cat-simply-more-huidverzorging","8":"product_tag-100-natuurlijk","9":"product_tag-huidverzorging","10":"product_tag-natuurlijke-ingredienten","11":"product_tag-rich-face-cream","12":"product_tag-simply-more","13":"product_tag-simply-more-rich-face-cream","14":"merk-simply-more","16":"first","17":"instock","18":"taxable","19":"shipping-taxable","20":"purchasable","21":"product-type-simple"},"bundled_by":["48629"],"bundle_stock_status":"instock","bundle_stock_quantity":null,"bundle_virtual":false,"bundle_layout":"","bundle_add_to_cart_form_location":"","bundle_editable_in_cart":false,"bundle_sold_individually_context":"","bundle_item_grouping":"","bundle_min_size":"","bundle_max_size":"","bundle_price":[],"bundled_items":[],"bundle_sell_ids":[44176,48413,48400,48421,48434],"yoast_head":"<!-- This site is optimized with the Yoast SEO plugin v26.1 - https:\/\/yoast.com\/wordpress\/plugins\/seo\/ -->\n<title>SIMPLY MORE Rich Face Cream 50ml - Alternatievemiddelen.nl<\/title>\n<meta name=\"description\" content=\"De SIMPLY MORE Rich Face Cream heeft 100% natuurlijke oorsprong en herstelt perfect de hydrolipidenbarri\u00e8re en regenereert de huid vanaf het eerste gebruik.\" \/>\n<meta name=\"robots\" content=\"index, follow, max-snippet:-1, max-image-preview:large, max-video-preview:-1\" \/>\n<link rel=\"canonical\" href=\"https:\/\/www.alternatievemiddelen.nl\/fr\/wp-json\/wp\/v2\/product\/48426\" \/>\n<meta property=\"og:locale\" content=\"fr_FR\" \/>\n<meta property=\"og:type\" content=\"article\" \/>\n<meta property=\"og:title\" content=\"SIMPLY MORE Rich Face Cream 50ml - Alternatievemiddelen.nl\" \/>\n<meta property=\"og:description\" content=\"De SIMPLY MORE Rich Face Cream heeft 100% natuurlijke oorsprong en herstelt perfect de hydrolipidenbarri\u00e8re en regenereert de huid vanaf het eerste gebruik.\" \/>\n<meta property=\"og:url\" content=\"https:\/\/www.alternatievemiddelen.nl\/fr\/produits\/creme-visage-simply-more-rich\/\" \/>\n<meta property=\"og:site_name\" content=\"Alternatievemiddelen.nl\" \/>\n<meta property=\"article:modified_time\" content=\"2025-12-15T09:22:56+00:00\" \/>\n<meta property=\"og:image\" content=\"\/wp-content\/uploads\/2025\/07\/SIMPLY-MORE-Rich-Face-Cream.jpg\" \/>\n\t<meta property=\"og:image:width\" content=\"600\" \/>\n\t<meta property=\"og:image:height\" content=\"800\" \/>\n\t<meta property=\"og:image:type\" content=\"image\/jpeg\" \/>\n<meta name=\"twitter:card\" content=\"summary_large_image\" \/>\n<meta name=\"twitter:label1\" content=\"Dur\u00e9e de lecture estim\u00e9e\" \/>\n\t<meta name=\"twitter:data1\" content=\"7 minutes\" \/>\n<script type=\"application\/ld+json\" class=\"yoast-schema-graph\">{\"@context\":\"https:\/\/schema.org\",\"@graph\":[{\"@type\":[\"WebPage\",\"ItemPage\"],\"@id\":\"https:\/\/www.alternatievemiddelen.nl\/producten\/simply-more-rich-face-cream\/\",\"url\":\"https:\/\/www.alternatievemiddelen.nl\/producten\/simply-more-rich-face-cream\/\",\"name\":\"SIMPLY MORE Rich Face Cream 50ml - Alternatievemiddelen.nl\",\"isPartOf\":{\"@id\":\"https:\/\/www.alternatievemiddelen.nl\/#website\"},\"primaryImageOfPage\":{\"@id\":\"https:\/\/www.alternatievemiddelen.nl\/producten\/simply-more-rich-face-cream\/#primaryimage\"},\"image\":{\"@id\":\"https:\/\/www.alternatievemiddelen.nl\/producten\/simply-more-rich-face-cream\/#primaryimage\"},\"thumbnailUrl\":\"https:\/\/www.alternatievemiddelen.nl\/wp-content\/uploads\/2025\/07\/SIMPLY-MORE-Rich-Face-Cream.jpg\",\"datePublished\":\"2025-07-06T06:53:33+00:00\",\"dateModified\":\"2025-12-15T09:22:56+00:00\",\"description\":\"De SIMPLY MORE Rich Face Cream heeft 100% natuurlijke oorsprong en herstelt perfect de hydrolipidenbarri\u00e8re en regenereert de huid vanaf het eerste gebruik.\",\"breadcrumb\":{\"@id\":\"https:\/\/www.alternatievemiddelen.nl\/producten\/simply-more-rich-face-cream\/#breadcrumb\"},\"inLanguage\":\"fr-FR\",\"potentialAction\":[{\"@type\":\"ReadAction\",\"target\":[\"https:\/\/www.alternatievemiddelen.nl\/producten\/simply-more-rich-face-cream\/\"]}]},{\"@type\":\"ImageObject\",\"inLanguage\":\"fr-FR\",\"@id\":\"https:\/\/www.alternatievemiddelen.nl\/producten\/simply-more-rich-face-cream\/#primaryimage\",\"url\":\"https:\/\/www.alternatievemiddelen.nl\/wp-content\/uploads\/2025\/07\/SIMPLY-MORE-Rich-Face-Cream.jpg\",\"contentUrl\":\"https:\/\/www.alternatievemiddelen.nl\/wp-content\/uploads\/2025\/07\/SIMPLY-MORE-Rich-Face-Cream.jpg\",\"width\":600,\"height\":800,\"caption\":\"SIMPLY MORE Rich Face Cream\"},{\"@type\":\"BreadcrumbList\",\"@id\":\"https:\/\/www.alternatievemiddelen.nl\/producten\/simply-more-rich-face-cream\/#breadcrumb\",\"itemListElement\":[{\"@type\":\"ListItem\",\"position\":1,\"name\":\"Home\",\"item\":\"https:\/\/www.alternatievemiddelen.nl\/\"},{\"@type\":\"ListItem\",\"position\":2,\"name\":\"Producten\",\"item\":\"https:\/\/www.alternatievemiddelen.nl\/producten\/\"},{\"@type\":\"ListItem\",\"position\":3,\"name\":\"SIMPLY MORE Rich Face Cream 50ml\"}]},{\"@type\":\"WebSite\",\"@id\":\"https:\/\/www.alternatievemiddelen.nl\/#website\",\"url\":\"https:\/\/www.alternatievemiddelen.nl\/\",\"name\":\"Alternatievemiddelen.nl\",\"description\":\"Webshop met gezonde, duurzame en ecologische alternatieve mogelijkheden in de hedendaagse levenstijl. Alles uit eigen ervaring.\",\"publisher\":{\"@id\":\"https:\/\/www.alternatievemiddelen.nl\/#organization\"},\"potentialAction\":[{\"@type\":\"SearchAction\",\"target\":{\"@type\":\"EntryPoint\",\"urlTemplate\":\"https:\/\/www.alternatievemiddelen.nl\/?s={search_term_string}\"},\"query-input\":{\"@type\":\"PropertyValueSpecification\",\"valueRequired\":true,\"valueName\":\"search_term_string\"}}],\"inLanguage\":\"fr-FR\"},{\"@type\":\"Organization\",\"@id\":\"https:\/\/www.alternatievemiddelen.nl\/#organization\",\"name\":\"Alternatievemiddelen.nl\",\"url\":\"https:\/\/www.alternatievemiddelen.nl\/\",\"logo\":{\"@type\":\"ImageObject\",\"inLanguage\":\"fr-FR\",\"@id\":\"https:\/\/www.alternatievemiddelen.nl\/#\/schema\/logo\/image\/\",\"url\":\"https:\/\/www.alternatievemiddelen.nl\/wp-content\/uploads\/2023\/10\/alternatievemiddelen-PNG-logo.png\",\"contentUrl\":\"https:\/\/www.alternatievemiddelen.nl\/wp-content\/uploads\/2023\/10\/alternatievemiddelen-PNG-logo.png\",\"width\":6400,\"height\":3062,\"caption\":\"Alternatievemiddelen.nl\"},\"image\":{\"@id\":\"https:\/\/www.alternatievemiddelen.nl\/#\/schema\/logo\/image\/\"}}]}<\/script>\n<!-- \/ Yoast SEO plugin. -->","yoast_head_json":{"title":"SIMPLY MORE Rich Face Cream 50ml - Alternatievemiddelen.nl","description":"De SIMPLY MORE Rich Face Cream heeft 100% natuurlijke oorsprong en herstelt perfect de hydrolipidenbarri\u00e8re en regenereert de huid vanaf het eerste gebruik.","robots":{"index":"index","follow":"follow","max-snippet":"max-snippet:-1","max-image-preview":"max-image-preview:large","max-video-preview":"max-video-preview:-1"},"canonical":"https:\/\/www.alternatievemiddelen.nl\/fr\/wp-json\/wp\/v2\/product\/48426","og_locale":"fr_FR","og_type":"article","og_title":"SIMPLY MORE Rich Face Cream 50ml - Alternatievemiddelen.nl","og_description":"De SIMPLY MORE Rich Face Cream heeft 100% natuurlijke oorsprong en herstelt perfect de hydrolipidenbarri\u00e8re en regenereert de huid vanaf het eerste gebruik.","og_url":"https:\/\/www.alternatievemiddelen.nl\/fr\/produits\/creme-visage-simply-more-rich\/","og_site_name":"Alternatievemiddelen.nl","article_modified_time":"2025-12-15T09:22:56+00:00","og_image":[{"width":600,"height":800,"url":"\/wp-content\/uploads\/2025\/07\/SIMPLY-MORE-Rich-Face-Cream.jpg","type":"image\/jpeg"}],"twitter_card":"summary_large_image","twitter_misc":{"Dur\u00e9e de lecture estim\u00e9e":"7 minutes"},"schema":{"@context":"https:\/\/schema.org","@graph":[{"@type":["WebPage","ItemPage"],"@id":"https:\/\/www.alternatievemiddelen.nl\/producten\/simply-more-rich-face-cream\/","url":"https:\/\/www.alternatievemiddelen.nl\/producten\/simply-more-rich-face-cream\/","name":"SIMPLY MORE Rich Face Cream 50ml - Alternatievemiddelen.nl","isPartOf":{"@id":"https:\/\/www.alternatievemiddelen.nl\/#website"},"primaryImageOfPage":{"@id":"https:\/\/www.alternatievemiddelen.nl\/producten\/simply-more-rich-face-cream\/#primaryimage"},"image":{"@id":"https:\/\/www.alternatievemiddelen.nl\/producten\/simply-more-rich-face-cream\/#primaryimage"},"thumbnailUrl":"https:\/\/www.alternatievemiddelen.nl\/wp-content\/uploads\/2025\/07\/SIMPLY-MORE-Rich-Face-Cream.jpg","datePublished":"2025-07-06T06:53:33+00:00","dateModified":"2025-12-15T09:22:56+00:00","description":"De SIMPLY MORE Rich Face Cream heeft 100% natuurlijke oorsprong en herstelt perfect de hydrolipidenbarri\u00e8re en regenereert de huid vanaf het eerste gebruik.","breadcrumb":{"@id":"https:\/\/www.alternatievemiddelen.nl\/producten\/simply-more-rich-face-cream\/#breadcrumb"},"inLanguage":"fr-FR","potentialAction":[{"@type":"ReadAction","target":["https:\/\/www.alternatievemiddelen.nl\/producten\/simply-more-rich-face-cream\/"]}]},{"@type":"ImageObject","inLanguage":"fr-FR","@id":"https:\/\/www.alternatievemiddelen.nl\/producten\/simply-more-rich-face-cream\/#primaryimage","url":"https:\/\/www.alternatievemiddelen.nl\/wp-content\/uploads\/2025\/07\/SIMPLY-MORE-Rich-Face-Cream.jpg","contentUrl":"https:\/\/www.alternatievemiddelen.nl\/wp-content\/uploads\/2025\/07\/SIMPLY-MORE-Rich-Face-Cream.jpg","width":600,"height":800,"caption":"SIMPLY MORE Rich Face Cream"},{"@type":"BreadcrumbList","@id":"https:\/\/www.alternatievemiddelen.nl\/producten\/simply-more-rich-face-cream\/#breadcrumb","itemListElement":[{"@type":"ListItem","position":1,"name":"Home","item":"https:\/\/www.alternatievemiddelen.nl\/"},{"@type":"ListItem","position":2,"name":"Producten","item":"https:\/\/www.alternatievemiddelen.nl\/producten\/"},{"@type":"ListItem","position":3,"name":"SIMPLY MORE Rich Face Cream 50ml"}]},{"@type":"WebSite","@id":"https:\/\/www.alternatievemiddelen.nl\/#website","url":"https:\/\/www.alternatievemiddelen.nl\/","name":"Alternatievemiddelen.nl","description":"Webshop met gezonde, duurzame en ecologische alternatieve mogelijkheden in de hedendaagse levenstijl. Alles uit eigen ervaring.","publisher":{"@id":"https:\/\/www.alternatievemiddelen.nl\/#organization"},"potentialAction":[{"@type":"SearchAction","target":{"@type":"EntryPoint","urlTemplate":"https:\/\/www.alternatievemiddelen.nl\/?s={search_term_string}"},"query-input":{"@type":"PropertyValueSpecification","valueRequired":true,"valueName":"search_term_string"}}],"inLanguage":"fr-FR"},{"@type":"Organization","@id":"https:\/\/www.alternatievemiddelen.nl\/#organization","name":"Alternatievemiddelen.nl","url":"https:\/\/www.alternatievemiddelen.nl\/","logo":{"@type":"ImageObject","inLanguage":"fr-FR","@id":"https:\/\/www.alternatievemiddelen.nl\/#\/schema\/logo\/image\/","url":"https:\/\/www.alternatievemiddelen.nl\/wp-content\/uploads\/2023\/10\/alternatievemiddelen-PNG-logo.png","contentUrl":"https:\/\/www.alternatievemiddelen.nl\/wp-content\/uploads\/2023\/10\/alternatievemiddelen-PNG-logo.png","width":6400,"height":3062,"caption":"Alternatievemiddelen.nl"},"image":{"@id":"https:\/\/www.alternatievemiddelen.nl\/#\/schema\/logo\/image\/"}}]}},"_links":{"self":[{"href":"https:\/\/www.alternatievemiddelen.nl\/fr\/wp-json\/wp\/v2\/product\/48426","targetHints":{"allow":["GET"]}}],"collection":[{"href":"https:\/\/www.alternatievemiddelen.nl\/fr\/wp-json\/wp\/v2\/product"}],"about":[{"href":"https:\/\/www.alternatievemiddelen.nl\/fr\/wp-json\/wp\/v2\/types\/product"}],"replies":[{"embeddable":true,"href":"https:\/\/www.alternatievemiddelen.nl\/fr\/wp-json\/wp\/v2\/comments?post=48426"}],"wp:featuredmedia":[{"embeddable":true,"href":"https:\/\/www.alternatievemiddelen.nl\/fr\/wp-json\/wp\/v2\/media\/48433"}],"wp:attachment":[{"href":"https:\/\/www.alternatievemiddelen.nl\/fr\/wp-json\/wp\/v2\/media?parent=48426"}],"wp:term":[{"taxonomy":"product_brand","embeddable":true,"href":"https:\/\/www.alternatievemiddelen.nl\/fr\/wp-json\/wp\/v2\/product_brand?post=48426"},{"taxonomy":"product_cat","embeddable":true,"href":"https:\/\/www.alternatievemiddelen.nl\/fr\/wp-json\/wp\/v2\/product_cat?post=48426"},{"taxonomy":"product_tag","embeddable":true,"href":"https:\/\/www.alternatievemiddelen.nl\/fr\/wp-json\/wp\/v2\/product_tag?post=48426"},{"taxonomy":"merk","embeddable":true,"href":"https:\/\/www.alternatievemiddelen.nl\/fr\/wp-json\/wp\/v2\/merk?post=48426"}],"curies":[{"name":"wp","href":"https:\/\/api.w.org\/{rel}","templated":true}]}}