{"id":48434,"date":"2025-07-06T09:12:03","date_gmt":"2025-07-06T07:12:03","guid":{"rendered":"https:\/\/www.alternatievemiddelen.nl\/?post_type=product&#038;p=48434"},"modified":"2025-12-15T10:23:27","modified_gmt":"2025-12-15T09:23:27","slug":"simply-more-zombie-serum-anti-aging-serum","status":"publish","type":"product","link":"https:\/\/www.alternatievemiddelen.nl\/fr\/produits\/simply-more-zombie-serum-serum-anti-vieillissement\/","title":{"rendered":"SIMPLY MORE Zombie Serum (s\u00e9rum anti-\u00e2ge) 30ml"},"content":{"rendered":"<p>SIMPLY MORE Zombie Serum - un s\u00e9rum r\u00e9volutionnaire pour le visage contenant un ingr\u00e9dient innovant qui \u00e9limine les cellules vieillissantes de l'\u00e9piderme, ce que l'on appelle la \" peau d'orange \". <b>\"cellules \"zombies<\/b>. Il s'agit de cellules qui ne sont plus capables de se diviser et de se r\u00e9g\u00e9n\u00e9rer et qui peuvent provoquer des inflammations et acc\u00e9l\u00e9rer le processus de vieillissement de la peau.<\/p>\n<p>Le s\u00e9rum ralentit le processus de vieillissement et r\u00e9duit les signes de fatigue cutan\u00e9e. Il donne \u00e0 la peau un <b>effet de remplissage<\/b> et laisse la peau <b>rafra\u00eechit<\/b> et <b>\u00e9quip\u00e9<\/b> derri\u00e8re. En outre, il r\u00e9duit les rougeurs et soutient les processus de r\u00e9g\u00e9n\u00e9ration et de protection.<\/p>\n<p>SIMPLEMENT PLUS <b>S\u00e9rum pour zombies<\/b> est un <b>100% s\u00e9rum \u00e9mulsion naturel<\/b> avec un <b>enveloppant<\/b> coh\u00e9rence. Contient :<\/p>\n<ul>\n<li><b>Extrait de rose des Alpes suisses<\/b> - un extrait innovant qui <b>\"cellules \"zombies<\/b> \u00e9limine et rajeunit les couches profondes de l'\u00e9piderme,<\/li>\n<li><b>Ectoine<\/b> - prot\u00e8ge la peau des agressions ext\u00e9rieures et favorise les processus de r\u00e9g\u00e9n\u00e9ration,<\/li>\n<li><b>Extrait de champignon des neiges<\/b> - un \u00e9quivalent naturel de <b>acide hyaluronique<\/b>qui hydrate et lisse la peau,<\/li>\n<li><b>Inositol<\/b> - un <b>recycl\u00e9<\/b> Mati\u00e8re premi\u00e8re originaire de Finlande, issue de la transformation de la betterave, qui aide \u00e0 lutter contre les sympt\u00f4mes de fatigue cutan\u00e9e et am\u00e9liore l'\u00e9lasticit\u00e9 de la peau.<\/li>\n<\/ul>\n<p><img decoding=\"async\" src=\"\/wp-content\/uploads\/2025\/07\/SIMPLY-MORE-keurmerken-300x78.jpg\" alt=\"\u00c9tiquettes SIMPLY MORE\" width=\"300\" height=\"78\" class=\"size-medium wp-image-48623\" srcset=\"https:\/\/www.alternatievemiddelen.nl\/wp-content\/uploads\/2025\/07\/SIMPLY-MORE-keurmerken-300x78.jpg 300w, https:\/\/www.alternatievemiddelen.nl\/wp-content\/uploads\/2025\/07\/SIMPLY-MORE-keurmerken-18x5.jpg 18w, https:\/\/www.alternatievemiddelen.nl\/wp-content\/uploads\/2025\/07\/SIMPLY-MORE-keurmerken.jpg 441w\" sizes=\"(max-width: 300px) 100vw, 300px\" \/><br \/>\n&nbsp;<\/p>\n<h3>QUE FAIT LE S\u00c9RUM SIMPLY MORE ZOMBIE ?<\/h3>\n<p><b><u>RAJEUNISSEMENT VISIBLE EN DOUCEUR :<\/b><\/u><\/p>\n<p>1. \u00c9limine les cellules \"zombies \"* de l'\u00e9piderme, rendant la peau plus jeune, plus pulpeuse et plus repos\u00e9e.<br \/>\n2. Raffermit et \u00e9claircit la peau gr\u00e2ce \u00e0 l'extrait de champignon des neiges (un \u00e9quivalent naturel de l'acide hyaluronique).<br \/>\n3. Prot\u00e8ge la peau contre les agressions ext\u00e9rieures et favorise les processus de r\u00e9g\u00e9n\u00e9ration gr\u00e2ce \u00e0 sa teneur en ecto\u00efne.<br \/>\nLe s\u00e9rum Zombie raffermit, hydrate et repulpe visiblement la peau d\u00e8s la premi\u00e8re utilisation. Il stimule la r\u00e9g\u00e9n\u00e9ration de la peau et a des effets anti-\u00e2ge au niveau cellulaire. Il donne \u00e0 la peau une apparence visiblement plus jeune, plus lisse et plus repos\u00e9e apr\u00e8s seulement 4 semaines.<\/p>\n<p><i>* Les cellules \"zombies\" sont des cellules qui ne se divisent plus et qui peuvent acc\u00e9l\u00e9rer le processus de vieillissement de la peau et provoquer des inflammations.<\/i><br \/>\n&nbsp;<\/p>\n<h3>QU'EST-CE QUI REND CE PRODUIT UNIQUE ?<\/h3>\n<ul>\n<li><b>100% origine naturelle<\/b> (pas 98%, pas 99% - vraiment 100% !)<\/li>\n<li><b>Coh\u00e9rence<\/b>: comme un nuage ! D\u00e9licate et \u00e9mulsionnante, elle enveloppe agr\u00e9ablement la peau et est rapidement absorb\u00e9e (ne laisse pas d'effet collant ou lourd).<\/li>\n<li><b>Extrait innovant de rose des Alpes<\/b> qui \u00e9limine les cellules \"zombies\" vieillissantes de l'\u00e9piderme<\/li>\n<li><b>Donne \u00e0 la peau un aspect visiblement plus jeune et plus repos\u00e9<\/b><\/li>\n<li><b>Sans odeur<\/b> (convient aux peaux sujettes aux allergies)<\/li>\n<\/ul>\n<p>&nbsp;<\/p>\n<h3>POUR QUI ?<\/h3>\n<p>Ce s\u00e9rum convient \u00e0 :<\/p>\n<ul>\n<li>Peau s\u00e8che et tr\u00e8s s\u00e8che<\/li>\n<li>Peau mixte<\/li>\n<li>Peau grasse<\/li>\n<li>Peau sujette aux allergies<\/li>\n<li>Peau \u00e0 probl\u00e8mes<\/li>\n<li>Peau avec acn\u00e9<\/li>\n<li>Peau avec dermatite atopique<\/li>\n<li>Peau dont la barri\u00e8re hydro-lipidique est endommag\u00e9e<\/li>\n<\/ul>\n<p>&nbsp;<br \/>\n<b>Une parfaite \"injection\" de vieillissement lent pour les peaux fatigu\u00e9es et matures.<\/b><\/p>\n<p>Le produit a \u00e9t\u00e9 test\u00e9 sur des peaux sensibles et allergiques.<\/p>\n<p>Sans danger pour les femmes enceintes et allaitantes.<br \/>\n&nbsp;<\/p>\n<h3>INGR\u00c9DIENTS ET EXPLICATIONS<\/h3>\n<p><b>INCI<\/b>: Aqua, Pentylene Glycol, Polyglyceryl-6 Stearate, Lauryl Oleate, Tripelargonin, Squalane, Isoamyl Laurate, Glycerin, Ectoine, Inositol, Tremella Fuciformis Sporocarp Extract, Rhododendron Ferrugineum Extract, Tocopherol, Polyglyceryl-6 Behenate, Xanthan Gum, Helianthus Annuus Seed Oil.<\/p>\n<p><b>Aqua<\/b> - de l'eau ; apr\u00e8s tout, nous sommes constitu\u00e9s de 60% d'eau.<br \/>\n<b>Pentyl\u00e8ne glycol<\/b> - Humectant naturel - substance qui retient l'eau dans la peau. Obtenu \u00e0 partir de la canne \u00e0 sucre. Procure une peau douce comme du velours et augmente l'efficacit\u00e9 des autres ingr\u00e9dients. Action : antimicrobienne, \u00e9molliente.<br \/>\n<b>St\u00e9arate de polyglyc\u00e9ryle-6<\/b> - \u00c9mulsifiant naturel d'origine v\u00e9g\u00e9tale, ou substance qui forme une \u00e9mulsion s\u00e9rique. Obtenu \u00e0 partir d'huile de colza et d'acides gras de l'huile de coco. Stabilise la masse du s\u00e9rum et adoucit la peau.<br \/>\n<b>Ol\u00e9ate de lauryle<\/b> - \u00c9mollient naturel d'origine v\u00e9g\u00e9tale de nouvelle g\u00e9n\u00e9ration. Action : adoucit et lisse la peau.<br \/>\n<b>Tripelargonin<\/b> - Un \u00e9mollient d\u00e9licat issu du chardon-marie. Hydrate et r\u00e9duit les irritations. A un effet \u00e9mollient et am\u00e9liore l'\u00e9lasticit\u00e9 de la peau. Favorise le microbiote de la peau.<br \/>\n<b>Squalane<\/b> - Huile obtenue \u00e0 partir de l'huile d'olive. Elle est unique car elle est naturellement pr\u00e9sente dans notre s\u00e9bum, la couche de graisse protectrice de la peau. Elle scelle la barri\u00e8re hydro-lipidique et emp\u00eache la perte d'eau. En tant qu'antioxydant, similaire aux vitamines C et D, elle emp\u00eache l'oxydation de nos lipides (cellules graisseuses). Effet : am\u00e9lioration de la structure de la couche lipidique de la peau. Action : anti-inflammatoire, nourrissante, retient l'eau.<br \/>\n<b>Laurate d'isoamyle<\/b> - Emollient naturel, hydratant et \u00e9mollient \u00e0 base de graines de bl\u00e9 et d'huile de coco. Il cr\u00e9e un \"pansement occlusif\", c'est-\u00e0-dire qu'il prot\u00e8ge l'\u00e9piderme contre la perte d'eau. Fabriqu\u00e9 en Allemagne, le processus de fabrication est 100% aliment\u00e9 par des \u00e9nergies renouvelables.<br \/>\n<b>Glyc\u00e9rine<\/b> - Poss\u00e8de une large gamme d'effets soignants, c'est un excellent humectant. Facilite l'absorption d'autres substances par la peau.<br \/>\n<b>Ectoine<\/b> - Prot\u00e8ge la peau contre les facteurs externes, les allerg\u00e8nes et les micro-organismes et favorise les processus de r\u00e9g\u00e9n\u00e9ration.<br \/>\n<b>Inositol<\/b> - Mati\u00e8re premi\u00e8re recycl\u00e9e provenant de Finlande, cr\u00e9\u00e9e lors de la transformation de la betterave. Aide \u00e0 lutter contre les signes de fatigue cutan\u00e9e et am\u00e9liore l'\u00e9lasticit\u00e9.<br \/>\n<b>Extrait de Sporocarpe de Tremella fuciformis<\/b> - Extrait de champignon des neiges. Un \u00e9quivalent naturel de l'acide hyaluronique, qui poss\u00e8de une capacit\u00e9 unique \u00e0 lier l'eau. Hydrate et adoucit la peau.<br \/>\n<b>Extrait de Rhododendron ferrugineum<\/b> - Extrait de rose des Alpes. Extrait innovant de rose des Alpes suisses. \u00c9limine les cellules \"zombies\", ralentit le processus de vieillissement et rajeunit les couches profondes de l'\u00e9piderme.<br \/>\n<b>Tocoph\u00e9rol<\/b> - Tout simplement la vitamine E, ou vitamine de la jeunesse. Action : ralentit le vieillissement cutan\u00e9, rend la peau plus \u00e9lastique.<br \/>\n<b>Behenate de polyglyc\u00e9ryle-6<\/b> - \u00c9mulsifiant naturel d'origine v\u00e9g\u00e9tale. Stabilise la masse du s\u00e9rum et hydrate la peau.<br \/>\n<b>Gomme xanthane<\/b> - Agent \u00e9paississant d'origine naturelle. Action : hydratante et \u00e9molliente.<br \/>\n<b>Huile de graines d'Helianthus Annuus<\/b> - huile de graines de tournesol. Hydrate et prot\u00e8ge.<br \/>\n&nbsp;<\/p>\n<h3>COMMENT UTILISER LE S\u00c9RUM SIMPLY MORE ZOMBIE ?<\/h3>\n<p>Appliquer tous les matins et\/ou tous les soirs <b>2-4 gouttes<\/b> Appliquer le s\u00e9rum sur la peau propre du visage, du cou et du d\u00e9collet\u00e9. Masser d\u00e9licatement par mouvements circulaires. Appliquer ensuite une cr\u00e8me hydratante.<\/p>\n<p>Dans le cadre de la <b>routine matinale<\/b> Nous recommandons d'utiliser le s\u00e9rum apr\u00e8s avoir lav\u00e9 le visage avec l'\u00e9mulsion, puis d'appliquer la Cr\u00e8me visage hydratante.<\/p>\n<p>Dans le cadre de la <b>routine du soir<\/b> Appliquez le s\u00e9rum apr\u00e8s avoir nettoy\u00e9 le visage et compl\u00e9tez le soin avec la Cr\u00e8me Riche R\u00e9g\u00e9n\u00e9rante pour le Visage.<\/p>\n<p>Pour de meilleurs r\u00e9sultats, <b>A utiliser pendant au moins 4 semaines.<\/b><br \/>\n&nbsp;<\/p>\n<h3>EMBALLAGE<\/h3>\n<p>Contenu : 30ml<\/p>\n<p>Le s\u00e9rum pour zombies SIMPLY MORE est pr\u00e9sent\u00e9 dans un flacon en verre avec pipette. <b>application pr\u00e9cise et s\u00fbre<\/b>.<\/p>\n<ul>\n<li>L'emballage est enti\u00e8rement recyclable<\/li>\n<li>L'\u00e9tiquette est imprim\u00e9e sur du mat\u00e9riel recycl\u00e9<\/li>\n<li>La bo\u00eete est fabriqu\u00e9e en Pologne \u00e0 partir de papier certifi\u00e9 FSC\u00ae provenant de for\u00eats g\u00e9r\u00e9es durablement.<\/li>\n<\/ul>","protected":false},"excerpt":{"rendered":"<p>SIMPLY MORE Zombie Serum est un s\u00e9rum facial r\u00e9volutionnaire contenant un ingr\u00e9dient qui \u00e9limine les cellules vieillissantes (cellules \"zombies\") de l'\u00e9piderme.<\/p>\n<p>Profitez des remises sur les quantit\u00e9s ou d\u00e9finissez <a href=\"https:\/\/www.alternatievemiddelen.nl\/fr\/produits\/coffret-de-soins-simply-more\/\">ici<\/a> composez votre propre assortiment de produits SIMPLY MORE et b\u00e9n\u00e9ficiez \u00e9galement de r\u00e9ductions.<\/p>","protected":false},"featured_media":48441,"comment_status":"open","ping_status":"closed","template":"","meta":[],"product_brand":[],"product_cat":[2945,3730],"product_tag":[3736,3746,3735,3737,3732,3745,3748,3747],"merk":[3729],"class_list":{"0":"post-48434","1":"product","2":"type-product","3":"status-publish","4":"has-post-thumbnail","6":"product_cat-natuurlijke-verzorging","7":"product_cat-simply-more-huidverzorging","8":"product_tag-100-natuurlijk","9":"product_tag-anti-aging-serum","10":"product_tag-huidverzorging","11":"product_tag-natuurlijke-ingredienten","12":"product_tag-simply-more","13":"product_tag-simply-more-zombie-serum-anti-aging-serum","14":"product_tag-zombie-serum","15":"product_tag-zombie-serum-anti-aging-serum","16":"merk-simply-more","18":"first","19":"instock","20":"taxable","21":"shipping-taxable","22":"purchasable","23":"product-type-simple"},"bundled_by":["48629"],"bundle_stock_status":"instock","bundle_stock_quantity":null,"bundle_virtual":false,"bundle_layout":"","bundle_add_to_cart_form_location":"","bundle_editable_in_cart":false,"bundle_sold_individually_context":"","bundle_item_grouping":"","bundle_min_size":"","bundle_max_size":"","bundle_price":[],"bundled_items":[],"bundle_sell_ids":[44176,48413,48426,48400,48421],"yoast_head":"<!-- This site is optimized with the Yoast SEO plugin v26.1 - https:\/\/yoast.com\/wordpress\/plugins\/seo\/ -->\n<title>SIMPLY MORE Zombie Serum (anti-aging serum) 30ml - Alternatievemiddelen.nl<\/title>\n<meta name=\"description\" content=\"SIMPLY MORE Zombie Serum is een revolutionair gezichtserum met een ingredi\u00ebnt dat verouderende cellen (&quot;zombie&quot; cellen) uit de opperhuid verwijdert.\" \/>\n<meta name=\"robots\" content=\"index, follow, max-snippet:-1, max-image-preview:large, max-video-preview:-1\" \/>\n<link rel=\"canonical\" href=\"https:\/\/www.alternatievemiddelen.nl\/fr\/wp-json\/wp\/v2\/product\/48434\" \/>\n<meta property=\"og:locale\" content=\"fr_FR\" \/>\n<meta property=\"og:type\" content=\"article\" \/>\n<meta property=\"og:title\" content=\"SIMPLY MORE Zombie Serum (anti-aging serum) 30ml - Alternatievemiddelen.nl\" \/>\n<meta property=\"og:description\" content=\"SIMPLY MORE Zombie Serum is een revolutionair gezichtserum met een ingredi\u00ebnt dat verouderende cellen (&quot;zombie&quot; cellen) uit de opperhuid verwijdert.\" \/>\n<meta property=\"og:url\" content=\"https:\/\/www.alternatievemiddelen.nl\/fr\/produits\/simply-more-zombie-serum-serum-anti-vieillissement\/\" \/>\n<meta property=\"og:site_name\" content=\"Alternatievemiddelen.nl\" \/>\n<meta property=\"article:modified_time\" content=\"2025-12-15T09:23:27+00:00\" \/>\n<meta property=\"og:image\" content=\"\/wp-content\/uploads\/2025\/07\/SIMPLY-MORE-Zombie-Serum-anti-aging-serum.jpg\" \/>\n\t<meta property=\"og:image:width\" content=\"600\" \/>\n\t<meta property=\"og:image:height\" content=\"800\" \/>\n\t<meta property=\"og:image:type\" content=\"image\/jpeg\" \/>\n<meta name=\"twitter:card\" content=\"summary_large_image\" \/>\n<meta name=\"twitter:label1\" content=\"Dur\u00e9e de lecture estim\u00e9e\" \/>\n\t<meta name=\"twitter:data1\" content=\"6 minutes\" \/>\n<script type=\"application\/ld+json\" class=\"yoast-schema-graph\">{\"@context\":\"https:\/\/schema.org\",\"@graph\":[{\"@type\":[\"WebPage\",\"ItemPage\"],\"@id\":\"https:\/\/www.alternatievemiddelen.nl\/producten\/simply-more-zombie-serum-anti-aging-serum\/\",\"url\":\"https:\/\/www.alternatievemiddelen.nl\/producten\/simply-more-zombie-serum-anti-aging-serum\/\",\"name\":\"SIMPLY MORE Zombie Serum (anti-aging serum) 30ml - Alternatievemiddelen.nl\",\"isPartOf\":{\"@id\":\"https:\/\/www.alternatievemiddelen.nl\/#website\"},\"primaryImageOfPage\":{\"@id\":\"https:\/\/www.alternatievemiddelen.nl\/producten\/simply-more-zombie-serum-anti-aging-serum\/#primaryimage\"},\"image\":{\"@id\":\"https:\/\/www.alternatievemiddelen.nl\/producten\/simply-more-zombie-serum-anti-aging-serum\/#primaryimage\"},\"thumbnailUrl\":\"https:\/\/www.alternatievemiddelen.nl\/wp-content\/uploads\/2025\/07\/SIMPLY-MORE-Zombie-Serum-anti-aging-serum.jpg\",\"datePublished\":\"2025-07-06T07:12:03+00:00\",\"dateModified\":\"2025-12-15T09:23:27+00:00\",\"description\":\"SIMPLY MORE Zombie Serum is een revolutionair gezichtserum met een ingredi\u00ebnt dat verouderende cellen (\\\"zombie\\\" cellen) uit de opperhuid verwijdert.\",\"breadcrumb\":{\"@id\":\"https:\/\/www.alternatievemiddelen.nl\/producten\/simply-more-zombie-serum-anti-aging-serum\/#breadcrumb\"},\"inLanguage\":\"fr-FR\",\"potentialAction\":[{\"@type\":\"ReadAction\",\"target\":[\"https:\/\/www.alternatievemiddelen.nl\/producten\/simply-more-zombie-serum-anti-aging-serum\/\"]}]},{\"@type\":\"ImageObject\",\"inLanguage\":\"fr-FR\",\"@id\":\"https:\/\/www.alternatievemiddelen.nl\/producten\/simply-more-zombie-serum-anti-aging-serum\/#primaryimage\",\"url\":\"https:\/\/www.alternatievemiddelen.nl\/wp-content\/uploads\/2025\/07\/SIMPLY-MORE-Zombie-Serum-anti-aging-serum.jpg\",\"contentUrl\":\"https:\/\/www.alternatievemiddelen.nl\/wp-content\/uploads\/2025\/07\/SIMPLY-MORE-Zombie-Serum-anti-aging-serum.jpg\",\"width\":600,\"height\":800,\"caption\":\"SIMPLY MORE Zombie Serum anti-aging serum\"},{\"@type\":\"BreadcrumbList\",\"@id\":\"https:\/\/www.alternatievemiddelen.nl\/producten\/simply-more-zombie-serum-anti-aging-serum\/#breadcrumb\",\"itemListElement\":[{\"@type\":\"ListItem\",\"position\":1,\"name\":\"Home\",\"item\":\"https:\/\/www.alternatievemiddelen.nl\/\"},{\"@type\":\"ListItem\",\"position\":2,\"name\":\"Producten\",\"item\":\"https:\/\/www.alternatievemiddelen.nl\/producten\/\"},{\"@type\":\"ListItem\",\"position\":3,\"name\":\"SIMPLY MORE Zombie Serum (anti-aging serum) 30ml\"}]},{\"@type\":\"WebSite\",\"@id\":\"https:\/\/www.alternatievemiddelen.nl\/#website\",\"url\":\"https:\/\/www.alternatievemiddelen.nl\/\",\"name\":\"Alternatievemiddelen.nl\",\"description\":\"Webshop met gezonde, duurzame en ecologische alternatieve mogelijkheden in de hedendaagse levenstijl. Alles uit eigen ervaring.\",\"publisher\":{\"@id\":\"https:\/\/www.alternatievemiddelen.nl\/#organization\"},\"potentialAction\":[{\"@type\":\"SearchAction\",\"target\":{\"@type\":\"EntryPoint\",\"urlTemplate\":\"https:\/\/www.alternatievemiddelen.nl\/?s={search_term_string}\"},\"query-input\":{\"@type\":\"PropertyValueSpecification\",\"valueRequired\":true,\"valueName\":\"search_term_string\"}}],\"inLanguage\":\"fr-FR\"},{\"@type\":\"Organization\",\"@id\":\"https:\/\/www.alternatievemiddelen.nl\/#organization\",\"name\":\"Alternatievemiddelen.nl\",\"url\":\"https:\/\/www.alternatievemiddelen.nl\/\",\"logo\":{\"@type\":\"ImageObject\",\"inLanguage\":\"fr-FR\",\"@id\":\"https:\/\/www.alternatievemiddelen.nl\/#\/schema\/logo\/image\/\",\"url\":\"https:\/\/www.alternatievemiddelen.nl\/wp-content\/uploads\/2023\/10\/alternatievemiddelen-PNG-logo.png\",\"contentUrl\":\"https:\/\/www.alternatievemiddelen.nl\/wp-content\/uploads\/2023\/10\/alternatievemiddelen-PNG-logo.png\",\"width\":6400,\"height\":3062,\"caption\":\"Alternatievemiddelen.nl\"},\"image\":{\"@id\":\"https:\/\/www.alternatievemiddelen.nl\/#\/schema\/logo\/image\/\"}}]}<\/script>\n<!-- \/ Yoast SEO plugin. -->","yoast_head_json":{"title":"SIMPLY MORE Zombie Serum (anti-aging serum) 30ml - Alternatievemiddelen.nl","description":"SIMPLY MORE Zombie Serum is een revolutionair gezichtserum met een ingredi\u00ebnt dat verouderende cellen (\"zombie\" cellen) uit de opperhuid verwijdert.","robots":{"index":"index","follow":"follow","max-snippet":"max-snippet:-1","max-image-preview":"max-image-preview:large","max-video-preview":"max-video-preview:-1"},"canonical":"https:\/\/www.alternatievemiddelen.nl\/fr\/wp-json\/wp\/v2\/product\/48434","og_locale":"fr_FR","og_type":"article","og_title":"SIMPLY MORE Zombie Serum (anti-aging serum) 30ml - Alternatievemiddelen.nl","og_description":"SIMPLY MORE Zombie Serum is een revolutionair gezichtserum met een ingredi\u00ebnt dat verouderende cellen (\"zombie\" cellen) uit de opperhuid verwijdert.","og_url":"https:\/\/www.alternatievemiddelen.nl\/fr\/produits\/simply-more-zombie-serum-serum-anti-vieillissement\/","og_site_name":"Alternatievemiddelen.nl","article_modified_time":"2025-12-15T09:23:27+00:00","og_image":[{"width":600,"height":800,"url":"\/wp-content\/uploads\/2025\/07\/SIMPLY-MORE-Zombie-Serum-anti-aging-serum.jpg","type":"image\/jpeg"}],"twitter_card":"summary_large_image","twitter_misc":{"Dur\u00e9e de lecture estim\u00e9e":"6 minutes"},"schema":{"@context":"https:\/\/schema.org","@graph":[{"@type":["WebPage","ItemPage"],"@id":"https:\/\/www.alternatievemiddelen.nl\/producten\/simply-more-zombie-serum-anti-aging-serum\/","url":"https:\/\/www.alternatievemiddelen.nl\/producten\/simply-more-zombie-serum-anti-aging-serum\/","name":"SIMPLY MORE Zombie Serum (anti-aging serum) 30ml - Alternatievemiddelen.nl","isPartOf":{"@id":"https:\/\/www.alternatievemiddelen.nl\/#website"},"primaryImageOfPage":{"@id":"https:\/\/www.alternatievemiddelen.nl\/producten\/simply-more-zombie-serum-anti-aging-serum\/#primaryimage"},"image":{"@id":"https:\/\/www.alternatievemiddelen.nl\/producten\/simply-more-zombie-serum-anti-aging-serum\/#primaryimage"},"thumbnailUrl":"https:\/\/www.alternatievemiddelen.nl\/wp-content\/uploads\/2025\/07\/SIMPLY-MORE-Zombie-Serum-anti-aging-serum.jpg","datePublished":"2025-07-06T07:12:03+00:00","dateModified":"2025-12-15T09:23:27+00:00","description":"SIMPLY MORE Zombie Serum is een revolutionair gezichtserum met een ingredi\u00ebnt dat verouderende cellen (\"zombie\" cellen) uit de opperhuid verwijdert.","breadcrumb":{"@id":"https:\/\/www.alternatievemiddelen.nl\/producten\/simply-more-zombie-serum-anti-aging-serum\/#breadcrumb"},"inLanguage":"fr-FR","potentialAction":[{"@type":"ReadAction","target":["https:\/\/www.alternatievemiddelen.nl\/producten\/simply-more-zombie-serum-anti-aging-serum\/"]}]},{"@type":"ImageObject","inLanguage":"fr-FR","@id":"https:\/\/www.alternatievemiddelen.nl\/producten\/simply-more-zombie-serum-anti-aging-serum\/#primaryimage","url":"https:\/\/www.alternatievemiddelen.nl\/wp-content\/uploads\/2025\/07\/SIMPLY-MORE-Zombie-Serum-anti-aging-serum.jpg","contentUrl":"https:\/\/www.alternatievemiddelen.nl\/wp-content\/uploads\/2025\/07\/SIMPLY-MORE-Zombie-Serum-anti-aging-serum.jpg","width":600,"height":800,"caption":"SIMPLY MORE Zombie Serum anti-aging serum"},{"@type":"BreadcrumbList","@id":"https:\/\/www.alternatievemiddelen.nl\/producten\/simply-more-zombie-serum-anti-aging-serum\/#breadcrumb","itemListElement":[{"@type":"ListItem","position":1,"name":"Home","item":"https:\/\/www.alternatievemiddelen.nl\/"},{"@type":"ListItem","position":2,"name":"Producten","item":"https:\/\/www.alternatievemiddelen.nl\/producten\/"},{"@type":"ListItem","position":3,"name":"SIMPLY MORE Zombie Serum (anti-aging serum) 30ml"}]},{"@type":"WebSite","@id":"https:\/\/www.alternatievemiddelen.nl\/#website","url":"https:\/\/www.alternatievemiddelen.nl\/","name":"Alternatievemiddelen.nl","description":"Webshop met gezonde, duurzame en ecologische alternatieve mogelijkheden in de hedendaagse levenstijl. Alles uit eigen ervaring.","publisher":{"@id":"https:\/\/www.alternatievemiddelen.nl\/#organization"},"potentialAction":[{"@type":"SearchAction","target":{"@type":"EntryPoint","urlTemplate":"https:\/\/www.alternatievemiddelen.nl\/?s={search_term_string}"},"query-input":{"@type":"PropertyValueSpecification","valueRequired":true,"valueName":"search_term_string"}}],"inLanguage":"fr-FR"},{"@type":"Organization","@id":"https:\/\/www.alternatievemiddelen.nl\/#organization","name":"Alternatievemiddelen.nl","url":"https:\/\/www.alternatievemiddelen.nl\/","logo":{"@type":"ImageObject","inLanguage":"fr-FR","@id":"https:\/\/www.alternatievemiddelen.nl\/#\/schema\/logo\/image\/","url":"https:\/\/www.alternatievemiddelen.nl\/wp-content\/uploads\/2023\/10\/alternatievemiddelen-PNG-logo.png","contentUrl":"https:\/\/www.alternatievemiddelen.nl\/wp-content\/uploads\/2023\/10\/alternatievemiddelen-PNG-logo.png","width":6400,"height":3062,"caption":"Alternatievemiddelen.nl"},"image":{"@id":"https:\/\/www.alternatievemiddelen.nl\/#\/schema\/logo\/image\/"}}]}},"_links":{"self":[{"href":"https:\/\/www.alternatievemiddelen.nl\/fr\/wp-json\/wp\/v2\/product\/48434","targetHints":{"allow":["GET"]}}],"collection":[{"href":"https:\/\/www.alternatievemiddelen.nl\/fr\/wp-json\/wp\/v2\/product"}],"about":[{"href":"https:\/\/www.alternatievemiddelen.nl\/fr\/wp-json\/wp\/v2\/types\/product"}],"replies":[{"embeddable":true,"href":"https:\/\/www.alternatievemiddelen.nl\/fr\/wp-json\/wp\/v2\/comments?post=48434"}],"wp:featuredmedia":[{"embeddable":true,"href":"https:\/\/www.alternatievemiddelen.nl\/fr\/wp-json\/wp\/v2\/media\/48441"}],"wp:attachment":[{"href":"https:\/\/www.alternatievemiddelen.nl\/fr\/wp-json\/wp\/v2\/media?parent=48434"}],"wp:term":[{"taxonomy":"product_brand","embeddable":true,"href":"https:\/\/www.alternatievemiddelen.nl\/fr\/wp-json\/wp\/v2\/product_brand?post=48434"},{"taxonomy":"product_cat","embeddable":true,"href":"https:\/\/www.alternatievemiddelen.nl\/fr\/wp-json\/wp\/v2\/product_cat?post=48434"},{"taxonomy":"product_tag","embeddable":true,"href":"https:\/\/www.alternatievemiddelen.nl\/fr\/wp-json\/wp\/v2\/product_tag?post=48434"},{"taxonomy":"merk","embeddable":true,"href":"https:\/\/www.alternatievemiddelen.nl\/fr\/wp-json\/wp\/v2\/merk?post=48434"}],"curies":[{"name":"wp","href":"https:\/\/api.w.org\/{rel}","templated":true}]}}