{"id":49058,"date":"2025-09-21T08:00:17","date_gmt":"2025-09-21T06:00:17","guid":{"rendered":"https:\/\/www.alternatievemiddelen.nl\/?post_type=product&#038;p=49058"},"modified":"2025-12-15T11:00:13","modified_gmt":"2025-12-15T10:00:13","slug":"moon-flow-winter-thee","status":"publish","type":"product","link":"https:\/\/www.alternatievemiddelen.nl\/fr\/produits\/the-dhiver-moon-flow\/","title":{"rendered":"Moon Flow Winter tea | Th\u00e9 menstruel - 75 gr"},"content":{"rendered":"<p>Faites l'exp\u00e9rience de la puissance du th\u00e9 Moon Flow Winter comprenant du manteau de dame, de la feuille de framboisier et du gingembre pour un plus grand confort pendant vos r\u00e8gles.<br \/>\n- Soutient l'\u00e9quilibre naturel en cas d'inconfort<br \/>\n- M\u00e9lange d'\u00e9pices, m\u00e9lang\u00e9 \u00e0 la main<br \/>\n- Contenu : 75 grammes<br \/>\n- 100% d\u00e9caf\u00e9in\u00e9<br \/>\n&nbsp;<\/p>\n<h3>Ingr\u00e9dients :<\/h3>\n<p>Anis vert, feuille de framboisier, \u00e9corce d'orange, fenouil, ortie, m\u00e9lisse, citronnelle, fleur de tournesol, cannelle, anis \u00e9toil\u00e9, gingembre, cardamome, clous de girofle.<br \/>\n&nbsp;<\/p>\n<h3>Qu'est-ce que le th\u00e9 Moon Flow Winter ?<\/h3>\n<p>Le th\u00e9 Moon Flow Winter est un m\u00e9lange biologique d'herbes soigneusement s\u00e9lectionn\u00e9es. Cette tisane est sp\u00e9cialement formul\u00e9e pour aider \u00e0 maintenir l'\u00e9quilibre naturel des femmes. Le m\u00e9lange d'hiver contient les m\u00eames ingr\u00e9dients de base que le m\u00e9lange d'hiver. <a href=\"https:\/\/www.alternatievemiddelen.nl\/fr\/produits\/the-original-moon-flow\/\">Th\u00e9 Moon Flow Original<\/a>Les \u00e9pices ont \u00e9t\u00e9 ajout\u00e9es pour donner une saveur hivernale \u00e0 ce plat. Parfait pour les jours les plus froids. Le th\u00e9 est pr\u00e9sent\u00e9 en vrac, ce qui vous permet de pr\u00e9parer facilement votre propre tasse ou pot de tisane.<br \/>\n&nbsp;<\/p>\n<h3>Comment fonctionne le th\u00e9 Moon Flow Winter ?<\/h3>\n<p>Le th\u00e9 Moon Flow contient uniquement des plantes qui peuvent contribuer \u00e0 l'\u00e9quilibre hormonal.<\/p>\n<ul>\n<li>Le manteau de la femme : soutient le cycle f\u00e9minin et est traditionnellement utilis\u00e9 pour des menstruations saines*.<\/li>\n<li>Feuille de framboisier : Connue pour son effet renfor\u00e7ant sur l'ut\u00e9rus et favorisant un cycle r\u00e9gulier*.<\/li>\n<li>\u00c9corce d'orange : riche en antioxydants, aide \u00e0 soutenir la fonction h\u00e9patique*.<\/li>\n<li>Fenouil : Favorise la digestion et peut aider \u00e0 r\u00e9guler l'\u00e9quilibre hormonal en drainant l'exc\u00e8s d'hormones*.<\/li>\n<li>Ortie : Herbe purifiante qui soutient le foie dans la d\u00e9sintoxication et aide \u00e0 \u00e9liminer les d\u00e9chets*.<\/li>\n<li>M\u00e9lisse : Calmante et apaisante, elle peut aider \u00e0 r\u00e9duire le stress, ce qui a un effet positif sur l'\u00e9quilibre hormonal*.<\/li>\n<li>Citronnelle : favorise la digestion et aide \u00e0 d\u00e9tendre le corps*.<\/li>\n<li>Fleur de tournesol : donne une touche subtile et joyeuse au th\u00e9 et contribue au bien-\u00eatre g\u00e9n\u00e9ral*.<\/li>\n<li>Gingembre : peut contribuer au bon fonctionnement du syst\u00e8me immunitaire* et contribue \u00e0 la sensation de vitalit\u00e9 et d'\u00e9nergie*.<\/li>\n<li>Cannelle : aide \u00e0 maintenir des niveaux normaux de sucre dans le sang* et soutient le syst\u00e8me reproducteur et les voies urinaires.* En outre, la cannelle soutient \u00e9galement une peau saine.*<\/li>\n<li>Anis \u00e9toil\u00e9 : riche en antioxydants et en huiles essentielles, souvent associ\u00e9 \u00e0 un soutien digestif et \u00e0 un syst\u00e8me immunitaire sain. Traditionnellement utilis\u00e9 pour les troubles respiratoires et pour procurer un sentiment de chaleur et de confort*.<\/li>\n<li>Cardamome : Connue pour ses effets positifs sur la digestion et la fra\u00eecheur de l'haleine. Elle peut aider \u00e0 lutter contre les ballonnements et est souvent utilis\u00e9e pour calmer et d\u00e9tendre le corps*.<\/li>\n<li>Clou de girofle : contient de puissants antioxydants et est connu pour aider l'organisme \u00e0 lutter contre les radicaux libres. Traditionnellement utilis\u00e9 pour faciliter la digestion et apporter un sentiment de soulagement en cas d'inconfort*.<\/li>\n<\/ul>\n<p>&nbsp;<br \/>\n<i>* En raison de la l\u00e9gislation en vigueur, seules des informations limit\u00e9es peuvent \u00eatre communiqu\u00e9es sur les utilisations potentielles des plantes contenues dans ce th\u00e9. Les all\u00e9gations de sant\u00e9 sont en attente d'approbation par la Commission europ\u00e9enne.<\/i><br \/>\n&nbsp;<\/p>\n<h4>Contenu :<\/h4>\n<p>Un paquet de Moon Flow Winter contient 75 grammes de tisane en vrac. Cette quantit\u00e9 est plus que suffisante pour un mois, si vous buvez une \u00e0 deux tasses de th\u00e9 par jour.<br \/>\nLe produit est v\u00e9g\u00e9talien et sans caf\u00e9ine, ce qui le rend id\u00e9al \u00e0 boire le soir \u00e9galement.<br \/>\n&nbsp;<\/p>\n<h4>Conseils de r\u00e9glage<\/h4>\n<p>Le mode d'emploi et d'infusion du th\u00e9 Moon Flow peut \u00eatre consult\u00e9 \u00e0 l'adresse suivante <a href=\"https:\/\/www.alternatievemiddelen.nl\/fr\/comment-utiliser-et-infuser-le-the-moon-flow\/\">notre page d\u00e9di\u00e9e dans notre biblioth\u00e8que<\/a>. Ou lisez les r\u00e9ponses \u00e0 l'adresse suivante <a href=\"https:\/\/www.alternatievemiddelen.nl\/fr\/questions-frequemment-posees-the-moon-flow\/\">Questions fr\u00e9quemment pos\u00e9es Th\u00e9 Moon Flow<\/a>.<br \/>\n&nbsp;<br \/>\n&nbsp;<br \/>\n<b>Remarque !<\/b><br \/>\n- La tisane ne remplace pas un avis ou un traitement m\u00e9dical ; consultez toujours votre m\u00e9decin pour toute question.<\/p>\n<p>- Si vous souffrez d'une maladie, si vous prenez des m\u00e9dicaments, si vous \u00eates enceinte ou si vous allaitez, consultez votre m\u00e9decin ou votre sage-femme avant de consommer cette tisane.<\/p>\n<p>- Ce th\u00e9 est sp\u00e9cialement con\u00e7u pour les adultes.<\/p>","protected":false},"excerpt":{"rendered":"<p>Le th\u00e9 Moon Flow Winter est un m\u00e9lange biologique d'herbes soigneusement s\u00e9lectionn\u00e9es auxquelles ont \u00e9t\u00e9 ajout\u00e9es quelques herbes suppl\u00e9mentaires pour une saveur hivernale.<\/p>\n<p><b>Vous b\u00e9n\u00e9ficiez de remises group\u00e9es ? D\u00e9finissez votre <a href=\"https:\/\/www.alternatievemiddelen.nl\/fr\/produits\/kit-de-demarrage-pour-le-the-moon-flow\/\"><b>Cr\u00e9ez votre propre lot de produits de th\u00e9 Moon Flow<\/b><\/a> et b\u00e9n\u00e9ficier d'une r\u00e9duction.<\/b>\t<\/p>","protected":false},"featured_media":49065,"comment_status":"open","ping_status":"closed","template":"","meta":[],"product_brand":[],"product_cat":[3042,3769],"product_tag":[2951,3781,3086,2875,3783,3780,3779,3774,3775,3782,3785,3776,3777,3789,3786,3784,3089,3790],"merk":[3768],"class_list":{"0":"post-49058","1":"product","2":"type-product","3":"status-publish","4":"has-post-thumbnail","6":"product_cat-gezonde-voedingsmiddelen","7":"product_cat-moon-flow-thee-menstruatie-thee","8":"product_tag-biologisch","9":"product_tag-buikkrampen","10":"product_tag-cafeinevrij","11":"product_tag-gezondheid","12":"product_tag-hoofdpijn","13":"product_tag-hormoonbalans","14":"product_tag-kruidenthee","15":"product_tag-menstruatie","16":"product_tag-menstruatieklachten","17":"product_tag-migraine","18":"product_tag-misselijkheid","19":"product_tag-moon-flow","20":"product_tag-moon-flow-thee","21":"product_tag-moon-flow-winter-thee","22":"product_tag-ovulaties","23":"product_tag-rugpijn","24":"product_tag-thee","25":"product_tag-winter","26":"merk-moon-flow-thee","28":"first","29":"instock","30":"taxable","31":"shipping-taxable","32":"purchasable","33":"product-type-simple"},"bundled_by":["49136"],"bundle_stock_status":"instock","bundle_stock_quantity":null,"bundle_virtual":false,"bundle_layout":"","bundle_add_to_cart_form_location":"","bundle_editable_in_cart":false,"bundle_sold_individually_context":"","bundle_item_grouping":"","bundle_min_size":"","bundle_max_size":"","bundle_price":[],"bundled_items":[],"bundle_sell_ids":[44176,49077,48986,49050],"yoast_head":"<!-- This site is optimized with the Yoast SEO plugin v26.1 - https:\/\/yoast.com\/wordpress\/plugins\/seo\/ -->\n<title>Moon Flow Winter thee | Menstruatie thee - 75 gr - Alternatievemiddelen.nl<\/title>\n<meta name=\"description\" content=\"Moon Flow Winter thee is een biologische blend van zorgvuldig geselecteerde kruiden met wat extra kruiden aan toegevoegd voor een winterse smaak.\" \/>\n<meta name=\"robots\" content=\"index, follow, max-snippet:-1, max-image-preview:large, max-video-preview:-1\" \/>\n<link rel=\"canonical\" href=\"https:\/\/www.alternatievemiddelen.nl\/fr\/wp-json\/wp\/v2\/product\/49058\" \/>\n<meta property=\"og:locale\" content=\"fr_FR\" \/>\n<meta property=\"og:type\" content=\"article\" \/>\n<meta property=\"og:title\" content=\"Moon Flow Winter thee | Menstruatie thee - 75 gr - Alternatievemiddelen.nl\" \/>\n<meta property=\"og:description\" content=\"Moon Flow Winter thee is een biologische blend van zorgvuldig geselecteerde kruiden met wat extra kruiden aan toegevoegd voor een winterse smaak.\" \/>\n<meta property=\"og:url\" content=\"https:\/\/www.alternatievemiddelen.nl\/fr\/produits\/the-dhiver-moon-flow\/\" \/>\n<meta property=\"og:site_name\" content=\"Alternatievemiddelen.nl\" \/>\n<meta property=\"article:modified_time\" content=\"2025-12-15T10:00:13+00:00\" \/>\n<meta property=\"og:image\" content=\"\/wp-content\/uploads\/2025\/09\/Moon-Flow-Winter-thee.jpg\" \/>\n\t<meta property=\"og:image:width\" content=\"1200\" \/>\n\t<meta property=\"og:image:height\" content=\"1600\" \/>\n\t<meta property=\"og:image:type\" content=\"image\/jpeg\" \/>\n<meta name=\"twitter:card\" content=\"summary_large_image\" \/>\n<meta name=\"twitter:label1\" content=\"Dur\u00e9e de lecture estim\u00e9e\" \/>\n\t<meta name=\"twitter:data1\" content=\"4 minutes\" \/>\n<script type=\"application\/ld+json\" class=\"yoast-schema-graph\">{\"@context\":\"https:\/\/schema.org\",\"@graph\":[{\"@type\":[\"WebPage\",\"ItemPage\"],\"@id\":\"https:\/\/www.alternatievemiddelen.nl\/producten\/moon-flow-winter-thee\/\",\"url\":\"https:\/\/www.alternatievemiddelen.nl\/producten\/moon-flow-winter-thee\/\",\"name\":\"Moon Flow Winter thee | Menstruatie thee - 75 gr - Alternatievemiddelen.nl\",\"isPartOf\":{\"@id\":\"https:\/\/www.alternatievemiddelen.nl\/#website\"},\"primaryImageOfPage\":{\"@id\":\"https:\/\/www.alternatievemiddelen.nl\/producten\/moon-flow-winter-thee\/#primaryimage\"},\"image\":{\"@id\":\"https:\/\/www.alternatievemiddelen.nl\/producten\/moon-flow-winter-thee\/#primaryimage\"},\"thumbnailUrl\":\"https:\/\/www.alternatievemiddelen.nl\/wp-content\/uploads\/2025\/09\/Moon-Flow-Winter-thee.jpg\",\"datePublished\":\"2025-09-21T06:00:17+00:00\",\"dateModified\":\"2025-12-15T10:00:13+00:00\",\"description\":\"Moon Flow Winter thee is een biologische blend van zorgvuldig geselecteerde kruiden met wat extra kruiden aan toegevoegd voor een winterse smaak.\",\"breadcrumb\":{\"@id\":\"https:\/\/www.alternatievemiddelen.nl\/producten\/moon-flow-winter-thee\/#breadcrumb\"},\"inLanguage\":\"fr-FR\",\"potentialAction\":[{\"@type\":\"ReadAction\",\"target\":[\"https:\/\/www.alternatievemiddelen.nl\/producten\/moon-flow-winter-thee\/\"]}]},{\"@type\":\"ImageObject\",\"inLanguage\":\"fr-FR\",\"@id\":\"https:\/\/www.alternatievemiddelen.nl\/producten\/moon-flow-winter-thee\/#primaryimage\",\"url\":\"https:\/\/www.alternatievemiddelen.nl\/wp-content\/uploads\/2025\/09\/Moon-Flow-Winter-thee.jpg\",\"contentUrl\":\"https:\/\/www.alternatievemiddelen.nl\/wp-content\/uploads\/2025\/09\/Moon-Flow-Winter-thee.jpg\",\"width\":1200,\"height\":1600,\"caption\":\"Moon Flow Winter thee\"},{\"@type\":\"BreadcrumbList\",\"@id\":\"https:\/\/www.alternatievemiddelen.nl\/producten\/moon-flow-winter-thee\/#breadcrumb\",\"itemListElement\":[{\"@type\":\"ListItem\",\"position\":1,\"name\":\"Home\",\"item\":\"https:\/\/www.alternatievemiddelen.nl\/\"},{\"@type\":\"ListItem\",\"position\":2,\"name\":\"Producten\",\"item\":\"https:\/\/www.alternatievemiddelen.nl\/producten\/\"},{\"@type\":\"ListItem\",\"position\":3,\"name\":\"Moon Flow Winter thee | Menstruatie thee &#8211; 75 gr\"}]},{\"@type\":\"WebSite\",\"@id\":\"https:\/\/www.alternatievemiddelen.nl\/#website\",\"url\":\"https:\/\/www.alternatievemiddelen.nl\/\",\"name\":\"Alternatievemiddelen.nl\",\"description\":\"Webshop met gezonde, duurzame en ecologische alternatieve mogelijkheden in de hedendaagse levenstijl. Alles uit eigen ervaring.\",\"publisher\":{\"@id\":\"https:\/\/www.alternatievemiddelen.nl\/#organization\"},\"potentialAction\":[{\"@type\":\"SearchAction\",\"target\":{\"@type\":\"EntryPoint\",\"urlTemplate\":\"https:\/\/www.alternatievemiddelen.nl\/?s={search_term_string}\"},\"query-input\":{\"@type\":\"PropertyValueSpecification\",\"valueRequired\":true,\"valueName\":\"search_term_string\"}}],\"inLanguage\":\"fr-FR\"},{\"@type\":\"Organization\",\"@id\":\"https:\/\/www.alternatievemiddelen.nl\/#organization\",\"name\":\"Alternatievemiddelen.nl\",\"url\":\"https:\/\/www.alternatievemiddelen.nl\/\",\"logo\":{\"@type\":\"ImageObject\",\"inLanguage\":\"fr-FR\",\"@id\":\"https:\/\/www.alternatievemiddelen.nl\/#\/schema\/logo\/image\/\",\"url\":\"https:\/\/www.alternatievemiddelen.nl\/wp-content\/uploads\/2023\/10\/alternatievemiddelen-PNG-logo.png\",\"contentUrl\":\"https:\/\/www.alternatievemiddelen.nl\/wp-content\/uploads\/2023\/10\/alternatievemiddelen-PNG-logo.png\",\"width\":6400,\"height\":3062,\"caption\":\"Alternatievemiddelen.nl\"},\"image\":{\"@id\":\"https:\/\/www.alternatievemiddelen.nl\/#\/schema\/logo\/image\/\"}}]}<\/script>\n<!-- \/ Yoast SEO plugin. -->","yoast_head_json":{"title":"Moon Flow Winter thee | Menstruatie thee - 75 gr - Alternatievemiddelen.nl","description":"Moon Flow Winter thee is een biologische blend van zorgvuldig geselecteerde kruiden met wat extra kruiden aan toegevoegd voor een winterse smaak.","robots":{"index":"index","follow":"follow","max-snippet":"max-snippet:-1","max-image-preview":"max-image-preview:large","max-video-preview":"max-video-preview:-1"},"canonical":"https:\/\/www.alternatievemiddelen.nl\/fr\/wp-json\/wp\/v2\/product\/49058","og_locale":"fr_FR","og_type":"article","og_title":"Moon Flow Winter thee | Menstruatie thee - 75 gr - Alternatievemiddelen.nl","og_description":"Moon Flow Winter thee is een biologische blend van zorgvuldig geselecteerde kruiden met wat extra kruiden aan toegevoegd voor een winterse smaak.","og_url":"https:\/\/www.alternatievemiddelen.nl\/fr\/produits\/the-dhiver-moon-flow\/","og_site_name":"Alternatievemiddelen.nl","article_modified_time":"2025-12-15T10:00:13+00:00","og_image":[{"width":1200,"height":1600,"url":"\/wp-content\/uploads\/2025\/09\/Moon-Flow-Winter-thee.jpg","type":"image\/jpeg"}],"twitter_card":"summary_large_image","twitter_misc":{"Dur\u00e9e de lecture estim\u00e9e":"4 minutes"},"schema":{"@context":"https:\/\/schema.org","@graph":[{"@type":["WebPage","ItemPage"],"@id":"https:\/\/www.alternatievemiddelen.nl\/producten\/moon-flow-winter-thee\/","url":"https:\/\/www.alternatievemiddelen.nl\/producten\/moon-flow-winter-thee\/","name":"Moon Flow Winter thee | Menstruatie thee - 75 gr - Alternatievemiddelen.nl","isPartOf":{"@id":"https:\/\/www.alternatievemiddelen.nl\/#website"},"primaryImageOfPage":{"@id":"https:\/\/www.alternatievemiddelen.nl\/producten\/moon-flow-winter-thee\/#primaryimage"},"image":{"@id":"https:\/\/www.alternatievemiddelen.nl\/producten\/moon-flow-winter-thee\/#primaryimage"},"thumbnailUrl":"https:\/\/www.alternatievemiddelen.nl\/wp-content\/uploads\/2025\/09\/Moon-Flow-Winter-thee.jpg","datePublished":"2025-09-21T06:00:17+00:00","dateModified":"2025-12-15T10:00:13+00:00","description":"Moon Flow Winter thee is een biologische blend van zorgvuldig geselecteerde kruiden met wat extra kruiden aan toegevoegd voor een winterse smaak.","breadcrumb":{"@id":"https:\/\/www.alternatievemiddelen.nl\/producten\/moon-flow-winter-thee\/#breadcrumb"},"inLanguage":"fr-FR","potentialAction":[{"@type":"ReadAction","target":["https:\/\/www.alternatievemiddelen.nl\/producten\/moon-flow-winter-thee\/"]}]},{"@type":"ImageObject","inLanguage":"fr-FR","@id":"https:\/\/www.alternatievemiddelen.nl\/producten\/moon-flow-winter-thee\/#primaryimage","url":"https:\/\/www.alternatievemiddelen.nl\/wp-content\/uploads\/2025\/09\/Moon-Flow-Winter-thee.jpg","contentUrl":"https:\/\/www.alternatievemiddelen.nl\/wp-content\/uploads\/2025\/09\/Moon-Flow-Winter-thee.jpg","width":1200,"height":1600,"caption":"Moon Flow Winter thee"},{"@type":"BreadcrumbList","@id":"https:\/\/www.alternatievemiddelen.nl\/producten\/moon-flow-winter-thee\/#breadcrumb","itemListElement":[{"@type":"ListItem","position":1,"name":"Home","item":"https:\/\/www.alternatievemiddelen.nl\/"},{"@type":"ListItem","position":2,"name":"Producten","item":"https:\/\/www.alternatievemiddelen.nl\/producten\/"},{"@type":"ListItem","position":3,"name":"Moon Flow Winter thee | Menstruatie thee &#8211; 75 gr"}]},{"@type":"WebSite","@id":"https:\/\/www.alternatievemiddelen.nl\/#website","url":"https:\/\/www.alternatievemiddelen.nl\/","name":"Alternatievemiddelen.nl","description":"Webshop met gezonde, duurzame en ecologische alternatieve mogelijkheden in de hedendaagse levenstijl. Alles uit eigen ervaring.","publisher":{"@id":"https:\/\/www.alternatievemiddelen.nl\/#organization"},"potentialAction":[{"@type":"SearchAction","target":{"@type":"EntryPoint","urlTemplate":"https:\/\/www.alternatievemiddelen.nl\/?s={search_term_string}"},"query-input":{"@type":"PropertyValueSpecification","valueRequired":true,"valueName":"search_term_string"}}],"inLanguage":"fr-FR"},{"@type":"Organization","@id":"https:\/\/www.alternatievemiddelen.nl\/#organization","name":"Alternatievemiddelen.nl","url":"https:\/\/www.alternatievemiddelen.nl\/","logo":{"@type":"ImageObject","inLanguage":"fr-FR","@id":"https:\/\/www.alternatievemiddelen.nl\/#\/schema\/logo\/image\/","url":"https:\/\/www.alternatievemiddelen.nl\/wp-content\/uploads\/2023\/10\/alternatievemiddelen-PNG-logo.png","contentUrl":"https:\/\/www.alternatievemiddelen.nl\/wp-content\/uploads\/2023\/10\/alternatievemiddelen-PNG-logo.png","width":6400,"height":3062,"caption":"Alternatievemiddelen.nl"},"image":{"@id":"https:\/\/www.alternatievemiddelen.nl\/#\/schema\/logo\/image\/"}}]}},"_links":{"self":[{"href":"https:\/\/www.alternatievemiddelen.nl\/fr\/wp-json\/wp\/v2\/product\/49058","targetHints":{"allow":["GET"]}}],"collection":[{"href":"https:\/\/www.alternatievemiddelen.nl\/fr\/wp-json\/wp\/v2\/product"}],"about":[{"href":"https:\/\/www.alternatievemiddelen.nl\/fr\/wp-json\/wp\/v2\/types\/product"}],"replies":[{"embeddable":true,"href":"https:\/\/www.alternatievemiddelen.nl\/fr\/wp-json\/wp\/v2\/comments?post=49058"}],"wp:featuredmedia":[{"embeddable":true,"href":"https:\/\/www.alternatievemiddelen.nl\/fr\/wp-json\/wp\/v2\/media\/49065"}],"wp:attachment":[{"href":"https:\/\/www.alternatievemiddelen.nl\/fr\/wp-json\/wp\/v2\/media?parent=49058"}],"wp:term":[{"taxonomy":"product_brand","embeddable":true,"href":"https:\/\/www.alternatievemiddelen.nl\/fr\/wp-json\/wp\/v2\/product_brand?post=49058"},{"taxonomy":"product_cat","embeddable":true,"href":"https:\/\/www.alternatievemiddelen.nl\/fr\/wp-json\/wp\/v2\/product_cat?post=49058"},{"taxonomy":"product_tag","embeddable":true,"href":"https:\/\/www.alternatievemiddelen.nl\/fr\/wp-json\/wp\/v2\/product_tag?post=49058"},{"taxonomy":"merk","embeddable":true,"href":"https:\/\/www.alternatievemiddelen.nl\/fr\/wp-json\/wp\/v2\/merk?post=49058"}],"curies":[{"name":"wp","href":"https:\/\/api.w.org\/{rel}","templated":true}]}}