{"id":49093,"date":"2025-09-22T11:30:06","date_gmt":"2025-09-22T09:30:06","guid":{"rendered":"https:\/\/www.alternatievemiddelen.nl\/?post_type=product&#038;p=49093"},"modified":"2025-12-15T10:56:38","modified_gmt":"2025-12-15T09:56:38","slug":"mom-flow-moms-delight-thee","status":"publish","type":"product","link":"https:\/\/www.alternatievemiddelen.nl\/fr\/produits\/flux-des-mamans-the-des-mamans\/","title":{"rendered":"Mom Flow Mom's Delight th\u00e9 | Th\u00e9 de grossesse - 75 gr"},"content":{"rendered":"<p>Le th\u00e9 Mom Flow Mom's Delight est un m\u00e9lange harmonieux d'herbes naturelles, sp\u00e9cialement formul\u00e9 pour les femmes qui souhaitent se d\u00e9tendre et trouver un \u00e9quilibre naturel pendant leur grossesse. Avec des ingr\u00e9dients soigneusement s\u00e9lectionn\u00e9s tels que l'ortie, la paille d'avoine et la m\u00e9lisse, ce th\u00e9 offre un soutien en douceur pendant une p\u00e9riode sp\u00e9ciale. Appr\u00e9ciez la saveur apaisante de la camomille et de l'\u00e9glantier, avec un soup\u00e7on de gingembre r\u00e9chauffant.<br \/>\n- Soutient l'\u00e9quilibre naturel en cas d'inconfort<br \/>\n- M\u00e9lange d'\u00e9pices, m\u00e9lang\u00e9 \u00e0 la main<br \/>\n- Sans feuilles de framboisier<br \/>\n- Contenu : 75 grammes<br \/>\n- 100% d\u00e9caf\u00e9in\u00e9<br \/>\n&nbsp;<\/p>\n<h3>Ingr\u00e9dients :<\/h3>\n<p>Ortie, paille d'avoine, m\u00e9lisse, gingembre, camomille, cynorrhodon<br \/>\n&nbsp;<\/p>\n<h3>Qu'est-ce que le th\u00e9 Mom Flow Mom's Delight ?<\/h3>\n<p>Le th\u00e9 Mom Flow Mom's Delight est un m\u00e9lange biologique d'herbes soigneusement s\u00e9lectionn\u00e9es, sp\u00e9cialement formul\u00e9 pour les femmes qui souhaitent se d\u00e9tendre et trouver un \u00e9quilibre naturel pendant leur grossesse. Ce th\u00e9 soutient votre corps pendant cette p\u00e9riode sp\u00e9ciale et vous aide \u00e0 vous d\u00e9tendre d'une mani\u00e8re douce et naturelle. Les ingr\u00e9dients soigneusement choisis s'int\u00e8grent dans un mode de vie conscient et positif.<\/p>\n<p>Le th\u00e9 est pr\u00e9sent\u00e9 en vrac, ce qui vous permet de pr\u00e9parer facilement votre propre tasse ou pot de tisane d\u00e9licieux.<br \/>\n&nbsp;<\/p>\n<h3>Comment fonctionne le th\u00e9 Mom Flow Mom's Delight ?<\/h3>\n<p>Le th\u00e9 Mom Flow Mom's Delight contient uniquement des plantes qui peuvent contribuer de mani\u00e8re douce et naturelle \u00e0 votre bien-\u00eatre pendant la grossesse.<\/p>\n<ul>\n<li>Ortie - Riche en vitamines et min\u00e9raux, soutient la vitalit\u00e9 g\u00e9n\u00e9rale et aide \u00e0 maintenir une bonne hydratation*.<\/li>\n<li>Paille d'avoine - Contient des nutriments naturels qui peuvent contribuer \u00e0 la relaxation et \u00e0 un \u00e9tat d'esprit \u00e9quilibr\u00e9*.<\/li>\n<li>M\u00e9lisse - Elle est connue pour ses propri\u00e9t\u00e9s calmantes et peut aider \u00e0 promouvoir la paix int\u00e9rieure*.<\/li>\n<li>Gingembre - Favorise la digestion et contribue \u00e0 une sensation de confort dans l'estomac*.<\/li>\n<li>Camomille - Une plante douce et apaisante qui aide \u00e0 se d\u00e9tendre et \u00e0 se relaxer*.<\/li>\n<li>Cynorrhodon - Riche en vitamine C et en antioxydants, il soutient le syst\u00e8me immunitaire et apporte un go\u00fbt frais et sucr\u00e9.<\/li>\n<\/ul>\n<p>&nbsp;<br \/>\n<i>* En raison de la l\u00e9gislation en vigueur, seules des informations limit\u00e9es peuvent \u00eatre communiqu\u00e9es sur les utilisations potentielles des plantes contenues dans ce th\u00e9. Les all\u00e9gations de sant\u00e9 sont en attente d'approbation par la Commission europ\u00e9enne.<\/i><br \/>\n&nbsp;<\/p>\n<h4>Contenu :<\/h4>\n<p>Un paquet de th\u00e9 Mom Flow Mom's Delight contient 75 grammes de tisane en vrac. Cette quantit\u00e9 est plus que suffisante pour un mois, si vous buvez une \u00e0 deux tasses de th\u00e9 par jour.<br \/>\nLe produit est v\u00e9g\u00e9talien et sans caf\u00e9ine, ce qui le rend id\u00e9al \u00e0 boire le soir \u00e9galement.<br \/>\n&nbsp;<\/p>\n<h4>Conseils de r\u00e9glage<\/h4>\n<p>Le mode d'emploi et d'infusion du th\u00e9 Moon Flow peut \u00eatre consult\u00e9 \u00e0 l'adresse suivante <a href=\"https:\/\/www.alternatievemiddelen.nl\/fr\/comment-utiliser-et-infuser-le-the-moon-flow\/\">notre page d\u00e9di\u00e9e dans notre biblioth\u00e8que<\/a>. Ou lisez les r\u00e9ponses \u00e0 l'adresse suivante <a href=\"https:\/\/www.alternatievemiddelen.nl\/fr\/questions-frequemment-posees-the-moon-flow\/\">Questions fr\u00e9quemment pos\u00e9es Th\u00e9 Moon Flow<\/a>.<br \/>\n&nbsp;<br \/>\n&nbsp;<br \/>\n<b>Remarque !<\/b><br \/>\n- La tisane ne remplace pas un avis ou un traitement m\u00e9dical ; consultez toujours votre m\u00e9decin pour toute question.<\/p>\n<p>- Si vous souffrez d'une maladie, si vous prenez des m\u00e9dicaments, si vous \u00eates enceinte ou si vous allaitez, consultez votre m\u00e9decin ou votre sage-femme avant de consommer cette tisane.<\/p>\n<p>- Ce th\u00e9 est sp\u00e9cialement con\u00e7u pour les adultes.<\/p>","protected":false},"excerpt":{"rendered":"<p>Le th\u00e9 Mom Flow Mom's Delight est un m\u00e9lange d'herbes naturelles sp\u00e9cialement con\u00e7u pour les femmes qui souhaitent se d\u00e9tendre et trouver un \u00e9quilibre pendant leur grossesse.<\/p>\n<p><b>Vous b\u00e9n\u00e9ficiez de remises group\u00e9es ? D\u00e9finissez votre <a href=\"https:\/\/www.alternatievemiddelen.nl\/fr\/produits\/kit-de-demarrage-pour-le-the-moon-flow\/\"><b>Cr\u00e9ez votre propre lot de produits de th\u00e9 Moon Flow<\/b><\/a> et b\u00e9n\u00e9ficier d'une r\u00e9duction.<\/b>\t<\/p>","protected":false},"featured_media":49105,"comment_status":"open","ping_status":"closed","template":"","meta":[],"product_brand":[],"product_cat":[3042,3771],"product_tag":[2951,3086,2875,3780,3779,3797,3798,3795,3776,3089,3796],"merk":[3768],"class_list":{"0":"post-49093","1":"product","2":"type-product","3":"status-publish","4":"has-post-thumbnail","6":"product_cat-gezonde-voedingsmiddelen","7":"product_cat-mom-flow-thee-tijdens-en-na-zwangerschap-thee","8":"product_tag-biologisch","9":"product_tag-cafeinevrij","10":"product_tag-gezondheid","11":"product_tag-hormoonbalans","12":"product_tag-kruidenthee","13":"product_tag-mom-flow","14":"product_tag-mom-flow-moms-delight","15":"product_tag-mom-flow-moms-delight-thee","16":"product_tag-moon-flow","17":"product_tag-thee","18":"product_tag-zwangerschapsthee","19":"merk-moon-flow-thee","21":"first","22":"instock","23":"taxable","24":"shipping-taxable","25":"purchasable","26":"product-type-simple"},"bundled_by":["49136"],"bundle_stock_status":"instock","bundle_stock_quantity":null,"bundle_virtual":false,"bundle_layout":"","bundle_add_to_cart_form_location":"","bundle_editable_in_cart":false,"bundle_sold_individually_context":"","bundle_item_grouping":"","bundle_min_size":"","bundle_max_size":"","bundle_price":[],"bundled_items":[],"bundle_sell_ids":[44176,49111,49119],"yoast_head":"<!-- This site is optimized with the Yoast SEO plugin v26.1 - https:\/\/yoast.com\/wordpress\/plugins\/seo\/ -->\n<title>Mom Flow Mom\u2019s Delight thee | Zwangerschapsthee - 75 gr - Alternatievemiddelen.nl<\/title>\n<meta name=\"description\" content=\"Mom Flow Mom\u2019s Delight thee is een blend van natuurlijke kruiden, speciaal voor vrouwen die tijdens hun zwangerschap willen ontspannen en balans vinden.\" \/>\n<meta name=\"robots\" content=\"index, follow, max-snippet:-1, max-image-preview:large, max-video-preview:-1\" \/>\n<link rel=\"canonical\" href=\"https:\/\/www.alternatievemiddelen.nl\/fr\/wp-json\/wp\/v2\/product\/49093\" \/>\n<meta property=\"og:locale\" content=\"fr_FR\" \/>\n<meta property=\"og:type\" content=\"article\" \/>\n<meta property=\"og:title\" content=\"Mom Flow Mom\u2019s Delight thee | Zwangerschapsthee - 75 gr - Alternatievemiddelen.nl\" \/>\n<meta property=\"og:description\" content=\"Mom Flow Mom\u2019s Delight thee is een blend van natuurlijke kruiden, speciaal voor vrouwen die tijdens hun zwangerschap willen ontspannen en balans vinden.\" \/>\n<meta property=\"og:url\" content=\"https:\/\/www.alternatievemiddelen.nl\/fr\/produits\/flux-des-mamans-the-des-mamans\/\" \/>\n<meta property=\"og:site_name\" content=\"Alternatievemiddelen.nl\" \/>\n<meta property=\"article:modified_time\" content=\"2025-12-15T09:56:38+00:00\" \/>\n<meta property=\"og:image\" content=\"\/wp-content\/uploads\/2025\/09\/Mom-Flow-Moms-Delight-thee-1.jpg\" \/>\n\t<meta property=\"og:image:width\" content=\"600\" \/>\n\t<meta property=\"og:image:height\" content=\"800\" \/>\n\t<meta property=\"og:image:type\" content=\"image\/jpeg\" \/>\n<meta name=\"twitter:card\" content=\"summary_large_image\" \/>\n<meta name=\"twitter:label1\" content=\"Dur\u00e9e de lecture estim\u00e9e\" \/>\n\t<meta name=\"twitter:data1\" content=\"3 minutes\" \/>\n<script type=\"application\/ld+json\" class=\"yoast-schema-graph\">{\"@context\":\"https:\/\/schema.org\",\"@graph\":[{\"@type\":[\"WebPage\",\"ItemPage\"],\"@id\":\"https:\/\/www.alternatievemiddelen.nl\/producten\/mom-flow-moms-delight-thee\/\",\"url\":\"https:\/\/www.alternatievemiddelen.nl\/producten\/mom-flow-moms-delight-thee\/\",\"name\":\"Mom Flow Mom\u2019s Delight thee | Zwangerschapsthee - 75 gr - Alternatievemiddelen.nl\",\"isPartOf\":{\"@id\":\"https:\/\/www.alternatievemiddelen.nl\/#website\"},\"primaryImageOfPage\":{\"@id\":\"https:\/\/www.alternatievemiddelen.nl\/producten\/mom-flow-moms-delight-thee\/#primaryimage\"},\"image\":{\"@id\":\"https:\/\/www.alternatievemiddelen.nl\/producten\/mom-flow-moms-delight-thee\/#primaryimage\"},\"thumbnailUrl\":\"https:\/\/www.alternatievemiddelen.nl\/wp-content\/uploads\/2025\/09\/Mom-Flow-Moms-Delight-thee-1.jpg\",\"datePublished\":\"2025-09-22T09:30:06+00:00\",\"dateModified\":\"2025-12-15T09:56:38+00:00\",\"description\":\"Mom Flow Mom\u2019s Delight thee is een blend van natuurlijke kruiden, speciaal voor vrouwen die tijdens hun zwangerschap willen ontspannen en balans vinden.\",\"breadcrumb\":{\"@id\":\"https:\/\/www.alternatievemiddelen.nl\/producten\/mom-flow-moms-delight-thee\/#breadcrumb\"},\"inLanguage\":\"fr-FR\",\"potentialAction\":[{\"@type\":\"ReadAction\",\"target\":[\"https:\/\/www.alternatievemiddelen.nl\/producten\/mom-flow-moms-delight-thee\/\"]}]},{\"@type\":\"ImageObject\",\"inLanguage\":\"fr-FR\",\"@id\":\"https:\/\/www.alternatievemiddelen.nl\/producten\/mom-flow-moms-delight-thee\/#primaryimage\",\"url\":\"https:\/\/www.alternatievemiddelen.nl\/wp-content\/uploads\/2025\/09\/Mom-Flow-Moms-Delight-thee-1.jpg\",\"contentUrl\":\"https:\/\/www.alternatievemiddelen.nl\/wp-content\/uploads\/2025\/09\/Mom-Flow-Moms-Delight-thee-1.jpg\",\"width\":600,\"height\":800,\"caption\":\"Mom Flow Mom's Delight thee\"},{\"@type\":\"BreadcrumbList\",\"@id\":\"https:\/\/www.alternatievemiddelen.nl\/producten\/mom-flow-moms-delight-thee\/#breadcrumb\",\"itemListElement\":[{\"@type\":\"ListItem\",\"position\":1,\"name\":\"Home\",\"item\":\"https:\/\/www.alternatievemiddelen.nl\/\"},{\"@type\":\"ListItem\",\"position\":2,\"name\":\"Producten\",\"item\":\"https:\/\/www.alternatievemiddelen.nl\/producten\/\"},{\"@type\":\"ListItem\",\"position\":3,\"name\":\"Mom Flow Mom\u2019s Delight thee | Zwangerschapsthee &#8211; 75 gr\"}]},{\"@type\":\"WebSite\",\"@id\":\"https:\/\/www.alternatievemiddelen.nl\/#website\",\"url\":\"https:\/\/www.alternatievemiddelen.nl\/\",\"name\":\"Alternatievemiddelen.nl\",\"description\":\"Webshop met gezonde, duurzame en ecologische alternatieve mogelijkheden in de hedendaagse levenstijl. Alles uit eigen ervaring.\",\"publisher\":{\"@id\":\"https:\/\/www.alternatievemiddelen.nl\/#organization\"},\"potentialAction\":[{\"@type\":\"SearchAction\",\"target\":{\"@type\":\"EntryPoint\",\"urlTemplate\":\"https:\/\/www.alternatievemiddelen.nl\/?s={search_term_string}\"},\"query-input\":{\"@type\":\"PropertyValueSpecification\",\"valueRequired\":true,\"valueName\":\"search_term_string\"}}],\"inLanguage\":\"fr-FR\"},{\"@type\":\"Organization\",\"@id\":\"https:\/\/www.alternatievemiddelen.nl\/#organization\",\"name\":\"Alternatievemiddelen.nl\",\"url\":\"https:\/\/www.alternatievemiddelen.nl\/\",\"logo\":{\"@type\":\"ImageObject\",\"inLanguage\":\"fr-FR\",\"@id\":\"https:\/\/www.alternatievemiddelen.nl\/#\/schema\/logo\/image\/\",\"url\":\"https:\/\/www.alternatievemiddelen.nl\/wp-content\/uploads\/2023\/10\/alternatievemiddelen-PNG-logo.png\",\"contentUrl\":\"https:\/\/www.alternatievemiddelen.nl\/wp-content\/uploads\/2023\/10\/alternatievemiddelen-PNG-logo.png\",\"width\":6400,\"height\":3062,\"caption\":\"Alternatievemiddelen.nl\"},\"image\":{\"@id\":\"https:\/\/www.alternatievemiddelen.nl\/#\/schema\/logo\/image\/\"}}]}<\/script>\n<!-- \/ Yoast SEO plugin. -->","yoast_head_json":{"title":"Mom Flow Mom\u2019s Delight thee | Zwangerschapsthee - 75 gr - Alternatievemiddelen.nl","description":"Mom Flow Mom\u2019s Delight thee is een blend van natuurlijke kruiden, speciaal voor vrouwen die tijdens hun zwangerschap willen ontspannen en balans vinden.","robots":{"index":"index","follow":"follow","max-snippet":"max-snippet:-1","max-image-preview":"max-image-preview:large","max-video-preview":"max-video-preview:-1"},"canonical":"https:\/\/www.alternatievemiddelen.nl\/fr\/wp-json\/wp\/v2\/product\/49093","og_locale":"fr_FR","og_type":"article","og_title":"Mom Flow Mom\u2019s Delight thee | Zwangerschapsthee - 75 gr - Alternatievemiddelen.nl","og_description":"Mom Flow Mom\u2019s Delight thee is een blend van natuurlijke kruiden, speciaal voor vrouwen die tijdens hun zwangerschap willen ontspannen en balans vinden.","og_url":"https:\/\/www.alternatievemiddelen.nl\/fr\/produits\/flux-des-mamans-the-des-mamans\/","og_site_name":"Alternatievemiddelen.nl","article_modified_time":"2025-12-15T09:56:38+00:00","og_image":[{"width":600,"height":800,"url":"\/wp-content\/uploads\/2025\/09\/Mom-Flow-Moms-Delight-thee-1.jpg","type":"image\/jpeg"}],"twitter_card":"summary_large_image","twitter_misc":{"Dur\u00e9e de lecture estim\u00e9e":"3 minutes"},"schema":{"@context":"https:\/\/schema.org","@graph":[{"@type":["WebPage","ItemPage"],"@id":"https:\/\/www.alternatievemiddelen.nl\/producten\/mom-flow-moms-delight-thee\/","url":"https:\/\/www.alternatievemiddelen.nl\/producten\/mom-flow-moms-delight-thee\/","name":"Mom Flow Mom\u2019s Delight thee | Zwangerschapsthee - 75 gr - Alternatievemiddelen.nl","isPartOf":{"@id":"https:\/\/www.alternatievemiddelen.nl\/#website"},"primaryImageOfPage":{"@id":"https:\/\/www.alternatievemiddelen.nl\/producten\/mom-flow-moms-delight-thee\/#primaryimage"},"image":{"@id":"https:\/\/www.alternatievemiddelen.nl\/producten\/mom-flow-moms-delight-thee\/#primaryimage"},"thumbnailUrl":"https:\/\/www.alternatievemiddelen.nl\/wp-content\/uploads\/2025\/09\/Mom-Flow-Moms-Delight-thee-1.jpg","datePublished":"2025-09-22T09:30:06+00:00","dateModified":"2025-12-15T09:56:38+00:00","description":"Mom Flow Mom\u2019s Delight thee is een blend van natuurlijke kruiden, speciaal voor vrouwen die tijdens hun zwangerschap willen ontspannen en balans vinden.","breadcrumb":{"@id":"https:\/\/www.alternatievemiddelen.nl\/producten\/mom-flow-moms-delight-thee\/#breadcrumb"},"inLanguage":"fr-FR","potentialAction":[{"@type":"ReadAction","target":["https:\/\/www.alternatievemiddelen.nl\/producten\/mom-flow-moms-delight-thee\/"]}]},{"@type":"ImageObject","inLanguage":"fr-FR","@id":"https:\/\/www.alternatievemiddelen.nl\/producten\/mom-flow-moms-delight-thee\/#primaryimage","url":"https:\/\/www.alternatievemiddelen.nl\/wp-content\/uploads\/2025\/09\/Mom-Flow-Moms-Delight-thee-1.jpg","contentUrl":"https:\/\/www.alternatievemiddelen.nl\/wp-content\/uploads\/2025\/09\/Mom-Flow-Moms-Delight-thee-1.jpg","width":600,"height":800,"caption":"Mom Flow Mom's Delight thee"},{"@type":"BreadcrumbList","@id":"https:\/\/www.alternatievemiddelen.nl\/producten\/mom-flow-moms-delight-thee\/#breadcrumb","itemListElement":[{"@type":"ListItem","position":1,"name":"Home","item":"https:\/\/www.alternatievemiddelen.nl\/"},{"@type":"ListItem","position":2,"name":"Producten","item":"https:\/\/www.alternatievemiddelen.nl\/producten\/"},{"@type":"ListItem","position":3,"name":"Mom Flow Mom\u2019s Delight thee | Zwangerschapsthee &#8211; 75 gr"}]},{"@type":"WebSite","@id":"https:\/\/www.alternatievemiddelen.nl\/#website","url":"https:\/\/www.alternatievemiddelen.nl\/","name":"Alternatievemiddelen.nl","description":"Webshop met gezonde, duurzame en ecologische alternatieve mogelijkheden in de hedendaagse levenstijl. Alles uit eigen ervaring.","publisher":{"@id":"https:\/\/www.alternatievemiddelen.nl\/#organization"},"potentialAction":[{"@type":"SearchAction","target":{"@type":"EntryPoint","urlTemplate":"https:\/\/www.alternatievemiddelen.nl\/?s={search_term_string}"},"query-input":{"@type":"PropertyValueSpecification","valueRequired":true,"valueName":"search_term_string"}}],"inLanguage":"fr-FR"},{"@type":"Organization","@id":"https:\/\/www.alternatievemiddelen.nl\/#organization","name":"Alternatievemiddelen.nl","url":"https:\/\/www.alternatievemiddelen.nl\/","logo":{"@type":"ImageObject","inLanguage":"fr-FR","@id":"https:\/\/www.alternatievemiddelen.nl\/#\/schema\/logo\/image\/","url":"https:\/\/www.alternatievemiddelen.nl\/wp-content\/uploads\/2023\/10\/alternatievemiddelen-PNG-logo.png","contentUrl":"https:\/\/www.alternatievemiddelen.nl\/wp-content\/uploads\/2023\/10\/alternatievemiddelen-PNG-logo.png","width":6400,"height":3062,"caption":"Alternatievemiddelen.nl"},"image":{"@id":"https:\/\/www.alternatievemiddelen.nl\/#\/schema\/logo\/image\/"}}]}},"_links":{"self":[{"href":"https:\/\/www.alternatievemiddelen.nl\/fr\/wp-json\/wp\/v2\/product\/49093","targetHints":{"allow":["GET"]}}],"collection":[{"href":"https:\/\/www.alternatievemiddelen.nl\/fr\/wp-json\/wp\/v2\/product"}],"about":[{"href":"https:\/\/www.alternatievemiddelen.nl\/fr\/wp-json\/wp\/v2\/types\/product"}],"replies":[{"embeddable":true,"href":"https:\/\/www.alternatievemiddelen.nl\/fr\/wp-json\/wp\/v2\/comments?post=49093"}],"wp:featuredmedia":[{"embeddable":true,"href":"https:\/\/www.alternatievemiddelen.nl\/fr\/wp-json\/wp\/v2\/media\/49105"}],"wp:attachment":[{"href":"https:\/\/www.alternatievemiddelen.nl\/fr\/wp-json\/wp\/v2\/media?parent=49093"}],"wp:term":[{"taxonomy":"product_brand","embeddable":true,"href":"https:\/\/www.alternatievemiddelen.nl\/fr\/wp-json\/wp\/v2\/product_brand?post=49093"},{"taxonomy":"product_cat","embeddable":true,"href":"https:\/\/www.alternatievemiddelen.nl\/fr\/wp-json\/wp\/v2\/product_cat?post=49093"},{"taxonomy":"product_tag","embeddable":true,"href":"https:\/\/www.alternatievemiddelen.nl\/fr\/wp-json\/wp\/v2\/product_tag?post=49093"},{"taxonomy":"merk","embeddable":true,"href":"https:\/\/www.alternatievemiddelen.nl\/fr\/wp-json\/wp\/v2\/merk?post=49093"}],"curies":[{"name":"wp","href":"https:\/\/api.w.org\/{rel}","templated":true}]}}