{"id":49119,"date":"2025-09-22T16:31:45","date_gmt":"2025-09-22T14:31:45","guid":{"rendered":"https:\/\/www.alternatievemiddelen.nl\/?post_type=product&#038;p=49119"},"modified":"2025-12-15T10:58:26","modified_gmt":"2025-12-15T09:58:26","slug":"mom-flow-little-tummy-care-thee","status":"publish","type":"product","link":"https:\/\/www.alternatievemiddelen.nl\/fr\/produits\/mom-flow-little-tummy-care-tea\/","title":{"rendered":"Mom Flow Little Tummy Care tea | Tisane d'allaitement pour les crampes - 75 gr"},"content":{"rendered":"<p><b>Tisane d'allaitement pour les m\u00e8res dont les b\u00e9b\u00e9s souffrent de flatulences ou de coliques.<\/b><\/p>\n<p>Le th\u00e9 Mom Flow Little Tummy Care est un th\u00e9 d'allaitement doux sp\u00e9cialement con\u00e7u pour les m\u00e8res qui allaitent et qui souhaitent soutenir le ventre de leur b\u00e9b\u00e9 qui a besoin d'un peu de repos. Ce th\u00e9 soigneusement m\u00e9lang\u00e9 contient du honeybush, du fenouil et de l'anis, des herbes utilis\u00e9es depuis des g\u00e9n\u00e9rations pour leurs propri\u00e9t\u00e9s douces et apaisantes. La camomille et l'ortie apportent une saveur douce et apaisante.<br \/>\n- Favorise la flore intestinale<br \/>\n- M\u00e9lange d'\u00e9pices, m\u00e9lang\u00e9 \u00e0 la main<br \/>\n- Sans fenugrec<br \/>\n- Contenu : 75 grammes<br \/>\n- 100% d\u00e9caf\u00e9in\u00e9<br \/>\n&nbsp;<\/p>\n<h3>Ingr\u00e9dients :<\/h3>\n<p>Honeybush, carvi, anis, fenouil, ortie, camomille<br \/>\n&nbsp;<\/p>\n<h3>Qu'est-ce que le th\u00e9 Mom Flow Little Tummy Care ?<\/h3>\n<p>Le th\u00e9 Mom Flow Little Tummy Care est un th\u00e9 d'allaitement doux et naturel sp\u00e9cialement formul\u00e9 pour les m\u00e8res qui souhaitent soutenir leur b\u00e9b\u00e9 de mani\u00e8re naturelle. Ce m\u00e9lange de plantes contient des ingr\u00e9dients soigneusement s\u00e9lectionn\u00e9s qui sont appr\u00e9ci\u00e9s par les m\u00e8res depuis des g\u00e9n\u00e9rations et traditionnellement utilis\u00e9s pour favoriser un ventre confortable.<\/p>\n<p>Le th\u00e9 est pr\u00e9sent\u00e9 en vrac, ce qui vous permet de pr\u00e9parer facilement votre propre tasse ou pot de tisane d\u00e9licieux.<br \/>\n&nbsp;<\/p>\n<h3>Comment fonctionne la tisane Mom Flow Little Tummy Care ?<\/h3>\n<p>Le th\u00e9 Mom Flow Little Tummy Care contient uniquement des herbes naturelles qui peuvent avoir un effet apaisant et relaxant.<\/p>\n<ul>\n<li>Honeybush - Un th\u00e9 doux, sans caf\u00e9ine, riche en antioxydants, \u00e0 la saveur l\u00e9g\u00e8rement sucr\u00e9e et apaisante*.<\/li>\n<li>Carvi - Traditionnellement utilis\u00e9 pour faciliter la digestion*.<\/li>\n<li>Anis - Connu pour son effet doux et relaxant sur le ventre des b\u00e9b\u00e9s*.<\/li>\n<li>Fenouil - Favorise une digestion calme et est utilis\u00e9 par les m\u00e8res depuis des g\u00e9n\u00e9rations*.<\/li>\n<li>Ortie - Riche en nutriments et favorise le bien-\u00eatre g\u00e9n\u00e9ral de la m\u00e8re et du b\u00e9b\u00e9*.<\/li>\n<li>Camomille - Une plante calmante qui aide \u00e0 se d\u00e9tendre et contribue \u00e0 calmer l'estomac.<\/li>\n<\/ul>\n<p>&nbsp;<br \/>\n<i>* En raison de la l\u00e9gislation en vigueur, seules des informations limit\u00e9es peuvent \u00eatre communiqu\u00e9es sur les utilisations potentielles des plantes contenues dans ce th\u00e9. Les all\u00e9gations de sant\u00e9 sont en attente d'approbation par la Commission europ\u00e9enne.<\/i><br \/>\n&nbsp;<\/p>\n<h4>Contenu :<\/h4>\n<p>Un paquet de th\u00e9 Mom Flow Little Tummy Care contient 75 grammes de tisane en vrac. Cette quantit\u00e9 est plus que suffisante pour un mois, si vous buvez une \u00e0 deux tasses de th\u00e9 par jour.<br \/>\nLe produit est v\u00e9g\u00e9talien et sans caf\u00e9ine, ce qui le rend id\u00e9al \u00e0 boire le soir \u00e9galement.<br \/>\n&nbsp;<\/p>\n<h4>Conseils de r\u00e9glage<\/h4>\n<p>Le mode d'emploi et d'infusion du th\u00e9 Moon Flow peut \u00eatre consult\u00e9 \u00e0 l'adresse suivante <a href=\"https:\/\/www.alternatievemiddelen.nl\/fr\/comment-utiliser-et-infuser-le-the-moon-flow\/\">notre page d\u00e9di\u00e9e dans notre biblioth\u00e8que<\/a>. Ou lisez les r\u00e9ponses \u00e0 l'adresse suivante <a href=\"https:\/\/www.alternatievemiddelen.nl\/fr\/questions-frequemment-posees-the-moon-flow\/\">Questions fr\u00e9quemment pos\u00e9es Th\u00e9 Moon Flow<\/a>.<br \/>\n&nbsp;<br \/>\n&nbsp;<br \/>\n<b>Remarque !<\/b><br \/>\n- La tisane ne remplace pas un avis ou un traitement m\u00e9dical ; consultez toujours votre m\u00e9decin pour toute question.<\/p>\n<p>- Si vous souffrez d'une maladie, si vous prenez des m\u00e9dicaments, si vous \u00eates enceinte ou si vous allaitez, consultez votre m\u00e9decin ou votre sage-femme avant de consommer cette tisane.<\/p>\n<p>- Ce th\u00e9 est sp\u00e9cialement con\u00e7u pour les adultes.<\/p>","protected":false},"excerpt":{"rendered":"<p>Le th\u00e9 Mom Flow Little Tummy Care est un th\u00e9 d'allaitement doux sp\u00e9cialement con\u00e7u pour soutenir le ventre des b\u00e9b\u00e9s qui ont besoin de repos.<\/p>\n<p><b>Vous b\u00e9n\u00e9ficiez de remises group\u00e9es ? D\u00e9finissez votre <a href=\"https:\/\/www.alternatievemiddelen.nl\/fr\/produits\/kit-de-demarrage-pour-le-the-moon-flow\/\"><b>Cr\u00e9ez votre propre lot de produits de th\u00e9 Moon Flow<\/b><\/a> et b\u00e9n\u00e9ficier d'une r\u00e9duction.<\/b>\t<\/p>","protected":false},"featured_media":49120,"comment_status":"open","ping_status":"closed","template":"","meta":[],"product_brand":[],"product_cat":[3042,3771],"product_tag":[2951,3799,3802,3086,2875,3780,3779,3805,3797,3804,3803,3776,3089],"merk":[3768],"class_list":{"0":"post-49119","1":"product","2":"type-product","3":"status-publish","4":"has-post-thumbnail","6":"product_cat-gezonde-voedingsmiddelen","7":"product_cat-mom-flow-thee-tijdens-en-na-zwangerschap-thee","8":"product_tag-biologisch","9":"product_tag-borstvoedingsthee","10":"product_tag-borstvoedingsthee-bij-krampjes","11":"product_tag-cafeinevrij","12":"product_tag-gezondheid","13":"product_tag-hormoonbalans","14":"product_tag-kruidenthee","15":"product_tag-little-tummy-care","16":"product_tag-mom-flow","17":"product_tag-mom-flow-little-tummy-care","18":"product_tag-mom-flow-little-tummy-care-thee","19":"product_tag-moon-flow","20":"product_tag-thee","21":"merk-moon-flow-thee","23":"first","24":"instock","25":"taxable","26":"shipping-taxable","27":"purchasable","28":"product-type-simple"},"bundled_by":["49136"],"bundle_stock_status":"instock","bundle_stock_quantity":null,"bundle_virtual":false,"bundle_layout":"","bundle_add_to_cart_form_location":"","bundle_editable_in_cart":false,"bundle_sold_individually_context":"","bundle_item_grouping":"","bundle_min_size":"","bundle_max_size":"","bundle_price":[],"bundled_items":[],"bundle_sell_ids":[44176,49093,49111],"yoast_head":"<!-- This site is optimized with the Yoast SEO plugin v26.1 - https:\/\/yoast.com\/wordpress\/plugins\/seo\/ -->\n<title>Mom Flow Little Tummy Care thee | Borstvoedingsthee bij krampjes - 75 gr - Alternatievemiddelen.nl<\/title>\n<meta name=\"description\" content=\"Mom Flow Little Tummy Care thee is een zachte borstvoedingsthee, speciaal ontwikkeld om baby&#039;s te ondersteunen bij buikjes die wat rust nodig hebben.\" \/>\n<meta name=\"robots\" content=\"index, follow, max-snippet:-1, max-image-preview:large, max-video-preview:-1\" \/>\n<link rel=\"canonical\" href=\"https:\/\/www.alternatievemiddelen.nl\/fr\/wp-json\/wp\/v2\/product\/49119\" \/>\n<meta property=\"og:locale\" content=\"fr_FR\" \/>\n<meta property=\"og:type\" content=\"article\" \/>\n<meta property=\"og:title\" content=\"Mom Flow Little Tummy Care thee | Borstvoedingsthee bij krampjes - 75 gr - Alternatievemiddelen.nl\" \/>\n<meta property=\"og:description\" content=\"Mom Flow Little Tummy Care thee is een zachte borstvoedingsthee, speciaal ontwikkeld om baby&#039;s te ondersteunen bij buikjes die wat rust nodig hebben.\" \/>\n<meta property=\"og:url\" content=\"https:\/\/www.alternatievemiddelen.nl\/fr\/produits\/mom-flow-little-tummy-care-tea\/\" \/>\n<meta property=\"og:site_name\" content=\"Alternatievemiddelen.nl\" \/>\n<meta property=\"article:modified_time\" content=\"2025-12-15T09:58:26+00:00\" \/>\n<meta property=\"og:image\" content=\"\/wp-content\/uploads\/2025\/09\/Mom-Flow-Little-Tummy-Care-thee.jpg\" \/>\n\t<meta property=\"og:image:width\" content=\"600\" \/>\n\t<meta property=\"og:image:height\" content=\"800\" \/>\n\t<meta property=\"og:image:type\" content=\"image\/jpeg\" \/>\n<meta name=\"twitter:card\" content=\"summary_large_image\" \/>\n<meta name=\"twitter:label1\" content=\"Dur\u00e9e de lecture estim\u00e9e\" \/>\n\t<meta name=\"twitter:data1\" content=\"3 minutes\" \/>\n<script type=\"application\/ld+json\" class=\"yoast-schema-graph\">{\"@context\":\"https:\/\/schema.org\",\"@graph\":[{\"@type\":[\"WebPage\",\"ItemPage\"],\"@id\":\"https:\/\/www.alternatievemiddelen.nl\/producten\/mom-flow-little-tummy-care-thee\/\",\"url\":\"https:\/\/www.alternatievemiddelen.nl\/producten\/mom-flow-little-tummy-care-thee\/\",\"name\":\"Mom Flow Little Tummy Care thee | Borstvoedingsthee bij krampjes - 75 gr - Alternatievemiddelen.nl\",\"isPartOf\":{\"@id\":\"https:\/\/www.alternatievemiddelen.nl\/#website\"},\"primaryImageOfPage\":{\"@id\":\"https:\/\/www.alternatievemiddelen.nl\/producten\/mom-flow-little-tummy-care-thee\/#primaryimage\"},\"image\":{\"@id\":\"https:\/\/www.alternatievemiddelen.nl\/producten\/mom-flow-little-tummy-care-thee\/#primaryimage\"},\"thumbnailUrl\":\"https:\/\/www.alternatievemiddelen.nl\/wp-content\/uploads\/2025\/09\/Mom-Flow-Little-Tummy-Care-thee.jpg\",\"datePublished\":\"2025-09-22T14:31:45+00:00\",\"dateModified\":\"2025-12-15T09:58:26+00:00\",\"description\":\"Mom Flow Little Tummy Care thee is een zachte borstvoedingsthee, speciaal ontwikkeld om baby's te ondersteunen bij buikjes die wat rust nodig hebben.\",\"breadcrumb\":{\"@id\":\"https:\/\/www.alternatievemiddelen.nl\/producten\/mom-flow-little-tummy-care-thee\/#breadcrumb\"},\"inLanguage\":\"fr-FR\",\"potentialAction\":[{\"@type\":\"ReadAction\",\"target\":[\"https:\/\/www.alternatievemiddelen.nl\/producten\/mom-flow-little-tummy-care-thee\/\"]}]},{\"@type\":\"ImageObject\",\"inLanguage\":\"fr-FR\",\"@id\":\"https:\/\/www.alternatievemiddelen.nl\/producten\/mom-flow-little-tummy-care-thee\/#primaryimage\",\"url\":\"https:\/\/www.alternatievemiddelen.nl\/wp-content\/uploads\/2025\/09\/Mom-Flow-Little-Tummy-Care-thee.jpg\",\"contentUrl\":\"https:\/\/www.alternatievemiddelen.nl\/wp-content\/uploads\/2025\/09\/Mom-Flow-Little-Tummy-Care-thee.jpg\",\"width\":600,\"height\":800,\"caption\":\"Mom Flow Little Tummy Care thee\"},{\"@type\":\"BreadcrumbList\",\"@id\":\"https:\/\/www.alternatievemiddelen.nl\/producten\/mom-flow-little-tummy-care-thee\/#breadcrumb\",\"itemListElement\":[{\"@type\":\"ListItem\",\"position\":1,\"name\":\"Home\",\"item\":\"https:\/\/www.alternatievemiddelen.nl\/\"},{\"@type\":\"ListItem\",\"position\":2,\"name\":\"Producten\",\"item\":\"https:\/\/www.alternatievemiddelen.nl\/producten\/\"},{\"@type\":\"ListItem\",\"position\":3,\"name\":\"Mom Flow Little Tummy Care thee | Borstvoedingsthee bij krampjes &#8211; 75 gr\"}]},{\"@type\":\"WebSite\",\"@id\":\"https:\/\/www.alternatievemiddelen.nl\/#website\",\"url\":\"https:\/\/www.alternatievemiddelen.nl\/\",\"name\":\"Alternatievemiddelen.nl\",\"description\":\"Webshop met gezonde, duurzame en ecologische alternatieve mogelijkheden in de hedendaagse levenstijl. Alles uit eigen ervaring.\",\"publisher\":{\"@id\":\"https:\/\/www.alternatievemiddelen.nl\/#organization\"},\"potentialAction\":[{\"@type\":\"SearchAction\",\"target\":{\"@type\":\"EntryPoint\",\"urlTemplate\":\"https:\/\/www.alternatievemiddelen.nl\/?s={search_term_string}\"},\"query-input\":{\"@type\":\"PropertyValueSpecification\",\"valueRequired\":true,\"valueName\":\"search_term_string\"}}],\"inLanguage\":\"fr-FR\"},{\"@type\":\"Organization\",\"@id\":\"https:\/\/www.alternatievemiddelen.nl\/#organization\",\"name\":\"Alternatievemiddelen.nl\",\"url\":\"https:\/\/www.alternatievemiddelen.nl\/\",\"logo\":{\"@type\":\"ImageObject\",\"inLanguage\":\"fr-FR\",\"@id\":\"https:\/\/www.alternatievemiddelen.nl\/#\/schema\/logo\/image\/\",\"url\":\"https:\/\/www.alternatievemiddelen.nl\/wp-content\/uploads\/2023\/10\/alternatievemiddelen-PNG-logo.png\",\"contentUrl\":\"https:\/\/www.alternatievemiddelen.nl\/wp-content\/uploads\/2023\/10\/alternatievemiddelen-PNG-logo.png\",\"width\":6400,\"height\":3062,\"caption\":\"Alternatievemiddelen.nl\"},\"image\":{\"@id\":\"https:\/\/www.alternatievemiddelen.nl\/#\/schema\/logo\/image\/\"}}]}<\/script>\n<!-- \/ Yoast SEO plugin. -->","yoast_head_json":{"title":"Mom Flow Little Tummy Care thee | Borstvoedingsthee bij krampjes - 75 gr - Alternatievemiddelen.nl","description":"Mom Flow Little Tummy Care thee is een zachte borstvoedingsthee, speciaal ontwikkeld om baby's te ondersteunen bij buikjes die wat rust nodig hebben.","robots":{"index":"index","follow":"follow","max-snippet":"max-snippet:-1","max-image-preview":"max-image-preview:large","max-video-preview":"max-video-preview:-1"},"canonical":"https:\/\/www.alternatievemiddelen.nl\/fr\/wp-json\/wp\/v2\/product\/49119","og_locale":"fr_FR","og_type":"article","og_title":"Mom Flow Little Tummy Care thee | Borstvoedingsthee bij krampjes - 75 gr - Alternatievemiddelen.nl","og_description":"Mom Flow Little Tummy Care thee is een zachte borstvoedingsthee, speciaal ontwikkeld om baby's te ondersteunen bij buikjes die wat rust nodig hebben.","og_url":"https:\/\/www.alternatievemiddelen.nl\/fr\/produits\/mom-flow-little-tummy-care-tea\/","og_site_name":"Alternatievemiddelen.nl","article_modified_time":"2025-12-15T09:58:26+00:00","og_image":[{"width":600,"height":800,"url":"\/wp-content\/uploads\/2025\/09\/Mom-Flow-Little-Tummy-Care-thee.jpg","type":"image\/jpeg"}],"twitter_card":"summary_large_image","twitter_misc":{"Dur\u00e9e de lecture estim\u00e9e":"3 minutes"},"schema":{"@context":"https:\/\/schema.org","@graph":[{"@type":["WebPage","ItemPage"],"@id":"https:\/\/www.alternatievemiddelen.nl\/producten\/mom-flow-little-tummy-care-thee\/","url":"https:\/\/www.alternatievemiddelen.nl\/producten\/mom-flow-little-tummy-care-thee\/","name":"Mom Flow Little Tummy Care thee | Borstvoedingsthee bij krampjes - 75 gr - Alternatievemiddelen.nl","isPartOf":{"@id":"https:\/\/www.alternatievemiddelen.nl\/#website"},"primaryImageOfPage":{"@id":"https:\/\/www.alternatievemiddelen.nl\/producten\/mom-flow-little-tummy-care-thee\/#primaryimage"},"image":{"@id":"https:\/\/www.alternatievemiddelen.nl\/producten\/mom-flow-little-tummy-care-thee\/#primaryimage"},"thumbnailUrl":"https:\/\/www.alternatievemiddelen.nl\/wp-content\/uploads\/2025\/09\/Mom-Flow-Little-Tummy-Care-thee.jpg","datePublished":"2025-09-22T14:31:45+00:00","dateModified":"2025-12-15T09:58:26+00:00","description":"Mom Flow Little Tummy Care thee is een zachte borstvoedingsthee, speciaal ontwikkeld om baby's te ondersteunen bij buikjes die wat rust nodig hebben.","breadcrumb":{"@id":"https:\/\/www.alternatievemiddelen.nl\/producten\/mom-flow-little-tummy-care-thee\/#breadcrumb"},"inLanguage":"fr-FR","potentialAction":[{"@type":"ReadAction","target":["https:\/\/www.alternatievemiddelen.nl\/producten\/mom-flow-little-tummy-care-thee\/"]}]},{"@type":"ImageObject","inLanguage":"fr-FR","@id":"https:\/\/www.alternatievemiddelen.nl\/producten\/mom-flow-little-tummy-care-thee\/#primaryimage","url":"https:\/\/www.alternatievemiddelen.nl\/wp-content\/uploads\/2025\/09\/Mom-Flow-Little-Tummy-Care-thee.jpg","contentUrl":"https:\/\/www.alternatievemiddelen.nl\/wp-content\/uploads\/2025\/09\/Mom-Flow-Little-Tummy-Care-thee.jpg","width":600,"height":800,"caption":"Mom Flow Little Tummy Care thee"},{"@type":"BreadcrumbList","@id":"https:\/\/www.alternatievemiddelen.nl\/producten\/mom-flow-little-tummy-care-thee\/#breadcrumb","itemListElement":[{"@type":"ListItem","position":1,"name":"Home","item":"https:\/\/www.alternatievemiddelen.nl\/"},{"@type":"ListItem","position":2,"name":"Producten","item":"https:\/\/www.alternatievemiddelen.nl\/producten\/"},{"@type":"ListItem","position":3,"name":"Mom Flow Little Tummy Care thee | Borstvoedingsthee bij krampjes &#8211; 75 gr"}]},{"@type":"WebSite","@id":"https:\/\/www.alternatievemiddelen.nl\/#website","url":"https:\/\/www.alternatievemiddelen.nl\/","name":"Alternatievemiddelen.nl","description":"Webshop met gezonde, duurzame en ecologische alternatieve mogelijkheden in de hedendaagse levenstijl. Alles uit eigen ervaring.","publisher":{"@id":"https:\/\/www.alternatievemiddelen.nl\/#organization"},"potentialAction":[{"@type":"SearchAction","target":{"@type":"EntryPoint","urlTemplate":"https:\/\/www.alternatievemiddelen.nl\/?s={search_term_string}"},"query-input":{"@type":"PropertyValueSpecification","valueRequired":true,"valueName":"search_term_string"}}],"inLanguage":"fr-FR"},{"@type":"Organization","@id":"https:\/\/www.alternatievemiddelen.nl\/#organization","name":"Alternatievemiddelen.nl","url":"https:\/\/www.alternatievemiddelen.nl\/","logo":{"@type":"ImageObject","inLanguage":"fr-FR","@id":"https:\/\/www.alternatievemiddelen.nl\/#\/schema\/logo\/image\/","url":"https:\/\/www.alternatievemiddelen.nl\/wp-content\/uploads\/2023\/10\/alternatievemiddelen-PNG-logo.png","contentUrl":"https:\/\/www.alternatievemiddelen.nl\/wp-content\/uploads\/2023\/10\/alternatievemiddelen-PNG-logo.png","width":6400,"height":3062,"caption":"Alternatievemiddelen.nl"},"image":{"@id":"https:\/\/www.alternatievemiddelen.nl\/#\/schema\/logo\/image\/"}}]}},"_links":{"self":[{"href":"https:\/\/www.alternatievemiddelen.nl\/fr\/wp-json\/wp\/v2\/product\/49119","targetHints":{"allow":["GET"]}}],"collection":[{"href":"https:\/\/www.alternatievemiddelen.nl\/fr\/wp-json\/wp\/v2\/product"}],"about":[{"href":"https:\/\/www.alternatievemiddelen.nl\/fr\/wp-json\/wp\/v2\/types\/product"}],"replies":[{"embeddable":true,"href":"https:\/\/www.alternatievemiddelen.nl\/fr\/wp-json\/wp\/v2\/comments?post=49119"}],"wp:featuredmedia":[{"embeddable":true,"href":"https:\/\/www.alternatievemiddelen.nl\/fr\/wp-json\/wp\/v2\/media\/49120"}],"wp:attachment":[{"href":"https:\/\/www.alternatievemiddelen.nl\/fr\/wp-json\/wp\/v2\/media?parent=49119"}],"wp:term":[{"taxonomy":"product_brand","embeddable":true,"href":"https:\/\/www.alternatievemiddelen.nl\/fr\/wp-json\/wp\/v2\/product_brand?post=49119"},{"taxonomy":"product_cat","embeddable":true,"href":"https:\/\/www.alternatievemiddelen.nl\/fr\/wp-json\/wp\/v2\/product_cat?post=49119"},{"taxonomy":"product_tag","embeddable":true,"href":"https:\/\/www.alternatievemiddelen.nl\/fr\/wp-json\/wp\/v2\/product_tag?post=49119"},{"taxonomy":"merk","embeddable":true,"href":"https:\/\/www.alternatievemiddelen.nl\/fr\/wp-json\/wp\/v2\/merk?post=49119"}],"curies":[{"name":"wp","href":"https:\/\/api.w.org\/{rel}","templated":true}]}}