{"id":49217,"date":"2025-09-26T09:21:26","date_gmt":"2025-09-26T07:21:26","guid":{"rendered":"https:\/\/www.alternatievemiddelen.nl\/?post_type=product&#038;p=49217"},"modified":"2025-12-15T10:39:49","modified_gmt":"2025-12-15T09:39:49","slug":"tr-eat-keto-penne-pasta-200gr","status":"publish","type":"product","link":"https:\/\/www.alternatievemiddelen.nl\/fr\/produits\/tr-eat-keto-penne-pasta-200gr\/","title":{"rendered":"Tr-eat Keto Penne Pasta 200gr"},"content":{"rendered":"<p>Tr-eat Keto Penne Pasta - Les PENNE KETO &amp; LOW CARB de Tr-eat ! Les p\u00e2tes sans gluten qui ne perturberont pas votre c\u00e9tose et votre combustion des graisses :<\/p>\n<p>\u2714 90% moins de glucides que les p\u00e2tes de bl\u00e9 traditionnelles<br \/>\n\u2714 90% moins de glucides que les autres p\u00e2tes sans gluten<br \/>\n\u2714 Seulement 4gr de glucides par portion de p\u00e2tes<br \/>\n10 x plus de fibres saines que les p\u00e2tes traditionnelles et sans gluten<\/p>\n<p>Les Keto Penne ont la texture des p\u00e2tes classiques et sont pr\u00eates en un rien de temps.<br \/>\nCuire pendant 5 minutes et d\u00e9guster (h)honn\u00eatement !<br \/>\n&nbsp;<\/p>\n<h3>Caract\u00e9ristiques Tr-eat Keto Penne Pasta<\/h3>\n<p>Faites le bon choix et optez pour cette KETO PENNE. Pour tous ceux qui :<br \/>\n- Vous voulez rester dans les graisses et perdre quelques kilos<br \/>\n- Vous voulez obtenir une v\u00e9ritable \u00e9nergie \u00e0 partir d'un plat de p\u00e2tes ?<br \/>\n- Veut prendre soin de son corps et \u00eatre en pleine forme<\/p>\n<p><u><b>Contenu :<\/b><\/u><br \/>\n200 grammes<\/p>\n<p><u><b>Ingr\u00e9dients :<\/b><\/u><br \/>\nFibre de bambou, \u0153uf, enveloppe de psyllium, tapioca, graines de lin et curcuma.<\/p>\n<p><u><b>Valeurs nutritionnelles pour 100g :<\/b><\/u><\/p>\n<table>\n<tbody>\n<tr>\n<td>L'\u00e9nergie<\/td>\n<td>1197 KJ, 292 Kcal<\/td>\n<\/tr>\n<tr>\n<td>Graisses<\/td>\n<td>9,5 g<\/td>\n<\/tr>\n<tr>\n<td>dont acides gras satur\u00e9s<\/td>\n<td>2,8 g<\/td>\n<\/tr>\n<tr>\n<td>Glucides<\/td>\n<td>7,6 g<\/td>\n<\/tr>\n<tr>\n<td>dont sucres<\/td>\n<td>0,5 g<\/td>\n<\/tr>\n<tr>\n<td>Fibres<\/td>\n<td>64 g<\/td>\n<\/tr>\n<tr>\n<td>Prot\u00e9ines<\/td>\n<td>12 g<\/td>\n<\/tr>\n<tr>\n<td>Sel<\/td>\n<td>0,3 g<\/td>\n<\/tr>\n<\/tbody>\n<\/table>\n<p>&nbsp;<\/p>\n<h3>Pr\u00e9paration<\/h3>\n<p>\u25cf 200 g de Keto Penne<br \/>\nl'eau<br \/>\n\u25cf pinc\u00e9e de sel<\/p>\n<p>Cuire les p\u00e2tes dans de l'eau bouillante l\u00e9g\u00e8rement sal\u00e9e pendant 5 minutes. Les \u00e9goutter et les rincer \u00e0 l'eau courante. Servir avec une d\u00e9licieuse sauce de votre choix.<\/p>\n<p>Nous renvoyons pour <a href=\"https:\/\/www.alternatievemiddelen.nl\/fr\/recettes-tr-eat-gluten-free-pastas\/\">de d\u00e9licieuses recettes<\/a> et <a href=\"https:\/\/www.alternatievemiddelen.nl\/fr\/videos-d-instructions-tr-eat-produits-sans-gluten\/\">vid\u00e9os p\u00e9dagogiques<\/a> pour la pr\u00e9paration des produits Tr-eat \u00e0 notre <a href=\"https:\/\/www.alternatievemiddelen.nl\/fr\/la-bibliotheque\/\">biblioth\u00e8que<\/a>. Vous verrez ici, \u00e9tape par \u00e9tape, comment fabriquer facilement votre produit Tr-eat. Aucun talent de cuisinier n'est requis !<\/p>","protected":false},"excerpt":{"rendered":"<p>Les Tr-eat Keto Penne Pasta sont des p\u00e2tes sans gluten et \u00e0 faible teneur en glucides qui ne perturberont pas votre c\u00e9tose et votre combustion des graisses, avec seulement 4 grammes de glucides par portion de p\u00e2tes.<\/p>\n<p><b>Vous b\u00e9n\u00e9ficiez de remises group\u00e9es ? D\u00e9finissez votre <a href=\"https:\/\/www.alternatievemiddelen.nl\/fr\/produits\/produits-tr-eat-bargain-set\/\"><b>Cr\u00e9ez votre propre lot de produits Tr-eat<\/b><\/a> et b\u00e9n\u00e9ficier d'une r\u00e9duction.<\/b><\/p>","protected":false},"featured_media":49224,"comment_status":"open","ping_status":"closed","template":"","meta":[],"product_brand":[],"product_cat":[3042,3807,3674],"product_tag":[3680,3664,3663,2875,3183,3810,3821,3823,3665,3809,3817,3657,3824,3822,3662],"merk":[3653],"class_list":{"0":"post-49217","1":"product","2":"type-product","3":"status-publish","4":"has-post-thumbnail","6":"product_cat-gezonde-voedingsmiddelen","7":"product_cat-glutenvrije-pasta-varianten","8":"product_cat-keto-producten","9":"product_tag-200-gr","10":"product_tag-darmen","11":"product_tag-darmflora","12":"product_tag-gezondheid","13":"product_tag-glutenvrij","14":"product_tag-glutenvrije-pasta","15":"product_tag-keto","16":"product_tag-keto-penne","17":"product_tag-lekker","18":"product_tag-pasta","19":"product_tag-penne","20":"product_tag-tr-eat","21":"product_tag-tr-eat-keto-penne","22":"product_tag-tr-eat-keto-penne-pasta","23":"product_tag-vezels","24":"merk-treat","26":"first","27":"instock","28":"taxable","29":"shipping-taxable","30":"purchasable","31":"product-type-simple"},"bundled_by":["49417"],"bundle_stock_status":"instock","bundle_stock_quantity":null,"bundle_virtual":false,"bundle_layout":"","bundle_add_to_cart_form_location":"","bundle_editable_in_cart":false,"bundle_sold_individually_context":"","bundle_item_grouping":"","bundle_min_size":"","bundle_max_size":"","bundle_price":[],"bundled_items":[],"bundle_sell_ids":[44176,47014,47287,49182,49202,49225,49171],"yoast_head":"<!-- This site is optimized with the Yoast SEO plugin v26.1 - https:\/\/yoast.com\/wordpress\/plugins\/seo\/ -->\n<title>Tr-eat Keto Penne Pasta 200gr - Alternatievemiddelen.nl<\/title>\n<meta name=\"description\" content=\"Tr-eat Keto Penne Pasta is de glutenvrije en low carb pasta die je ketose en vetverbranding niet verstoort, slechts 4gr koolhydraten per portie pasta.\" \/>\n<meta name=\"robots\" content=\"index, follow, max-snippet:-1, max-image-preview:large, max-video-preview:-1\" \/>\n<link rel=\"canonical\" href=\"https:\/\/www.alternatievemiddelen.nl\/fr\/wp-json\/wp\/v2\/product\/49217\" \/>\n<meta property=\"og:locale\" content=\"fr_FR\" \/>\n<meta property=\"og:type\" content=\"article\" \/>\n<meta property=\"og:title\" content=\"Tr-eat Keto Penne Pasta 200gr - Alternatievemiddelen.nl\" \/>\n<meta property=\"og:description\" content=\"Tr-eat Keto Penne Pasta is de glutenvrije en low carb pasta die je ketose en vetverbranding niet verstoort, slechts 4gr koolhydraten per portie pasta.\" \/>\n<meta property=\"og:url\" content=\"https:\/\/www.alternatievemiddelen.nl\/fr\/produits\/tr-eat-keto-penne-pasta-200gr\/\" \/>\n<meta property=\"og:site_name\" content=\"Alternatievemiddelen.nl\" \/>\n<meta property=\"article:modified_time\" content=\"2025-12-15T09:39:49+00:00\" \/>\n<meta property=\"og:image\" content=\"\/wp-content\/uploads\/2025\/09\/Tr-eat-Keto-Penne-Pasta.jpg\" \/>\n\t<meta property=\"og:image:width\" content=\"1200\" \/>\n\t<meta property=\"og:image:height\" content=\"1600\" \/>\n\t<meta property=\"og:image:type\" content=\"image\/jpeg\" \/>\n<meta name=\"twitter:card\" content=\"summary_large_image\" \/>\n<meta name=\"twitter:label1\" content=\"Dur\u00e9e de lecture estim\u00e9e\" \/>\n\t<meta name=\"twitter:data1\" content=\"2 minutes\" \/>\n<script type=\"application\/ld+json\" class=\"yoast-schema-graph\">{\"@context\":\"https:\/\/schema.org\",\"@graph\":[{\"@type\":[\"WebPage\",\"ItemPage\"],\"@id\":\"https:\/\/www.alternatievemiddelen.nl\/producten\/tr-eat-keto-penne-pasta-200gr\/\",\"url\":\"https:\/\/www.alternatievemiddelen.nl\/producten\/tr-eat-keto-penne-pasta-200gr\/\",\"name\":\"Tr-eat Keto Penne Pasta 200gr - Alternatievemiddelen.nl\",\"isPartOf\":{\"@id\":\"https:\/\/www.alternatievemiddelen.nl\/#website\"},\"primaryImageOfPage\":{\"@id\":\"https:\/\/www.alternatievemiddelen.nl\/producten\/tr-eat-keto-penne-pasta-200gr\/#primaryimage\"},\"image\":{\"@id\":\"https:\/\/www.alternatievemiddelen.nl\/producten\/tr-eat-keto-penne-pasta-200gr\/#primaryimage\"},\"thumbnailUrl\":\"https:\/\/www.alternatievemiddelen.nl\/wp-content\/uploads\/2025\/09\/Tr-eat-Keto-Penne-Pasta.jpg\",\"datePublished\":\"2025-09-26T07:21:26+00:00\",\"dateModified\":\"2025-12-15T09:39:49+00:00\",\"description\":\"Tr-eat Keto Penne Pasta is de glutenvrije en low carb pasta die je ketose en vetverbranding niet verstoort, slechts 4gr koolhydraten per portie pasta.\",\"breadcrumb\":{\"@id\":\"https:\/\/www.alternatievemiddelen.nl\/producten\/tr-eat-keto-penne-pasta-200gr\/#breadcrumb\"},\"inLanguage\":\"fr-FR\",\"potentialAction\":[{\"@type\":\"ReadAction\",\"target\":[\"https:\/\/www.alternatievemiddelen.nl\/producten\/tr-eat-keto-penne-pasta-200gr\/\"]}]},{\"@type\":\"ImageObject\",\"inLanguage\":\"fr-FR\",\"@id\":\"https:\/\/www.alternatievemiddelen.nl\/producten\/tr-eat-keto-penne-pasta-200gr\/#primaryimage\",\"url\":\"https:\/\/www.alternatievemiddelen.nl\/wp-content\/uploads\/2025\/09\/Tr-eat-Keto-Penne-Pasta.jpg\",\"contentUrl\":\"https:\/\/www.alternatievemiddelen.nl\/wp-content\/uploads\/2025\/09\/Tr-eat-Keto-Penne-Pasta.jpg\",\"width\":1200,\"height\":1600,\"caption\":\"Tr-eat Keto Penne Pasta (glutenvrij)\"},{\"@type\":\"BreadcrumbList\",\"@id\":\"https:\/\/www.alternatievemiddelen.nl\/producten\/tr-eat-keto-penne-pasta-200gr\/#breadcrumb\",\"itemListElement\":[{\"@type\":\"ListItem\",\"position\":1,\"name\":\"Home\",\"item\":\"https:\/\/www.alternatievemiddelen.nl\/\"},{\"@type\":\"ListItem\",\"position\":2,\"name\":\"Producten\",\"item\":\"https:\/\/www.alternatievemiddelen.nl\/producten\/\"},{\"@type\":\"ListItem\",\"position\":3,\"name\":\"Tr-eat Keto Penne Pasta 200gr\"}]},{\"@type\":\"WebSite\",\"@id\":\"https:\/\/www.alternatievemiddelen.nl\/#website\",\"url\":\"https:\/\/www.alternatievemiddelen.nl\/\",\"name\":\"Alternatievemiddelen.nl\",\"description\":\"Webshop met gezonde, duurzame en ecologische alternatieve mogelijkheden in de hedendaagse levenstijl. Alles uit eigen ervaring.\",\"publisher\":{\"@id\":\"https:\/\/www.alternatievemiddelen.nl\/#organization\"},\"potentialAction\":[{\"@type\":\"SearchAction\",\"target\":{\"@type\":\"EntryPoint\",\"urlTemplate\":\"https:\/\/www.alternatievemiddelen.nl\/?s={search_term_string}\"},\"query-input\":{\"@type\":\"PropertyValueSpecification\",\"valueRequired\":true,\"valueName\":\"search_term_string\"}}],\"inLanguage\":\"fr-FR\"},{\"@type\":\"Organization\",\"@id\":\"https:\/\/www.alternatievemiddelen.nl\/#organization\",\"name\":\"Alternatievemiddelen.nl\",\"url\":\"https:\/\/www.alternatievemiddelen.nl\/\",\"logo\":{\"@type\":\"ImageObject\",\"inLanguage\":\"fr-FR\",\"@id\":\"https:\/\/www.alternatievemiddelen.nl\/#\/schema\/logo\/image\/\",\"url\":\"https:\/\/www.alternatievemiddelen.nl\/wp-content\/uploads\/2023\/10\/alternatievemiddelen-PNG-logo.png\",\"contentUrl\":\"https:\/\/www.alternatievemiddelen.nl\/wp-content\/uploads\/2023\/10\/alternatievemiddelen-PNG-logo.png\",\"width\":6400,\"height\":3062,\"caption\":\"Alternatievemiddelen.nl\"},\"image\":{\"@id\":\"https:\/\/www.alternatievemiddelen.nl\/#\/schema\/logo\/image\/\"}}]}<\/script>\n<!-- \/ Yoast SEO plugin. -->","yoast_head_json":{"title":"Tr-eat Keto Penne Pasta 200gr - Alternatievemiddelen.nl","description":"Tr-eat Keto Penne Pasta is de glutenvrije en low carb pasta die je ketose en vetverbranding niet verstoort, slechts 4gr koolhydraten per portie pasta.","robots":{"index":"index","follow":"follow","max-snippet":"max-snippet:-1","max-image-preview":"max-image-preview:large","max-video-preview":"max-video-preview:-1"},"canonical":"https:\/\/www.alternatievemiddelen.nl\/fr\/wp-json\/wp\/v2\/product\/49217","og_locale":"fr_FR","og_type":"article","og_title":"Tr-eat Keto Penne Pasta 200gr - Alternatievemiddelen.nl","og_description":"Tr-eat Keto Penne Pasta is de glutenvrije en low carb pasta die je ketose en vetverbranding niet verstoort, slechts 4gr koolhydraten per portie pasta.","og_url":"https:\/\/www.alternatievemiddelen.nl\/fr\/produits\/tr-eat-keto-penne-pasta-200gr\/","og_site_name":"Alternatievemiddelen.nl","article_modified_time":"2025-12-15T09:39:49+00:00","og_image":[{"width":1200,"height":1600,"url":"\/wp-content\/uploads\/2025\/09\/Tr-eat-Keto-Penne-Pasta.jpg","type":"image\/jpeg"}],"twitter_card":"summary_large_image","twitter_misc":{"Dur\u00e9e de lecture estim\u00e9e":"2 minutes"},"schema":{"@context":"https:\/\/schema.org","@graph":[{"@type":["WebPage","ItemPage"],"@id":"https:\/\/www.alternatievemiddelen.nl\/producten\/tr-eat-keto-penne-pasta-200gr\/","url":"https:\/\/www.alternatievemiddelen.nl\/producten\/tr-eat-keto-penne-pasta-200gr\/","name":"Tr-eat Keto Penne Pasta 200gr - Alternatievemiddelen.nl","isPartOf":{"@id":"https:\/\/www.alternatievemiddelen.nl\/#website"},"primaryImageOfPage":{"@id":"https:\/\/www.alternatievemiddelen.nl\/producten\/tr-eat-keto-penne-pasta-200gr\/#primaryimage"},"image":{"@id":"https:\/\/www.alternatievemiddelen.nl\/producten\/tr-eat-keto-penne-pasta-200gr\/#primaryimage"},"thumbnailUrl":"https:\/\/www.alternatievemiddelen.nl\/wp-content\/uploads\/2025\/09\/Tr-eat-Keto-Penne-Pasta.jpg","datePublished":"2025-09-26T07:21:26+00:00","dateModified":"2025-12-15T09:39:49+00:00","description":"Tr-eat Keto Penne Pasta is de glutenvrije en low carb pasta die je ketose en vetverbranding niet verstoort, slechts 4gr koolhydraten per portie pasta.","breadcrumb":{"@id":"https:\/\/www.alternatievemiddelen.nl\/producten\/tr-eat-keto-penne-pasta-200gr\/#breadcrumb"},"inLanguage":"fr-FR","potentialAction":[{"@type":"ReadAction","target":["https:\/\/www.alternatievemiddelen.nl\/producten\/tr-eat-keto-penne-pasta-200gr\/"]}]},{"@type":"ImageObject","inLanguage":"fr-FR","@id":"https:\/\/www.alternatievemiddelen.nl\/producten\/tr-eat-keto-penne-pasta-200gr\/#primaryimage","url":"https:\/\/www.alternatievemiddelen.nl\/wp-content\/uploads\/2025\/09\/Tr-eat-Keto-Penne-Pasta.jpg","contentUrl":"https:\/\/www.alternatievemiddelen.nl\/wp-content\/uploads\/2025\/09\/Tr-eat-Keto-Penne-Pasta.jpg","width":1200,"height":1600,"caption":"Tr-eat Keto Penne Pasta (glutenvrij)"},{"@type":"BreadcrumbList","@id":"https:\/\/www.alternatievemiddelen.nl\/producten\/tr-eat-keto-penne-pasta-200gr\/#breadcrumb","itemListElement":[{"@type":"ListItem","position":1,"name":"Home","item":"https:\/\/www.alternatievemiddelen.nl\/"},{"@type":"ListItem","position":2,"name":"Producten","item":"https:\/\/www.alternatievemiddelen.nl\/producten\/"},{"@type":"ListItem","position":3,"name":"Tr-eat Keto Penne Pasta 200gr"}]},{"@type":"WebSite","@id":"https:\/\/www.alternatievemiddelen.nl\/#website","url":"https:\/\/www.alternatievemiddelen.nl\/","name":"Alternatievemiddelen.nl","description":"Webshop met gezonde, duurzame en ecologische alternatieve mogelijkheden in de hedendaagse levenstijl. Alles uit eigen ervaring.","publisher":{"@id":"https:\/\/www.alternatievemiddelen.nl\/#organization"},"potentialAction":[{"@type":"SearchAction","target":{"@type":"EntryPoint","urlTemplate":"https:\/\/www.alternatievemiddelen.nl\/?s={search_term_string}"},"query-input":{"@type":"PropertyValueSpecification","valueRequired":true,"valueName":"search_term_string"}}],"inLanguage":"fr-FR"},{"@type":"Organization","@id":"https:\/\/www.alternatievemiddelen.nl\/#organization","name":"Alternatievemiddelen.nl","url":"https:\/\/www.alternatievemiddelen.nl\/","logo":{"@type":"ImageObject","inLanguage":"fr-FR","@id":"https:\/\/www.alternatievemiddelen.nl\/#\/schema\/logo\/image\/","url":"https:\/\/www.alternatievemiddelen.nl\/wp-content\/uploads\/2023\/10\/alternatievemiddelen-PNG-logo.png","contentUrl":"https:\/\/www.alternatievemiddelen.nl\/wp-content\/uploads\/2023\/10\/alternatievemiddelen-PNG-logo.png","width":6400,"height":3062,"caption":"Alternatievemiddelen.nl"},"image":{"@id":"https:\/\/www.alternatievemiddelen.nl\/#\/schema\/logo\/image\/"}}]}},"_links":{"self":[{"href":"https:\/\/www.alternatievemiddelen.nl\/fr\/wp-json\/wp\/v2\/product\/49217","targetHints":{"allow":["GET"]}}],"collection":[{"href":"https:\/\/www.alternatievemiddelen.nl\/fr\/wp-json\/wp\/v2\/product"}],"about":[{"href":"https:\/\/www.alternatievemiddelen.nl\/fr\/wp-json\/wp\/v2\/types\/product"}],"replies":[{"embeddable":true,"href":"https:\/\/www.alternatievemiddelen.nl\/fr\/wp-json\/wp\/v2\/comments?post=49217"}],"wp:featuredmedia":[{"embeddable":true,"href":"https:\/\/www.alternatievemiddelen.nl\/fr\/wp-json\/wp\/v2\/media\/49224"}],"wp:attachment":[{"href":"https:\/\/www.alternatievemiddelen.nl\/fr\/wp-json\/wp\/v2\/media?parent=49217"}],"wp:term":[{"taxonomy":"product_brand","embeddable":true,"href":"https:\/\/www.alternatievemiddelen.nl\/fr\/wp-json\/wp\/v2\/product_brand?post=49217"},{"taxonomy":"product_cat","embeddable":true,"href":"https:\/\/www.alternatievemiddelen.nl\/fr\/wp-json\/wp\/v2\/product_cat?post=49217"},{"taxonomy":"product_tag","embeddable":true,"href":"https:\/\/www.alternatievemiddelen.nl\/fr\/wp-json\/wp\/v2\/product_tag?post=49217"},{"taxonomy":"merk","embeddable":true,"href":"https:\/\/www.alternatievemiddelen.nl\/fr\/wp-json\/wp\/v2\/merk?post=49217"}],"curies":[{"name":"wp","href":"https:\/\/api.w.org\/{rel}","templated":true}]}}