{"id":49489,"date":"2025-10-03T14:50:38","date_gmt":"2025-10-03T12:50:38","guid":{"rendered":"https:\/\/www.alternatievemiddelen.nl\/?post_type=product&#038;p=49489"},"modified":"2025-10-04T06:52:22","modified_gmt":"2025-10-04T04:52:22","slug":"deodorant-roller-floral-swing-zonder-aluminium","status":"publish","type":"product","link":"https:\/\/www.alternatievemiddelen.nl\/fr\/produits\/deodorant-roller-floral-swing-sans-aluminium\/","title":{"rendered":"D\u00e9odorant Roller Floral Swing (sans aluminium) 50 ml"},"content":{"rendered":"<p>Enrichi d'un d\u00e9licat parfum floral poudr\u00e9, le d\u00e9odorant roller Floral Swing offre une fra\u00eecheur fiable pour vos aisselles du matin au soir. Ce roller exploite la puissance d'ingr\u00e9dients naturels tels que le zinc, le bicarbonate de soude et l'extrait de magnolia, offrant une protection efficace contre les odeurs sans aluminium. La formule douce neutralise non seulement les odeurs, mais nourrit \u00e9galement la peau gr\u00e2ce \u00e0 un luxueux extrait de rose sauvage, choyant ainsi la peau des aisselles, m\u00eame les plus sensibles.<br \/>\n&nbsp;<\/p>\n<h3>Protection instantan\u00e9e, sans aluminium, avec le d\u00e9odorant bille Floral Swing<\/h3>\n<p>D\u00e8s l'application, le d\u00e9odorant roller Floral Swing neutralise les odeurs corporelles sans alcool ni aluminium. Il aide votre peau \u00e0 r\u00e9guler naturellement la transpiration, tandis que le zinc et le bicarbonate de soude assurent une protection durable contre les odeurs. En mouvement, la formule unique agit activement pour pr\u00e9venir les odeurs et apporter une fra\u00eecheur instantan\u00e9e.<br \/>\n&nbsp;<\/p>\n<h3>Rose sauvage, amande et aloe vera<\/h3>\n<p>Pour que la peau sensible des aisselles soit toujours nourrie avec des ingr\u00e9dients de haute qualit\u00e9, le rouleau en verre \u00e9cologique est toujours pr\u00eat \u00e0 l'emploi. Enrichi de la touche d\u00e9licate du magnolia, le pr\u00e9cieux extrait de rose sauvage apaise la peau en douceur. La pr\u00e9cieuse huile d'amande issue du commerce \u00e9quitable laisse la peau douce et souple, ce qui en fait un soin id\u00e9al apr\u00e8s le rasage. L'aloe vera compl\u00e8te ce m\u00e9lange en apaisant les peaux sensibles, de sorte que le d\u00e9odorant bille Floral Swing offre plus qu'une fra\u00eecheur constante - il procure un soin profond et apaisant.<br \/>\n&nbsp;<\/p>\n<h3>D\u00e9odorant \u00e0 bille Floral Swing information<\/h3>\n<p><u>Utilisation :<\/u> Appliquer le d\u00e9odorant sous les aisselles \u00e0 toute occasion appropri\u00e9e, laisser agir quelques instants et profiter de la fra\u00eecheur naturelle.<\/p>\n<p><u>Contenu :<\/u> 50 ml<\/p>\n<p><u>Ingr\u00e9dients (en anglais) :<\/u> AQUA, JUS DE FEUILLES D'ALOE BARBADENSIS* (<strong>ALOE VERA*<\/strong>), PENTYL\u00c8NE GLYCOL, RICINOL\u00c9ATE DE ZINC, HUILE DE PRUNUS AMYGDALUS DULCIS* (<strong>ALMOND*<\/strong>), OLEA EUROPAEA FRUIT OIL* (<strong>OLIVE*<\/strong>), AMIDON DE TAPIOCA*, BICARBONATE DE SODIUM, BEURRE DE BUTYROSPERMUM PARKII (<strong>BEURRE DE SHEA<\/strong>), EXTRAIT DE FLEUR DE ROSE CANINE* (<strong>ROSE SAUVAGE<\/strong>), EXTRAIT D'\u00c9CORCE DE MAGNOLIA OFFICINALIS (<strong>MAGNOLIA<\/strong>), GOMME XANTHANE, CAPRYLATE DE GLYC\u00c9RYLE, ST\u00c9AROYL GLUTAMATE DE SODIUM, ALCOOL*, TOCOPH\u00c9ROL (<strong>VITAMINE E<\/strong>), HUILE DE GRAINES D'HELIANTHUS ANNUUS* (<strong>TOURNESOL*<\/strong>), PARFUM**, CITRUS LIMON PEEL OIL**, PELARGONIUM GRAVEOLENS FLOWER OIL**, SANTALUM ALBUM OIL**, VANILLIN**, BENZYL SALICYLATE**, CITRAL**, CITRONELLOL**, GERANIOL**, GERANYL ACETATE**, LIMONENE**, LINALOOL**, LINALYL ACETATE**, PINENE**, TERPINEOL**<br \/>\n<i>* agriculture biologique contr\u00f4l\u00e9e ** \u00e0 partir d'huiles essentielles naturelles<\/i><br \/>\n&nbsp;<\/p>\n<h4>\u00c0 propos de i+m Naturkosmetik Berlin<\/h4>\n<p>Nous sommes des gens bien : des ma\u00eetres dans la cr\u00e9ation des meilleurs cosm\u00e9tiques naturels, des pionniers du bio, des rebelles de la cosm\u00e9tique v\u00e9g\u00e9talienne, des fairplayers, des experts en \u00e9nergie v\u00e9g\u00e9tale, des utilisateurs respectueux des ressources pr\u00e9cieuses, des gens bien, des \u00e9cologistes neutres sur le plan climatique, des fans d'individualit\u00e9, des Berlinois depuis 78, des \u00e9vitants d\u00e9vou\u00e9s des d\u00e9chets et des laur\u00e9ats du Prix allemand du d\u00e9veloppement durable 2019 et 2020.<br \/>\n&nbsp;<\/p>\n<h4>Informations compl\u00e9mentaires :<\/h4>\n<p><b>D\u00e9odorants sans aluminium et d\u00e9odorants \u00e0 base d'aluminium :<\/b> Les d\u00e9odorants conventionnels contenant des sels d'aluminium\/chlorure d'aluminium ou de l'alun r\u00e9tr\u00e9cissent et ferment les pores de la transpiration. Ils suppriment ainsi la formation naturelle de sueur et emp\u00eachent le refroidissement du corps. Avec les d\u00e9odorants de i+m Naturkosmetik Berlin, le syst\u00e8me de climatisation du corps peut continuer \u00e0 fonctionner - seule l'odeur est \u00e9vit\u00e9e.<br \/>\n<b>Patience dans le changement :<\/b> Lorsque l'on passe d'un d\u00e9odorant conventionnel \u00e0 un d\u00e9odorant cosm\u00e9tique naturel, il se peut que l'on transpire davantage dans un premier temps. Cependant, celle-ci se r\u00e9gule d'elle-m\u00eame pour revenir \u00e0 un niveau naturel une fois que les pores de la transpiration se sont habitu\u00e9s \u00e0 leur libert\u00e9 retrouv\u00e9e. La sensation agr\u00e9able sur votre peau vous r\u00e9compensera alors d'avoir fait le changement. Enfin, pas de prise quotidienne d'ingr\u00e9dients controvers\u00e9s et plus jamais de peau irrit\u00e9e - m\u00eame apr\u00e8s le rasage.<\/p>","protected":false},"excerpt":{"rendered":"<p>Enrichi d'un d\u00e9licat parfum floral, le D\u00e9odorant Roller Floral Swing offre une fra\u00eecheur fiable pour vos aisselles du matin au soir.<\/p>","protected":false},"featured_media":49490,"comment_status":"open","ping_status":"closed","template":"","meta":[],"product_brand":[],"product_cat":[2945,3174],"product_tag":[3175,3176,3177,3178,3207,3180,3182,3199,3183,3184,3185,3186,3187,2960,3188,3201,3189,3190,3060,3191,3192,3193,3194,3195,3196],"merk":[3454],"class_list":{"0":"post-49489","1":"product","2":"type-product","3":"status-publish","4":"has-post-thumbnail","6":"product_cat-natuurlijke-verzorging","7":"product_cat-deodorant","8":"product_tag-alcoholvrij","9":"product_tag-aluminiumvrij","10":"product_tag-bio","11":"product_tag-deodorant","12":"product_tag-deodorant-roller","13":"product_tag-dierproefvrij","14":"product_tag-fairtrade","15":"product_tag-floral-swing","16":"product_tag-glutenvrij","17":"product_tag-im","18":"product_tag-im-naturkosmetik-berlin","19":"product_tag-kleurstofvrij","20":"product_tag-lactosevrij","21":"product_tag-ongeparfumeerd","22":"product_tag-organisch","23":"product_tag-parfumvrij","24":"product_tag-peg-vrij","25":"product_tag-siliconenvrij","26":"product_tag-vegan","27":"product_tag-veganistisch","28":"product_tag-vrij-van-minerale-olien","29":"product_tag-vrij-van-nanodeeltjes","30":"product_tag-vrij-van-parabenen","31":"product_tag-vrij-van-paraffine","32":"product_tag-zonder-aluminium","33":"merk-im-naturkosmetik-berlin","35":"first","36":"instock","37":"taxable","38":"shipping-taxable","39":"purchasable","40":"product-type-simple"},"bundled_by":[],"bundle_stock_status":"instock","bundle_stock_quantity":null,"bundle_virtual":false,"bundle_layout":"","bundle_add_to_cart_form_location":"","bundle_editable_in_cart":false,"bundle_sold_individually_context":"","bundle_item_grouping":"","bundle_min_size":"","bundle_max_size":"","bundle_price":[],"bundled_items":[],"bundle_sell_ids":[44176,34348,49493,34454,34371],"yoast_head":"<!-- This site is optimized with the Yoast SEO plugin v26.1 - https:\/\/yoast.com\/wordpress\/plugins\/seo\/ -->\n<title>Deodorant Roller Floral Swing (zonder aluminium) 50 ml - Alternatievemiddelen.nl<\/title>\n<meta name=\"description\" content=\"Deodorant Roller Floral Swing is verrijkt met een delicate bloemengeur en biedt betrouwbare frisheid voor je oksels van &#039;s ochtends tot &#039;s avonds laat.\" \/>\n<meta name=\"robots\" content=\"index, follow, max-snippet:-1, max-image-preview:large, max-video-preview:-1\" \/>\n<link rel=\"canonical\" href=\"https:\/\/www.alternatievemiddelen.nl\/fr\/wp-json\/wp\/v2\/product\/49489\" \/>\n<meta property=\"og:locale\" content=\"fr_FR\" \/>\n<meta property=\"og:type\" content=\"article\" \/>\n<meta property=\"og:title\" content=\"Deodorant Roller Floral Swing (zonder aluminium) 50 ml - Alternatievemiddelen.nl\" \/>\n<meta property=\"og:description\" content=\"Deodorant Roller Floral Swing is verrijkt met een delicate bloemengeur en biedt betrouwbare frisheid voor je oksels van &#039;s ochtends tot &#039;s avonds laat.\" \/>\n<meta property=\"og:url\" content=\"https:\/\/www.alternatievemiddelen.nl\/fr\/produits\/deodorant-roller-floral-swing-sans-aluminium\/\" \/>\n<meta property=\"og:site_name\" content=\"Alternatievemiddelen.nl\" \/>\n<meta property=\"article:modified_time\" content=\"2025-10-04T04:52:22+00:00\" \/>\n<meta property=\"og:image\" content=\"\/wp-content\/uploads\/2025\/10\/Deodorant-Roller-Floral-Swing.jpg\" \/>\n\t<meta property=\"og:image:width\" content=\"600\" \/>\n\t<meta property=\"og:image:height\" content=\"800\" \/>\n\t<meta property=\"og:image:type\" content=\"image\/jpeg\" \/>\n<meta name=\"twitter:card\" content=\"summary_large_image\" \/>\n<meta name=\"twitter:label1\" content=\"Dur\u00e9e de lecture estim\u00e9e\" \/>\n\t<meta name=\"twitter:data1\" content=\"3 minutes\" \/>\n<script type=\"application\/ld+json\" class=\"yoast-schema-graph\">{\"@context\":\"https:\/\/schema.org\",\"@graph\":[{\"@type\":[\"WebPage\",\"ItemPage\"],\"@id\":\"https:\/\/www.alternatievemiddelen.nl\/producten\/deodorant-roller-floral-swing-zonder-aluminium\/\",\"url\":\"https:\/\/www.alternatievemiddelen.nl\/producten\/deodorant-roller-floral-swing-zonder-aluminium\/\",\"name\":\"Deodorant Roller Floral Swing (zonder aluminium) 50 ml - Alternatievemiddelen.nl\",\"isPartOf\":{\"@id\":\"https:\/\/www.alternatievemiddelen.nl\/#website\"},\"primaryImageOfPage\":{\"@id\":\"https:\/\/www.alternatievemiddelen.nl\/producten\/deodorant-roller-floral-swing-zonder-aluminium\/#primaryimage\"},\"image\":{\"@id\":\"https:\/\/www.alternatievemiddelen.nl\/producten\/deodorant-roller-floral-swing-zonder-aluminium\/#primaryimage\"},\"thumbnailUrl\":\"https:\/\/www.alternatievemiddelen.nl\/wp-content\/uploads\/2025\/10\/Deodorant-Roller-Floral-Swing.jpg\",\"datePublished\":\"2025-10-03T12:50:38+00:00\",\"dateModified\":\"2025-10-04T04:52:22+00:00\",\"description\":\"Deodorant Roller Floral Swing is verrijkt met een delicate bloemengeur en biedt betrouwbare frisheid voor je oksels van 's ochtends tot 's avonds laat.\",\"breadcrumb\":{\"@id\":\"https:\/\/www.alternatievemiddelen.nl\/producten\/deodorant-roller-floral-swing-zonder-aluminium\/#breadcrumb\"},\"inLanguage\":\"fr-FR\",\"potentialAction\":[{\"@type\":\"ReadAction\",\"target\":[\"https:\/\/www.alternatievemiddelen.nl\/producten\/deodorant-roller-floral-swing-zonder-aluminium\/\"]}]},{\"@type\":\"ImageObject\",\"inLanguage\":\"fr-FR\",\"@id\":\"https:\/\/www.alternatievemiddelen.nl\/producten\/deodorant-roller-floral-swing-zonder-aluminium\/#primaryimage\",\"url\":\"https:\/\/www.alternatievemiddelen.nl\/wp-content\/uploads\/2025\/10\/Deodorant-Roller-Floral-Swing.jpg\",\"contentUrl\":\"https:\/\/www.alternatievemiddelen.nl\/wp-content\/uploads\/2025\/10\/Deodorant-Roller-Floral-Swing.jpg\",\"width\":600,\"height\":800,\"caption\":\"Deodorant Roller Floral Swing\"},{\"@type\":\"BreadcrumbList\",\"@id\":\"https:\/\/www.alternatievemiddelen.nl\/producten\/deodorant-roller-floral-swing-zonder-aluminium\/#breadcrumb\",\"itemListElement\":[{\"@type\":\"ListItem\",\"position\":1,\"name\":\"Home\",\"item\":\"https:\/\/www.alternatievemiddelen.nl\/\"},{\"@type\":\"ListItem\",\"position\":2,\"name\":\"Producten\",\"item\":\"https:\/\/www.alternatievemiddelen.nl\/producten\/\"},{\"@type\":\"ListItem\",\"position\":3,\"name\":\"Deodorant Roller Floral Swing (zonder aluminium) 50 ml\"}]},{\"@type\":\"WebSite\",\"@id\":\"https:\/\/www.alternatievemiddelen.nl\/#website\",\"url\":\"https:\/\/www.alternatievemiddelen.nl\/\",\"name\":\"Alternatievemiddelen.nl\",\"description\":\"Webshop met gezonde, duurzame en ecologische alternatieve mogelijkheden in de hedendaagse levenstijl. Alles uit eigen ervaring.\",\"publisher\":{\"@id\":\"https:\/\/www.alternatievemiddelen.nl\/#organization\"},\"potentialAction\":[{\"@type\":\"SearchAction\",\"target\":{\"@type\":\"EntryPoint\",\"urlTemplate\":\"https:\/\/www.alternatievemiddelen.nl\/?s={search_term_string}\"},\"query-input\":{\"@type\":\"PropertyValueSpecification\",\"valueRequired\":true,\"valueName\":\"search_term_string\"}}],\"inLanguage\":\"fr-FR\"},{\"@type\":\"Organization\",\"@id\":\"https:\/\/www.alternatievemiddelen.nl\/#organization\",\"name\":\"Alternatievemiddelen.nl\",\"url\":\"https:\/\/www.alternatievemiddelen.nl\/\",\"logo\":{\"@type\":\"ImageObject\",\"inLanguage\":\"fr-FR\",\"@id\":\"https:\/\/www.alternatievemiddelen.nl\/#\/schema\/logo\/image\/\",\"url\":\"https:\/\/www.alternatievemiddelen.nl\/wp-content\/uploads\/2023\/10\/alternatievemiddelen-PNG-logo.png\",\"contentUrl\":\"https:\/\/www.alternatievemiddelen.nl\/wp-content\/uploads\/2023\/10\/alternatievemiddelen-PNG-logo.png\",\"width\":6400,\"height\":3062,\"caption\":\"Alternatievemiddelen.nl\"},\"image\":{\"@id\":\"https:\/\/www.alternatievemiddelen.nl\/#\/schema\/logo\/image\/\"}}]}<\/script>\n<!-- \/ Yoast SEO plugin. -->","yoast_head_json":{"title":"Deodorant Roller Floral Swing (zonder aluminium) 50 ml - Alternatievemiddelen.nl","description":"Deodorant Roller Floral Swing is verrijkt met een delicate bloemengeur en biedt betrouwbare frisheid voor je oksels van 's ochtends tot 's avonds laat.","robots":{"index":"index","follow":"follow","max-snippet":"max-snippet:-1","max-image-preview":"max-image-preview:large","max-video-preview":"max-video-preview:-1"},"canonical":"https:\/\/www.alternatievemiddelen.nl\/fr\/wp-json\/wp\/v2\/product\/49489","og_locale":"fr_FR","og_type":"article","og_title":"Deodorant Roller Floral Swing (zonder aluminium) 50 ml - Alternatievemiddelen.nl","og_description":"Deodorant Roller Floral Swing is verrijkt met een delicate bloemengeur en biedt betrouwbare frisheid voor je oksels van 's ochtends tot 's avonds laat.","og_url":"https:\/\/www.alternatievemiddelen.nl\/fr\/produits\/deodorant-roller-floral-swing-sans-aluminium\/","og_site_name":"Alternatievemiddelen.nl","article_modified_time":"2025-10-04T04:52:22+00:00","og_image":[{"width":600,"height":800,"url":"\/wp-content\/uploads\/2025\/10\/Deodorant-Roller-Floral-Swing.jpg","type":"image\/jpeg"}],"twitter_card":"summary_large_image","twitter_misc":{"Dur\u00e9e de lecture estim\u00e9e":"3 minutes"},"schema":{"@context":"https:\/\/schema.org","@graph":[{"@type":["WebPage","ItemPage"],"@id":"https:\/\/www.alternatievemiddelen.nl\/producten\/deodorant-roller-floral-swing-zonder-aluminium\/","url":"https:\/\/www.alternatievemiddelen.nl\/producten\/deodorant-roller-floral-swing-zonder-aluminium\/","name":"Deodorant Roller Floral Swing (zonder aluminium) 50 ml - Alternatievemiddelen.nl","isPartOf":{"@id":"https:\/\/www.alternatievemiddelen.nl\/#website"},"primaryImageOfPage":{"@id":"https:\/\/www.alternatievemiddelen.nl\/producten\/deodorant-roller-floral-swing-zonder-aluminium\/#primaryimage"},"image":{"@id":"https:\/\/www.alternatievemiddelen.nl\/producten\/deodorant-roller-floral-swing-zonder-aluminium\/#primaryimage"},"thumbnailUrl":"https:\/\/www.alternatievemiddelen.nl\/wp-content\/uploads\/2025\/10\/Deodorant-Roller-Floral-Swing.jpg","datePublished":"2025-10-03T12:50:38+00:00","dateModified":"2025-10-04T04:52:22+00:00","description":"Deodorant Roller Floral Swing is verrijkt met een delicate bloemengeur en biedt betrouwbare frisheid voor je oksels van 's ochtends tot 's avonds laat.","breadcrumb":{"@id":"https:\/\/www.alternatievemiddelen.nl\/producten\/deodorant-roller-floral-swing-zonder-aluminium\/#breadcrumb"},"inLanguage":"fr-FR","potentialAction":[{"@type":"ReadAction","target":["https:\/\/www.alternatievemiddelen.nl\/producten\/deodorant-roller-floral-swing-zonder-aluminium\/"]}]},{"@type":"ImageObject","inLanguage":"fr-FR","@id":"https:\/\/www.alternatievemiddelen.nl\/producten\/deodorant-roller-floral-swing-zonder-aluminium\/#primaryimage","url":"https:\/\/www.alternatievemiddelen.nl\/wp-content\/uploads\/2025\/10\/Deodorant-Roller-Floral-Swing.jpg","contentUrl":"https:\/\/www.alternatievemiddelen.nl\/wp-content\/uploads\/2025\/10\/Deodorant-Roller-Floral-Swing.jpg","width":600,"height":800,"caption":"Deodorant Roller Floral Swing"},{"@type":"BreadcrumbList","@id":"https:\/\/www.alternatievemiddelen.nl\/producten\/deodorant-roller-floral-swing-zonder-aluminium\/#breadcrumb","itemListElement":[{"@type":"ListItem","position":1,"name":"Home","item":"https:\/\/www.alternatievemiddelen.nl\/"},{"@type":"ListItem","position":2,"name":"Producten","item":"https:\/\/www.alternatievemiddelen.nl\/producten\/"},{"@type":"ListItem","position":3,"name":"Deodorant Roller Floral Swing (zonder aluminium) 50 ml"}]},{"@type":"WebSite","@id":"https:\/\/www.alternatievemiddelen.nl\/#website","url":"https:\/\/www.alternatievemiddelen.nl\/","name":"Alternatievemiddelen.nl","description":"Webshop met gezonde, duurzame en ecologische alternatieve mogelijkheden in de hedendaagse levenstijl. Alles uit eigen ervaring.","publisher":{"@id":"https:\/\/www.alternatievemiddelen.nl\/#organization"},"potentialAction":[{"@type":"SearchAction","target":{"@type":"EntryPoint","urlTemplate":"https:\/\/www.alternatievemiddelen.nl\/?s={search_term_string}"},"query-input":{"@type":"PropertyValueSpecification","valueRequired":true,"valueName":"search_term_string"}}],"inLanguage":"fr-FR"},{"@type":"Organization","@id":"https:\/\/www.alternatievemiddelen.nl\/#organization","name":"Alternatievemiddelen.nl","url":"https:\/\/www.alternatievemiddelen.nl\/","logo":{"@type":"ImageObject","inLanguage":"fr-FR","@id":"https:\/\/www.alternatievemiddelen.nl\/#\/schema\/logo\/image\/","url":"https:\/\/www.alternatievemiddelen.nl\/wp-content\/uploads\/2023\/10\/alternatievemiddelen-PNG-logo.png","contentUrl":"https:\/\/www.alternatievemiddelen.nl\/wp-content\/uploads\/2023\/10\/alternatievemiddelen-PNG-logo.png","width":6400,"height":3062,"caption":"Alternatievemiddelen.nl"},"image":{"@id":"https:\/\/www.alternatievemiddelen.nl\/#\/schema\/logo\/image\/"}}]}},"_links":{"self":[{"href":"https:\/\/www.alternatievemiddelen.nl\/fr\/wp-json\/wp\/v2\/product\/49489","targetHints":{"allow":["GET"]}}],"collection":[{"href":"https:\/\/www.alternatievemiddelen.nl\/fr\/wp-json\/wp\/v2\/product"}],"about":[{"href":"https:\/\/www.alternatievemiddelen.nl\/fr\/wp-json\/wp\/v2\/types\/product"}],"replies":[{"embeddable":true,"href":"https:\/\/www.alternatievemiddelen.nl\/fr\/wp-json\/wp\/v2\/comments?post=49489"}],"wp:featuredmedia":[{"embeddable":true,"href":"https:\/\/www.alternatievemiddelen.nl\/fr\/wp-json\/wp\/v2\/media\/49490"}],"wp:attachment":[{"href":"https:\/\/www.alternatievemiddelen.nl\/fr\/wp-json\/wp\/v2\/media?parent=49489"}],"wp:term":[{"taxonomy":"product_brand","embeddable":true,"href":"https:\/\/www.alternatievemiddelen.nl\/fr\/wp-json\/wp\/v2\/product_brand?post=49489"},{"taxonomy":"product_cat","embeddable":true,"href":"https:\/\/www.alternatievemiddelen.nl\/fr\/wp-json\/wp\/v2\/product_cat?post=49489"},{"taxonomy":"product_tag","embeddable":true,"href":"https:\/\/www.alternatievemiddelen.nl\/fr\/wp-json\/wp\/v2\/product_tag?post=49489"},{"taxonomy":"merk","embeddable":true,"href":"https:\/\/www.alternatievemiddelen.nl\/fr\/wp-json\/wp\/v2\/merk?post=49489"}],"curies":[{"name":"wp","href":"https:\/\/api.w.org\/{rel}","templated":true}]}}