{"id":49575,"date":"2025-10-11T07:09:30","date_gmt":"2025-10-11T05:09:30","guid":{"rendered":"https:\/\/www.alternatievemiddelen.nl\/?post_type=product&#038;p=49575"},"modified":"2026-01-13T14:29:38","modified_gmt":"2026-01-13T13:29:38","slug":"mayu-one-glazen-drinkfles-1-liter","status":"publish","type":"product","link":"https:\/\/www.alternatievemiddelen.nl\/fr\/produits\/mayu-one-glass-drinking-bottle-1-litre\/","title":{"rendered":"MAYU \"One\" gourde en verre 1 litre - avec filtre amovible"},"content":{"rendered":"<p>Fabriqu\u00e9e en verre borosilicat\u00e9 de haute qualit\u00e9, la gourde en verre MAYU \"One\" de 1 litre offre une alternative durable et \u00e9cologique aux bouteilles en plastique. Elle poss\u00e8de une large ouverture pour faciliter le remplissage, la consommation et le nettoyage, ainsi qu'un couvercle \u00e9tanche en bambou. Le filtre int\u00e9gr\u00e9 et amovible en acier inoxydable (304) permet l'infusion de fruits et d'herbes, donnant \u00e0 l'eau une saveur naturelle. Cette bouteille contribue \u00e0 un mode de vie durable et garantit la puret\u00e9 et la fra\u00eecheur de votre eau. Id\u00e9ale pour la maison, le bureau ou les voyages, elle allie fonctionnalit\u00e9 pratique et design \u00e9l\u00e9gant.<\/p>\n<p>Cette gourde en verre est \u00e9galement disponible avec une capacit\u00e9 de <a href=\"https:\/\/www.alternatievemiddelen.nl\/fr\/produits\/mayu-mini-bouteille-en-verre-500-ml\/\">500 ml<\/a> et <a href=\"https:\/\/www.alternatievemiddelen.nl\/fr\/produits\/bouteille-en-verre-magnum-mayu-1-5-litres\/\">1,5 litre<\/a>.<br \/>\n&nbsp;<\/p>\n<h3>La plus haute qualit\u00e9 en laquelle vous pouvez avoir confiance<\/h3>\n<p>Chaque gourde en verre MAYU est soigneusement test\u00e9e pour garantir sa s\u00e9curit\u00e9, sa puret\u00e9 et sa durabilit\u00e9. Que ce soit \u00e0 la maison, au bureau ou en d\u00e9placement, cette bouteille est \u00e9l\u00e9gante et vous aide \u00e0 atteindre vos objectifs en mati\u00e8re de sant\u00e9.<br \/>\n&nbsp;<\/p>\n<h3>Durable et \u00e9l\u00e9gante, la bouteille en verre MAYU \"One\".<\/h3>\n<p>Fabriqu\u00e9e en verre borosilicat\u00e9 de haute qualit\u00e9, cette bouteille est durable, l\u00e9g\u00e8re et \u00e9cologique. \u00c9vitez le plastique et donnez l'exemple d'un mode de vie conscient et durable - pour vous et pour l'environnement.<br \/>\n&nbsp;<\/p>\n<h3>Pourquoi la gourde en verre MAYU \"One\" ?<\/h3>\n<p>\u2714 Capacit\u00e9 de 1 litre (1 L)<br \/>\nVerre borosilicat\u00e9 100% de classe A : durable et s\u00fbr pour un usage quotidien<br \/>\n\u2714 Sans BPA, BPS, plomb ni plastique : s\u00fbr et sain pour votre hydratation<br \/>\n\u2714 Dimensions : hauteur de 29,8 cm et diam\u00e8tre de \u00d8 8,7 cm<br \/>\n\u2714 L\u00e9ger : pratique pour s'hydrater en d\u00e9placement<br \/>\n\u2714 Respectueux de l'environnement : r\u00e9duit les d\u00e9chets plastiques et favorise un mode de vie durable<br \/>\n\u2714 Conception \u00e0 large ouverture : facile \u00e0 remplir, \u00e0 boire et \u00e0 nettoyer<br \/>\n\u2714 Bouchon \u00e9tanche en bambou : s\u00fbr et \u00e9l\u00e9gant pour \u00e9viter les d\u00e9versements<br \/>\n\u2714 Lavable au lave-vaisselle : facile \u00e0 nettoyer et \u00e0 entretenir<br \/>\n\u2714 Design minimaliste : s'int\u00e8gre parfaitement \u00e0 l'int\u00e9rieur de la maison. <a href=\"https:\/\/www.alternatievemiddelen.nl\/fr\/categorie-de-produits-2\/vitrificateurs-et-plaques-energetiques\/tourbillon-de-mayu\/\">MAYU Swirl avec technologie vortex<\/a> et votre vie quotidienne<br \/>\n\u2714 Filtre int\u00e9gr\u00e9 et amovible en acier inoxydable (304) : permet de conserver les fruits et les herbes dans la bouteille, pour une eau aromatis\u00e9e.<br \/>\n\u2714 Dimensions pratiques : \u00e9galement disponible avec une capacit\u00e9 de <a href=\"https:\/\/www.alternatievemiddelen.nl\/fr\/produits\/mayu-mini-bouteille-en-verre-500-ml\/\">500 ml<\/a> et <a href=\"https:\/\/www.alternatievemiddelen.nl\/fr\/produits\/bouteille-en-verre-magnum-mayu-1-5-litres\/\">1,5 litre<\/a><br \/>\n&nbsp;<\/p>\n<h3>Le compl\u00e9ment parfait du MAYU Swirl<\/h3>\n<p>La gourde en verre MAYU \"One\" est plus qu'une simple bouteille : c'est votre partenaire fiable pour de l'eau vitalis\u00e9e, \u00e0 la maison comme en d\u00e9placement. Sp\u00e9cialement con\u00e7ue pour \u00eatre le compl\u00e9ment parfait de la gourde MAYU \"One\". <a href=\"https:\/\/www.alternatievemiddelen.nl\/fr\/categorie-de-produits-2\/vitrificateurs-et-plaques-energetiques\/tourbillon-de-mayu\/\">MAYU Swirl avec technologie vortex<\/a>pour que vous puissiez profiter d'une eau vitalis\u00e9e partout. Gr\u00e2ce \u00e0 la passoire int\u00e9gr\u00e9e, vous pouvez enrichir votre eau d'ar\u00f4mes naturels sans en perdre le go\u00fbt pur.<\/p>\n<p>L'eau vitalis\u00e9e fait partie de votre vie avec la gourde en verre MAYU !<\/p>\n<p><b>Avantages particuliers pour l'utilisation du MAYU Swirl :<\/b><br \/>\n\u25cf Parfaitement con\u00e7u pour le stockage de l'eau vitalis\u00e9e.<br \/>\n\u25cf Id\u00e9al pour les voyages, pour avoir toujours de l'eau vitalis\u00e9e \u00e0 port\u00e9e de main.<br \/>\n\u25cf Compl\u00e8te le design \u00e9l\u00e9gant du MAYU Swirl et forme un ensemble harmonieux.<br \/>\n&nbsp;<\/p>\n<h4>Mise en service et nettoyage :<\/h4>\n<p>\u25cf <b>Laver avant la premi\u00e8re utilisation :<\/b> Retirez le capuchon et lavez toutes les pi\u00e8ces \u00e0 la main dans de l'eau chaude savonneuse. Rincer abondamment et s\u00e9cher \u00e0 l'air libre.<br \/>\n\u25cf <b>Remplir sa bouteille d'eau :<\/b> A utiliser pour des boissons froides ou \u00e0 temp\u00e9rature ambiante. \u00c9viter de la remplir avec des liquides chauds pour \u00e9viter les changements brusques de temp\u00e9rature. Bien refermer le bouchon avant de le placer dans un sac ou un sac \u00e0 dos, par exemple.<br \/>\n\u25cf <b>Prenez soin de votre bouteille d'eau :<\/b> Le lavage \u00e0 la main est recommand\u00e9 pour une plus longue dur\u00e9e de vie. La bouteille en verre peut \u00eatre lav\u00e9e au lave-vaisselle (panier sup\u00e9rieur). Pour pr\u00e9server la fiabilit\u00e9 du bouchon, ne le laver qu'\u00e0 la main. \u00c9viter les chocs brusques ou les changements de temp\u00e9rature extr\u00eames pour pr\u00e9server la durabilit\u00e9.<\/p>","protected":false},"excerpt":{"rendered":"<p>Id\u00e9ale pour la maison, le bureau ou les voyages, la bouteille en verre MAYU \"One\" de 1 litre allie fonctionnalit\u00e9 pratique et design \u00e9l\u00e9gant.<\/p>","protected":false},"featured_media":49567,"comment_status":"open","ping_status":"closed","template":"","meta":[],"product_brand":[],"product_cat":[2983,2984,2924,3569],"product_tag":[3842,3841,3840,3838,3115,3255,2975,2987,2929,3116,3117,2875,3118,3119,3120,3121,3248,3004,2989,3122,2921,2991,2967,2992,2885,2995],"merk":[3452],"class_list":{"0":"post-49575","1":"product","2":"type-product","3":"status-publish","4":"has-post-thumbnail","6":"product_cat-drinkflessen","7":"product_cat-drinkfles","8":"product_cat-duurzame-huishoudelijke-producten","9":"product_cat-overige-duurzame-huishoudelijke-producten","10":"product_tag-1-liter","11":"product_tag-1-ltr","12":"product_tag-1000-ml","13":"product_tag-bamboe","14":"product_tag-borosilicaat-glas","15":"product_tag-borosilicaatglas","16":"product_tag-bpa-vrij","17":"product_tag-drinkfles","18":"product_tag-duurzaam","19":"product_tag-fruit","20":"product_tag-gezond","21":"product_tag-gezondheid","22":"product_tag-glas","23":"product_tag-glazen-drinkfles","24":"product_tag-glazen-fles","25":"product_tag-lekvrij","26":"product_tag-mayu","27":"product_tag-onderweg","28":"product_tag-outdoor","29":"product_tag-plasticreductie","30":"product_tag-reizen","31":"product_tag-school","32":"product_tag-schoon","33":"product_tag-sport","34":"product_tag-water","35":"product_tag-werk","36":"merk-mayu","38":"first","39":"instock","40":"taxable","41":"shipping-taxable","42":"purchasable","43":"product-type-simple"},"bundled_by":[],"bundle_stock_status":"instock","bundle_stock_quantity":null,"bundle_virtual":false,"bundle_layout":"","bundle_add_to_cart_form_location":"","bundle_editable_in_cart":false,"bundle_sold_individually_context":"","bundle_item_grouping":"","bundle_min_size":"","bundle_max_size":"","bundle_price":[],"bundled_items":[],"bundle_sell_ids":[44176,34480,49547,49577],"yoast_head":"<!-- This site is optimized with the Yoast SEO plugin v26.1 - https:\/\/yoast.com\/wordpress\/plugins\/seo\/ -->\n<title>MAYU &quot;One&quot; glazen drinkfles 1 liter - met uitneembaar zeefje - Alternatievemiddelen.nl<\/title>\n<meta name=\"description\" content=\"De MAYU &quot;One&quot; glazen drinkfles 1 liter is ideaal voor thuis, op kantoor of op reis, hij combineert praktische functionaliteit met een elegant design.\" \/>\n<meta name=\"robots\" content=\"index, follow, max-snippet:-1, max-image-preview:large, max-video-preview:-1\" \/>\n<link rel=\"canonical\" href=\"https:\/\/www.alternatievemiddelen.nl\/fr\/wp-json\/wp\/v2\/product\/49575\" \/>\n<meta property=\"og:locale\" content=\"fr_FR\" \/>\n<meta property=\"og:type\" content=\"article\" \/>\n<meta property=\"og:title\" content=\"MAYU &quot;One&quot; glazen drinkfles 1 liter - met uitneembaar zeefje - Alternatievemiddelen.nl\" \/>\n<meta property=\"og:description\" content=\"De MAYU &quot;One&quot; glazen drinkfles 1 liter is ideaal voor thuis, op kantoor of op reis, hij combineert praktische functionaliteit met een elegant design.\" \/>\n<meta property=\"og:url\" content=\"https:\/\/www.alternatievemiddelen.nl\/fr\/produits\/mayu-one-glass-drinking-bottle-1-litre\/\" \/>\n<meta property=\"og:site_name\" content=\"Alternatievemiddelen.nl\" \/>\n<meta property=\"article:modified_time\" content=\"2026-01-13T13:29:38+00:00\" \/>\n<meta property=\"og:image\" content=\"\/wp-content\/uploads\/2025\/10\/MAYU-glazen-drinkfles-1L.jpg\" \/>\n\t<meta property=\"og:image:width\" content=\"1200\" \/>\n\t<meta property=\"og:image:height\" content=\"1600\" \/>\n\t<meta property=\"og:image:type\" content=\"image\/jpeg\" \/>\n<meta name=\"twitter:card\" content=\"summary_large_image\" \/>\n<meta name=\"twitter:label1\" content=\"Dur\u00e9e de lecture estim\u00e9e\" \/>\n\t<meta name=\"twitter:data1\" content=\"4 minutes\" \/>\n<script type=\"application\/ld+json\" class=\"yoast-schema-graph\">{\"@context\":\"https:\/\/schema.org\",\"@graph\":[{\"@type\":[\"WebPage\",\"ItemPage\"],\"@id\":\"https:\/\/www.alternatievemiddelen.nl\/producten\/mayu-one-glazen-drinkfles-1-liter\/\",\"url\":\"https:\/\/www.alternatievemiddelen.nl\/producten\/mayu-one-glazen-drinkfles-1-liter\/\",\"name\":\"MAYU \\\"One\\\" glazen drinkfles 1 liter - met uitneembaar zeefje - Alternatievemiddelen.nl\",\"isPartOf\":{\"@id\":\"https:\/\/www.alternatievemiddelen.nl\/#website\"},\"primaryImageOfPage\":{\"@id\":\"https:\/\/www.alternatievemiddelen.nl\/producten\/mayu-one-glazen-drinkfles-1-liter\/#primaryimage\"},\"image\":{\"@id\":\"https:\/\/www.alternatievemiddelen.nl\/producten\/mayu-one-glazen-drinkfles-1-liter\/#primaryimage\"},\"thumbnailUrl\":\"https:\/\/www.alternatievemiddelen.nl\/wp-content\/uploads\/2025\/10\/MAYU-glazen-drinkfles-1L.jpg\",\"datePublished\":\"2025-10-11T05:09:30+00:00\",\"dateModified\":\"2026-01-13T13:29:38+00:00\",\"description\":\"De MAYU \\\"One\\\" glazen drinkfles 1 liter is ideaal voor thuis, op kantoor of op reis, hij combineert praktische functionaliteit met een elegant design.\",\"breadcrumb\":{\"@id\":\"https:\/\/www.alternatievemiddelen.nl\/producten\/mayu-one-glazen-drinkfles-1-liter\/#breadcrumb\"},\"inLanguage\":\"fr-FR\",\"potentialAction\":[{\"@type\":\"ReadAction\",\"target\":[\"https:\/\/www.alternatievemiddelen.nl\/producten\/mayu-one-glazen-drinkfles-1-liter\/\"]}]},{\"@type\":\"ImageObject\",\"inLanguage\":\"fr-FR\",\"@id\":\"https:\/\/www.alternatievemiddelen.nl\/producten\/mayu-one-glazen-drinkfles-1-liter\/#primaryimage\",\"url\":\"https:\/\/www.alternatievemiddelen.nl\/wp-content\/uploads\/2025\/10\/MAYU-glazen-drinkfles-1L.jpg\",\"contentUrl\":\"https:\/\/www.alternatievemiddelen.nl\/wp-content\/uploads\/2025\/10\/MAYU-glazen-drinkfles-1L.jpg\",\"width\":1200,\"height\":1600,\"caption\":\"MAYU glazen drinkfles 1L\"},{\"@type\":\"BreadcrumbList\",\"@id\":\"https:\/\/www.alternatievemiddelen.nl\/producten\/mayu-one-glazen-drinkfles-1-liter\/#breadcrumb\",\"itemListElement\":[{\"@type\":\"ListItem\",\"position\":1,\"name\":\"Home\",\"item\":\"https:\/\/www.alternatievemiddelen.nl\/\"},{\"@type\":\"ListItem\",\"position\":2,\"name\":\"Producten\",\"item\":\"https:\/\/www.alternatievemiddelen.nl\/producten\/\"},{\"@type\":\"ListItem\",\"position\":3,\"name\":\"MAYU &#8220;One&#8221; glazen drinkfles 1 liter &#8211; met uitneembaar zeefje\"}]},{\"@type\":\"WebSite\",\"@id\":\"https:\/\/www.alternatievemiddelen.nl\/#website\",\"url\":\"https:\/\/www.alternatievemiddelen.nl\/\",\"name\":\"Alternatievemiddelen.nl\",\"description\":\"Webshop met gezonde, duurzame en ecologische alternatieve mogelijkheden in de hedendaagse levenstijl. Alles uit eigen ervaring.\",\"publisher\":{\"@id\":\"https:\/\/www.alternatievemiddelen.nl\/#organization\"},\"potentialAction\":[{\"@type\":\"SearchAction\",\"target\":{\"@type\":\"EntryPoint\",\"urlTemplate\":\"https:\/\/www.alternatievemiddelen.nl\/?s={search_term_string}\"},\"query-input\":{\"@type\":\"PropertyValueSpecification\",\"valueRequired\":true,\"valueName\":\"search_term_string\"}}],\"inLanguage\":\"fr-FR\"},{\"@type\":\"Organization\",\"@id\":\"https:\/\/www.alternatievemiddelen.nl\/#organization\",\"name\":\"Alternatievemiddelen.nl\",\"url\":\"https:\/\/www.alternatievemiddelen.nl\/\",\"logo\":{\"@type\":\"ImageObject\",\"inLanguage\":\"fr-FR\",\"@id\":\"https:\/\/www.alternatievemiddelen.nl\/#\/schema\/logo\/image\/\",\"url\":\"https:\/\/www.alternatievemiddelen.nl\/wp-content\/uploads\/2023\/10\/alternatievemiddelen-PNG-logo.png\",\"contentUrl\":\"https:\/\/www.alternatievemiddelen.nl\/wp-content\/uploads\/2023\/10\/alternatievemiddelen-PNG-logo.png\",\"width\":6400,\"height\":3062,\"caption\":\"Alternatievemiddelen.nl\"},\"image\":{\"@id\":\"https:\/\/www.alternatievemiddelen.nl\/#\/schema\/logo\/image\/\"}}]}<\/script>\n<!-- \/ Yoast SEO plugin. -->","yoast_head_json":{"title":"MAYU \"One\" glazen drinkfles 1 liter - met uitneembaar zeefje - Alternatievemiddelen.nl","description":"De MAYU \"One\" glazen drinkfles 1 liter is ideaal voor thuis, op kantoor of op reis, hij combineert praktische functionaliteit met een elegant design.","robots":{"index":"index","follow":"follow","max-snippet":"max-snippet:-1","max-image-preview":"max-image-preview:large","max-video-preview":"max-video-preview:-1"},"canonical":"https:\/\/www.alternatievemiddelen.nl\/fr\/wp-json\/wp\/v2\/product\/49575","og_locale":"fr_FR","og_type":"article","og_title":"MAYU \"One\" glazen drinkfles 1 liter - met uitneembaar zeefje - Alternatievemiddelen.nl","og_description":"De MAYU \"One\" glazen drinkfles 1 liter is ideaal voor thuis, op kantoor of op reis, hij combineert praktische functionaliteit met een elegant design.","og_url":"https:\/\/www.alternatievemiddelen.nl\/fr\/produits\/mayu-one-glass-drinking-bottle-1-litre\/","og_site_name":"Alternatievemiddelen.nl","article_modified_time":"2026-01-13T13:29:38+00:00","og_image":[{"width":1200,"height":1600,"url":"\/wp-content\/uploads\/2025\/10\/MAYU-glazen-drinkfles-1L.jpg","type":"image\/jpeg"}],"twitter_card":"summary_large_image","twitter_misc":{"Dur\u00e9e de lecture estim\u00e9e":"4 minutes"},"schema":{"@context":"https:\/\/schema.org","@graph":[{"@type":["WebPage","ItemPage"],"@id":"https:\/\/www.alternatievemiddelen.nl\/producten\/mayu-one-glazen-drinkfles-1-liter\/","url":"https:\/\/www.alternatievemiddelen.nl\/producten\/mayu-one-glazen-drinkfles-1-liter\/","name":"MAYU \"One\" glazen drinkfles 1 liter - met uitneembaar zeefje - Alternatievemiddelen.nl","isPartOf":{"@id":"https:\/\/www.alternatievemiddelen.nl\/#website"},"primaryImageOfPage":{"@id":"https:\/\/www.alternatievemiddelen.nl\/producten\/mayu-one-glazen-drinkfles-1-liter\/#primaryimage"},"image":{"@id":"https:\/\/www.alternatievemiddelen.nl\/producten\/mayu-one-glazen-drinkfles-1-liter\/#primaryimage"},"thumbnailUrl":"https:\/\/www.alternatievemiddelen.nl\/wp-content\/uploads\/2025\/10\/MAYU-glazen-drinkfles-1L.jpg","datePublished":"2025-10-11T05:09:30+00:00","dateModified":"2026-01-13T13:29:38+00:00","description":"De MAYU \"One\" glazen drinkfles 1 liter is ideaal voor thuis, op kantoor of op reis, hij combineert praktische functionaliteit met een elegant design.","breadcrumb":{"@id":"https:\/\/www.alternatievemiddelen.nl\/producten\/mayu-one-glazen-drinkfles-1-liter\/#breadcrumb"},"inLanguage":"fr-FR","potentialAction":[{"@type":"ReadAction","target":["https:\/\/www.alternatievemiddelen.nl\/producten\/mayu-one-glazen-drinkfles-1-liter\/"]}]},{"@type":"ImageObject","inLanguage":"fr-FR","@id":"https:\/\/www.alternatievemiddelen.nl\/producten\/mayu-one-glazen-drinkfles-1-liter\/#primaryimage","url":"https:\/\/www.alternatievemiddelen.nl\/wp-content\/uploads\/2025\/10\/MAYU-glazen-drinkfles-1L.jpg","contentUrl":"https:\/\/www.alternatievemiddelen.nl\/wp-content\/uploads\/2025\/10\/MAYU-glazen-drinkfles-1L.jpg","width":1200,"height":1600,"caption":"MAYU glazen drinkfles 1L"},{"@type":"BreadcrumbList","@id":"https:\/\/www.alternatievemiddelen.nl\/producten\/mayu-one-glazen-drinkfles-1-liter\/#breadcrumb","itemListElement":[{"@type":"ListItem","position":1,"name":"Home","item":"https:\/\/www.alternatievemiddelen.nl\/"},{"@type":"ListItem","position":2,"name":"Producten","item":"https:\/\/www.alternatievemiddelen.nl\/producten\/"},{"@type":"ListItem","position":3,"name":"MAYU &#8220;One&#8221; glazen drinkfles 1 liter &#8211; met uitneembaar zeefje"}]},{"@type":"WebSite","@id":"https:\/\/www.alternatievemiddelen.nl\/#website","url":"https:\/\/www.alternatievemiddelen.nl\/","name":"Alternatievemiddelen.nl","description":"Webshop met gezonde, duurzame en ecologische alternatieve mogelijkheden in de hedendaagse levenstijl. Alles uit eigen ervaring.","publisher":{"@id":"https:\/\/www.alternatievemiddelen.nl\/#organization"},"potentialAction":[{"@type":"SearchAction","target":{"@type":"EntryPoint","urlTemplate":"https:\/\/www.alternatievemiddelen.nl\/?s={search_term_string}"},"query-input":{"@type":"PropertyValueSpecification","valueRequired":true,"valueName":"search_term_string"}}],"inLanguage":"fr-FR"},{"@type":"Organization","@id":"https:\/\/www.alternatievemiddelen.nl\/#organization","name":"Alternatievemiddelen.nl","url":"https:\/\/www.alternatievemiddelen.nl\/","logo":{"@type":"ImageObject","inLanguage":"fr-FR","@id":"https:\/\/www.alternatievemiddelen.nl\/#\/schema\/logo\/image\/","url":"https:\/\/www.alternatievemiddelen.nl\/wp-content\/uploads\/2023\/10\/alternatievemiddelen-PNG-logo.png","contentUrl":"https:\/\/www.alternatievemiddelen.nl\/wp-content\/uploads\/2023\/10\/alternatievemiddelen-PNG-logo.png","width":6400,"height":3062,"caption":"Alternatievemiddelen.nl"},"image":{"@id":"https:\/\/www.alternatievemiddelen.nl\/#\/schema\/logo\/image\/"}}]}},"_links":{"self":[{"href":"https:\/\/www.alternatievemiddelen.nl\/fr\/wp-json\/wp\/v2\/product\/49575","targetHints":{"allow":["GET"]}}],"collection":[{"href":"https:\/\/www.alternatievemiddelen.nl\/fr\/wp-json\/wp\/v2\/product"}],"about":[{"href":"https:\/\/www.alternatievemiddelen.nl\/fr\/wp-json\/wp\/v2\/types\/product"}],"replies":[{"embeddable":true,"href":"https:\/\/www.alternatievemiddelen.nl\/fr\/wp-json\/wp\/v2\/comments?post=49575"}],"wp:featuredmedia":[{"embeddable":true,"href":"https:\/\/www.alternatievemiddelen.nl\/fr\/wp-json\/wp\/v2\/media\/49567"}],"wp:attachment":[{"href":"https:\/\/www.alternatievemiddelen.nl\/fr\/wp-json\/wp\/v2\/media?parent=49575"}],"wp:term":[{"taxonomy":"product_brand","embeddable":true,"href":"https:\/\/www.alternatievemiddelen.nl\/fr\/wp-json\/wp\/v2\/product_brand?post=49575"},{"taxonomy":"product_cat","embeddable":true,"href":"https:\/\/www.alternatievemiddelen.nl\/fr\/wp-json\/wp\/v2\/product_cat?post=49575"},{"taxonomy":"product_tag","embeddable":true,"href":"https:\/\/www.alternatievemiddelen.nl\/fr\/wp-json\/wp\/v2\/product_tag?post=49575"},{"taxonomy":"merk","embeddable":true,"href":"https:\/\/www.alternatievemiddelen.nl\/fr\/wp-json\/wp\/v2\/merk?post=49575"}],"curies":[{"name":"wp","href":"https:\/\/api.w.org\/{rel}","templated":true}]}}