{"id":49787,"date":"2025-10-27T11:18:48","date_gmt":"2025-10-27T10:18:48","guid":{"rendered":"https:\/\/www.alternatievemiddelen.nl\/?post_type=product&#038;p=49787"},"modified":"2025-10-27T11:45:28","modified_gmt":"2025-10-27T10:45:28","slug":"lamberts-pure-visolie-1100mg-omega-3","status":"publish","type":"product","link":"https:\/\/www.alternatievemiddelen.nl\/fr\/produits\/lamberts-pure-fish-oil-1100mg-omega-3\/","title":{"rendered":"Lamberts Pure huile de poisson 1100mg om\u00e9ga 3 - 180 g\u00e9lules"},"content":{"rendered":"<p>Lamberts Pure Fish Oil 1100mg omega 3 - L'huile de poisson doit son utilisation fr\u00e9quente \u00e0 sa teneur \u00e9lev\u00e9e en acides gras om\u00e9ga-3 EPA (acide eicosapenta\u00e9no\u00efque) et DHA (acide docosahexa\u00e9no\u00efque).<br \/>\nChaque g\u00e9lule contient 700 mg d'acides gras om\u00e9ga 3, dont 355 mg d'EPA et 237 mg de DHA.<br \/>\nGr\u00e2ce au processus de purification en 5 \u00e9tapes que subit notre huile, il n'y a pas de concession sur la qualit\u00e9.<\/p>\n<p>- Une consommation quotidienne de 250 mg de DHA, dans le cadre d'un mode de vie sain, contribue \u00e0 un fonctionnement normal du cerveau ainsi qu'\u00e0 une vision normale.<br \/>\n- De m\u00eame, une consommation quotidienne de 250 mg d'EPA contribue \u00e0 une fonction cardiaque normale.<\/p>\n<p><b>Composition par dose journali\u00e8re de 2 g\u00e9lules :<\/b><\/p>\n<table border=\"0\" width=\"50%\">\n<tbody>\n<tr>\n<td>Concentr\u00e9 d'huile de poisson<\/td>\n<td>2200 mg<\/td>\n<\/tr>\n<tr>\n<td>Contient des acides gras om\u00e9ga 3<br \/>\nDont :<br \/>\n- Acide eicosapenta\u00e9no\u00efque (EPA)<br \/>\n- Acide docosahexa\u00e9no\u00efque (DHA)<\/td>\n<td>1400 mg<\/p>\n<p>710 mg<br \/>\n474 mg<\/td>\n<\/tr>\n<\/tbody>\n<\/table>\n<p>&nbsp;<\/p>\n<h4>Ingr\u00e9dients Lamberts Pure huile de poisson 1100mg om\u00e9ga 3<\/h4>\n<p>Concentr\u00e9 d'huile de VIS (huile de VIS, antioxydant : m\u00e9lange de tocoph\u00e9rols), g\u00e9lule (g\u00e9latine (bovine), glyc\u00e9rol).<\/p>\n<p><u>Utilisation<\/u><br \/>\nPrendre 1 \u00e0 3 g\u00e9lules par jour, sauf avis contraire.<\/p>\n<p><u>Note de stockage<\/u><br \/>\nConserver au sec et \u00e0 temp\u00e9rature ambiante.<\/p>\n<p>Ce produit est un compl\u00e9ment alimentaire.<\/p>\n<p>Ne pas d\u00e9passer la dose recommand\u00e9e.<\/p>\n<p>Une alimentation vari\u00e9e et \u00e9quilibr\u00e9e et un mode de vie sain sont importants. Un compl\u00e9ment alimentaire ne remplace pas une alimentation vari\u00e9e.<\/p>\n<p>Tenir hors de port\u00e9e des jeunes enfants.<\/p>\n<p>Conserver au sec, ferm\u00e9 et \u00e0 temp\u00e9rature ambiante, sauf indication contraire sur l'\u00e9tiquette.<\/p>\n<p>Consultez un expert avant de prendre des suppl\u00e9ments en cas de grossesse, d'allaitement, de prise de m\u00e9dicaments et de maladie.<\/p>","protected":false},"excerpt":{"rendered":"<p>Lamberts Pure Fish Oil 1100mg son utilisation fr\u00e9quente \u00e0 sa haute teneur en acides gras om\u00e9ga-3 EPA (acide eicosapenta\u00e9no\u00efque) et DHA (acide docosahexa\u00e9no\u00efque).<\/p>","protected":false},"featured_media":49790,"comment_status":"open","ping_status":"closed","template":"","meta":[],"product_brand":[],"product_cat":[2938],"product_tag":[3241,3868,3295,3870,3869],"merk":[3440,3445],"class_list":{"0":"post-49787","1":"product","2":"type-product","3":"status-publish","4":"has-post-thumbnail","6":"product_cat-vitamines-mineralen-en-supplementen","7":"product_tag-lamberts","8":"product_tag-lamberts-pure-visolie-1100mg","9":"product_tag-omega-3","10":"product_tag-pure-visolie","11":"product_tag-pure-visolie-1100mg","12":"merk-lamberts","13":"merk-mollers","15":"first","16":"instock","17":"taxable","18":"shipping-taxable","19":"purchasable","20":"product-type-simple"},"bundled_by":[],"bundle_stock_status":"instock","bundle_stock_quantity":null,"bundle_virtual":false,"bundle_layout":"","bundle_add_to_cart_form_location":"","bundle_editable_in_cart":false,"bundle_sold_individually_context":"","bundle_item_grouping":"","bundle_min_size":"","bundle_max_size":"","bundle_price":[],"bundled_items":[],"bundle_sell_ids":[44176],"yoast_head":"<!-- This site is optimized with the Yoast SEO plugin v26.1 - https:\/\/yoast.com\/wordpress\/plugins\/seo\/ -->\n<title>Lamberts Pure visolie 1100mg omega 3 - 180 capsules - Alternatievemiddelen.nl<\/title>\n<meta name=\"description\" content=\"Lamberts Pure Visolie 1100mg haar veelvuldige gebruik aan haar hoge gehalte aan de omega-3 vetzuren EPA (eicosapentaeenzuur) en DHA (docosahexaeenzuur).\" \/>\n<meta name=\"robots\" content=\"noindex, follow\" \/>\n<meta property=\"og:locale\" content=\"fr_FR\" \/>\n<meta property=\"og:type\" content=\"article\" \/>\n<meta property=\"og:title\" content=\"Lamberts Pure visolie 1100mg omega 3 - 180 capsules - Alternatievemiddelen.nl\" \/>\n<meta property=\"og:description\" content=\"Lamberts Pure Visolie 1100mg haar veelvuldige gebruik aan haar hoge gehalte aan de omega-3 vetzuren EPA (eicosapentaeenzuur) en DHA (docosahexaeenzuur).\" \/>\n<meta property=\"og:url\" content=\"https:\/\/www.alternatievemiddelen.nl\/fr\/produits\/lamberts-pure-fish-oil-1100mg-omega-3\/\" \/>\n<meta property=\"og:site_name\" content=\"Alternatievemiddelen.nl\" \/>\n<meta property=\"article:publisher\" content=\"https:\/\/www.facebook.com\/alternatievemiddelen\" \/>\n<meta property=\"article:modified_time\" content=\"2025-10-27T10:45:28+00:00\" \/>\n<meta property=\"og:image\" content=\"\/wp-content\/uploads\/2025\/10\/Lamberts-Pure-visolie-1100mg-omega-3.jpg\" \/>\n\t<meta property=\"og:image:width\" content=\"600\" \/>\n\t<meta property=\"og:image:height\" content=\"800\" \/>\n\t<meta property=\"og:image:type\" content=\"image\/jpeg\" \/>\n<meta name=\"twitter:card\" content=\"summary_large_image\" \/>\n<meta name=\"twitter:label1\" content=\"Dur\u00e9e de lecture estim\u00e9e\" \/>\n\t<meta name=\"twitter:data1\" content=\"2 minutes\" \/>\n<script type=\"application\/ld+json\" class=\"yoast-schema-graph\">{\"@context\":\"https:\/\/schema.org\",\"@graph\":[{\"@type\":[\"WebPage\",\"ItemPage\"],\"@id\":\"https:\/\/www.alternatievemiddelen.nl\/producten\/lamberts-pure-visolie-1100mg-omega-3\/\",\"url\":\"https:\/\/www.alternatievemiddelen.nl\/producten\/lamberts-pure-visolie-1100mg-omega-3\/\",\"name\":\"Lamberts Pure visolie 1100mg omega 3 - 180 capsules - Alternatievemiddelen.nl\",\"isPartOf\":{\"@id\":\"https:\/\/www.alternatievemiddelen.nl\/#website\"},\"primaryImageOfPage\":{\"@id\":\"https:\/\/www.alternatievemiddelen.nl\/producten\/lamberts-pure-visolie-1100mg-omega-3\/#primaryimage\"},\"image\":{\"@id\":\"https:\/\/www.alternatievemiddelen.nl\/producten\/lamberts-pure-visolie-1100mg-omega-3\/#primaryimage\"},\"thumbnailUrl\":\"https:\/\/www.alternatievemiddelen.nl\/wp-content\/uploads\/2025\/10\/Lamberts-Pure-visolie-1100mg-omega-3.jpg\",\"datePublished\":\"2025-10-27T10:18:48+00:00\",\"dateModified\":\"2025-10-27T10:45:28+00:00\",\"description\":\"Lamberts Pure Visolie 1100mg haar veelvuldige gebruik aan haar hoge gehalte aan de omega-3 vetzuren EPA (eicosapentaeenzuur) en DHA (docosahexaeenzuur).\",\"breadcrumb\":{\"@id\":\"https:\/\/www.alternatievemiddelen.nl\/producten\/lamberts-pure-visolie-1100mg-omega-3\/#breadcrumb\"},\"inLanguage\":\"fr-FR\",\"potentialAction\":[{\"@type\":\"ReadAction\",\"target\":[\"https:\/\/www.alternatievemiddelen.nl\/producten\/lamberts-pure-visolie-1100mg-omega-3\/\"]}]},{\"@type\":\"ImageObject\",\"inLanguage\":\"fr-FR\",\"@id\":\"https:\/\/www.alternatievemiddelen.nl\/producten\/lamberts-pure-visolie-1100mg-omega-3\/#primaryimage\",\"url\":\"https:\/\/www.alternatievemiddelen.nl\/wp-content\/uploads\/2025\/10\/Lamberts-Pure-visolie-1100mg-omega-3.jpg\",\"contentUrl\":\"https:\/\/www.alternatievemiddelen.nl\/wp-content\/uploads\/2025\/10\/Lamberts-Pure-visolie-1100mg-omega-3.jpg\",\"width\":600,\"height\":800,\"caption\":\"Lamberts Pure visolie 1100mg omega 3\"},{\"@type\":\"BreadcrumbList\",\"@id\":\"https:\/\/www.alternatievemiddelen.nl\/producten\/lamberts-pure-visolie-1100mg-omega-3\/#breadcrumb\",\"itemListElement\":[{\"@type\":\"ListItem\",\"position\":1,\"name\":\"Home\",\"item\":\"https:\/\/www.alternatievemiddelen.nl\/\"},{\"@type\":\"ListItem\",\"position\":2,\"name\":\"Producten\",\"item\":\"https:\/\/www.alternatievemiddelen.nl\/producten\/\"},{\"@type\":\"ListItem\",\"position\":3,\"name\":\"Lamberts Pure visolie 1100mg omega 3 &#8211; 180 capsules\"}]},{\"@type\":\"WebSite\",\"@id\":\"https:\/\/www.alternatievemiddelen.nl\/#website\",\"url\":\"https:\/\/www.alternatievemiddelen.nl\/\",\"name\":\"Alternatievemiddelen.nl\",\"description\":\"Webshop met gezonde, duurzame en ecologische alternatieve mogelijkheden in de hedendaagse levenstijl. Alles uit eigen ervaring.\",\"publisher\":{\"@id\":\"https:\/\/www.alternatievemiddelen.nl\/#organization\"},\"alternateName\":\"Alternatieve Middelen\",\"potentialAction\":[{\"@type\":\"SearchAction\",\"target\":{\"@type\":\"EntryPoint\",\"urlTemplate\":\"https:\/\/www.alternatievemiddelen.nl\/?s={search_term_string}\"},\"query-input\":{\"@type\":\"PropertyValueSpecification\",\"valueRequired\":true,\"valueName\":\"search_term_string\"}}],\"inLanguage\":\"fr-FR\"},{\"@type\":\"Organization\",\"@id\":\"https:\/\/www.alternatievemiddelen.nl\/#organization\",\"name\":\"Alternatievemiddelen.nl\",\"alternateName\":\"Alternatieve Middelen\",\"url\":\"https:\/\/www.alternatievemiddelen.nl\/\",\"logo\":{\"@type\":\"ImageObject\",\"inLanguage\":\"fr-FR\",\"@id\":\"https:\/\/www.alternatievemiddelen.nl\/#\/schema\/logo\/image\/\",\"url\":\"https:\/\/www.alternatievemiddelen.nl\/wp-content\/uploads\/2023\/10\/alternatievemiddelen-PNG-logo.png\",\"contentUrl\":\"https:\/\/www.alternatievemiddelen.nl\/wp-content\/uploads\/2023\/10\/alternatievemiddelen-PNG-logo.png\",\"width\":6400,\"height\":3062,\"caption\":\"Alternatievemiddelen.nl\"},\"image\":{\"@id\":\"https:\/\/www.alternatievemiddelen.nl\/#\/schema\/logo\/image\/\"},\"sameAs\":[\"https:\/\/www.facebook.com\/alternatievemiddelen\",\"https:\/\/www.instagram.com\/alternatievemiddelen.nl\/\"]}]}<\/script>\n<!-- \/ Yoast SEO plugin. -->","yoast_head_json":{"title":"Lamberts Pure visolie 1100mg omega 3 - 180 capsules - Alternatievemiddelen.nl","description":"Lamberts Pure Visolie 1100mg haar veelvuldige gebruik aan haar hoge gehalte aan de omega-3 vetzuren EPA (eicosapentaeenzuur) en DHA (docosahexaeenzuur).","robots":{"index":"noindex","follow":"follow"},"og_locale":"fr_FR","og_type":"article","og_title":"Lamberts Pure visolie 1100mg omega 3 - 180 capsules - Alternatievemiddelen.nl","og_description":"Lamberts Pure Visolie 1100mg haar veelvuldige gebruik aan haar hoge gehalte aan de omega-3 vetzuren EPA (eicosapentaeenzuur) en DHA (docosahexaeenzuur).","og_url":"https:\/\/www.alternatievemiddelen.nl\/fr\/produits\/lamberts-pure-fish-oil-1100mg-omega-3\/","og_site_name":"Alternatievemiddelen.nl","article_publisher":"https:\/\/www.facebook.com\/alternatievemiddelen","article_modified_time":"2025-10-27T10:45:28+00:00","og_image":[{"width":600,"height":800,"url":"\/wp-content\/uploads\/2025\/10\/Lamberts-Pure-visolie-1100mg-omega-3.jpg","type":"image\/jpeg"}],"twitter_card":"summary_large_image","twitter_misc":{"Dur\u00e9e de lecture estim\u00e9e":"2 minutes"},"schema":{"@context":"https:\/\/schema.org","@graph":[{"@type":["WebPage","ItemPage"],"@id":"https:\/\/www.alternatievemiddelen.nl\/producten\/lamberts-pure-visolie-1100mg-omega-3\/","url":"https:\/\/www.alternatievemiddelen.nl\/producten\/lamberts-pure-visolie-1100mg-omega-3\/","name":"Lamberts Pure visolie 1100mg omega 3 - 180 capsules - Alternatievemiddelen.nl","isPartOf":{"@id":"https:\/\/www.alternatievemiddelen.nl\/#website"},"primaryImageOfPage":{"@id":"https:\/\/www.alternatievemiddelen.nl\/producten\/lamberts-pure-visolie-1100mg-omega-3\/#primaryimage"},"image":{"@id":"https:\/\/www.alternatievemiddelen.nl\/producten\/lamberts-pure-visolie-1100mg-omega-3\/#primaryimage"},"thumbnailUrl":"https:\/\/www.alternatievemiddelen.nl\/wp-content\/uploads\/2025\/10\/Lamberts-Pure-visolie-1100mg-omega-3.jpg","datePublished":"2025-10-27T10:18:48+00:00","dateModified":"2025-10-27T10:45:28+00:00","description":"Lamberts Pure Visolie 1100mg haar veelvuldige gebruik aan haar hoge gehalte aan de omega-3 vetzuren EPA (eicosapentaeenzuur) en DHA (docosahexaeenzuur).","breadcrumb":{"@id":"https:\/\/www.alternatievemiddelen.nl\/producten\/lamberts-pure-visolie-1100mg-omega-3\/#breadcrumb"},"inLanguage":"fr-FR","potentialAction":[{"@type":"ReadAction","target":["https:\/\/www.alternatievemiddelen.nl\/producten\/lamberts-pure-visolie-1100mg-omega-3\/"]}]},{"@type":"ImageObject","inLanguage":"fr-FR","@id":"https:\/\/www.alternatievemiddelen.nl\/producten\/lamberts-pure-visolie-1100mg-omega-3\/#primaryimage","url":"https:\/\/www.alternatievemiddelen.nl\/wp-content\/uploads\/2025\/10\/Lamberts-Pure-visolie-1100mg-omega-3.jpg","contentUrl":"https:\/\/www.alternatievemiddelen.nl\/wp-content\/uploads\/2025\/10\/Lamberts-Pure-visolie-1100mg-omega-3.jpg","width":600,"height":800,"caption":"Lamberts Pure visolie 1100mg omega 3"},{"@type":"BreadcrumbList","@id":"https:\/\/www.alternatievemiddelen.nl\/producten\/lamberts-pure-visolie-1100mg-omega-3\/#breadcrumb","itemListElement":[{"@type":"ListItem","position":1,"name":"Home","item":"https:\/\/www.alternatievemiddelen.nl\/"},{"@type":"ListItem","position":2,"name":"Producten","item":"https:\/\/www.alternatievemiddelen.nl\/producten\/"},{"@type":"ListItem","position":3,"name":"Lamberts Pure visolie 1100mg omega 3 &#8211; 180 capsules"}]},{"@type":"WebSite","@id":"https:\/\/www.alternatievemiddelen.nl\/#website","url":"https:\/\/www.alternatievemiddelen.nl\/","name":"Alternatievemiddelen.nl","description":"Webshop met gezonde, duurzame en ecologische alternatieve mogelijkheden in de hedendaagse levenstijl. Alles uit eigen ervaring.","publisher":{"@id":"https:\/\/www.alternatievemiddelen.nl\/#organization"},"alternateName":"Alternatieve Middelen","potentialAction":[{"@type":"SearchAction","target":{"@type":"EntryPoint","urlTemplate":"https:\/\/www.alternatievemiddelen.nl\/?s={search_term_string}"},"query-input":{"@type":"PropertyValueSpecification","valueRequired":true,"valueName":"search_term_string"}}],"inLanguage":"fr-FR"},{"@type":"Organization","@id":"https:\/\/www.alternatievemiddelen.nl\/#organization","name":"Alternatievemiddelen.nl","alternateName":"Alternatieve Middelen","url":"https:\/\/www.alternatievemiddelen.nl\/","logo":{"@type":"ImageObject","inLanguage":"fr-FR","@id":"https:\/\/www.alternatievemiddelen.nl\/#\/schema\/logo\/image\/","url":"https:\/\/www.alternatievemiddelen.nl\/wp-content\/uploads\/2023\/10\/alternatievemiddelen-PNG-logo.png","contentUrl":"https:\/\/www.alternatievemiddelen.nl\/wp-content\/uploads\/2023\/10\/alternatievemiddelen-PNG-logo.png","width":6400,"height":3062,"caption":"Alternatievemiddelen.nl"},"image":{"@id":"https:\/\/www.alternatievemiddelen.nl\/#\/schema\/logo\/image\/"},"sameAs":["https:\/\/www.facebook.com\/alternatievemiddelen","https:\/\/www.instagram.com\/alternatievemiddelen.nl\/"]}]}},"_links":{"self":[{"href":"https:\/\/www.alternatievemiddelen.nl\/fr\/wp-json\/wp\/v2\/product\/49787","targetHints":{"allow":["GET"]}}],"collection":[{"href":"https:\/\/www.alternatievemiddelen.nl\/fr\/wp-json\/wp\/v2\/product"}],"about":[{"href":"https:\/\/www.alternatievemiddelen.nl\/fr\/wp-json\/wp\/v2\/types\/product"}],"replies":[{"embeddable":true,"href":"https:\/\/www.alternatievemiddelen.nl\/fr\/wp-json\/wp\/v2\/comments?post=49787"}],"wp:featuredmedia":[{"embeddable":true,"href":"https:\/\/www.alternatievemiddelen.nl\/fr\/wp-json\/wp\/v2\/media\/49790"}],"wp:attachment":[{"href":"https:\/\/www.alternatievemiddelen.nl\/fr\/wp-json\/wp\/v2\/media?parent=49787"}],"wp:term":[{"taxonomy":"product_brand","embeddable":true,"href":"https:\/\/www.alternatievemiddelen.nl\/fr\/wp-json\/wp\/v2\/product_brand?post=49787"},{"taxonomy":"product_cat","embeddable":true,"href":"https:\/\/www.alternatievemiddelen.nl\/fr\/wp-json\/wp\/v2\/product_cat?post=49787"},{"taxonomy":"product_tag","embeddable":true,"href":"https:\/\/www.alternatievemiddelen.nl\/fr\/wp-json\/wp\/v2\/product_tag?post=49787"},{"taxonomy":"merk","embeddable":true,"href":"https:\/\/www.alternatievemiddelen.nl\/fr\/wp-json\/wp\/v2\/merk?post=49787"}],"curies":[{"name":"wp","href":"https:\/\/api.w.org\/{rel}","templated":true}]}}