{"id":49971,"date":"2025-11-14T09:12:25","date_gmt":"2025-11-14T08:12:25","guid":{"rendered":"https:\/\/www.alternatievemiddelen.nl\/?post_type=product&#038;p=49971"},"modified":"2025-11-16T08:31:10","modified_gmt":"2025-11-16T07:31:10","slug":"nanoglove-handschoen","status":"publish","type":"product","link":"https:\/\/www.alternatievemiddelen.nl\/fr\/produits\/gant-nanoglove\/","title":{"rendered":"NanoGlove gant L\/XL vert 1 pi\u00e8ce - polir sans polir"},"content":{"rendered":"<p>Par les cr\u00e9ateurs de l'original <a href=\"https:\/\/www.alternatievemiddelen.nl\/fr\/categorie-de-produits-2\/produits-menagers-durables\/polissage-sans-polissage\/\">NanoTowels chiffons de nettoyage<\/a> est aussi ce produit : le gant NanoGlove ! Fabriqu\u00e9 \u00e0 partir de fibres brevet\u00e9es Nanolon\u00ae, une technologie de pointe \u00e9prouv\u00e9e pour les tissus, m\u00e9lang\u00e9e, fil\u00e9e et transform\u00e9e de mani\u00e8re unique en un produit de nettoyage incroyablement efficace et performant ! Il capture les liquides, la poussi\u00e8re, la salet\u00e9 et les d\u00e9p\u00f4ts comme un aimant, sans produits chimiques toxiques.<br \/>\n&nbsp;<\/p>\n<h3>A quoi peut servir le gant NanoGlove ?<\/h3>\n<p>Le gant NanoGlove permet de nettoyer pratiquement toutes les surfaces dures sans serviettes en papier et sans produits chimiques. Le Nanolon\u00ae est une fibre de nouvelle g\u00e9n\u00e9ration dont les tests en laboratoire ont prouv\u00e9 qu'elle nettoie de nombreuses surfaces aussi bien, voire mieux, que les nettoyants chimiques et les autres chiffons de polissage \u00e0 l'eau. Il fonctionne de la m\u00eame mani\u00e8re que le c\u00e9l\u00e8bre <a href=\"https:\/\/www.alternatievemiddelen.nl\/fr\/categorie-de-produits-2\/produits-menagers-durables\/polissage-sans-polissage\/\">NanoTowels chiffons de nettoyage<\/a>Mais le gant NanoGlove permet d'atteindre facilement les coins et les endroits \u00e9troits pour les nettoyer et les utiliser comme plumeau.<\/p>\n<p>Utilisez-le pour nettoyer le verre, les comptoirs, les \u00e9viers, les baignoires, les sols, le bois, le granit et m\u00eame l'acier inoxydable difficile \u00e0 nettoyer. Vous pouvez \u00e9galement nettoyer l'int\u00e9rieur et l'ext\u00e9rieur de votre voiture, de votre bateau ou de votre camping-car.<br \/>\nUtilisez-le dans votre salle de bains pour garder les miroirs propres et exempts de dentifrice, de laque et de maquillage. Essuyez facilement l'\u00e9vier et les parties chrom\u00e9es. Le gant NanoGlove est si doux qu'il nettoie m\u00eame la peau et \u00e9limine le maquillage sans produits chimiques agressifs. Passez au vert !<br \/>\n&nbsp;<\/p>\n<h3>Nettoie avec de l'eau uniquement, sans produits chimiques.<\/h3>\n<p>Le gant NanoGlove est sp\u00e9cialement con\u00e7u pour un nettoyage optimal avec de l'eau uniquement. Il suffit de vaporiser ou d'essuyer la surface \u00e0 nettoyer avec de l'eau, de la nettoyer avec le gant NanoGlove et de la polir pour la s\u00e9cher. Vous obtiendrez alors une surface vraiment propre, car exempte de r\u00e9sidus chimiques. Ce gant unique est plus facile et plus pratique \u00e0 utiliser, tout aussi efficace, peut-\u00eatre plus s\u00fbr pour votre sant\u00e9 et extr\u00eamement \u00e9conomique \u00e0 long terme.<br \/>\n&nbsp;<\/p>\n<h3>Qu'est-ce que la fibre Nanolon\u00ae ?<\/h3>\n<p>La fibre Nanolon est une technologie de tissu unique et r\u00e9volutionnaire qui est des centaines de fois plus fine qu'un cheveu humain et qui compte pr\u00e8s de 40 000 fibres Nanolon par centim\u00e8tre carr\u00e9. Elle capture facilement les liquides, la poussi\u00e8re et la salet\u00e9, comme un aimant et sans produits chimiques toxiques. Vous pouvez l'utiliser pour nettoyer et s\u00e9cher presque toutes les surfaces sans papier de cuisine et sans produits chimiques. Si le chiffon ou le gant se salit, il suffit de le laver en machine et de le r\u00e9utiliser.<br \/>\n&nbsp;<\/p>\n<h3>Les principaux avantages du gant NanoGlove (polissage sans polissage) en un coup d'\u0153il :<\/h3>\n<p>\u2714 <b>\u00c9pargne<\/b> - Des \u00e9conomies pour votre portefeuille, mais aussi pour l'environnement.<br \/>\n\u2714 <b>Un gant polyvalent<\/b> - Utilisez le gant NanoGlove pour nettoyer le verre, les comptoirs, les \u00e9viers, les baignoires, les sols, le bois, le granit et m\u00eame l'acier inoxydable difficile \u00e0 nettoyer.<br \/>\n\u2714 <b>Plus facile et plus pratique \u00e0 utiliser<\/b> - Il faut moins d'\u00e9nergie et d'efforts pour acheter des vernis en permanence, et le fait de n'utiliser que de l'eau rend les choses encore plus faciles.<br \/>\n\u2714 <b>La sant\u00e9 pour vous et votre famille<\/b> - Certains probl\u00e8mes de sant\u00e9 peuvent \u00eatre attribu\u00e9s \u00e0 l'utilisation de nettoyants chimiques qui ne sont plus n\u00e9cessaires.<br \/>\n\u2714 <b>Rendre le monde un peu meilleur<\/b> - A titre d'exemple : Des millions d'arbres et de for\u00eats primaires sont abattus chaque ann\u00e9e pour satisfaire notre d\u00e9sir de serviettes en papier jetables. Seuls 2% de ce papier sont recycl\u00e9s.<br \/>\n\u2714 <b>Un bon retour sur investissement (ROI)<\/b> - Nous vivons dans un monde o\u00f9 les produits s'utilisent et se jettent facilement. Le gant NanoGlove est fait de bonne qualit\u00e9 pour durer.<br \/>\n&nbsp;<\/p>\n<h4>Contenu :<\/h4>\n<p>1 gant NanoGlove vert taille L\/XL<\/p>\n<p><i>Dans des conditions normales, le gant Nano Glove dure 2 \u00e0 3 ans, soit 300 \u00e0 400 lavages.<\/i><\/p>","protected":false},"excerpt":{"rendered":"<p>Le gant NanoGlove est fabriqu\u00e9 \u00e0 partir de fibres Nanolon\u00ae, il capture les liquides, la poussi\u00e8re, la salet\u00e9 et les d\u00e9p\u00f4ts comme un aimant et ce, sans produits chimiques toxiques.<\/p>","protected":false},"featured_media":49977,"comment_status":"open","ping_status":"closed","template":"","meta":[],"product_brand":[],"product_cat":[2924,3297],"product_tag":[3283,2929,3874,2932,3872,3873,3298,3302],"merk":[3455],"class_list":{"0":"post-49971","1":"product","2":"type-product","3":"status-publish","4":"has-post-thumbnail","6":"product_cat-duurzame-huishoudelijke-producten","7":"product_cat-poetsen-zonder-poetsmiddel","8":"product_tag-bespaart-geld","9":"product_tag-duurzaam","10":"product_tag-handschoen","11":"product_tag-milieuvriendelijk","12":"product_tag-nanoglove","13":"product_tag-nanoglove-handschoen","14":"product_tag-nanolon","15":"product_tag-poetsen-zonder-poetsmiddel","16":"merk-life-miracle-usa","18":"first","19":"instock","20":"taxable","21":"shipping-taxable","22":"purchasable","23":"product-type-simple"},"bundled_by":[],"bundle_stock_status":"instock","bundle_stock_quantity":null,"bundle_virtual":false,"bundle_layout":"","bundle_add_to_cart_form_location":"","bundle_editable_in_cart":false,"bundle_sold_individually_context":"","bundle_item_grouping":"","bundle_min_size":"","bundle_max_size":"","bundle_price":[],"bundled_items":[],"bundle_sell_ids":[44176,34402,34547,34549,50011,50017],"yoast_head":"<!-- This site is optimized with the Yoast SEO plugin v26.1 - https:\/\/yoast.com\/wordpress\/plugins\/seo\/ -->\n<title>NanoGlove handschoen L\/XL groen 1 stuk - poetsen zonder poetsmiddel - Alternatievemiddelen.nl<\/title>\n<meta name=\"description\" content=\"De NanoGlove handschoen is gemaakt met Nanolon\u00ae-vezels, het vangt vloeistof, stof, vuil en aanslag op als een magneet en dat zonder giftige chemicali\u00ebn.\" \/>\n<meta name=\"robots\" content=\"index, follow, max-snippet:-1, max-image-preview:large, max-video-preview:-1\" \/>\n<link rel=\"canonical\" href=\"https:\/\/www.alternatievemiddelen.nl\/fr\/wp-json\/wp\/v2\/product\/49971\" \/>\n<meta property=\"og:locale\" content=\"fr_FR\" \/>\n<meta property=\"og:type\" content=\"article\" \/>\n<meta property=\"og:title\" content=\"NanoGlove handschoen L\/XL groen 1 stuk - poetsen zonder poetsmiddel - Alternatievemiddelen.nl\" \/>\n<meta property=\"og:description\" content=\"De NanoGlove handschoen is gemaakt met Nanolon\u00ae-vezels, het vangt vloeistof, stof, vuil en aanslag op als een magneet en dat zonder giftige chemicali\u00ebn.\" \/>\n<meta property=\"og:url\" content=\"https:\/\/www.alternatievemiddelen.nl\/fr\/produits\/gant-nanoglove\/\" \/>\n<meta property=\"og:site_name\" content=\"Alternatievemiddelen.nl\" \/>\n<meta property=\"article:modified_time\" content=\"2025-11-16T07:31:10+00:00\" \/>\n<meta property=\"og:image\" content=\"\/wp-content\/uploads\/2025\/11\/NanoGlove-handschoen.jpg\" \/>\n\t<meta property=\"og:image:width\" content=\"1200\" \/>\n\t<meta property=\"og:image:height\" content=\"1600\" \/>\n\t<meta property=\"og:image:type\" content=\"image\/jpeg\" \/>\n<meta name=\"twitter:card\" content=\"summary_large_image\" \/>\n<meta name=\"twitter:label1\" content=\"Dur\u00e9e de lecture estim\u00e9e\" \/>\n\t<meta name=\"twitter:data1\" content=\"4 minutes\" \/>\n<script type=\"application\/ld+json\" class=\"yoast-schema-graph\">{\"@context\":\"https:\/\/schema.org\",\"@graph\":[{\"@type\":[\"WebPage\",\"ItemPage\"],\"@id\":\"https:\/\/www.alternatievemiddelen.nl\/producten\/nanoglove-handschoen\/\",\"url\":\"https:\/\/www.alternatievemiddelen.nl\/producten\/nanoglove-handschoen\/\",\"name\":\"NanoGlove handschoen L\/XL groen 1 stuk - poetsen zonder poetsmiddel - Alternatievemiddelen.nl\",\"isPartOf\":{\"@id\":\"https:\/\/www.alternatievemiddelen.nl\/#website\"},\"primaryImageOfPage\":{\"@id\":\"https:\/\/www.alternatievemiddelen.nl\/producten\/nanoglove-handschoen\/#primaryimage\"},\"image\":{\"@id\":\"https:\/\/www.alternatievemiddelen.nl\/producten\/nanoglove-handschoen\/#primaryimage\"},\"thumbnailUrl\":\"https:\/\/www.alternatievemiddelen.nl\/wp-content\/uploads\/2025\/11\/NanoGlove-handschoen.jpg\",\"datePublished\":\"2025-11-14T08:12:25+00:00\",\"dateModified\":\"2025-11-16T07:31:10+00:00\",\"description\":\"De NanoGlove handschoen is gemaakt met Nanolon\u00ae-vezels, het vangt vloeistof, stof, vuil en aanslag op als een magneet en dat zonder giftige chemicali\u00ebn.\",\"breadcrumb\":{\"@id\":\"https:\/\/www.alternatievemiddelen.nl\/producten\/nanoglove-handschoen\/#breadcrumb\"},\"inLanguage\":\"fr-FR\",\"potentialAction\":[{\"@type\":\"ReadAction\",\"target\":[\"https:\/\/www.alternatievemiddelen.nl\/producten\/nanoglove-handschoen\/\"]}]},{\"@type\":\"ImageObject\",\"inLanguage\":\"fr-FR\",\"@id\":\"https:\/\/www.alternatievemiddelen.nl\/producten\/nanoglove-handschoen\/#primaryimage\",\"url\":\"https:\/\/www.alternatievemiddelen.nl\/wp-content\/uploads\/2025\/11\/NanoGlove-handschoen.jpg\",\"contentUrl\":\"https:\/\/www.alternatievemiddelen.nl\/wp-content\/uploads\/2025\/11\/NanoGlove-handschoen.jpg\",\"width\":1200,\"height\":1600,\"caption\":\"NanoGlove handschoen\"},{\"@type\":\"BreadcrumbList\",\"@id\":\"https:\/\/www.alternatievemiddelen.nl\/producten\/nanoglove-handschoen\/#breadcrumb\",\"itemListElement\":[{\"@type\":\"ListItem\",\"position\":1,\"name\":\"Home\",\"item\":\"https:\/\/www.alternatievemiddelen.nl\/\"},{\"@type\":\"ListItem\",\"position\":2,\"name\":\"Producten\",\"item\":\"https:\/\/www.alternatievemiddelen.nl\/producten\/\"},{\"@type\":\"ListItem\",\"position\":3,\"name\":\"NanoGlove handschoen L\/XL groen 1 stuk &#8211; poetsen zonder poetsmiddel\"}]},{\"@type\":\"WebSite\",\"@id\":\"https:\/\/www.alternatievemiddelen.nl\/#website\",\"url\":\"https:\/\/www.alternatievemiddelen.nl\/\",\"name\":\"Alternatievemiddelen.nl\",\"description\":\"Webshop met gezonde, duurzame en ecologische alternatieve mogelijkheden in de hedendaagse levenstijl. Alles uit eigen ervaring.\",\"publisher\":{\"@id\":\"https:\/\/www.alternatievemiddelen.nl\/#organization\"},\"potentialAction\":[{\"@type\":\"SearchAction\",\"target\":{\"@type\":\"EntryPoint\",\"urlTemplate\":\"https:\/\/www.alternatievemiddelen.nl\/?s={search_term_string}\"},\"query-input\":{\"@type\":\"PropertyValueSpecification\",\"valueRequired\":true,\"valueName\":\"search_term_string\"}}],\"inLanguage\":\"fr-FR\"},{\"@type\":\"Organization\",\"@id\":\"https:\/\/www.alternatievemiddelen.nl\/#organization\",\"name\":\"Alternatievemiddelen.nl\",\"url\":\"https:\/\/www.alternatievemiddelen.nl\/\",\"logo\":{\"@type\":\"ImageObject\",\"inLanguage\":\"fr-FR\",\"@id\":\"https:\/\/www.alternatievemiddelen.nl\/#\/schema\/logo\/image\/\",\"url\":\"https:\/\/www.alternatievemiddelen.nl\/wp-content\/uploads\/2023\/10\/alternatievemiddelen-PNG-logo.png\",\"contentUrl\":\"https:\/\/www.alternatievemiddelen.nl\/wp-content\/uploads\/2023\/10\/alternatievemiddelen-PNG-logo.png\",\"width\":6400,\"height\":3062,\"caption\":\"Alternatievemiddelen.nl\"},\"image\":{\"@id\":\"https:\/\/www.alternatievemiddelen.nl\/#\/schema\/logo\/image\/\"}}]}<\/script>\n<!-- \/ Yoast SEO plugin. -->","yoast_head_json":{"title":"NanoGlove handschoen L\/XL groen 1 stuk - poetsen zonder poetsmiddel - Alternatievemiddelen.nl","description":"De NanoGlove handschoen is gemaakt met Nanolon\u00ae-vezels, het vangt vloeistof, stof, vuil en aanslag op als een magneet en dat zonder giftige chemicali\u00ebn.","robots":{"index":"index","follow":"follow","max-snippet":"max-snippet:-1","max-image-preview":"max-image-preview:large","max-video-preview":"max-video-preview:-1"},"canonical":"https:\/\/www.alternatievemiddelen.nl\/fr\/wp-json\/wp\/v2\/product\/49971","og_locale":"fr_FR","og_type":"article","og_title":"NanoGlove handschoen L\/XL groen 1 stuk - poetsen zonder poetsmiddel - Alternatievemiddelen.nl","og_description":"De NanoGlove handschoen is gemaakt met Nanolon\u00ae-vezels, het vangt vloeistof, stof, vuil en aanslag op als een magneet en dat zonder giftige chemicali\u00ebn.","og_url":"https:\/\/www.alternatievemiddelen.nl\/fr\/produits\/gant-nanoglove\/","og_site_name":"Alternatievemiddelen.nl","article_modified_time":"2025-11-16T07:31:10+00:00","og_image":[{"width":1200,"height":1600,"url":"\/wp-content\/uploads\/2025\/11\/NanoGlove-handschoen.jpg","type":"image\/jpeg"}],"twitter_card":"summary_large_image","twitter_misc":{"Dur\u00e9e de lecture estim\u00e9e":"4 minutes"},"schema":{"@context":"https:\/\/schema.org","@graph":[{"@type":["WebPage","ItemPage"],"@id":"https:\/\/www.alternatievemiddelen.nl\/producten\/nanoglove-handschoen\/","url":"https:\/\/www.alternatievemiddelen.nl\/producten\/nanoglove-handschoen\/","name":"NanoGlove handschoen L\/XL groen 1 stuk - poetsen zonder poetsmiddel - Alternatievemiddelen.nl","isPartOf":{"@id":"https:\/\/www.alternatievemiddelen.nl\/#website"},"primaryImageOfPage":{"@id":"https:\/\/www.alternatievemiddelen.nl\/producten\/nanoglove-handschoen\/#primaryimage"},"image":{"@id":"https:\/\/www.alternatievemiddelen.nl\/producten\/nanoglove-handschoen\/#primaryimage"},"thumbnailUrl":"https:\/\/www.alternatievemiddelen.nl\/wp-content\/uploads\/2025\/11\/NanoGlove-handschoen.jpg","datePublished":"2025-11-14T08:12:25+00:00","dateModified":"2025-11-16T07:31:10+00:00","description":"De NanoGlove handschoen is gemaakt met Nanolon\u00ae-vezels, het vangt vloeistof, stof, vuil en aanslag op als een magneet en dat zonder giftige chemicali\u00ebn.","breadcrumb":{"@id":"https:\/\/www.alternatievemiddelen.nl\/producten\/nanoglove-handschoen\/#breadcrumb"},"inLanguage":"fr-FR","potentialAction":[{"@type":"ReadAction","target":["https:\/\/www.alternatievemiddelen.nl\/producten\/nanoglove-handschoen\/"]}]},{"@type":"ImageObject","inLanguage":"fr-FR","@id":"https:\/\/www.alternatievemiddelen.nl\/producten\/nanoglove-handschoen\/#primaryimage","url":"https:\/\/www.alternatievemiddelen.nl\/wp-content\/uploads\/2025\/11\/NanoGlove-handschoen.jpg","contentUrl":"https:\/\/www.alternatievemiddelen.nl\/wp-content\/uploads\/2025\/11\/NanoGlove-handschoen.jpg","width":1200,"height":1600,"caption":"NanoGlove handschoen"},{"@type":"BreadcrumbList","@id":"https:\/\/www.alternatievemiddelen.nl\/producten\/nanoglove-handschoen\/#breadcrumb","itemListElement":[{"@type":"ListItem","position":1,"name":"Home","item":"https:\/\/www.alternatievemiddelen.nl\/"},{"@type":"ListItem","position":2,"name":"Producten","item":"https:\/\/www.alternatievemiddelen.nl\/producten\/"},{"@type":"ListItem","position":3,"name":"NanoGlove handschoen L\/XL groen 1 stuk &#8211; poetsen zonder poetsmiddel"}]},{"@type":"WebSite","@id":"https:\/\/www.alternatievemiddelen.nl\/#website","url":"https:\/\/www.alternatievemiddelen.nl\/","name":"Alternatievemiddelen.nl","description":"Webshop met gezonde, duurzame en ecologische alternatieve mogelijkheden in de hedendaagse levenstijl. Alles uit eigen ervaring.","publisher":{"@id":"https:\/\/www.alternatievemiddelen.nl\/#organization"},"potentialAction":[{"@type":"SearchAction","target":{"@type":"EntryPoint","urlTemplate":"https:\/\/www.alternatievemiddelen.nl\/?s={search_term_string}"},"query-input":{"@type":"PropertyValueSpecification","valueRequired":true,"valueName":"search_term_string"}}],"inLanguage":"fr-FR"},{"@type":"Organization","@id":"https:\/\/www.alternatievemiddelen.nl\/#organization","name":"Alternatievemiddelen.nl","url":"https:\/\/www.alternatievemiddelen.nl\/","logo":{"@type":"ImageObject","inLanguage":"fr-FR","@id":"https:\/\/www.alternatievemiddelen.nl\/#\/schema\/logo\/image\/","url":"https:\/\/www.alternatievemiddelen.nl\/wp-content\/uploads\/2023\/10\/alternatievemiddelen-PNG-logo.png","contentUrl":"https:\/\/www.alternatievemiddelen.nl\/wp-content\/uploads\/2023\/10\/alternatievemiddelen-PNG-logo.png","width":6400,"height":3062,"caption":"Alternatievemiddelen.nl"},"image":{"@id":"https:\/\/www.alternatievemiddelen.nl\/#\/schema\/logo\/image\/"}}]}},"_links":{"self":[{"href":"https:\/\/www.alternatievemiddelen.nl\/fr\/wp-json\/wp\/v2\/product\/49971","targetHints":{"allow":["GET"]}}],"collection":[{"href":"https:\/\/www.alternatievemiddelen.nl\/fr\/wp-json\/wp\/v2\/product"}],"about":[{"href":"https:\/\/www.alternatievemiddelen.nl\/fr\/wp-json\/wp\/v2\/types\/product"}],"replies":[{"embeddable":true,"href":"https:\/\/www.alternatievemiddelen.nl\/fr\/wp-json\/wp\/v2\/comments?post=49971"}],"wp:featuredmedia":[{"embeddable":true,"href":"https:\/\/www.alternatievemiddelen.nl\/fr\/wp-json\/wp\/v2\/media\/49977"}],"wp:attachment":[{"href":"https:\/\/www.alternatievemiddelen.nl\/fr\/wp-json\/wp\/v2\/media?parent=49971"}],"wp:term":[{"taxonomy":"product_brand","embeddable":true,"href":"https:\/\/www.alternatievemiddelen.nl\/fr\/wp-json\/wp\/v2\/product_brand?post=49971"},{"taxonomy":"product_cat","embeddable":true,"href":"https:\/\/www.alternatievemiddelen.nl\/fr\/wp-json\/wp\/v2\/product_cat?post=49971"},{"taxonomy":"product_tag","embeddable":true,"href":"https:\/\/www.alternatievemiddelen.nl\/fr\/wp-json\/wp\/v2\/product_tag?post=49971"},{"taxonomy":"merk","embeddable":true,"href":"https:\/\/www.alternatievemiddelen.nl\/fr\/wp-json\/wp\/v2\/merk?post=49971"}],"curies":[{"name":"wp","href":"https:\/\/api.w.org\/{rel}","templated":true}]}}