{"id":50017,"date":"2025-11-16T08:16:45","date_gmt":"2025-11-16T07:16:45","guid":{"rendered":"https:\/\/www.alternatievemiddelen.nl\/?post_type=product&#038;p=50017"},"modified":"2025-12-29T22:53:21","modified_gmt":"2025-12-29T21:53:21","slug":"nanosponge-sponzen-groot","status":"publish","type":"product","link":"https:\/\/www.alternatievemiddelen.nl\/fr\/produits\/eponges-nano-eponges-grandes\/","title":{"rendered":"NanoSponge \u00e9ponges grandes vertes\/grises 2 pi\u00e8ces - polir sans polir"},"content":{"rendered":"<p>Les \u00e9ponges NanoSponge, qui mesurent environ 15 x 10 cm (comme une \u00e9ponge normale), attirent la salet\u00e9, la graisse et les d\u00e9p\u00f4ts comme un aimant ! La face \u00e0 r\u00e9curer est extr\u00eamement r\u00e9sistante et peut r\u00e9curer presque tout ce qui est propre, mais ne raye pas ! Elles peuvent absorber m\u00eame les grosses taches et s\u00e8chent rapidement. Ils absorbent \u00e9galement la graisse, l'huile, les graisses et les produits chimiques. Id\u00e9ales pour les cuisines, les salles de bains, la vaisselle, les plinthes, les carreaux, les joints, les r\u00e9frig\u00e9rateurs, l'acier inoxydable, les r\u00e9sidus encrass\u00e9s, les verres, les salles de bains... tout ce que vous voulez, la NanoSponge le nettoiera !<\/p>\n<h3>Utilisez et r\u00e9utilisez ces \u00e9ponges NanoSponge en grande quantit\u00e9, \u00e0 chaque fois.<\/h3>\n<p>Frottez et nettoyez presque toutes les surfaces plus rapidement, plus facilement et avec seulement de l'eau. Lorsque les \u00e9ponges NanoSponge sont sales, il suffit de les laver au lave-vaisselle et de se remettre au travail.<\/p>\n<p>Les \u00e9ponges NanoSponge sont de qualit\u00e9 et de longue dur\u00e9e. Ces \u00e9ponges sont plus r\u00e9sistantes, plus durables et plus efficaces que celles utilis\u00e9es pour le nettoyage et les applications commerciales. Ce grand format est id\u00e9al pour les gros travaux de nettoyage.<\/p>\n<h3>Nettoie avec de l'eau uniquement, sans produits chimiques.<\/h3>\n<p>Les \u00e9ponges NanoSponge large sont compos\u00e9es de deux tissus uniques de fibres Nanolon\u00ae brevet\u00e9es. Un c\u00f4t\u00e9 frotte (c\u00f4t\u00e9 vert), l'autre absorbe (c\u00f4t\u00e9 gris) et s'essuie. Elle absorbe mieux que la microfibre \u00e9ponge. De plus, aucun produit de polissage (p\u00e9trochimique) n'est n\u00e9cessaire : de l'eau suffit pour obtenir le r\u00e9sultat souhait\u00e9 sur toutes les surfaces. Ces \u00e9ponges de qualit\u00e9 durable sont parfaites pour une utilisation dans la cuisine, la salle de bains et m\u00eame partout dans la maison.<\/p>\n<h3>Qu'est-ce que la fibre Nanolon\u00ae ?<\/h3>\n<p>La fibre Nanolon est une technologie de tissu unique et r\u00e9volutionnaire qui est des centaines de fois plus fine qu'un cheveu humain et qui compte pr\u00e8s de 40 000 fibres Nanolon par centim\u00e8tre carr\u00e9. Elle capture facilement les liquides, la poussi\u00e8re et la salet\u00e9, comme un aimant et sans produits chimiques toxiques. Vous pouvez l'utiliser pour nettoyer et s\u00e9cher presque toutes les surfaces sans papier de cuisine et sans produits chimiques. Si l'\u00e9ponge se salit, il suffit de la laver au lave-vaisselle et de la r\u00e9utiliser ensuite : elle est donc lavable et r\u00e9utilisable !<\/p>\n<h3>Les principaux avantages des \u00e9ponges NanoSponge large (polissage sans polissage) en un coup d'\u0153il :<\/h3>\n<p>\u2714 <b>\u00c9pargne<\/b> - Des \u00e9conomies pour votre portefeuille, mais aussi pour l'environnement.<br \/>\n\u2714 <b>Un produit polyvalent<\/b> - Nettoyer, s\u00e9cher, d\u00e9poussi\u00e9rer et polir avec une seule \u00e9ponge.<br \/>\n\u2714 <b>Plus facile et plus pratique \u00e0 utiliser<\/b> - Il faut moins d'\u00e9nergie et d'efforts pour acheter des vernis en permanence, et le fait de n'utiliser que de l'eau rend les choses encore plus faciles.<br \/>\n\u2714 <b>La sant\u00e9 pour vous et votre famille<\/b> - Certains probl\u00e8mes de sant\u00e9 peuvent \u00eatre attribu\u00e9s \u00e0 l'utilisation de nettoyants chimiques qui ne sont plus n\u00e9cessaires.<br \/>\n\u2714 <b>Rendre le monde un peu meilleur<\/b> - A titre d'exemple : Des millions d'arbres et de for\u00eats primaires sont abattus chaque ann\u00e9e pour satisfaire notre d\u00e9sir de serviettes en papier jetables. Seuls 2% de ce papier sont recycl\u00e9s.<br \/>\n\u2714 <b>Un bon retour sur investissement (ROI)<\/b> - Nous vivons dans un monde o\u00f9 les produits s'utilisent et se jettent facilement. Les \u00e9ponges NanoSponge sont fabriqu\u00e9es en bonne qualit\u00e9 pour durer.<\/p>\n<h4>Contenu :<\/h4>\n<p>2 \u00e9ponges NanoSponge vert-gris de grande taille mesurant environ 15 x 10 cm (semblables \u00e0 une \u00e9ponge normale)<\/p>","protected":false},"excerpt":{"rendered":"<p>Les \u00e9ponges NanoSponge de petite taille, mesurant environ 11 x 7,5 cm (semblables \u00e0 un tampon \u00e0 r\u00e9curer), attirent la salet\u00e9, la graisse et les d\u00e9p\u00f4ts comme un aimant !<\/p>","protected":false},"featured_media":50021,"comment_status":"open","ping_status":"closed","template":"","meta":[],"product_brand":[],"product_cat":[2924,3297],"product_tag":[3283,2929,3881,2932,3298,3877,3882,3302,3879,3878],"merk":[3455],"class_list":{"0":"post-50017","1":"product","2":"type-product","3":"status-publish","4":"has-post-thumbnail","6":"product_cat-duurzame-huishoudelijke-producten","7":"product_cat-poetsen-zonder-poetsmiddel","8":"product_tag-bespaart-geld","9":"product_tag-duurzaam","10":"product_tag-groot","11":"product_tag-milieuvriendelijk","12":"product_tag-nanolon","13":"product_tag-nanosponge","14":"product_tag-nanosponge-sponzen-groot","15":"product_tag-poetsen-zonder-poetsmiddel","16":"product_tag-spons","17":"product_tag-sponzen","18":"merk-life-miracle-usa","20":"first","21":"instock","22":"taxable","23":"shipping-taxable","24":"purchasable","25":"product-type-simple"},"bundled_by":[],"bundle_stock_status":"instock","bundle_stock_quantity":4,"bundle_virtual":false,"bundle_layout":"","bundle_add_to_cart_form_location":"","bundle_editable_in_cart":false,"bundle_sold_individually_context":"","bundle_item_grouping":"","bundle_min_size":"","bundle_max_size":"","bundle_price":[],"bundled_items":[],"bundle_sell_ids":[44176,50011,34402,34547,34549,49971],"yoast_head":"<!-- This site is optimized with the Yoast SEO plugin v26.1 - https:\/\/yoast.com\/wordpress\/plugins\/seo\/ -->\n<title>NanoSponge sponzen groot groen\/grijs 2 stuks - poetsen zonder poetsmiddel - Alternatievemiddelen.nl<\/title>\n<meta name=\"description\" content=\"De NanoSponge sponzen klein, met een afmeting van circa 11 x 7,5 cm (vergelijkbaar met een schuursponsje), trekken vuil, vet en aanslag aan als een magneet!\" \/>\n<meta name=\"robots\" content=\"index, follow, max-snippet:-1, max-image-preview:large, max-video-preview:-1\" \/>\n<link rel=\"canonical\" href=\"https:\/\/www.alternatievemiddelen.nl\/fr\/wp-json\/wp\/v2\/product\/50017\" \/>\n<meta property=\"og:locale\" content=\"fr_FR\" \/>\n<meta property=\"og:type\" content=\"article\" \/>\n<meta property=\"og:title\" content=\"NanoSponge sponzen groot groen\/grijs 2 stuks - poetsen zonder poetsmiddel - Alternatievemiddelen.nl\" \/>\n<meta property=\"og:description\" content=\"De NanoSponge sponzen klein, met een afmeting van circa 11 x 7,5 cm (vergelijkbaar met een schuursponsje), trekken vuil, vet en aanslag aan als een magneet!\" \/>\n<meta property=\"og:url\" content=\"https:\/\/www.alternatievemiddelen.nl\/fr\/produits\/eponges-nano-eponges-grandes\/\" \/>\n<meta property=\"og:site_name\" content=\"Alternatievemiddelen.nl\" \/>\n<meta property=\"article:modified_time\" content=\"2025-12-29T21:53:21+00:00\" \/>\n<meta property=\"og:image\" content=\"\/wp-content\/uploads\/2025\/11\/NanoSponge-sponzen-groot.jpg\" \/>\n\t<meta property=\"og:image:width\" content=\"600\" \/>\n\t<meta property=\"og:image:height\" content=\"800\" \/>\n\t<meta property=\"og:image:type\" content=\"image\/jpeg\" \/>\n<meta name=\"twitter:card\" content=\"summary_large_image\" \/>\n<meta name=\"twitter:label1\" content=\"Dur\u00e9e de lecture estim\u00e9e\" \/>\n\t<meta name=\"twitter:data1\" content=\"3 minutes\" \/>\n<script type=\"application\/ld+json\" class=\"yoast-schema-graph\">{\"@context\":\"https:\/\/schema.org\",\"@graph\":[{\"@type\":[\"WebPage\",\"ItemPage\"],\"@id\":\"https:\/\/www.alternatievemiddelen.nl\/producten\/nanosponge-sponzen-groot\/\",\"url\":\"https:\/\/www.alternatievemiddelen.nl\/producten\/nanosponge-sponzen-groot\/\",\"name\":\"NanoSponge sponzen groot groen\/grijs 2 stuks - poetsen zonder poetsmiddel - Alternatievemiddelen.nl\",\"isPartOf\":{\"@id\":\"https:\/\/www.alternatievemiddelen.nl\/#website\"},\"primaryImageOfPage\":{\"@id\":\"https:\/\/www.alternatievemiddelen.nl\/producten\/nanosponge-sponzen-groot\/#primaryimage\"},\"image\":{\"@id\":\"https:\/\/www.alternatievemiddelen.nl\/producten\/nanosponge-sponzen-groot\/#primaryimage\"},\"thumbnailUrl\":\"https:\/\/www.alternatievemiddelen.nl\/wp-content\/uploads\/2025\/11\/NanoSponge-sponzen-groot.jpg\",\"datePublished\":\"2025-11-16T07:16:45+00:00\",\"dateModified\":\"2025-12-29T21:53:21+00:00\",\"description\":\"De NanoSponge sponzen klein, met een afmeting van circa 11 x 7,5 cm (vergelijkbaar met een schuursponsje), trekken vuil, vet en aanslag aan als een magneet!\",\"breadcrumb\":{\"@id\":\"https:\/\/www.alternatievemiddelen.nl\/producten\/nanosponge-sponzen-groot\/#breadcrumb\"},\"inLanguage\":\"fr-FR\",\"potentialAction\":[{\"@type\":\"ReadAction\",\"target\":[\"https:\/\/www.alternatievemiddelen.nl\/producten\/nanosponge-sponzen-groot\/\"]}]},{\"@type\":\"ImageObject\",\"inLanguage\":\"fr-FR\",\"@id\":\"https:\/\/www.alternatievemiddelen.nl\/producten\/nanosponge-sponzen-groot\/#primaryimage\",\"url\":\"https:\/\/www.alternatievemiddelen.nl\/wp-content\/uploads\/2025\/11\/NanoSponge-sponzen-groot.jpg\",\"contentUrl\":\"https:\/\/www.alternatievemiddelen.nl\/wp-content\/uploads\/2025\/11\/NanoSponge-sponzen-groot.jpg\",\"width\":600,\"height\":800,\"caption\":\"NanoSponge sponzen groot\"},{\"@type\":\"BreadcrumbList\",\"@id\":\"https:\/\/www.alternatievemiddelen.nl\/producten\/nanosponge-sponzen-groot\/#breadcrumb\",\"itemListElement\":[{\"@type\":\"ListItem\",\"position\":1,\"name\":\"Home\",\"item\":\"https:\/\/www.alternatievemiddelen.nl\/\"},{\"@type\":\"ListItem\",\"position\":2,\"name\":\"Producten\",\"item\":\"https:\/\/www.alternatievemiddelen.nl\/producten\/\"},{\"@type\":\"ListItem\",\"position\":3,\"name\":\"NanoSponge sponzen groot groen\/grijs 2 stuks &#8211; poetsen zonder poetsmiddel\"}]},{\"@type\":\"WebSite\",\"@id\":\"https:\/\/www.alternatievemiddelen.nl\/#website\",\"url\":\"https:\/\/www.alternatievemiddelen.nl\/\",\"name\":\"Alternatievemiddelen.nl\",\"description\":\"Webshop met gezonde, duurzame en ecologische alternatieve mogelijkheden in de hedendaagse levenstijl. Alles uit eigen ervaring.\",\"publisher\":{\"@id\":\"https:\/\/www.alternatievemiddelen.nl\/#organization\"},\"potentialAction\":[{\"@type\":\"SearchAction\",\"target\":{\"@type\":\"EntryPoint\",\"urlTemplate\":\"https:\/\/www.alternatievemiddelen.nl\/?s={search_term_string}\"},\"query-input\":{\"@type\":\"PropertyValueSpecification\",\"valueRequired\":true,\"valueName\":\"search_term_string\"}}],\"inLanguage\":\"fr-FR\"},{\"@type\":\"Organization\",\"@id\":\"https:\/\/www.alternatievemiddelen.nl\/#organization\",\"name\":\"Alternatievemiddelen.nl\",\"url\":\"https:\/\/www.alternatievemiddelen.nl\/\",\"logo\":{\"@type\":\"ImageObject\",\"inLanguage\":\"fr-FR\",\"@id\":\"https:\/\/www.alternatievemiddelen.nl\/#\/schema\/logo\/image\/\",\"url\":\"https:\/\/www.alternatievemiddelen.nl\/wp-content\/uploads\/2023\/10\/alternatievemiddelen-PNG-logo.png\",\"contentUrl\":\"https:\/\/www.alternatievemiddelen.nl\/wp-content\/uploads\/2023\/10\/alternatievemiddelen-PNG-logo.png\",\"width\":6400,\"height\":3062,\"caption\":\"Alternatievemiddelen.nl\"},\"image\":{\"@id\":\"https:\/\/www.alternatievemiddelen.nl\/#\/schema\/logo\/image\/\"}}]}<\/script>\n<!-- \/ Yoast SEO plugin. -->","yoast_head_json":{"title":"NanoSponge sponzen groot groen\/grijs 2 stuks - poetsen zonder poetsmiddel - Alternatievemiddelen.nl","description":"De NanoSponge sponzen klein, met een afmeting van circa 11 x 7,5 cm (vergelijkbaar met een schuursponsje), trekken vuil, vet en aanslag aan als een magneet!","robots":{"index":"index","follow":"follow","max-snippet":"max-snippet:-1","max-image-preview":"max-image-preview:large","max-video-preview":"max-video-preview:-1"},"canonical":"https:\/\/www.alternatievemiddelen.nl\/fr\/wp-json\/wp\/v2\/product\/50017","og_locale":"fr_FR","og_type":"article","og_title":"NanoSponge sponzen groot groen\/grijs 2 stuks - poetsen zonder poetsmiddel - Alternatievemiddelen.nl","og_description":"De NanoSponge sponzen klein, met een afmeting van circa 11 x 7,5 cm (vergelijkbaar met een schuursponsje), trekken vuil, vet en aanslag aan als een magneet!","og_url":"https:\/\/www.alternatievemiddelen.nl\/fr\/produits\/eponges-nano-eponges-grandes\/","og_site_name":"Alternatievemiddelen.nl","article_modified_time":"2025-12-29T21:53:21+00:00","og_image":[{"width":600,"height":800,"url":"\/wp-content\/uploads\/2025\/11\/NanoSponge-sponzen-groot.jpg","type":"image\/jpeg"}],"twitter_card":"summary_large_image","twitter_misc":{"Dur\u00e9e de lecture estim\u00e9e":"3 minutes"},"schema":{"@context":"https:\/\/schema.org","@graph":[{"@type":["WebPage","ItemPage"],"@id":"https:\/\/www.alternatievemiddelen.nl\/producten\/nanosponge-sponzen-groot\/","url":"https:\/\/www.alternatievemiddelen.nl\/producten\/nanosponge-sponzen-groot\/","name":"NanoSponge sponzen groot groen\/grijs 2 stuks - poetsen zonder poetsmiddel - Alternatievemiddelen.nl","isPartOf":{"@id":"https:\/\/www.alternatievemiddelen.nl\/#website"},"primaryImageOfPage":{"@id":"https:\/\/www.alternatievemiddelen.nl\/producten\/nanosponge-sponzen-groot\/#primaryimage"},"image":{"@id":"https:\/\/www.alternatievemiddelen.nl\/producten\/nanosponge-sponzen-groot\/#primaryimage"},"thumbnailUrl":"https:\/\/www.alternatievemiddelen.nl\/wp-content\/uploads\/2025\/11\/NanoSponge-sponzen-groot.jpg","datePublished":"2025-11-16T07:16:45+00:00","dateModified":"2025-12-29T21:53:21+00:00","description":"De NanoSponge sponzen klein, met een afmeting van circa 11 x 7,5 cm (vergelijkbaar met een schuursponsje), trekken vuil, vet en aanslag aan als een magneet!","breadcrumb":{"@id":"https:\/\/www.alternatievemiddelen.nl\/producten\/nanosponge-sponzen-groot\/#breadcrumb"},"inLanguage":"fr-FR","potentialAction":[{"@type":"ReadAction","target":["https:\/\/www.alternatievemiddelen.nl\/producten\/nanosponge-sponzen-groot\/"]}]},{"@type":"ImageObject","inLanguage":"fr-FR","@id":"https:\/\/www.alternatievemiddelen.nl\/producten\/nanosponge-sponzen-groot\/#primaryimage","url":"https:\/\/www.alternatievemiddelen.nl\/wp-content\/uploads\/2025\/11\/NanoSponge-sponzen-groot.jpg","contentUrl":"https:\/\/www.alternatievemiddelen.nl\/wp-content\/uploads\/2025\/11\/NanoSponge-sponzen-groot.jpg","width":600,"height":800,"caption":"NanoSponge sponzen groot"},{"@type":"BreadcrumbList","@id":"https:\/\/www.alternatievemiddelen.nl\/producten\/nanosponge-sponzen-groot\/#breadcrumb","itemListElement":[{"@type":"ListItem","position":1,"name":"Home","item":"https:\/\/www.alternatievemiddelen.nl\/"},{"@type":"ListItem","position":2,"name":"Producten","item":"https:\/\/www.alternatievemiddelen.nl\/producten\/"},{"@type":"ListItem","position":3,"name":"NanoSponge sponzen groot groen\/grijs 2 stuks &#8211; poetsen zonder poetsmiddel"}]},{"@type":"WebSite","@id":"https:\/\/www.alternatievemiddelen.nl\/#website","url":"https:\/\/www.alternatievemiddelen.nl\/","name":"Alternatievemiddelen.nl","description":"Webshop met gezonde, duurzame en ecologische alternatieve mogelijkheden in de hedendaagse levenstijl. Alles uit eigen ervaring.","publisher":{"@id":"https:\/\/www.alternatievemiddelen.nl\/#organization"},"potentialAction":[{"@type":"SearchAction","target":{"@type":"EntryPoint","urlTemplate":"https:\/\/www.alternatievemiddelen.nl\/?s={search_term_string}"},"query-input":{"@type":"PropertyValueSpecification","valueRequired":true,"valueName":"search_term_string"}}],"inLanguage":"fr-FR"},{"@type":"Organization","@id":"https:\/\/www.alternatievemiddelen.nl\/#organization","name":"Alternatievemiddelen.nl","url":"https:\/\/www.alternatievemiddelen.nl\/","logo":{"@type":"ImageObject","inLanguage":"fr-FR","@id":"https:\/\/www.alternatievemiddelen.nl\/#\/schema\/logo\/image\/","url":"https:\/\/www.alternatievemiddelen.nl\/wp-content\/uploads\/2023\/10\/alternatievemiddelen-PNG-logo.png","contentUrl":"https:\/\/www.alternatievemiddelen.nl\/wp-content\/uploads\/2023\/10\/alternatievemiddelen-PNG-logo.png","width":6400,"height":3062,"caption":"Alternatievemiddelen.nl"},"image":{"@id":"https:\/\/www.alternatievemiddelen.nl\/#\/schema\/logo\/image\/"}}]}},"_links":{"self":[{"href":"https:\/\/www.alternatievemiddelen.nl\/fr\/wp-json\/wp\/v2\/product\/50017","targetHints":{"allow":["GET"]}}],"collection":[{"href":"https:\/\/www.alternatievemiddelen.nl\/fr\/wp-json\/wp\/v2\/product"}],"about":[{"href":"https:\/\/www.alternatievemiddelen.nl\/fr\/wp-json\/wp\/v2\/types\/product"}],"replies":[{"embeddable":true,"href":"https:\/\/www.alternatievemiddelen.nl\/fr\/wp-json\/wp\/v2\/comments?post=50017"}],"wp:featuredmedia":[{"embeddable":true,"href":"https:\/\/www.alternatievemiddelen.nl\/fr\/wp-json\/wp\/v2\/media\/50021"}],"wp:attachment":[{"href":"https:\/\/www.alternatievemiddelen.nl\/fr\/wp-json\/wp\/v2\/media?parent=50017"}],"wp:term":[{"taxonomy":"product_brand","embeddable":true,"href":"https:\/\/www.alternatievemiddelen.nl\/fr\/wp-json\/wp\/v2\/product_brand?post=50017"},{"taxonomy":"product_cat","embeddable":true,"href":"https:\/\/www.alternatievemiddelen.nl\/fr\/wp-json\/wp\/v2\/product_cat?post=50017"},{"taxonomy":"product_tag","embeddable":true,"href":"https:\/\/www.alternatievemiddelen.nl\/fr\/wp-json\/wp\/v2\/product_tag?post=50017"},{"taxonomy":"merk","embeddable":true,"href":"https:\/\/www.alternatievemiddelen.nl\/fr\/wp-json\/wp\/v2\/merk?post=50017"}],"curies":[{"name":"wp","href":"https:\/\/api.w.org\/{rel}","templated":true}]}}