{"id":50681,"date":"2026-01-15T11:22:53","date_gmt":"2026-01-15T10:22:53","guid":{"rendered":"https:\/\/www.alternatievemiddelen.nl\/?post_type=product&#038;p=50681"},"modified":"2026-01-15T16:27:07","modified_gmt":"2026-01-15T15:27:07","slug":"boroux-houten-standaard-voor-waterfilters","status":"publish","type":"product","link":"https:\/\/www.alternatievemiddelen.nl\/fr\/produits\/support-en-bois-boroux-pour-filtres-a-eau\/","title":{"rendered":"Support en bois BOROUX pour filtres \u00e0 eau BOROUX et autres marques"},"content":{"rendered":"<p>Avec sa base robuste et sa belle finition, ce support en bois BOROUX est un accessoire indispensable. Sur\u00e9levez \u00e9l\u00e9gamment votre filtre \u00e0 eau pour un acc\u00e8s facile \u00e0 l'eau filtr\u00e9e. Le support de 15 cm de haut vous permet de placer le filtre \u00e0 eau \u00e0 diff\u00e9rents endroits, et non plus seulement sur un rebord de fen\u00eatre. Le bois de teck est exceptionnellement durable et naturellement r\u00e9sistant \u00e0 l'humidit\u00e9. Cr\u00e9ez l'endroit id\u00e9al pour votre filtre \u00e0 eau !<br \/>\n&nbsp;<\/p>\n<h3>Hauteur naturelle, conception r\u00e9fl\u00e9chie<\/h3>\n<p>Le support en bois BOROUX transforme la fonctionnalit\u00e9 quotidienne en un parangon d'artisanat. La construction en teck durable offre une stabilit\u00e9 suppl\u00e9mentaire de 15 cm, r\u00e9siste \u00e0 l'humidit\u00e9 et pr\u00e9sente un style intemporel.<br \/>\n&nbsp;<\/p>\n<h3>Construction durable pour une longue dur\u00e9e de vie<\/h3>\n<p>Fabriqu\u00e9 en teck de haute qualit\u00e9, le stand refl\u00e8te l'engagement de BOROUX pour des mat\u00e9riaux durables et une utilisation \u00e0 long terme.<br \/>\n&nbsp;<\/p>\n<h3>Con\u00e7u pour une harmonie parfaite<\/h3>\n<p>Con\u00e7u pour les <a href=\"https:\/\/www.alternatievemiddelen.nl\/fr\/categorie-de-produits-2\/filtres-a-eau\/filtre-a-eau\/filtrer-les-resultats\/boroux\/\">Syst\u00e8mes de filtration d'eau BOROUX Legacy\u2122 et Legacy\u2122 Compact<\/a>mais suffisamment polyvalent pour d'autres filtres aliment\u00e9s par gravit\u00e9, il offre un \u00e9quilibre complet et une facilit\u00e9 d'utilisation sans effort.<br \/>\nEn effet, ce support convient \u00e9galement \u00e0 ces filtres \u00e0 eau :<\/p>\n<ul>\n<li><a href=\"https:\/\/www.alternatievemiddelen.nl\/fr\/produits\/filtre-a-eau-travel-berkey\/\">Travel Berkey<\/a><\/li>\n<li><a href=\"https:\/\/www.alternatievemiddelen.nl\/fr\/produits\/filtre-a-eau-big-berkey\/\">Big Berkey<\/a><\/li>\n<li><a href=\"https:\/\/www.alternatievemiddelen.nl\/fr\/produits\/filtre-a-eau-royal-berkey\/\">Royal Berkey<\/a><\/li>\n<li><a href=\"https:\/\/www.alternatievemiddelen.nl\/fr\/produits\/filtre-a-eau-pure-filters-voyager\/\">Pure Filters Voyager<\/a><\/li>\n<li><a href=\"https:\/\/www.alternatievemiddelen.nl\/fr\/produits\/filtre-a-eau-pure-filters-home\/\">Pure Filters Home<\/a><\/li>\n<li><a href=\"https:\/\/www.alternatievemiddelen.nl\/fr\/produits\/filtre-a-eau-pure-filters-family\/\">Famille Pure Filters<\/a><\/li>\n<\/ul>\n<p>&nbsp;<\/p>\n<h3>Caract\u00e9ristiques Support en bois BOROUX<\/h3>\n<p>\u2714 <b>\u00c9l\u00e9vation de 15 cm<\/b>Le filtre \u00e0 eau est sur\u00e9lev\u00e9 de 15 cm, ce qui permet de remplir les verres, les bouteilles et\/ou les casseroles \u00e0 la hauteur id\u00e9ale.<br \/>\n\u2714 <b>Autres dimensions<\/b>Le produit : Avec une hauteur totale de 23 cm et une largeur de 33 cm, il attire tous les regards dans votre cuisine.<br \/>\n\u2714 <b>Convient \u00e0 plusieurs filtres \u00e0 eau par gravit\u00e9<\/b>: D\u00e9velopp\u00e9e pour l'industrie de l'automobile, la <a href=\"https:\/\/www.alternatievemiddelen.nl\/fr\/categorie-de-produits-2\/filtres-a-eau\/filtre-a-eau\/filtrer-les-resultats\/boroux\/\">Syst\u00e8mes de filtration d'eau BOROUX Legacy\u2122 et Legacy\u2122 Compact<\/a>mais aussi pour les <a href=\"https:\/\/www.alternatievemiddelen.nl\/fr\/produits\/filtre-a-eau-travel-berkey\/\">Travel Berkey<\/a>, <a href=\"https:\/\/www.alternatievemiddelen.nl\/fr\/produits\/filtre-a-eau-big-berkey\/\">Big Berkey<\/a>, <a href=\"https:\/\/www.alternatievemiddelen.nl\/fr\/produits\/filtre-a-eau-royal-berkey\/\">Royal Berkey<\/a>, <a href=\"https:\/\/www.alternatievemiddelen.nl\/fr\/produits\/filtre-a-eau-pure-filters-voyager\/\">Pure Filters Voyager<\/a>, <a href=\"https:\/\/www.alternatievemiddelen.nl\/fr\/produits\/filtre-a-eau-pure-filters-home\/\">Pure Filters Home<\/a> et\/ou <a href=\"https:\/\/www.alternatievemiddelen.nl\/fr\/produits\/filtre-a-eau-pure-filters-family\/\">Famille Pure Filters<\/a><br \/>\n\u2714 <b>Montage facile<\/b>Les produits de la gamme sont con\u00e7us pour \u00eatre assembl\u00e9s sans outil gr\u00e2ce \u00e0 des joints d\u00e9coup\u00e9s avec pr\u00e9cision qui s'embo\u00eetent de mani\u00e8re s\u00fbre et intuitive.<br \/>\n\u2714 <b>Fabriqu\u00e9 dans le respect du d\u00e9veloppement durable<\/b>Les supports sont fabriqu\u00e9s en teck durable, une alternative robuste et respectueuse de l'environnement aux supports en plastique ou en m\u00e9tal.<\/p>\n<p>Veuillez vous r\u00e9f\u00e9rer \u00e0 notre <a href=\"https:\/\/www.alternatievemiddelen.nl\/fr\/la-bibliotheque\/\">biblioth\u00e8que<\/a>qui comprend des manuels et des r\u00e9ponses aux questions fr\u00e9quemment pos\u00e9es.<\/p>","protected":false},"excerpt":{"rendered":"<p>Le support en bois BOROUX (teck) est robuste et pr\u00e9sente une belle finition. Rehaussez votre filtre \u00e0 eau BOROUX, Berkey ou Pure Filters de mani\u00e8re \u00e9l\u00e9gante !<\/p>","protected":false},"featured_media":50693,"comment_status":"open","ping_status":"closed","template":"","meta":[],"product_brand":[],"product_cat":[3892,2971,3013],"product_tag":[3362,2961,3706,3725,2929,3899,3901,3900,3632,3106,2885,2979,2980,2981],"merk":[3432,3702,3630],"class_list":{"0":"post-50681","1":"product","2":"type-product","3":"status-publish","4":"has-post-thumbnail","6":"product_cat-nieuwe-producten","7":"product_cat-waterfilters","8":"product_cat-waterfilter-accessoires","9":"product_tag-basis","10":"product_tag-berkey","11":"product_tag-boroux","12":"product_tag-boroux-legacy","13":"product_tag-duurzaam","14":"product_tag-hout","15":"product_tag-houten","16":"product_tag-houten-standaard","17":"product_tag-pure-filters","18":"product_tag-standaard","19":"product_tag-water","20":"product_tag-waterfilter","21":"product_tag-waterzuivering","22":"product_tag-zuiver","23":"merk-berkey","24":"merk-boroux","25":"merk-pure-filters","27":"first","28":"instock","29":"taxable","30":"shipping-taxable","31":"purchasable","32":"product-type-simple"},"bundled_by":[],"bundle_stock_status":"instock","bundle_stock_quantity":null,"bundle_virtual":false,"bundle_layout":"","bundle_add_to_cart_form_location":"","bundle_editable_in_cart":false,"bundle_sold_individually_context":"","bundle_item_grouping":"","bundle_min_size":"","bundle_max_size":"","bundle_price":[],"bundled_items":[],"bundle_sell_ids":[44176],"yoast_head":"<!-- This site is optimized with the Yoast SEO plugin v26.1 - https:\/\/yoast.com\/wordpress\/plugins\/seo\/ -->\n<title>BOROUX houten standaard voor BOROUX- en andere merken waterfilters - Alternatievemiddelen.nl<\/title>\n<meta name=\"description\" content=\"De BOROUX houten standaard (teakhout) is stevig en heeft een mooie afwerking. Verhoog jouw BOROUX-, Berkey- of Pure Filters waterfilter op stijlvolle wijze!\" \/>\n<meta name=\"robots\" content=\"index, follow, max-snippet:-1, max-image-preview:large, max-video-preview:-1\" \/>\n<link rel=\"canonical\" href=\"https:\/\/www.alternatievemiddelen.nl\/fr\/wp-json\/wp\/v2\/product\/50681\" \/>\n<meta property=\"og:locale\" content=\"fr_FR\" \/>\n<meta property=\"og:type\" content=\"article\" \/>\n<meta property=\"og:title\" content=\"BOROUX houten standaard voor BOROUX- en andere merken waterfilters - Alternatievemiddelen.nl\" \/>\n<meta property=\"og:description\" content=\"De BOROUX houten standaard (teakhout) is stevig en heeft een mooie afwerking. Verhoog jouw BOROUX-, Berkey- of Pure Filters waterfilter op stijlvolle wijze!\" \/>\n<meta property=\"og:url\" content=\"https:\/\/www.alternatievemiddelen.nl\/fr\/produits\/support-en-bois-boroux-pour-filtres-a-eau\/\" \/>\n<meta property=\"og:site_name\" content=\"Alternatievemiddelen.nl\" \/>\n<meta property=\"article:publisher\" content=\"https:\/\/www.facebook.com\/alternatievemiddelen\" \/>\n<meta property=\"article:modified_time\" content=\"2026-01-15T15:27:07+00:00\" \/>\n<meta property=\"og:image\" content=\"\/wp-content\/uploads\/2026\/01\/BOROUX-houten-standaard-voor-waterfilter.jpg\" \/>\n\t<meta property=\"og:image:width\" content=\"600\" \/>\n\t<meta property=\"og:image:height\" content=\"800\" \/>\n\t<meta property=\"og:image:type\" content=\"image\/jpeg\" \/>\n<meta name=\"twitter:card\" content=\"summary_large_image\" \/>\n<meta name=\"twitter:label1\" content=\"Dur\u00e9e de lecture estim\u00e9e\" \/>\n\t<meta name=\"twitter:data1\" content=\"2 minutes\" \/>\n<script type=\"application\/ld+json\" class=\"yoast-schema-graph\">{\"@context\":\"https:\/\/schema.org\",\"@graph\":[{\"@type\":[\"WebPage\",\"ItemPage\"],\"@id\":\"https:\/\/www.alternatievemiddelen.nl\/producten\/boroux-houten-standaard-voor-waterfilters\/\",\"url\":\"https:\/\/www.alternatievemiddelen.nl\/producten\/boroux-houten-standaard-voor-waterfilters\/\",\"name\":\"BOROUX houten standaard voor BOROUX- en andere merken waterfilters - Alternatievemiddelen.nl\",\"isPartOf\":{\"@id\":\"https:\/\/www.alternatievemiddelen.nl\/#website\"},\"primaryImageOfPage\":{\"@id\":\"https:\/\/www.alternatievemiddelen.nl\/producten\/boroux-houten-standaard-voor-waterfilters\/#primaryimage\"},\"image\":{\"@id\":\"https:\/\/www.alternatievemiddelen.nl\/producten\/boroux-houten-standaard-voor-waterfilters\/#primaryimage\"},\"thumbnailUrl\":\"https:\/\/www.alternatievemiddelen.nl\/wp-content\/uploads\/2026\/01\/BOROUX-houten-standaard-voor-waterfilter.jpg\",\"datePublished\":\"2026-01-15T10:22:53+00:00\",\"dateModified\":\"2026-01-15T15:27:07+00:00\",\"description\":\"De BOROUX houten standaard (teakhout) is stevig en heeft een mooie afwerking. Verhoog jouw BOROUX-, Berkey- of Pure Filters waterfilter op stijlvolle wijze!\",\"breadcrumb\":{\"@id\":\"https:\/\/www.alternatievemiddelen.nl\/producten\/boroux-houten-standaard-voor-waterfilters\/#breadcrumb\"},\"inLanguage\":\"fr-FR\",\"potentialAction\":[{\"@type\":\"ReadAction\",\"target\":[\"https:\/\/www.alternatievemiddelen.nl\/producten\/boroux-houten-standaard-voor-waterfilters\/\"]}]},{\"@type\":\"ImageObject\",\"inLanguage\":\"fr-FR\",\"@id\":\"https:\/\/www.alternatievemiddelen.nl\/producten\/boroux-houten-standaard-voor-waterfilters\/#primaryimage\",\"url\":\"https:\/\/www.alternatievemiddelen.nl\/wp-content\/uploads\/2026\/01\/BOROUX-houten-standaard-voor-waterfilter.jpg\",\"contentUrl\":\"https:\/\/www.alternatievemiddelen.nl\/wp-content\/uploads\/2026\/01\/BOROUX-houten-standaard-voor-waterfilter.jpg\",\"width\":600,\"height\":800,\"caption\":\"BOROUX houten standaard voor waterfilters\"},{\"@type\":\"BreadcrumbList\",\"@id\":\"https:\/\/www.alternatievemiddelen.nl\/producten\/boroux-houten-standaard-voor-waterfilters\/#breadcrumb\",\"itemListElement\":[{\"@type\":\"ListItem\",\"position\":1,\"name\":\"Home\",\"item\":\"https:\/\/www.alternatievemiddelen.nl\/\"},{\"@type\":\"ListItem\",\"position\":2,\"name\":\"Producten\",\"item\":\"https:\/\/www.alternatievemiddelen.nl\/producten\/\"},{\"@type\":\"ListItem\",\"position\":3,\"name\":\"BOROUX houten standaard voor BOROUX- en andere merken waterfilters\"}]},{\"@type\":\"WebSite\",\"@id\":\"https:\/\/www.alternatievemiddelen.nl\/#website\",\"url\":\"https:\/\/www.alternatievemiddelen.nl\/\",\"name\":\"Alternatievemiddelen.nl\",\"description\":\"Webshop met gezonde, duurzame en ecologische alternatieve mogelijkheden in de hedendaagse levenstijl. Alles uit eigen ervaring.\",\"publisher\":{\"@id\":\"https:\/\/www.alternatievemiddelen.nl\/#organization\"},\"alternateName\":\"Alternatieve Middelen\",\"potentialAction\":[{\"@type\":\"SearchAction\",\"target\":{\"@type\":\"EntryPoint\",\"urlTemplate\":\"https:\/\/www.alternatievemiddelen.nl\/?s={search_term_string}\"},\"query-input\":{\"@type\":\"PropertyValueSpecification\",\"valueRequired\":true,\"valueName\":\"search_term_string\"}}],\"inLanguage\":\"fr-FR\"},{\"@type\":\"Organization\",\"@id\":\"https:\/\/www.alternatievemiddelen.nl\/#organization\",\"name\":\"Alternatievemiddelen.nl\",\"alternateName\":\"Alternatieve Middelen\",\"url\":\"https:\/\/www.alternatievemiddelen.nl\/\",\"logo\":{\"@type\":\"ImageObject\",\"inLanguage\":\"fr-FR\",\"@id\":\"https:\/\/www.alternatievemiddelen.nl\/#\/schema\/logo\/image\/\",\"url\":\"https:\/\/www.alternatievemiddelen.nl\/wp-content\/uploads\/2023\/10\/alternatievemiddelen-PNG-logo.png\",\"contentUrl\":\"https:\/\/www.alternatievemiddelen.nl\/wp-content\/uploads\/2023\/10\/alternatievemiddelen-PNG-logo.png\",\"width\":6400,\"height\":3062,\"caption\":\"Alternatievemiddelen.nl\"},\"image\":{\"@id\":\"https:\/\/www.alternatievemiddelen.nl\/#\/schema\/logo\/image\/\"},\"sameAs\":[\"https:\/\/www.facebook.com\/alternatievemiddelen\",\"https:\/\/www.instagram.com\/alternatievemiddelen.nl\/\"]}]}<\/script>\n<!-- \/ Yoast SEO plugin. -->","yoast_head_json":{"title":"BOROUX houten standaard voor BOROUX- en andere merken waterfilters - Alternatievemiddelen.nl","description":"De BOROUX houten standaard (teakhout) is stevig en heeft een mooie afwerking. Verhoog jouw BOROUX-, Berkey- of Pure Filters waterfilter op stijlvolle wijze!","robots":{"index":"index","follow":"follow","max-snippet":"max-snippet:-1","max-image-preview":"max-image-preview:large","max-video-preview":"max-video-preview:-1"},"canonical":"https:\/\/www.alternatievemiddelen.nl\/fr\/wp-json\/wp\/v2\/product\/50681","og_locale":"fr_FR","og_type":"article","og_title":"BOROUX houten standaard voor BOROUX- en andere merken waterfilters - Alternatievemiddelen.nl","og_description":"De BOROUX houten standaard (teakhout) is stevig en heeft een mooie afwerking. Verhoog jouw BOROUX-, Berkey- of Pure Filters waterfilter op stijlvolle wijze!","og_url":"https:\/\/www.alternatievemiddelen.nl\/fr\/produits\/support-en-bois-boroux-pour-filtres-a-eau\/","og_site_name":"Alternatievemiddelen.nl","article_publisher":"https:\/\/www.facebook.com\/alternatievemiddelen","article_modified_time":"2026-01-15T15:27:07+00:00","og_image":[{"width":600,"height":800,"url":"\/wp-content\/uploads\/2026\/01\/BOROUX-houten-standaard-voor-waterfilter.jpg","type":"image\/jpeg"}],"twitter_card":"summary_large_image","twitter_misc":{"Dur\u00e9e de lecture estim\u00e9e":"2 minutes"},"schema":{"@context":"https:\/\/schema.org","@graph":[{"@type":["WebPage","ItemPage"],"@id":"https:\/\/www.alternatievemiddelen.nl\/producten\/boroux-houten-standaard-voor-waterfilters\/","url":"https:\/\/www.alternatievemiddelen.nl\/producten\/boroux-houten-standaard-voor-waterfilters\/","name":"BOROUX houten standaard voor BOROUX- en andere merken waterfilters - Alternatievemiddelen.nl","isPartOf":{"@id":"https:\/\/www.alternatievemiddelen.nl\/#website"},"primaryImageOfPage":{"@id":"https:\/\/www.alternatievemiddelen.nl\/producten\/boroux-houten-standaard-voor-waterfilters\/#primaryimage"},"image":{"@id":"https:\/\/www.alternatievemiddelen.nl\/producten\/boroux-houten-standaard-voor-waterfilters\/#primaryimage"},"thumbnailUrl":"https:\/\/www.alternatievemiddelen.nl\/wp-content\/uploads\/2026\/01\/BOROUX-houten-standaard-voor-waterfilter.jpg","datePublished":"2026-01-15T10:22:53+00:00","dateModified":"2026-01-15T15:27:07+00:00","description":"De BOROUX houten standaard (teakhout) is stevig en heeft een mooie afwerking. Verhoog jouw BOROUX-, Berkey- of Pure Filters waterfilter op stijlvolle wijze!","breadcrumb":{"@id":"https:\/\/www.alternatievemiddelen.nl\/producten\/boroux-houten-standaard-voor-waterfilters\/#breadcrumb"},"inLanguage":"fr-FR","potentialAction":[{"@type":"ReadAction","target":["https:\/\/www.alternatievemiddelen.nl\/producten\/boroux-houten-standaard-voor-waterfilters\/"]}]},{"@type":"ImageObject","inLanguage":"fr-FR","@id":"https:\/\/www.alternatievemiddelen.nl\/producten\/boroux-houten-standaard-voor-waterfilters\/#primaryimage","url":"https:\/\/www.alternatievemiddelen.nl\/wp-content\/uploads\/2026\/01\/BOROUX-houten-standaard-voor-waterfilter.jpg","contentUrl":"https:\/\/www.alternatievemiddelen.nl\/wp-content\/uploads\/2026\/01\/BOROUX-houten-standaard-voor-waterfilter.jpg","width":600,"height":800,"caption":"BOROUX houten standaard voor waterfilters"},{"@type":"BreadcrumbList","@id":"https:\/\/www.alternatievemiddelen.nl\/producten\/boroux-houten-standaard-voor-waterfilters\/#breadcrumb","itemListElement":[{"@type":"ListItem","position":1,"name":"Home","item":"https:\/\/www.alternatievemiddelen.nl\/"},{"@type":"ListItem","position":2,"name":"Producten","item":"https:\/\/www.alternatievemiddelen.nl\/producten\/"},{"@type":"ListItem","position":3,"name":"BOROUX houten standaard voor BOROUX- en andere merken waterfilters"}]},{"@type":"WebSite","@id":"https:\/\/www.alternatievemiddelen.nl\/#website","url":"https:\/\/www.alternatievemiddelen.nl\/","name":"Alternatievemiddelen.nl","description":"Webshop met gezonde, duurzame en ecologische alternatieve mogelijkheden in de hedendaagse levenstijl. Alles uit eigen ervaring.","publisher":{"@id":"https:\/\/www.alternatievemiddelen.nl\/#organization"},"alternateName":"Alternatieve Middelen","potentialAction":[{"@type":"SearchAction","target":{"@type":"EntryPoint","urlTemplate":"https:\/\/www.alternatievemiddelen.nl\/?s={search_term_string}"},"query-input":{"@type":"PropertyValueSpecification","valueRequired":true,"valueName":"search_term_string"}}],"inLanguage":"fr-FR"},{"@type":"Organization","@id":"https:\/\/www.alternatievemiddelen.nl\/#organization","name":"Alternatievemiddelen.nl","alternateName":"Alternatieve Middelen","url":"https:\/\/www.alternatievemiddelen.nl\/","logo":{"@type":"ImageObject","inLanguage":"fr-FR","@id":"https:\/\/www.alternatievemiddelen.nl\/#\/schema\/logo\/image\/","url":"https:\/\/www.alternatievemiddelen.nl\/wp-content\/uploads\/2023\/10\/alternatievemiddelen-PNG-logo.png","contentUrl":"https:\/\/www.alternatievemiddelen.nl\/wp-content\/uploads\/2023\/10\/alternatievemiddelen-PNG-logo.png","width":6400,"height":3062,"caption":"Alternatievemiddelen.nl"},"image":{"@id":"https:\/\/www.alternatievemiddelen.nl\/#\/schema\/logo\/image\/"},"sameAs":["https:\/\/www.facebook.com\/alternatievemiddelen","https:\/\/www.instagram.com\/alternatievemiddelen.nl\/"]}]}},"_links":{"self":[{"href":"https:\/\/www.alternatievemiddelen.nl\/fr\/wp-json\/wp\/v2\/product\/50681","targetHints":{"allow":["GET"]}}],"collection":[{"href":"https:\/\/www.alternatievemiddelen.nl\/fr\/wp-json\/wp\/v2\/product"}],"about":[{"href":"https:\/\/www.alternatievemiddelen.nl\/fr\/wp-json\/wp\/v2\/types\/product"}],"replies":[{"embeddable":true,"href":"https:\/\/www.alternatievemiddelen.nl\/fr\/wp-json\/wp\/v2\/comments?post=50681"}],"wp:featuredmedia":[{"embeddable":true,"href":"https:\/\/www.alternatievemiddelen.nl\/fr\/wp-json\/wp\/v2\/media\/50693"}],"wp:attachment":[{"href":"https:\/\/www.alternatievemiddelen.nl\/fr\/wp-json\/wp\/v2\/media?parent=50681"}],"wp:term":[{"taxonomy":"product_brand","embeddable":true,"href":"https:\/\/www.alternatievemiddelen.nl\/fr\/wp-json\/wp\/v2\/product_brand?post=50681"},{"taxonomy":"product_cat","embeddable":true,"href":"https:\/\/www.alternatievemiddelen.nl\/fr\/wp-json\/wp\/v2\/product_cat?post=50681"},{"taxonomy":"product_tag","embeddable":true,"href":"https:\/\/www.alternatievemiddelen.nl\/fr\/wp-json\/wp\/v2\/product_tag?post=50681"},{"taxonomy":"merk","embeddable":true,"href":"https:\/\/www.alternatievemiddelen.nl\/fr\/wp-json\/wp\/v2\/merk?post=50681"}],"curies":[{"name":"wp","href":"https:\/\/api.w.org\/{rel}","templated":true}]}}