{"id":51081,"date":"2026-02-26T11:18:55","date_gmt":"2026-02-26T10:18:55","guid":{"rendered":"https:\/\/www.alternatievemiddelen.nl\/?post_type=product&#038;p=51081"},"modified":"2026-04-12T12:12:42","modified_gmt":"2026-04-12T10:12:42","slug":"natural-care-company-electrolyten-100-ml","status":"publish","type":"product","link":"https:\/\/www.alternatievemiddelen.nl\/fr\/produits\/natural-care-company-electrolytes-100-ml\/","title":{"rendered":"Natural Care Company Electrolytes - suppl\u00e9ment min\u00e9ral - 100 ml"},"content":{"rendered":"<p>Natural Care Company Electrolytes (solution min\u00e9rale liquide) est un m\u00e9lange soigneusement formul\u00e9 de min\u00e9raux essentiels dont votre corps a besoin pour une hydratation optimale, un \u00e9quilibre \u00e9nerg\u00e9tique et un bien-\u00eatre g\u00e9n\u00e9ral. Avec une composition \u00e9quilibr\u00e9e de sodium, de magn\u00e9sium, de potassium, de calcium et d'autres oligo-\u00e9l\u00e9ments, ce produit apporte le soutien parfait \u00e0 votre sant\u00e9 et \u00e0 vos performances quotidiennes.<\/p>\n<p>Les \u00e9lectrolytes liquides sont absorb\u00e9s plus rapidement que les autres formes et pr\u00e9sentent l'avantage suppl\u00e9mentaire d'\u00eatre tr\u00e8s faciles et fins \u00e0 utiliser. Il n'y a pas d'agglutination due \u00e0 l'humidit\u00e9, ni pendant l'utilisation.<\/p>\n<p><u>Convient pour :<\/u><\/p>\n<ul>\n<li><b>Les sportifs et les athl\u00e8tes :<\/b> Id\u00e9al pour ceux qui font de l'exercice de mani\u00e8re intensive et qui souhaitent reconstituer les min\u00e9raux perdus par la transpiration.<\/li>\n<li><b>Personnes ayant un mode de vie actif :<\/b> Aide \u00e0 maintenir l'\u00e9nergie et l'hydratation tout au long de la journ\u00e9e.<\/li>\n<li><b>Les personnes ayant des besoins accrus en min\u00e9raux :<\/b> Par exemple, si vous avez un mode de vie stressant ou des besoins alimentaires particuliers.<\/li>\n<li><b>Toute personne souhaitant soutenir sa sant\u00e9 globale :<\/b> L'apport quotidien d'\u00e9lectrolytes peut contribuer \u00e0 am\u00e9liorer le bien-\u00eatre et le bon fonctionnement de l'organisme.<\/li>\n<\/ul>\n<p>&nbsp;<\/p>\n<h3>Benefits Natural Care Company Electrolytes :<\/h3>\n<p><b>1. Hydratation optimale :<\/b><br \/>\nLe sodium et le potassium sont essentiels au maintien de l'\u00e9quilibre hydrique dans votre corps, en particulier pendant et apr\u00e8s l'exercice. Cela permet d'\u00e9viter la d\u00e9shydratation et de favoriser la r\u00e9cup\u00e9ration.<br \/>\n<b>2. Soutenir la fonction musculaire :<\/b><br \/>\nLe magn\u00e9sium et le calcium jouent un r\u00f4le cl\u00e9 dans la contraction et la relaxation des muscles, ce qui contribue \u00e0 am\u00e9liorer les performances sportives et \u00e0 r\u00e9duire les crampes musculaires.<br \/>\n<b>3. Production d'\u00e9nergie :<\/b><br \/>\nLe magn\u00e9sium est essentiel \u00e0 la production d'\u00e9nergie au niveau cellulaire, ce qui signifie que vous vous sentirez \u00e9nergique et alerte tout au long de la journ\u00e9e.<br \/>\n<b>4. Soutien de la thyro\u00efde :<\/b><br \/>\nL'iode contribue \u00e0 une fonction thyro\u00efdienne normale, ce qui est important pour r\u00e9guler votre m\u00e9tabolisme.<br \/>\n<b>5. Renforcement du syst\u00e8me immunitaire :<\/b><br \/>\nLe s\u00e9l\u00e9nium et le zinc contribuent au bon fonctionnement du syst\u00e8me immunitaire, ce qui vous permet d'\u00eatre mieux prot\u00e9g\u00e9 contre les maladies.<br \/>\n&nbsp;<br \/>\n&nbsp;<\/p>\n<h3>Application des \u00e9lectrolytes de Natural Care Company :<\/h3>\n<p><b><u>G\u00e9n\u00e9ralit\u00e9s :<\/u><\/b> Une cuill\u00e8re \u00e0 caf\u00e9 dans un verre d'eau deux fois par jour et boire.<br \/>\n&nbsp;<br \/>\n<b><u>Adultes :<\/u><\/b> M\u00e9langer 3 ml (1 cuill\u00e8re \u00e0 caf\u00e9) dans un verre d'eau (200-250 ml). Prendre cette dose une ou deux fois par jour, en fonction de vos besoins d'hydratation et d'activit\u00e9.<br \/>\n<b><u>Enfants (\u00e0 partir de 12 ans) :<\/u><\/b> Utiliser 1,5 \u00e0 3 ml (environ \u00bd \u00e0 1 cuill\u00e8re \u00e0 caf\u00e9) m\u00e9lang\u00e9s dans un verre d'eau (250 ml) par jour, sauf avis contraire d'un professionnel.<br \/>\n&nbsp;<br \/>\n<b><u>Moments id\u00e9aux de prise en charge :<\/u><\/b><br \/>\n<b>Avant ou pendant l'exercice :<\/b> Buvez 30 minutes avant l'exercice pour pr\u00e9parer votre corps et pendant l'exercice pour maintenir l'\u00e9quilibre des liquides et des \u00e9lectrolytes.<br \/>\n<b>Apr\u00e8s l'effort :<\/b> Prendre imm\u00e9diatement apr\u00e8s l'exercice pour reconstituer les min\u00e9raux perdus et favoriser la r\u00e9cup\u00e9ration.<br \/>\n<b>Par temps chaud ou en transpirant beaucoup :<\/b> Prenez une dose suppl\u00e9mentaire pour \u00e9viter la d\u00e9shydratation et maintenir l'\u00e9quilibre hydrique.<br \/>\n&nbsp;<br \/>\n<b><u>Ingr\u00e9dients :<\/u><\/b>  Eau, Atoligomer\u00ae (concentr\u00e9 d'eau de mer).<br \/>\n&nbsp;<br \/>\n<b><u>Informations sur les allerg\u00e8nes :<\/u><\/b> Ce produit est exempt d'allerg\u00e8nes connus.<br \/>\n&nbsp;<br \/>\n<u><b>Composition par dose journali\u00e8re (2 cuill\u00e8res \u00e0 caf\u00e9 = 6 ml)<\/b><\/u><\/p>\n<table>\n<tbody>\n<tr>\n<td><u><b>Ingr\u00e9dient<\/b><\/u><\/td>\n<td><u><b>Quantit\u00e9<\/b><\/u><\/td>\n<td><u><b>RI *<\/b><\/u><\/td>\n<\/tr>\n<tr>\n<td><b>Min\u00e9raux<\/b><\/td>\n<td><\/td>\n<td><\/td>\n<\/tr>\n<tr>\n<td>Sodium<\/td>\n<td>183 mg<\/td>\n<td>9,2%<\/td>\n<\/tr>\n<tr>\n<td>Magn\u00e9sium<\/td>\n<td>204 mg<\/td>\n<td>54,4%<\/td>\n<\/tr>\n<tr>\n<td>Calcium<\/td>\n<td>3 mg<\/td>\n<td>0,4%<\/td>\n<\/tr>\n<tr>\n<td>Potassium<\/td>\n<td>63 mg<\/td>\n<td>3,2%<\/td>\n<\/tr>\n<tr>\n<td>Phosphore<\/td>\n<td>3 mg<\/td>\n<td>0,4%<\/td>\n<\/tr>\n<tr>\n<td>Iode<\/td>\n<td>120 mcg<\/td>\n<td>80%<\/td>\n<\/tr>\n<tr>\n<td>Mangan\u00e8se<\/td>\n<td>0,01 mg<\/td>\n<td>0,6%<\/td>\n<\/tr>\n<tr>\n<td>Le fer<\/td>\n<td>0,1 mg<\/td>\n<td>0,7%<\/td>\n<\/tr>\n<tr>\n<td>Zinc<\/td>\n<td>0,03 mg<\/td>\n<td>0,3%<\/td>\n<\/tr>\n<tr>\n<td>S\u00e9l\u00e9nium<\/td>\n<td>0,6 mcg<\/td>\n<td>1,1%<\/td>\n<\/tr>\n<tr>\n<td>Cuivre<\/td>\n<td>0,01 mg<\/td>\n<td>0,5%<\/td>\n<\/tr>\n<\/tbody>\n<\/table>\n<p>*) Apports de r\u00e9f\u00e9rence.<br \/>\n&nbsp;<\/p>\n<h3>R\u00e9sultats \u00e0 atteindre :<\/h3>\n<ul>\n<li>Am\u00e9lioration de l'hydratation et de la r\u00e9cup\u00e9ration apr\u00e8s un effort physique. (1)<\/li>\n<li>R\u00e9duction du risque de crampes musculaires et de fatigue. (2,6)<\/li>\n<li>Meilleur niveau d'\u00e9nergie tout au long de la journ\u00e9e. (2)<\/li>\n<li>Favorise la fonction thyro\u00efdienne et le m\u00e9tabolisme. (3)<\/li>\n<li>Renforcer le syst\u00e8me immunitaire pour une meilleure r\u00e9sistance. (4, 5)<\/li>\n<\/ul>\n<p>&nbsp;<br \/>\nR\u00e9f\u00e9rence de la source concernant les r\u00e9sultats mentionn\u00e9s<\/p>\n<p><i>1.  \u00c9tude : \u00e9quilibre du sodium et du potassium en relation avec l'hydratation pendant l'exercice physique.<\/i><br \/>\n<u>Source :<\/u> Sawka, M. N. et Montain, S. J. (2000). Regulation of Body Fluids by Sodium and Potassium during Exercise. Journal of Nutrition. PMID : 10801945<\/p>\n<p><i>2.  \u00c9tude : le r\u00f4le du magn\u00e9sium dans la performance de l'exercice et la fonction musculaire.<\/i><br \/>\n<u>Source :<\/u> Volpe, S. L. (2015). Le magn\u00e9sium dans la pr\u00e9vention des maladies et la sant\u00e9 globale. Advances in Nutrition. PMID : 26178026<\/p>\n<p><i>3. \u00c9tude : le r\u00f4le de l'iode dans la fonction thyro\u00efdienne et la sant\u00e9.<\/i><br \/>\n<u>Source :<\/u> Zimmermann, M. B. (2011). Iodine Deficiency. Endocrine Reviews. PMID : 21493812<\/p>\n<p><i>4. \u00c9tude : L'impact du s\u00e9l\u00e9nium et du zinc sur la fonction immunitaire.<\/i><br \/>\n<u>Source :<\/u> Shankar, A. H. et Prasad, A. S. (1998). Zinc and Immune Function : The Biological Basis of Altered Resistance to Infection. American Journal of Clinical Nutrition. PMID : 9701160<\/p>\n<p><i>5. \u00c9tude : le r\u00f4le du s\u00e9l\u00e9nium dans la fonction immunitaire et l'inflammation.<\/i><br \/>\n<u>Source :<\/u> Hoffmann, P. R. et Berry, M. J. (2008). L'influence du s\u00e9l\u00e9nium sur les r\u00e9ponses immunitaires. Molecular Nutrition &amp; Food Research. PMID : 18496815<\/p>\n<p><i>6. \u00c9tude : le calcium et le magn\u00e9sium dans la fonction musculaire et la pr\u00e9vention des crampes.<\/i><br \/>\n<u>Source :<\/u> Brilla, L. R. et Haley, T. F. (1992). Magnesium and Calcium Dietary Supplementation Reduces Symptoms of Muscle Cramping. American Journal of Sports Medicine. PMID : 15659026<br \/>\n&nbsp;<\/p>\n<h2>Questions fr\u00e9quemment pos\u00e9es sur les \u00e9lectrolytes de Natural Care Company<\/h2>\n<p><b>Pendant combien de temps puis-je utiliser Electrolyen ?<\/b><br \/>\nVous pouvez utiliser ce compl\u00e9ment pendant une longue p\u00e9riode.<\/p>\n<p><b>Comment dois-je conserver l'Electrolyen ?<\/b><br \/>\nConserver \u00e0 temp\u00e9rature ambiante et dans un endroit sec. Tenir hors de port\u00e9e des jeunes enfants.<\/p>\n<p><b>Quelle est la meilleure fa\u00e7on de prendre l'Electrolyen ?<\/b><br \/>\nIl est pr\u00e9f\u00e9rable de prendre ce compl\u00e9ment avec de l'eau.<\/p>\n<p><b>L'Electrolyen est-il d'origine v\u00e9g\u00e9tale ?<\/b><br \/>\nOui, et c'est pourquoi ce produit convient aussi bien aux v\u00e9g\u00e9taliens qu'aux v\u00e9g\u00e9tariens.<\/p>\n<p><b>Puis-je utiliser Electrolyen pendant la grossesse ou l'allaitement ?<\/b><br \/>\nOui, vous pouvez l'utiliser pendant votre grossesse ou si vous allaitez.<\/p>\n<p><b>Puis-je utiliser Electrolyen roll en m\u00eame temps que vos autres compl\u00e9ments ?<\/b><br \/>\nC'est possible, l'effet positif sera m\u00eame renforc\u00e9 dans certains cas.<\/p>\n<p><b>Quels sont les allerg\u00e8nes contenus dans l'Electrolyen ?<\/b><br \/>\nCe compl\u00e9ment ne contient pas d'allerg\u00e8nes connus.<\/p>\n<p><b>Quand est-il pr\u00e9f\u00e9rable de ne pas utiliser l'Electrolyen ?<\/b><br \/>\nSi vous \u00eates sous le traitement d'un m\u00e9decin, nous vous conseillons toujours de le consulter avant de prendre des compl\u00e9ments. Les compl\u00e9ments ne remplacent jamais un r\u00e9gime alimentaire vari\u00e9 et un mode de vie sain est important.<\/p>","protected":false},"excerpt":{"rendered":"<p>Natural Care Company Electrolytes (100 ml) est un m\u00e9lange de min\u00e9raux essentiels extraits d'un concentr\u00e9 d'eau de mer et destin\u00e9, entre autres, aux personnes ayant un mode de vie actif.<\/p>","protected":false},"featured_media":51083,"comment_status":"open","ping_status":"closed","template":"","meta":[],"product_brand":[],"product_cat":[2870,3460,2938],"product_tag":[3923,3589,3590,3592,3924,3591],"merk":[3920],"class_list":{"0":"post-51081","1":"product","2":"type-product","3":"status-publish","4":"has-post-thumbnail","6":"product_cat-vitalisers-en-energetische-platen","7":"product_cat-mayu-swirl","8":"product_cat-vitamines-mineralen-en-supplementen","9":"product_tag-electrolyten-natural-care-company","10":"product_tag-electrolytes","11":"product_tag-mineraal","12":"product_tag-mineraal-supplement","13":"product_tag-natural-care-company","14":"product_tag-supplement","15":"merk-natural-care-company","17":"first","18":"instock","19":"taxable","20":"shipping-taxable","21":"purchasable","22":"product-type-simple"},"bundled_by":[],"bundle_stock_status":"instock","bundle_stock_quantity":2,"bundle_virtual":false,"bundle_layout":"","bundle_add_to_cart_form_location":"","bundle_editable_in_cart":false,"bundle_sold_individually_context":"","bundle_item_grouping":"","bundle_min_size":"","bundle_max_size":"","bundle_price":[],"bundled_items":[],"bundle_sell_ids":[44176,34335,34343,34349],"yoast_head":"<!-- This site is optimized with the Yoast SEO plugin v26.1 - https:\/\/yoast.com\/wordpress\/plugins\/seo\/ -->\n<title>Natural Care Company Electrolyten - mineraal supplement - 100 ml - Alternatievemiddelen.nl<\/title>\n<meta name=\"description\" content=\"Natural Care Company Electrolyten is een mix van essenti\u00eble mineralen, gewonnen uit zeewater concentraat en voor o.a. mensen met een actieve leefstijl.\" \/>\n<meta name=\"robots\" content=\"index, follow, max-snippet:-1, max-image-preview:large, max-video-preview:-1\" \/>\n<link rel=\"canonical\" href=\"https:\/\/www.alternatievemiddelen.nl\/fr\/wp-json\/wp\/v2\/product\/51081\" \/>\n<meta property=\"og:locale\" content=\"fr_FR\" \/>\n<meta property=\"og:type\" content=\"article\" \/>\n<meta property=\"og:title\" content=\"Natural Care Company Electrolyten - mineraal supplement - 100 ml - Alternatievemiddelen.nl\" \/>\n<meta property=\"og:description\" content=\"Natural Care Company Electrolyten is een mix van essenti\u00eble mineralen, gewonnen uit zeewater concentraat en voor o.a. mensen met een actieve leefstijl.\" \/>\n<meta property=\"og:url\" content=\"https:\/\/www.alternatievemiddelen.nl\/fr\/produits\/natural-care-company-electrolytes-100-ml\/\" \/>\n<meta property=\"og:site_name\" content=\"Alternatievemiddelen.nl\" \/>\n<meta property=\"article:modified_time\" content=\"2026-04-12T10:12:42+00:00\" \/>\n<meta property=\"og:image\" content=\"\/wp-content\/uploads\/2026\/02\/Electrolyten-Natural-Care-Company.jpg\" \/>\n\t<meta property=\"og:image:width\" content=\"900\" \/>\n\t<meta property=\"og:image:height\" content=\"1200\" \/>\n\t<meta property=\"og:image:type\" content=\"image\/jpeg\" \/>\n<meta name=\"twitter:card\" content=\"summary_large_image\" \/>\n<meta name=\"twitter:label1\" content=\"Dur\u00e9e de lecture estim\u00e9e\" \/>\n\t<meta name=\"twitter:data1\" content=\"5 minutes\" \/>\n<script type=\"application\/ld+json\" class=\"yoast-schema-graph\">{\"@context\":\"https:\/\/schema.org\",\"@graph\":[{\"@type\":[\"WebPage\",\"ItemPage\"],\"@id\":\"https:\/\/www.alternatievemiddelen.nl\/producten\/natural-care-company-electrolyten-100-ml\/\",\"url\":\"https:\/\/www.alternatievemiddelen.nl\/producten\/natural-care-company-electrolyten-100-ml\/\",\"name\":\"Natural Care Company Electrolyten - mineraal supplement - 100 ml - Alternatievemiddelen.nl\",\"isPartOf\":{\"@id\":\"https:\/\/www.alternatievemiddelen.nl\/#website\"},\"primaryImageOfPage\":{\"@id\":\"https:\/\/www.alternatievemiddelen.nl\/producten\/natural-care-company-electrolyten-100-ml\/#primaryimage\"},\"image\":{\"@id\":\"https:\/\/www.alternatievemiddelen.nl\/producten\/natural-care-company-electrolyten-100-ml\/#primaryimage\"},\"thumbnailUrl\":\"https:\/\/www.alternatievemiddelen.nl\/wp-content\/uploads\/2026\/02\/Electrolyten-Natural-Care-Company.jpg\",\"datePublished\":\"2026-02-26T10:18:55+00:00\",\"dateModified\":\"2026-04-12T10:12:42+00:00\",\"description\":\"Natural Care Company Electrolyten is een mix van essenti\u00eble mineralen, gewonnen uit zeewater concentraat en voor o.a. mensen met een actieve leefstijl.\",\"breadcrumb\":{\"@id\":\"https:\/\/www.alternatievemiddelen.nl\/producten\/natural-care-company-electrolyten-100-ml\/#breadcrumb\"},\"inLanguage\":\"fr-FR\",\"potentialAction\":[{\"@type\":\"ReadAction\",\"target\":[\"https:\/\/www.alternatievemiddelen.nl\/producten\/natural-care-company-electrolyten-100-ml\/\"]}]},{\"@type\":\"ImageObject\",\"inLanguage\":\"fr-FR\",\"@id\":\"https:\/\/www.alternatievemiddelen.nl\/producten\/natural-care-company-electrolyten-100-ml\/#primaryimage\",\"url\":\"https:\/\/www.alternatievemiddelen.nl\/wp-content\/uploads\/2026\/02\/Electrolyten-Natural-Care-Company.jpg\",\"contentUrl\":\"https:\/\/www.alternatievemiddelen.nl\/wp-content\/uploads\/2026\/02\/Electrolyten-Natural-Care-Company.jpg\",\"width\":900,\"height\":1200,\"caption\":\"Electrolyten Natural Care Company\"},{\"@type\":\"BreadcrumbList\",\"@id\":\"https:\/\/www.alternatievemiddelen.nl\/producten\/natural-care-company-electrolyten-100-ml\/#breadcrumb\",\"itemListElement\":[{\"@type\":\"ListItem\",\"position\":1,\"name\":\"Home\",\"item\":\"https:\/\/www.alternatievemiddelen.nl\/\"},{\"@type\":\"ListItem\",\"position\":2,\"name\":\"Producten\",\"item\":\"https:\/\/www.alternatievemiddelen.nl\/producten\/\"},{\"@type\":\"ListItem\",\"position\":3,\"name\":\"Natural Care Company Electrolyten &#8211; mineraal supplement &#8211; 100 ml\"}]},{\"@type\":\"WebSite\",\"@id\":\"https:\/\/www.alternatievemiddelen.nl\/#website\",\"url\":\"https:\/\/www.alternatievemiddelen.nl\/\",\"name\":\"Alternatievemiddelen.nl\",\"description\":\"Webshop met gezonde, duurzame en ecologische alternatieve mogelijkheden in de hedendaagse levenstijl. Alles uit eigen ervaring.\",\"publisher\":{\"@id\":\"https:\/\/www.alternatievemiddelen.nl\/#organization\"},\"potentialAction\":[{\"@type\":\"SearchAction\",\"target\":{\"@type\":\"EntryPoint\",\"urlTemplate\":\"https:\/\/www.alternatievemiddelen.nl\/?s={search_term_string}\"},\"query-input\":{\"@type\":\"PropertyValueSpecification\",\"valueRequired\":true,\"valueName\":\"search_term_string\"}}],\"inLanguage\":\"fr-FR\"},{\"@type\":\"Organization\",\"@id\":\"https:\/\/www.alternatievemiddelen.nl\/#organization\",\"name\":\"Alternatievemiddelen.nl\",\"url\":\"https:\/\/www.alternatievemiddelen.nl\/\",\"logo\":{\"@type\":\"ImageObject\",\"inLanguage\":\"fr-FR\",\"@id\":\"https:\/\/www.alternatievemiddelen.nl\/#\/schema\/logo\/image\/\",\"url\":\"https:\/\/www.alternatievemiddelen.nl\/wp-content\/uploads\/2023\/10\/alternatievemiddelen-PNG-logo.png\",\"contentUrl\":\"https:\/\/www.alternatievemiddelen.nl\/wp-content\/uploads\/2023\/10\/alternatievemiddelen-PNG-logo.png\",\"width\":6400,\"height\":3062,\"caption\":\"Alternatievemiddelen.nl\"},\"image\":{\"@id\":\"https:\/\/www.alternatievemiddelen.nl\/#\/schema\/logo\/image\/\"}}]}<\/script>\n<!-- \/ Yoast SEO plugin. -->","yoast_head_json":{"title":"Natural Care Company Electrolyten - mineraal supplement - 100 ml - Alternatievemiddelen.nl","description":"Natural Care Company Electrolyten is een mix van essenti\u00eble mineralen, gewonnen uit zeewater concentraat en voor o.a. mensen met een actieve leefstijl.","robots":{"index":"index","follow":"follow","max-snippet":"max-snippet:-1","max-image-preview":"max-image-preview:large","max-video-preview":"max-video-preview:-1"},"canonical":"https:\/\/www.alternatievemiddelen.nl\/fr\/wp-json\/wp\/v2\/product\/51081","og_locale":"fr_FR","og_type":"article","og_title":"Natural Care Company Electrolyten - mineraal supplement - 100 ml - Alternatievemiddelen.nl","og_description":"Natural Care Company Electrolyten is een mix van essenti\u00eble mineralen, gewonnen uit zeewater concentraat en voor o.a. mensen met een actieve leefstijl.","og_url":"https:\/\/www.alternatievemiddelen.nl\/fr\/produits\/natural-care-company-electrolytes-100-ml\/","og_site_name":"Alternatievemiddelen.nl","article_modified_time":"2026-04-12T10:12:42+00:00","og_image":[{"width":900,"height":1200,"url":"\/wp-content\/uploads\/2026\/02\/Electrolyten-Natural-Care-Company.jpg","type":"image\/jpeg"}],"twitter_card":"summary_large_image","twitter_misc":{"Dur\u00e9e de lecture estim\u00e9e":"5 minutes"},"schema":{"@context":"https:\/\/schema.org","@graph":[{"@type":["WebPage","ItemPage"],"@id":"https:\/\/www.alternatievemiddelen.nl\/producten\/natural-care-company-electrolyten-100-ml\/","url":"https:\/\/www.alternatievemiddelen.nl\/producten\/natural-care-company-electrolyten-100-ml\/","name":"Natural Care Company Electrolyten - mineraal supplement - 100 ml - Alternatievemiddelen.nl","isPartOf":{"@id":"https:\/\/www.alternatievemiddelen.nl\/#website"},"primaryImageOfPage":{"@id":"https:\/\/www.alternatievemiddelen.nl\/producten\/natural-care-company-electrolyten-100-ml\/#primaryimage"},"image":{"@id":"https:\/\/www.alternatievemiddelen.nl\/producten\/natural-care-company-electrolyten-100-ml\/#primaryimage"},"thumbnailUrl":"https:\/\/www.alternatievemiddelen.nl\/wp-content\/uploads\/2026\/02\/Electrolyten-Natural-Care-Company.jpg","datePublished":"2026-02-26T10:18:55+00:00","dateModified":"2026-04-12T10:12:42+00:00","description":"Natural Care Company Electrolyten is een mix van essenti\u00eble mineralen, gewonnen uit zeewater concentraat en voor o.a. mensen met een actieve leefstijl.","breadcrumb":{"@id":"https:\/\/www.alternatievemiddelen.nl\/producten\/natural-care-company-electrolyten-100-ml\/#breadcrumb"},"inLanguage":"fr-FR","potentialAction":[{"@type":"ReadAction","target":["https:\/\/www.alternatievemiddelen.nl\/producten\/natural-care-company-electrolyten-100-ml\/"]}]},{"@type":"ImageObject","inLanguage":"fr-FR","@id":"https:\/\/www.alternatievemiddelen.nl\/producten\/natural-care-company-electrolyten-100-ml\/#primaryimage","url":"https:\/\/www.alternatievemiddelen.nl\/wp-content\/uploads\/2026\/02\/Electrolyten-Natural-Care-Company.jpg","contentUrl":"https:\/\/www.alternatievemiddelen.nl\/wp-content\/uploads\/2026\/02\/Electrolyten-Natural-Care-Company.jpg","width":900,"height":1200,"caption":"Electrolyten Natural Care Company"},{"@type":"BreadcrumbList","@id":"https:\/\/www.alternatievemiddelen.nl\/producten\/natural-care-company-electrolyten-100-ml\/#breadcrumb","itemListElement":[{"@type":"ListItem","position":1,"name":"Home","item":"https:\/\/www.alternatievemiddelen.nl\/"},{"@type":"ListItem","position":2,"name":"Producten","item":"https:\/\/www.alternatievemiddelen.nl\/producten\/"},{"@type":"ListItem","position":3,"name":"Natural Care Company Electrolyten &#8211; mineraal supplement &#8211; 100 ml"}]},{"@type":"WebSite","@id":"https:\/\/www.alternatievemiddelen.nl\/#website","url":"https:\/\/www.alternatievemiddelen.nl\/","name":"Alternatievemiddelen.nl","description":"Webshop met gezonde, duurzame en ecologische alternatieve mogelijkheden in de hedendaagse levenstijl. Alles uit eigen ervaring.","publisher":{"@id":"https:\/\/www.alternatievemiddelen.nl\/#organization"},"potentialAction":[{"@type":"SearchAction","target":{"@type":"EntryPoint","urlTemplate":"https:\/\/www.alternatievemiddelen.nl\/?s={search_term_string}"},"query-input":{"@type":"PropertyValueSpecification","valueRequired":true,"valueName":"search_term_string"}}],"inLanguage":"fr-FR"},{"@type":"Organization","@id":"https:\/\/www.alternatievemiddelen.nl\/#organization","name":"Alternatievemiddelen.nl","url":"https:\/\/www.alternatievemiddelen.nl\/","logo":{"@type":"ImageObject","inLanguage":"fr-FR","@id":"https:\/\/www.alternatievemiddelen.nl\/#\/schema\/logo\/image\/","url":"https:\/\/www.alternatievemiddelen.nl\/wp-content\/uploads\/2023\/10\/alternatievemiddelen-PNG-logo.png","contentUrl":"https:\/\/www.alternatievemiddelen.nl\/wp-content\/uploads\/2023\/10\/alternatievemiddelen-PNG-logo.png","width":6400,"height":3062,"caption":"Alternatievemiddelen.nl"},"image":{"@id":"https:\/\/www.alternatievemiddelen.nl\/#\/schema\/logo\/image\/"}}]}},"_links":{"self":[{"href":"https:\/\/www.alternatievemiddelen.nl\/fr\/wp-json\/wp\/v2\/product\/51081","targetHints":{"allow":["GET"]}}],"collection":[{"href":"https:\/\/www.alternatievemiddelen.nl\/fr\/wp-json\/wp\/v2\/product"}],"about":[{"href":"https:\/\/www.alternatievemiddelen.nl\/fr\/wp-json\/wp\/v2\/types\/product"}],"replies":[{"embeddable":true,"href":"https:\/\/www.alternatievemiddelen.nl\/fr\/wp-json\/wp\/v2\/comments?post=51081"}],"wp:featuredmedia":[{"embeddable":true,"href":"https:\/\/www.alternatievemiddelen.nl\/fr\/wp-json\/wp\/v2\/media\/51083"}],"wp:attachment":[{"href":"https:\/\/www.alternatievemiddelen.nl\/fr\/wp-json\/wp\/v2\/media?parent=51081"}],"wp:term":[{"taxonomy":"product_brand","embeddable":true,"href":"https:\/\/www.alternatievemiddelen.nl\/fr\/wp-json\/wp\/v2\/product_brand?post=51081"},{"taxonomy":"product_cat","embeddable":true,"href":"https:\/\/www.alternatievemiddelen.nl\/fr\/wp-json\/wp\/v2\/product_cat?post=51081"},{"taxonomy":"product_tag","embeddable":true,"href":"https:\/\/www.alternatievemiddelen.nl\/fr\/wp-json\/wp\/v2\/product_tag?post=51081"},{"taxonomy":"merk","embeddable":true,"href":"https:\/\/www.alternatievemiddelen.nl\/fr\/wp-json\/wp\/v2\/merk?post=51081"}],"curies":[{"name":"wp","href":"https:\/\/api.w.org\/{rel}","templated":true}]}}