{"id":51118,"date":"2026-03-03T14:47:24","date_gmt":"2026-03-03T13:47:24","guid":{"rendered":"https:\/\/www.alternatievemiddelen.nl\/?post_type=product&#038;p=51118"},"modified":"2026-03-05T06:11:01","modified_gmt":"2026-03-05T05:11:01","slug":"natural-care-company-magnesium-bisglycinaat-poeder-lemon-250gr","status":"publish","type":"product","link":"https:\/\/www.alternatievemiddelen.nl\/fr\/produits\/natural-care-company-magnesium-bisglycinate-powder-lemon-250gr\/","title":{"rendered":"Natural Care Company Bisglycinate de magn\u00e9sium en poudre (citron) 250g"},"content":{"rendered":"<p>Le magn\u00e9sium est vraiment un produit polyvalent ! Cette variante en poudre du Bisglycinate de Magn\u00e9sium de Natural Care Company est un tr\u00e8s bon produit combin\u00e9, qui contient \u00e9galement de la taurine, de la vitamine B6 et de la L-Glycine. Il convient aussi bien aux adultes qu'aux enfants, car il se pr\u00e9sente sous forme de poudre.<\/p>\n<p>Le magn\u00e9sium est un min\u00e9ral important pour le corps humain. Il joue un r\u00f4le dans plus de 300 syst\u00e8mes enzymatiques qui r\u00e9gulent diverses r\u00e9actions biochimiques dans l'organisme.<br \/>\nAvec les synergistes Taurine et L-Glycine<br \/>\n\u2714 Meilleure absorption gr\u00e2ce au pyridoxal-5-phosphate (forme active de la vitamine B6)<br \/>\n\u2714 Tr\u00e8s bien adapt\u00e9 aux adultes et aux enfants (facile \u00e0 doser)<br \/>\n\u2714 Compos\u00e9 le plus absorbable et formule active, biodisponibilit\u00e9 \u00e9lev\u00e9e<br \/>\n&nbsp;<\/p>\n<h3>Magn\u00e9sium<\/h3>\n<p>Tout d'abord, un mot sur les enfants. Doivent-ils \u00e9galement prendre des suppl\u00e9ments de magn\u00e9sium ? Les enfants qui font beaucoup de sport ont int\u00e9r\u00eat \u00e0 prendre du magn\u00e9sium pour leur r\u00e9cup\u00e9ration. Le magn\u00e9sium peut \u00e9galement aider en cas de fatigue non li\u00e9e au sport ou lors de la r\u00e9cup\u00e9ration d'une maladie ou d'un traumatisme.<\/p>\n<p>Le magn\u00e9sium est un min\u00e9ral naturel et le grand r\u00e9gulateur de notre corps. Notre corps consomme constamment du magn\u00e9sium et ne le stocke pas. Il utilise ce dont il a besoin et l'exc\u00e9dent dispara\u00eet de l'organisme par les reins ou la transpiration. Cela signifie \u00e9galement qu'il est difficile pour nous d'en avoir trop, mais que nous pouvons avoir des sympt\u00f4mes dus \u00e0 des carences.<\/p>\n<p>Le magn\u00e9sium a un effet positif sur le fonctionnement du syst\u00e8me nerveux et contribue au m\u00e9tabolisme \u00e9nerg\u00e9tique. Il contribue \u00e9galement \u00e0 la r\u00e9duction de la fatigue. En outre, il contribue aux fonctions c\u00e9r\u00e9brales et nerveuses impliqu\u00e9es dans la concentration, la capacit\u00e9 d'apprentissage, la m\u00e9moire et la capacit\u00e9 de raisonnement. Le magn\u00e9sium est b\u00e9n\u00e9fique pour un bon \u00e9quilibre mental.<br \/>\n&nbsp;<\/p>\n<h3>Bisglycinate de magn\u00e9sium<\/h3>\n<p>La particularit\u00e9 de ce produit est qu'il contient du magn\u00e9sium sous forme de bisglycinate de magn\u00e9sium. Chaque particule de magn\u00e9sium est li\u00e9e (ch\u00e9lat\u00e9e) \u00e0 deux mol\u00e9cules de l'acide amin\u00e9 glycine, ce qui garantit une excellente absorbabilit\u00e9. Le magn\u00e9sium ch\u00e9lat\u00e9 par un acide amin\u00e9 pr\u00e9sente une biodisponibilit\u00e9 plus \u00e9lev\u00e9e que d'autres formes de magn\u00e9sium telles que l'oxyde de magn\u00e9sium (qui n'est absorb\u00e9 que par 4%). En effet, la liaison entre le magn\u00e9sium et l'acide amin\u00e9 est si forte dans un ch\u00e9late qu'il ne se divise pas sous l'influence de l'acide gastrique, contrairement \u00e0 d'autres compos\u00e9s de magn\u00e9sium. L'avantage est que le bisglycinate de magn\u00e9sium atteint l'intestin gr\u00eale en tant qu'acide amin\u00e9 et y est absorb\u00e9 par les r\u00e9cepteurs d'acides amin\u00e9s.<br \/>\n&nbsp;<\/p>\n<h3>Taurine et vitamine B6<\/h3>\n<p>De la taurine (un acide amin\u00e9) et de la vitamine B6 (pyridoxal-5-phosphate) ont \u00e9t\u00e9 ajout\u00e9es \u00e0 la poudre. Ces substances ont un effet synergique sur le magn\u00e9sium. Elles favorisent l'absorption de ce min\u00e9ral dans les cellules et soutiennent ainsi l'efficacit\u00e9 du magn\u00e9sium. La vitamine B6 a \u00e9galement un effet positif sur le syst\u00e8me nerveux.<br \/>\n&nbsp;<\/p>\n<h3>Glycine<\/h3>\n<p>Le bisglycinate de magn\u00e9sium est un compos\u00e9 entre le magn\u00e9sium et la glycine. La glycine est un acide amin\u00e9 et les acides amin\u00e9s sont tr\u00e8s bien absorb\u00e9s par des vaisseaux de transport sp\u00e9cifiques dans les intestins. Gr\u00e2ce \u00e0 la liaison entre le magn\u00e9sium et un acide amin\u00e9, le magn\u00e9sium est transport\u00e9 dans l'organisme avec la glycine. D'o\u00f9 l'absorption \u00e9lev\u00e9e et donc l'efficacit\u00e9.<br \/>\n&nbsp;<\/p>\n<h3>Application de la poudre de bisglycinate de magn\u00e9sium de Natural Care Company (citron) :<\/h3>\n<p><u>Adultes :<\/u> 1 \u00e0 2 mesures de 2,5 grammes par jour.<br \/>\n<u>Les enfants :<\/u> 1 mesure de 2,5 grammes par jour.<br \/>\nAjoutez une cuill\u00e8re \u00e0 50 ml de boisson froide ou chaude, selon votre pr\u00e9f\u00e9rence. De nombreuses personnes aiment le go\u00fbt de citron. Si ce n'est pas votre cas... laissez reposer quelques minutes, l'ar\u00f4me dispara\u00eetra de lui-m\u00eame.<br \/>\n&nbsp;<br \/>\n<b><u>Ingr\u00e9dients :<\/u><\/b> Min\u00e9raux, acide citrique (r\u00e9gulateur d'acidit\u00e9), taurine, L-glycine, ar\u00f4me de citron (ar\u00f4me naturel), vitamines, dioxyde de silicium (anti-agglom\u00e9rant).<br \/>\n&nbsp;<br \/>\n<b><u>Informations sur les allerg\u00e8nes :<\/u><\/b> Ce produit ne contient pas d'allerg\u00e8nes connus.<br \/>\n&nbsp;<br \/>\n<u><b>Composition par dose journali\u00e8re (2,5 g)<\/b><\/u><\/p>\n<table>\n<tbody>\n<tr>\n<td><u><b>Ingr\u00e9dient<\/b><\/u><\/td>\n<td><u><b>Quantit\u00e9<\/b><\/u><\/td>\n<td><u><b>RI *<\/b><\/u><\/td>\n<td><u><b>Connexion<\/b><\/u><\/td>\n<\/tr>\n<tr>\n<td><b>Vitamines<\/b><\/td>\n<td><\/td>\n<td><\/td>\n<td><\/td>\n<\/tr>\n<tr>\n<td>Vitamine B6<\/td>\n<td>1,2 mg<\/td>\n<td>85,7%<\/td>\n<td>Pyridoxal 5 phosphate<\/td>\n<\/tr>\n<tr>\n<td><b>Min\u00e9raux<\/b><\/td>\n<td><\/td>\n<td><\/td>\n<td><\/td>\n<\/tr>\n<tr>\n<td>Magn\u00e9sium<\/td>\n<td>125 mg<\/td>\n<td>33,3%<\/td>\n<td>Bisglycinate<\/td>\n<\/tr>\n<tr>\n<td><b>Acides amin\u00e9s<\/b><\/td>\n<td><\/td>\n<td><\/td>\n<td><\/td>\n<\/tr>\n<tr>\n<td>L-glycine<\/td>\n<td>70 mg<\/td>\n<td><\/td>\n<td><\/td>\n<\/tr>\n<tr>\n<td><b>Autres<\/b><\/td>\n<td><\/td>\n<td><\/td>\n<td><\/td>\n<\/tr>\n<tr>\n<td>Taurine<\/td>\n<td>239 mg<\/td>\n<td><\/td>\n<td><\/td>\n<\/tr>\n<\/tbody>\n<\/table>\n<p>*) Apports de r\u00e9f\u00e9rence.<br \/>\n&nbsp;<br \/>\n&nbsp;<\/p>\n<h2>Questions fr\u00e9quemment pos\u00e9es sur Natural Care Company Bisglycinate de magn\u00e9sium en poudre (citron)<\/h2>\n<p><b>Quand et \u00e0 quelle fr\u00e9quence est-il pr\u00e9f\u00e9rable de prendre le Bisglycinate de magn\u00e9sium en poudre (citron) ?<\/b><br \/>\n1 mesure avant le coucher. Les adultes peuvent prendre une mesure suppl\u00e9mentaire le matin. Mettez cette mesure dans 50 ml de boisson froide ou chaude, selon votre pr\u00e9f\u00e9rence. Beaucoup de gens aiment le go\u00fbt du citron. Si ce n'est pas votre cas, laissez reposer quelques minutes, l'ar\u00f4me dispara\u00eetra de lui-m\u00eame.<\/p>\n<p><b>Pendant combien de temps puis-je utiliser la poudre de bisglycinate de magn\u00e9sium (citron) ?<\/b><br \/>\nVous pouvez utiliser le Bisglycinate de Magn\u00e9sium en poudre (citron) de fa\u00e7on permanente. Il s'agit d'un produit de base que nous recommandons \u00e0 tout le monde au quotidien !<\/p>\n<p><b>Il y a un morceau de magn\u00e9sium dans le pot, est-ce que \u00e7a va ?<\/b><br \/>\nOui, ce n'est pas grave ! Cela peut malheureusement arriver... C'est parce que le magn\u00e9sium est tr\u00e8s sensible \u00e0 l'humidit\u00e9. Cela n'affecte pas sa qualit\u00e9 ou sa fonction. Il suffit de le secouer ou de le taper \ud83d\ude42 .<\/p>\n<p><b>Puis-je utiliser le Bisglycinate de Magn\u00e9sium en poudre (citron) en tant qu'adulte ? M\u00eame si je suis enceinte ou si j'allaite ?<\/b><br \/>\nOui, la poudre de bisglycinate de magn\u00e9sium (citron) peut \u00eatre utilis\u00e9e en toute s\u00e9curit\u00e9 par les adultes. Elle est recommand\u00e9e si vous avez des difficult\u00e9s \u00e0 avaler les g\u00e9lules et les comprim\u00e9s. Dans ce cas, prenez une dose quotidienne de 2 mesures ; 1 le matin au petit d\u00e9jeuner, et 1 juste avant le coucher. Vous pouvez \u00e9galement prendre ce compl\u00e9ment \u00e0 l'\u00e2ge adulte si vous \u00eates enceinte ou si vous allaitez.<\/p>\n<p><b>Comment dois-je conserver la poudre de bisglycinate de magn\u00e9sium (citron) ?<\/b><br \/>\nConserver la poudre de bisglycinate de magn\u00e9sium (citron) \u00e0 temp\u00e9rature ambiante et dans un endroit sec. Tenir hors de port\u00e9e des enfants !<\/p>\n<p><b>Quelle est la meilleure fa\u00e7on de prendre la poudre de bisglycinate de magn\u00e9sium (citron) ?<\/b><br \/>\nPrendre le produit avec 50 ml de boisson chaude ou froide.<\/p>\n<p><b>La poudre de bisglycinate de magn\u00e9sium (citron) est-elle d'origine v\u00e9g\u00e9tale ?<\/b><br \/>\nOui ! Ce produit convient donc aussi bien aux v\u00e9g\u00e9tariens qu'aux v\u00e9g\u00e9taliens.<\/p>\n<p><b>Puis-je utiliser la poudre de bisglycinate de magn\u00e9sium (citron) pendant la grossesse ou l'allaitement ?<\/b><br \/>\nOui, la poudre de bisglycinate de magn\u00e9sium (citron) peut \u00eatre utilis\u00e9e en toute s\u00e9curit\u00e9 pendant la grossesse ou l'allaitement.<\/p>\n<p><b>Puis-je utiliser la poudre de bisglycinate de magn\u00e9sium (citron) en m\u00eame temps que vos autres compl\u00e9ments ?<\/b><br \/>\nC'est possible, l'effet positif sera m\u00eame renforc\u00e9 dans certains cas.<\/p>\n<p><b>Quels sont les allerg\u00e8nes contenus dans la poudre de bisglycinate de magn\u00e9sium (citron) ?<\/b><br \/>\nLa poudre de bisglycinate de magn\u00e9sium (citron) ne contient pas d'allerg\u00e8nes connus.<\/p>\n<p><b>Quand est-il pr\u00e9f\u00e9rable de ne pas utiliser la poudre de bisglycinate de magn\u00e9sium (citron) ?<\/b><br \/>\nSi vous \u00eates sous le traitement d'un m\u00e9decin, nous vous conseillons toujours de le consulter avant de prendre des compl\u00e9ments. En outre, les compl\u00e9ments ne remplacent jamais un r\u00e9gime alimentaire vari\u00e9 et un mode de vie sain est important.<\/p>","protected":false},"excerpt":{"rendered":"<p>Cette variante de poudre de Bisglycinate de Magn\u00e9sium de Natural Care Company est un tr\u00e8s bon produit combin\u00e9 qui contient \u00e9galement de la taurine, de la vitamine B6 et de la L-Glycine.<\/p>","protected":false},"featured_media":51119,"comment_status":"open","ping_status":"closed","template":"","meta":[],"product_brand":[],"product_cat":[2938],"product_tag":[3926,3613,3423,3927,3924,3925,3928,3591],"merk":[3920],"class_list":{"0":"post-51118","1":"product","2":"type-product","3":"status-publish","4":"has-post-thumbnail","6":"product_cat-vitamines-mineralen-en-supplementen","7":"product_tag-250-gram","8":"product_tag-lemon","9":"product_tag-magnesium","10":"product_tag-magnesium-bisglycinaat","11":"product_tag-natural-care-company","12":"product_tag-natural-care-company-magnesium-bisglycinaat-poeder-lemon-250-gram","13":"product_tag-poeder","14":"product_tag-supplement","15":"merk-natural-care-company","17":"first","18":"instock","19":"taxable","20":"shipping-taxable","21":"purchasable","22":"product-type-simple"},"bundled_by":[],"bundle_stock_status":"instock","bundle_stock_quantity":null,"bundle_virtual":false,"bundle_layout":"","bundle_add_to_cart_form_location":"","bundle_editable_in_cart":false,"bundle_sold_individually_context":"","bundle_item_grouping":"","bundle_min_size":"","bundle_max_size":"","bundle_price":[],"bundled_items":[],"bundle_sell_ids":[44176],"yoast_head":"<!-- This site is optimized with the Yoast SEO plugin v26.1 - https:\/\/yoast.com\/wordpress\/plugins\/seo\/ -->\n<title>Natural Care Company Magnesium Bisglycinaat poeder (lemon) 250 gram - Alternatievemiddelen.nl<\/title>\n<meta name=\"description\" content=\"Deze Natural Care Company Magnesium Bisglycinaat poedervariant is een heel mooi combinatie product, dat ook taurine, vitamine B6 en L-Glycine bevat.\" \/>\n<meta name=\"robots\" content=\"index, follow, max-snippet:-1, max-image-preview:large, max-video-preview:-1\" \/>\n<link rel=\"canonical\" href=\"https:\/\/www.alternatievemiddelen.nl\/fr\/wp-json\/wp\/v2\/product\/51118\" \/>\n<meta property=\"og:locale\" content=\"fr_FR\" \/>\n<meta property=\"og:type\" content=\"article\" \/>\n<meta property=\"og:title\" content=\"Natural Care Company Magnesium Bisglycinaat poeder (lemon) 250 gram - Alternatievemiddelen.nl\" \/>\n<meta property=\"og:description\" content=\"Deze Natural Care Company Magnesium Bisglycinaat poedervariant is een heel mooi combinatie product, dat ook taurine, vitamine B6 en L-Glycine bevat.\" \/>\n<meta property=\"og:url\" content=\"https:\/\/www.alternatievemiddelen.nl\/fr\/produits\/natural-care-company-magnesium-bisglycinate-powder-lemon-250gr\/\" \/>\n<meta property=\"og:site_name\" content=\"Alternatievemiddelen.nl\" \/>\n<meta property=\"article:modified_time\" content=\"2026-03-05T05:11:01+00:00\" \/>\n<meta property=\"og:image\" content=\"\/wp-content\/uploads\/2026\/03\/Natural-Care-Company-Magnesium-Bisglycinaat-poeder-lemon-250-gram.jpg\" \/>\n\t<meta property=\"og:image:width\" content=\"900\" \/>\n\t<meta property=\"og:image:height\" content=\"1200\" \/>\n\t<meta property=\"og:image:type\" content=\"image\/jpeg\" \/>\n<meta name=\"twitter:card\" content=\"summary_large_image\" \/>\n<meta name=\"twitter:label1\" content=\"Dur\u00e9e de lecture estim\u00e9e\" \/>\n\t<meta name=\"twitter:data1\" content=\"6 minutes\" \/>\n<script type=\"application\/ld+json\" class=\"yoast-schema-graph\">{\"@context\":\"https:\/\/schema.org\",\"@graph\":[{\"@type\":[\"WebPage\",\"ItemPage\"],\"@id\":\"https:\/\/www.alternatievemiddelen.nl\/producten\/natural-care-company-magnesium-bisglycinaat-poeder-lemon-250gr\/\",\"url\":\"https:\/\/www.alternatievemiddelen.nl\/producten\/natural-care-company-magnesium-bisglycinaat-poeder-lemon-250gr\/\",\"name\":\"Natural Care Company Magnesium Bisglycinaat poeder (lemon) 250 gram - Alternatievemiddelen.nl\",\"isPartOf\":{\"@id\":\"https:\/\/www.alternatievemiddelen.nl\/#website\"},\"primaryImageOfPage\":{\"@id\":\"https:\/\/www.alternatievemiddelen.nl\/producten\/natural-care-company-magnesium-bisglycinaat-poeder-lemon-250gr\/#primaryimage\"},\"image\":{\"@id\":\"https:\/\/www.alternatievemiddelen.nl\/producten\/natural-care-company-magnesium-bisglycinaat-poeder-lemon-250gr\/#primaryimage\"},\"thumbnailUrl\":\"https:\/\/www.alternatievemiddelen.nl\/wp-content\/uploads\/2026\/03\/Natural-Care-Company-Magnesium-Bisglycinaat-poeder-lemon-250-gram.jpg\",\"datePublished\":\"2026-03-03T13:47:24+00:00\",\"dateModified\":\"2026-03-05T05:11:01+00:00\",\"description\":\"Deze Natural Care Company Magnesium Bisglycinaat poedervariant is een heel mooi combinatie product, dat ook taurine, vitamine B6 en L-Glycine bevat.\",\"breadcrumb\":{\"@id\":\"https:\/\/www.alternatievemiddelen.nl\/producten\/natural-care-company-magnesium-bisglycinaat-poeder-lemon-250gr\/#breadcrumb\"},\"inLanguage\":\"fr-FR\",\"potentialAction\":[{\"@type\":\"ReadAction\",\"target\":[\"https:\/\/www.alternatievemiddelen.nl\/producten\/natural-care-company-magnesium-bisglycinaat-poeder-lemon-250gr\/\"]}]},{\"@type\":\"ImageObject\",\"inLanguage\":\"fr-FR\",\"@id\":\"https:\/\/www.alternatievemiddelen.nl\/producten\/natural-care-company-magnesium-bisglycinaat-poeder-lemon-250gr\/#primaryimage\",\"url\":\"https:\/\/www.alternatievemiddelen.nl\/wp-content\/uploads\/2026\/03\/Natural-Care-Company-Magnesium-Bisglycinaat-poeder-lemon-250-gram.jpg\",\"contentUrl\":\"https:\/\/www.alternatievemiddelen.nl\/wp-content\/uploads\/2026\/03\/Natural-Care-Company-Magnesium-Bisglycinaat-poeder-lemon-250-gram.jpg\",\"width\":900,\"height\":1200,\"caption\":\"Natural Care Company Magnesium Bisglycinaat poeder (lemon) 250 gram\"},{\"@type\":\"BreadcrumbList\",\"@id\":\"https:\/\/www.alternatievemiddelen.nl\/producten\/natural-care-company-magnesium-bisglycinaat-poeder-lemon-250gr\/#breadcrumb\",\"itemListElement\":[{\"@type\":\"ListItem\",\"position\":1,\"name\":\"Home\",\"item\":\"https:\/\/www.alternatievemiddelen.nl\/\"},{\"@type\":\"ListItem\",\"position\":2,\"name\":\"Producten\",\"item\":\"https:\/\/www.alternatievemiddelen.nl\/producten\/\"},{\"@type\":\"ListItem\",\"position\":3,\"name\":\"Natural Care Company Magnesium Bisglycinaat poeder (lemon) 250 gram\"}]},{\"@type\":\"WebSite\",\"@id\":\"https:\/\/www.alternatievemiddelen.nl\/#website\",\"url\":\"https:\/\/www.alternatievemiddelen.nl\/\",\"name\":\"Alternatievemiddelen.nl\",\"description\":\"Webshop met gezonde, duurzame en ecologische alternatieve mogelijkheden in de hedendaagse levenstijl. Alles uit eigen ervaring.\",\"publisher\":{\"@id\":\"https:\/\/www.alternatievemiddelen.nl\/#organization\"},\"potentialAction\":[{\"@type\":\"SearchAction\",\"target\":{\"@type\":\"EntryPoint\",\"urlTemplate\":\"https:\/\/www.alternatievemiddelen.nl\/?s={search_term_string}\"},\"query-input\":{\"@type\":\"PropertyValueSpecification\",\"valueRequired\":true,\"valueName\":\"search_term_string\"}}],\"inLanguage\":\"fr-FR\"},{\"@type\":\"Organization\",\"@id\":\"https:\/\/www.alternatievemiddelen.nl\/#organization\",\"name\":\"Alternatievemiddelen.nl\",\"url\":\"https:\/\/www.alternatievemiddelen.nl\/\",\"logo\":{\"@type\":\"ImageObject\",\"inLanguage\":\"fr-FR\",\"@id\":\"https:\/\/www.alternatievemiddelen.nl\/#\/schema\/logo\/image\/\",\"url\":\"https:\/\/www.alternatievemiddelen.nl\/wp-content\/uploads\/2023\/10\/alternatievemiddelen-PNG-logo.png\",\"contentUrl\":\"https:\/\/www.alternatievemiddelen.nl\/wp-content\/uploads\/2023\/10\/alternatievemiddelen-PNG-logo.png\",\"width\":6400,\"height\":3062,\"caption\":\"Alternatievemiddelen.nl\"},\"image\":{\"@id\":\"https:\/\/www.alternatievemiddelen.nl\/#\/schema\/logo\/image\/\"}}]}<\/script>\n<!-- \/ Yoast SEO plugin. -->","yoast_head_json":{"title":"Natural Care Company Magnesium Bisglycinaat poeder (lemon) 250 gram - Alternatievemiddelen.nl","description":"Deze Natural Care Company Magnesium Bisglycinaat poedervariant is een heel mooi combinatie product, dat ook taurine, vitamine B6 en L-Glycine bevat.","robots":{"index":"index","follow":"follow","max-snippet":"max-snippet:-1","max-image-preview":"max-image-preview:large","max-video-preview":"max-video-preview:-1"},"canonical":"https:\/\/www.alternatievemiddelen.nl\/fr\/wp-json\/wp\/v2\/product\/51118","og_locale":"fr_FR","og_type":"article","og_title":"Natural Care Company Magnesium Bisglycinaat poeder (lemon) 250 gram - Alternatievemiddelen.nl","og_description":"Deze Natural Care Company Magnesium Bisglycinaat poedervariant is een heel mooi combinatie product, dat ook taurine, vitamine B6 en L-Glycine bevat.","og_url":"https:\/\/www.alternatievemiddelen.nl\/fr\/produits\/natural-care-company-magnesium-bisglycinate-powder-lemon-250gr\/","og_site_name":"Alternatievemiddelen.nl","article_modified_time":"2026-03-05T05:11:01+00:00","og_image":[{"width":900,"height":1200,"url":"\/wp-content\/uploads\/2026\/03\/Natural-Care-Company-Magnesium-Bisglycinaat-poeder-lemon-250-gram.jpg","type":"image\/jpeg"}],"twitter_card":"summary_large_image","twitter_misc":{"Dur\u00e9e de lecture estim\u00e9e":"6 minutes"},"schema":{"@context":"https:\/\/schema.org","@graph":[{"@type":["WebPage","ItemPage"],"@id":"https:\/\/www.alternatievemiddelen.nl\/producten\/natural-care-company-magnesium-bisglycinaat-poeder-lemon-250gr\/","url":"https:\/\/www.alternatievemiddelen.nl\/producten\/natural-care-company-magnesium-bisglycinaat-poeder-lemon-250gr\/","name":"Natural Care Company Magnesium Bisglycinaat poeder (lemon) 250 gram - Alternatievemiddelen.nl","isPartOf":{"@id":"https:\/\/www.alternatievemiddelen.nl\/#website"},"primaryImageOfPage":{"@id":"https:\/\/www.alternatievemiddelen.nl\/producten\/natural-care-company-magnesium-bisglycinaat-poeder-lemon-250gr\/#primaryimage"},"image":{"@id":"https:\/\/www.alternatievemiddelen.nl\/producten\/natural-care-company-magnesium-bisglycinaat-poeder-lemon-250gr\/#primaryimage"},"thumbnailUrl":"https:\/\/www.alternatievemiddelen.nl\/wp-content\/uploads\/2026\/03\/Natural-Care-Company-Magnesium-Bisglycinaat-poeder-lemon-250-gram.jpg","datePublished":"2026-03-03T13:47:24+00:00","dateModified":"2026-03-05T05:11:01+00:00","description":"Deze Natural Care Company Magnesium Bisglycinaat poedervariant is een heel mooi combinatie product, dat ook taurine, vitamine B6 en L-Glycine bevat.","breadcrumb":{"@id":"https:\/\/www.alternatievemiddelen.nl\/producten\/natural-care-company-magnesium-bisglycinaat-poeder-lemon-250gr\/#breadcrumb"},"inLanguage":"fr-FR","potentialAction":[{"@type":"ReadAction","target":["https:\/\/www.alternatievemiddelen.nl\/producten\/natural-care-company-magnesium-bisglycinaat-poeder-lemon-250gr\/"]}]},{"@type":"ImageObject","inLanguage":"fr-FR","@id":"https:\/\/www.alternatievemiddelen.nl\/producten\/natural-care-company-magnesium-bisglycinaat-poeder-lemon-250gr\/#primaryimage","url":"https:\/\/www.alternatievemiddelen.nl\/wp-content\/uploads\/2026\/03\/Natural-Care-Company-Magnesium-Bisglycinaat-poeder-lemon-250-gram.jpg","contentUrl":"https:\/\/www.alternatievemiddelen.nl\/wp-content\/uploads\/2026\/03\/Natural-Care-Company-Magnesium-Bisglycinaat-poeder-lemon-250-gram.jpg","width":900,"height":1200,"caption":"Natural Care Company Magnesium Bisglycinaat poeder (lemon) 250 gram"},{"@type":"BreadcrumbList","@id":"https:\/\/www.alternatievemiddelen.nl\/producten\/natural-care-company-magnesium-bisglycinaat-poeder-lemon-250gr\/#breadcrumb","itemListElement":[{"@type":"ListItem","position":1,"name":"Home","item":"https:\/\/www.alternatievemiddelen.nl\/"},{"@type":"ListItem","position":2,"name":"Producten","item":"https:\/\/www.alternatievemiddelen.nl\/producten\/"},{"@type":"ListItem","position":3,"name":"Natural Care Company Magnesium Bisglycinaat poeder (lemon) 250 gram"}]},{"@type":"WebSite","@id":"https:\/\/www.alternatievemiddelen.nl\/#website","url":"https:\/\/www.alternatievemiddelen.nl\/","name":"Alternatievemiddelen.nl","description":"Webshop met gezonde, duurzame en ecologische alternatieve mogelijkheden in de hedendaagse levenstijl. Alles uit eigen ervaring.","publisher":{"@id":"https:\/\/www.alternatievemiddelen.nl\/#organization"},"potentialAction":[{"@type":"SearchAction","target":{"@type":"EntryPoint","urlTemplate":"https:\/\/www.alternatievemiddelen.nl\/?s={search_term_string}"},"query-input":{"@type":"PropertyValueSpecification","valueRequired":true,"valueName":"search_term_string"}}],"inLanguage":"fr-FR"},{"@type":"Organization","@id":"https:\/\/www.alternatievemiddelen.nl\/#organization","name":"Alternatievemiddelen.nl","url":"https:\/\/www.alternatievemiddelen.nl\/","logo":{"@type":"ImageObject","inLanguage":"fr-FR","@id":"https:\/\/www.alternatievemiddelen.nl\/#\/schema\/logo\/image\/","url":"https:\/\/www.alternatievemiddelen.nl\/wp-content\/uploads\/2023\/10\/alternatievemiddelen-PNG-logo.png","contentUrl":"https:\/\/www.alternatievemiddelen.nl\/wp-content\/uploads\/2023\/10\/alternatievemiddelen-PNG-logo.png","width":6400,"height":3062,"caption":"Alternatievemiddelen.nl"},"image":{"@id":"https:\/\/www.alternatievemiddelen.nl\/#\/schema\/logo\/image\/"}}]}},"_links":{"self":[{"href":"https:\/\/www.alternatievemiddelen.nl\/fr\/wp-json\/wp\/v2\/product\/51118","targetHints":{"allow":["GET"]}}],"collection":[{"href":"https:\/\/www.alternatievemiddelen.nl\/fr\/wp-json\/wp\/v2\/product"}],"about":[{"href":"https:\/\/www.alternatievemiddelen.nl\/fr\/wp-json\/wp\/v2\/types\/product"}],"replies":[{"embeddable":true,"href":"https:\/\/www.alternatievemiddelen.nl\/fr\/wp-json\/wp\/v2\/comments?post=51118"}],"wp:featuredmedia":[{"embeddable":true,"href":"https:\/\/www.alternatievemiddelen.nl\/fr\/wp-json\/wp\/v2\/media\/51119"}],"wp:attachment":[{"href":"https:\/\/www.alternatievemiddelen.nl\/fr\/wp-json\/wp\/v2\/media?parent=51118"}],"wp:term":[{"taxonomy":"product_brand","embeddable":true,"href":"https:\/\/www.alternatievemiddelen.nl\/fr\/wp-json\/wp\/v2\/product_brand?post=51118"},{"taxonomy":"product_cat","embeddable":true,"href":"https:\/\/www.alternatievemiddelen.nl\/fr\/wp-json\/wp\/v2\/product_cat?post=51118"},{"taxonomy":"product_tag","embeddable":true,"href":"https:\/\/www.alternatievemiddelen.nl\/fr\/wp-json\/wp\/v2\/product_tag?post=51118"},{"taxonomy":"merk","embeddable":true,"href":"https:\/\/www.alternatievemiddelen.nl\/fr\/wp-json\/wp\/v2\/merk?post=51118"}],"curies":[{"name":"wp","href":"https:\/\/api.w.org\/{rel}","templated":true}]}}