{"id":51497,"date":"2026-04-12T07:07:52","date_gmt":"2026-04-12T05:07:52","guid":{"rendered":"https:\/\/www.alternatievemiddelen.nl\/?post_type=product&#038;p=51497"},"modified":"2026-04-12T07:44:14","modified_gmt":"2026-04-12T05:44:14","slug":"mayu-swirl-onyx","status":"publish","type":"product","link":"https:\/\/www.alternatievemiddelen.nl\/fr\/produits\/mayu-swirl-onyx\/","title":{"rendered":"MAYU Swirl Carafe en onyx - vitalisant avec la technologie Vortex (mouvement naturel en spirale)"},"content":{"rendered":"<p>MAYU Swirl Onyx - approchez l'essence de l'eau de source naturelle !<br \/>\nLe MAYU Swirl Onyx utilise la puissance naturelle du mouvement en spirale (implosion) que l'on trouve dans tout l'univers. L'eau est ainsi rafra\u00eechie, oxyg\u00e9n\u00e9e, \u00e9quilibr\u00e9e et rajeunie pour un meilleur go\u00fbt et une meilleure hydratation, comme la nature l'a voulu.<br \/>\n&nbsp;<\/p>\n<h3>Pourquoi le MAYU Swirl Onyx ?<\/h3>\n<p>Pourquoi a\u00e9rer ? L'eau conserve sa vivacit\u00e9 et sa fra\u00eecheur en se d\u00e9pla\u00e7ant, mais lorsqu'elle est comprim\u00e9e et stagne dans des tuyaux, elle perd l'\u00e9nergie, la vitalit\u00e9, dont votre corps a besoin pour une hydratation compl\u00e8te. Tout comme le vin a besoin de respirer pour exprimer sa meilleure saveur, le mouvement tourbillonnaire de l'Onyx MAYU Swirl r\u00e9tablit la vitalit\u00e9 perdue en apportant de l'oxyg\u00e8ne et en \u00e9quilibrant et alcalinisant la v\u00e9ritable saveur et la texture de votre eau (en augmentant le pH - le CO2 dissous provoque une r\u00e9action chimique qui augmente le pH) - seulement 6000 fois plus vite qu'une carafe normale.<\/p>\n<p><b>Inspir\u00e9 par la nature. Soutenus par la science.<\/b><br \/>\nLa nature fonctionne de mani\u00e8re tr\u00e8s simple. Elle a deux mouvements de base. L'un pour d\u00e9composer, recycler la vie et l'autre pour construire la vie. Le mouvement de d\u00e9composition est la spirale int\u00e9rieure-ext\u00e9rieure en 3D, l'explosion, le mouvement centrifuge. Ce mouvement s'accompagne de bruit, de chaleur et d'une friction croissante. Le mouvement de construction de la nature est le mouvement de l'ext\u00e9rieur vers l'int\u00e9rieur, le mouvement centrip\u00e8te. Ou le vortex. Il s'accompagne de silence, de refroidissement et d'une attraction croissante. C'est pourquoi tout ce qui est \"vivant\" dans la nature utilise ce mouvement. C'est le mouvement ascendant, vitalisant. C'est en effet gr\u00e2ce \u00e0 lui que vous pouvez vous tenir debout ou qu'une plante peut s'\u00e9lever contre la gravit\u00e9. Le sang de chaque \u00eatre humain circule dans un tourbillon, de m\u00eame que la s\u00e8ve des arbres et des plantes.<br \/>\nSi vous forcez l'eau ou un autre liquide ou m\u00eame l'air \u00e0 cr\u00e9er un tourbillon, vous en modifiez les propri\u00e9t\u00e9s pour le meilleur. Les principes de base du MAYU Swirl Onyx sont en fait tr\u00e8s simples : <i>\"Comprendre et copier la nature<\/i>. Le tourbillon naturel dissout l'oxyg\u00e8ne frais \u00e0 la vitesse de l'\u00e9clair et acc\u00e9l\u00e8re l'\u00e9vaporation des substances nocives et volatiles.<br \/>\nElle a\u00e8re l'eau, tout comme le bon vin, mais 6000 fois plus vite qu'une carafe normale. Cette carafe peut donc \u00e9galement \u00eatre utilis\u00e9e avec du vin.<br \/>\nRedonnez vie \u00e0 votre eau gr\u00e2ce \u00e0 cette carafe ultramoderne dot\u00e9e de la technologie vortex qui am\u00e9liore la qualit\u00e9 de l'eau !<br \/>\n&nbsp;<\/p>\n<h3>En quoi consiste le MAYU Swirl Onyx ?<\/h3>\n<p><b><u>La carafe<\/u><\/b><br \/>\nLa carafe MAYU Swirl Onyx en verre souffl\u00e9 \u00e0 la main est l\u00e9g\u00e8re, en cristal, lavable au lave-vaisselle, en borosilicate tremp\u00e9 de classe A. La conception en goutte d'eau \u00e9vite les zones stagnantes dans la carafe, permettant \u00e0 toute l'eau de s'\u00e9couler librement. Une marque de 1,5 litre est grav\u00e9e sur le c\u00f4t\u00e9 de la carafe.<\/p>\n<p><b><u>L'essentiel<\/u><\/b><br \/>\nLe g\u00e9n\u00e9rateur Vortex se trouve dans la base en porcelaine du MAYU Swirl. Les cellules de charge \u00e0 semi-conducteurs d\u00e9tectent la pr\u00e9sence de la carafe, ce qui d\u00e9clenche automatiquement le mouvement de tourbillon. En fonction de la quantit\u00e9 d'eau contenue dans la carafe, la force et la vitesse du tourbillon sont automatiquement contr\u00f4l\u00e9es, cr\u00e9ant ainsi un tourbillon constant et parfait. Vous pouvez facilement d\u00e9sactiver le g\u00e9n\u00e9rateur de vortex \u00e0 l'aide du bouton de l'\u00e9cran tactile.<br \/>\nFabriqu\u00e9 en porcelaine pure de Jingdezhen et color\u00e9 uniquement avec des teintures min\u00e9rales naturelles, le design s'inspire d'un galet trouv\u00e9 au fond d'une rivi\u00e8re en crue. <b>VEUILLEZ NOTER : Chaque base est unique et donc aucune base n'est identique en termes de gradient de couleur puisqu'il s'agit d'un m\u00e9lange de porcelaine. Le dessin sur les photos de ce produit peut donc diff\u00e9rer l\u00e9g\u00e8rement du produit livr\u00e9. Vous pouvez voir sur les photos que chaque base a un aspect l\u00e9g\u00e8rement diff\u00e9rent.<\/b><br \/>\n&nbsp;<\/p>\n<h3>Tous les avantages en un coup d'\u0153il :<\/h3>\n<p>\u2714 INSPIRED BY NATURE : Le MAYU Swirl utilise le mouvement spiral\u00e9 naturel utilis\u00e9 dans tout l'univers pour construire la vie. M\u00eame votre sang circule de cette mani\u00e8re. Avec le MAYU, l'eau du robinet est \u00e0 nouveau oxyg\u00e9n\u00e9e et \u00e9quilibr\u00e9e, ce qui la rend plus savoureuse et plus hydratante. L'eau de source telle que la nature l'a con\u00e7ue.<br \/>\n\u2714 UNE MEILLEURE EAU : La v\u00e9ritable magie de l'a\u00e9ration se manifeste lorsque vous go\u00fbtez \u00e0 la douceur soyeuse de l'eau MAYU. Fini les odeurs et le chlore. Fini les saveurs agressives. L'eau MAYU est une eau plus douce, plus savoureuse et plus \u00e9quilibr\u00e9e, \u00e0 laquelle votre corps r\u00e9agit instantan\u00e9ment. Quelle est la qualit\u00e9 de l'eau MAYU ? 85% des testeurs d'eau ont pr\u00e9f\u00e9r\u00e9 l'eau MAYU \u00e0 l'eau du robinet ou \u00e0 l'eau min\u00e9rale. Les enfants ont particuli\u00e8rement appr\u00e9ci\u00e9 la diff\u00e9rence.<br \/>\n\u2714 Gorgeous DESIGN : Peu de choses transmettent \u00e0 la fois l'harmonie visuelle et spirituelle aussi compl\u00e8tement et magnifiquement que la forme spiral\u00e9e parfaite de la nature. Le tourbillon en spirale de la carafe MAYU attire l'\u0153il humain et d\u00e9clenche une conversation sur l'eau et la nature. La MAYU Swirl s'ajoute \u00e0 toutes les tables, que vous la regardiez ou que vous la buviez.<br \/>\n\u2714 UN MEILLEUR MONDE : Aidez-nous \u00e0 \u00e9liminer le plastique de la plan\u00e8te ! Il est temps de r\u00e9fl\u00e9chir \u00e0 toutes ces bouteilles en plastique qui ne servent qu'une fois et mettent ensuite des centaines d'ann\u00e9es \u00e0 se d\u00e9composer. En plus de r\u00e9duire ces d\u00e9chets polluants gr\u00e2ce \u00e0 ses carafes et bouteilles d'eau en verre, MAYU s'engage \u00e0 reverser 1% de ses ventes \u00e0 des organisations environnementales qui contribuent \u00e0 r\u00e9soudre les probl\u00e8mes de la plan\u00e8te.<br \/>\n\u2714 UNIQUE DESIGNS : Le MAYU Swirl est similaire en plusieurs variantes : <a href=\"https:\/\/www.alternatievemiddelen.nl\/fr\/produits\/mayu-swirl-earth\/\">MAYU Swirl Terre<\/a>, <a href=\"https:\/\/www.alternatievemiddelen.nl\/fr\/produits\/mayu-swirl-dolomite\/\">MAYU Swirl Dolomite<\/a>, <a href=\"https:\/\/www.alternatievemiddelen.nl\/fr\/produits\/mayu-swirl-graystone\/\">MAYU Swirl Graystone<\/a> et <a href=\"https:\/\/www.alternatievemiddelen.nl\/fr\/produits\/mayu-swirl-onyx\/\">MAYU Swirl Onyx<\/a>.<br \/>\n&nbsp;<\/p>\n<h4>Mode d'emploi :<\/h4>\n<p>Faites fonctionner le MAYU Swirl Onyx pendant 5 \u00e0 10 minutes pour a\u00e9rer suffisamment l'eau.<br \/>\n<a href=\"https:\/\/www.alternatievemiddelen.nl\/fr\/la-bibliotheque\/\">Cliquez ici pour obtenir des vid\u00e9os d'instruction et des r\u00e9ponses aux questions fr\u00e9quemment pos\u00e9es sur le MAYU Swirl dans notre biblioth\u00e8que.<\/a><\/p>\n<p>Le MAYU Swirl produit un l\u00e9ger bourdonnement pendant son fonctionnement. Ce bruit est d\u00fb \u00e0 la nature technique de l'appareil et provient de l'unit\u00e9 d'entra\u00eenement rotative, qui cr\u00e9e le mouvement tourbillonnant pr\u00e9cis de l'eau.<\/p>\n<p>\ud83d\udca1 Bon \u00e0 savoir :<br \/>\nCe son est normal pendant l'utilisation et indique que le Swirl structure et oxyg\u00e8ne l'eau de mani\u00e8re optimale - un signe subtil d'une eau fra\u00eeche et revitalis\u00e9e.<br \/>\n&nbsp;<\/p>\n<h4>La bo\u00eete du MAYU Swirl contient (contenu de la bo\u00eete) :<\/h4>\n<p>- Carafe en verre de 1,5 litre (verre borosilicat\u00e9 de classe A souffl\u00e9 \u00e0 la main, l\u00e9ger, transparent et lavable au lave-vaisselle).<br \/>\n- Ventilateur blanc libre pour carafe.<br \/>\n- Verseur en acier inoxydable (304) avec un joint en silicone approuv\u00e9 pour les denr\u00e9es alimentaires.<br \/>\n- Base du g\u00e9n\u00e9rateur de vortex - porcelaine faite \u00e0 la main au design unique, combin\u00e9e \u00e0 un chargement automatique et \u00e0 des capteurs tactiles pour un vortex parfait et sans probl\u00e8me.<br \/>\n- Batterie Li-ion rechargeable (int\u00e9gr\u00e9e \u00e0 la base) - jusqu'\u00e0 7 heures d'utilisation sans fil avec une seule charge.<br \/>\n- Prise USB.<br \/>\n- C\u00e2ble USB A vers USB C - facile \u00e0 connecter.<br \/>\n- Manuel (anglais, fran\u00e7ais, espagnol et allemand).<\/p>\n<p>Veuillez vous r\u00e9f\u00e9rer \u00e0 notre <a href=\"https:\/\/www.alternatievemiddelen.nl\/fr\/la-bibliotheque\/\">biblioth\u00e8que<\/a>Vous y trouverez des vid\u00e9os d'instruction et des r\u00e9ponses aux questions les plus fr\u00e9quemment pos\u00e9es.<\/p>","protected":false},"excerpt":{"rendered":"<p>Le MAYU Swirl Onyx am\u00e9liore la qualit\u00e9 et le go\u00fbt de l'eau. Le vortex naturel restructure et a\u00e8re l'eau avec de l'oxyg\u00e8ne frais.<\/p>","protected":false},"featured_media":51502,"comment_status":"open","ping_status":"closed","template":"","meta":[],"product_brand":[],"product_cat":[3892,2870,3461,3460],"product_tag":[3255,3256,3258,3259,3260,3261,3248,3250,3251,2878,3051,3935,3263,3253,3011,2884,3264,3254,3265,3266,3267,2885,3268,3269,2886],"merk":[3452],"class_list":{"0":"post-51497","1":"product","2":"type-product","3":"status-publish","4":"has-post-thumbnail","6":"product_cat-nieuwe-producten","7":"product_cat-vitalisers-en-energetische-platen","8":"product_cat-watervitalisers","9":"product_cat-mayu-swirl","10":"product_tag-borosilicaatglas","11":"product_tag-de-natuur-begrijpen-en-kopieren","12":"product_tag-draaikolk","13":"product_tag-hydratatie","14":"product_tag-implosie","15":"product_tag-karaf","16":"product_tag-mayu","17":"product_tag-mayu-swirl","18":"product_tag-minder-plastic","19":"product_tag-natuur","20":"product_tag-natuurlijk","21":"product_tag-onyx","22":"product_tag-spiraalbeweging","23":"product_tag-swirl","24":"product_tag-vitaliser","25":"product_tag-vitaliseren","26":"product_tag-vitaliserende-beweging","27":"product_tag-vitaliteit","28":"product_tag-vortex","29":"product_tag-vortex-technologie","30":"product_tag-waaier","31":"product_tag-water","32":"product_tag-watervitaliser","33":"product_tag-wijn","34":"product_tag-zuurstof","35":"merk-mayu","37":"first","38":"instock","39":"taxable","40":"shipping-taxable","41":"purchasable","42":"product-type-simple"},"bundled_by":[],"bundle_stock_status":"instock","bundle_stock_quantity":null,"bundle_virtual":false,"bundle_layout":"","bundle_add_to_cart_form_location":"","bundle_editable_in_cart":false,"bundle_sold_individually_context":"","bundle_item_grouping":"","bundle_min_size":"","bundle_max_size":"","bundle_price":[],"bundled_items":[],"bundle_sell_ids":[44176,34535,44906,51081,35328,49525,35329,49547,49575,49577],"yoast_head":"<!-- This site is optimized with the Yoast SEO plugin v26.1 - https:\/\/yoast.com\/wordpress\/plugins\/seo\/ -->\n<title>MAYU Swirl Onyx karaf - vitaliseren met Vortex-technologie (natuurlijke spiraalbeweging) - Alternatievemiddelen.nl<\/title>\n<meta name=\"description\" content=\"De MAYU Swirl Onyx verbetert de kwaliteit en smaak van het water. De natuurlijke vortex, herstructureert en belucht het water met verse zuurstof.\" \/>\n<meta name=\"robots\" content=\"index, follow, max-snippet:-1, max-image-preview:large, max-video-preview:-1\" \/>\n<link rel=\"canonical\" href=\"https:\/\/www.alternatievemiddelen.nl\/fr\/wp-json\/wp\/v2\/product\/51497\" \/>\n<meta property=\"og:locale\" content=\"fr_FR\" \/>\n<meta property=\"og:type\" content=\"article\" \/>\n<meta property=\"og:title\" content=\"MAYU Swirl Onyx karaf - vitaliseren met Vortex-technologie (natuurlijke spiraalbeweging) - Alternatievemiddelen.nl\" \/>\n<meta property=\"og:description\" content=\"De MAYU Swirl Onyx verbetert de kwaliteit en smaak van het water. De natuurlijke vortex, herstructureert en belucht het water met verse zuurstof.\" \/>\n<meta property=\"og:url\" content=\"https:\/\/www.alternatievemiddelen.nl\/fr\/produits\/mayu-swirl-onyx\/\" \/>\n<meta property=\"og:site_name\" content=\"Alternatievemiddelen.nl\" \/>\n<meta property=\"article:modified_time\" content=\"2026-04-12T05:44:14+00:00\" \/>\n<meta property=\"og:image\" content=\"\/wp-content\/uploads\/2026\/04\/MAYU-Swirl_Onyx-new.jpg\" \/>\n\t<meta property=\"og:image:width\" content=\"900\" \/>\n\t<meta property=\"og:image:height\" content=\"1200\" \/>\n\t<meta property=\"og:image:type\" content=\"image\/jpeg\" \/>\n<meta name=\"twitter:card\" content=\"summary_large_image\" \/>\n<meta name=\"twitter:label1\" content=\"Dur\u00e9e de lecture estim\u00e9e\" \/>\n\t<meta name=\"twitter:data1\" content=\"6 minutes\" \/>\n<script type=\"application\/ld+json\" class=\"yoast-schema-graph\">{\"@context\":\"https:\/\/schema.org\",\"@graph\":[{\"@type\":[\"WebPage\",\"ItemPage\"],\"@id\":\"https:\/\/www.alternatievemiddelen.nl\/producten\/mayu-swirl-onyx\/\",\"url\":\"https:\/\/www.alternatievemiddelen.nl\/producten\/mayu-swirl-onyx\/\",\"name\":\"MAYU Swirl Onyx karaf - vitaliseren met Vortex-technologie (natuurlijke spiraalbeweging) - Alternatievemiddelen.nl\",\"isPartOf\":{\"@id\":\"https:\/\/www.alternatievemiddelen.nl\/#website\"},\"primaryImageOfPage\":{\"@id\":\"https:\/\/www.alternatievemiddelen.nl\/producten\/mayu-swirl-onyx\/#primaryimage\"},\"image\":{\"@id\":\"https:\/\/www.alternatievemiddelen.nl\/producten\/mayu-swirl-onyx\/#primaryimage\"},\"thumbnailUrl\":\"https:\/\/www.alternatievemiddelen.nl\/wp-content\/uploads\/2026\/04\/MAYU-Swirl_Onyx-new.jpg\",\"datePublished\":\"2026-04-12T05:07:52+00:00\",\"dateModified\":\"2026-04-12T05:44:14+00:00\",\"description\":\"De MAYU Swirl Onyx verbetert de kwaliteit en smaak van het water. De natuurlijke vortex, herstructureert en belucht het water met verse zuurstof.\",\"breadcrumb\":{\"@id\":\"https:\/\/www.alternatievemiddelen.nl\/producten\/mayu-swirl-onyx\/#breadcrumb\"},\"inLanguage\":\"fr-FR\",\"potentialAction\":[{\"@type\":\"ReadAction\",\"target\":[\"https:\/\/www.alternatievemiddelen.nl\/producten\/mayu-swirl-onyx\/\"]}]},{\"@type\":\"ImageObject\",\"inLanguage\":\"fr-FR\",\"@id\":\"https:\/\/www.alternatievemiddelen.nl\/producten\/mayu-swirl-onyx\/#primaryimage\",\"url\":\"https:\/\/www.alternatievemiddelen.nl\/wp-content\/uploads\/2026\/04\/MAYU-Swirl_Onyx-new.jpg\",\"contentUrl\":\"https:\/\/www.alternatievemiddelen.nl\/wp-content\/uploads\/2026\/04\/MAYU-Swirl_Onyx-new.jpg\",\"width\":900,\"height\":1200,\"caption\":\"MAYU Swirl Onyx\"},{\"@type\":\"BreadcrumbList\",\"@id\":\"https:\/\/www.alternatievemiddelen.nl\/producten\/mayu-swirl-onyx\/#breadcrumb\",\"itemListElement\":[{\"@type\":\"ListItem\",\"position\":1,\"name\":\"Home\",\"item\":\"https:\/\/www.alternatievemiddelen.nl\/\"},{\"@type\":\"ListItem\",\"position\":2,\"name\":\"Producten\",\"item\":\"https:\/\/www.alternatievemiddelen.nl\/producten\/\"},{\"@type\":\"ListItem\",\"position\":3,\"name\":\"MAYU Swirl Onyx karaf &#8211; vitaliseren met Vortex-technologie (natuurlijke spiraalbeweging)\"}]},{\"@type\":\"WebSite\",\"@id\":\"https:\/\/www.alternatievemiddelen.nl\/#website\",\"url\":\"https:\/\/www.alternatievemiddelen.nl\/\",\"name\":\"Alternatievemiddelen.nl\",\"description\":\"Webshop met gezonde, duurzame en ecologische alternatieve mogelijkheden in de hedendaagse levenstijl. Alles uit eigen ervaring.\",\"publisher\":{\"@id\":\"https:\/\/www.alternatievemiddelen.nl\/#organization\"},\"potentialAction\":[{\"@type\":\"SearchAction\",\"target\":{\"@type\":\"EntryPoint\",\"urlTemplate\":\"https:\/\/www.alternatievemiddelen.nl\/?s={search_term_string}\"},\"query-input\":{\"@type\":\"PropertyValueSpecification\",\"valueRequired\":true,\"valueName\":\"search_term_string\"}}],\"inLanguage\":\"fr-FR\"},{\"@type\":\"Organization\",\"@id\":\"https:\/\/www.alternatievemiddelen.nl\/#organization\",\"name\":\"Alternatievemiddelen.nl\",\"url\":\"https:\/\/www.alternatievemiddelen.nl\/\",\"logo\":{\"@type\":\"ImageObject\",\"inLanguage\":\"fr-FR\",\"@id\":\"https:\/\/www.alternatievemiddelen.nl\/#\/schema\/logo\/image\/\",\"url\":\"https:\/\/www.alternatievemiddelen.nl\/wp-content\/uploads\/2023\/10\/alternatievemiddelen-PNG-logo.png\",\"contentUrl\":\"https:\/\/www.alternatievemiddelen.nl\/wp-content\/uploads\/2023\/10\/alternatievemiddelen-PNG-logo.png\",\"width\":6400,\"height\":3062,\"caption\":\"Alternatievemiddelen.nl\"},\"image\":{\"@id\":\"https:\/\/www.alternatievemiddelen.nl\/#\/schema\/logo\/image\/\"}}]}<\/script>\n<!-- \/ Yoast SEO plugin. -->","yoast_head_json":{"title":"MAYU Swirl Onyx karaf - vitaliseren met Vortex-technologie (natuurlijke spiraalbeweging) - Alternatievemiddelen.nl","description":"De MAYU Swirl Onyx verbetert de kwaliteit en smaak van het water. De natuurlijke vortex, herstructureert en belucht het water met verse zuurstof.","robots":{"index":"index","follow":"follow","max-snippet":"max-snippet:-1","max-image-preview":"max-image-preview:large","max-video-preview":"max-video-preview:-1"},"canonical":"https:\/\/www.alternatievemiddelen.nl\/fr\/wp-json\/wp\/v2\/product\/51497","og_locale":"fr_FR","og_type":"article","og_title":"MAYU Swirl Onyx karaf - vitaliseren met Vortex-technologie (natuurlijke spiraalbeweging) - Alternatievemiddelen.nl","og_description":"De MAYU Swirl Onyx verbetert de kwaliteit en smaak van het water. De natuurlijke vortex, herstructureert en belucht het water met verse zuurstof.","og_url":"https:\/\/www.alternatievemiddelen.nl\/fr\/produits\/mayu-swirl-onyx\/","og_site_name":"Alternatievemiddelen.nl","article_modified_time":"2026-04-12T05:44:14+00:00","og_image":[{"width":900,"height":1200,"url":"\/wp-content\/uploads\/2026\/04\/MAYU-Swirl_Onyx-new.jpg","type":"image\/jpeg"}],"twitter_card":"summary_large_image","twitter_misc":{"Dur\u00e9e de lecture estim\u00e9e":"6 minutes"},"schema":{"@context":"https:\/\/schema.org","@graph":[{"@type":["WebPage","ItemPage"],"@id":"https:\/\/www.alternatievemiddelen.nl\/producten\/mayu-swirl-onyx\/","url":"https:\/\/www.alternatievemiddelen.nl\/producten\/mayu-swirl-onyx\/","name":"MAYU Swirl Onyx karaf - vitaliseren met Vortex-technologie (natuurlijke spiraalbeweging) - Alternatievemiddelen.nl","isPartOf":{"@id":"https:\/\/www.alternatievemiddelen.nl\/#website"},"primaryImageOfPage":{"@id":"https:\/\/www.alternatievemiddelen.nl\/producten\/mayu-swirl-onyx\/#primaryimage"},"image":{"@id":"https:\/\/www.alternatievemiddelen.nl\/producten\/mayu-swirl-onyx\/#primaryimage"},"thumbnailUrl":"https:\/\/www.alternatievemiddelen.nl\/wp-content\/uploads\/2026\/04\/MAYU-Swirl_Onyx-new.jpg","datePublished":"2026-04-12T05:07:52+00:00","dateModified":"2026-04-12T05:44:14+00:00","description":"De MAYU Swirl Onyx verbetert de kwaliteit en smaak van het water. De natuurlijke vortex, herstructureert en belucht het water met verse zuurstof.","breadcrumb":{"@id":"https:\/\/www.alternatievemiddelen.nl\/producten\/mayu-swirl-onyx\/#breadcrumb"},"inLanguage":"fr-FR","potentialAction":[{"@type":"ReadAction","target":["https:\/\/www.alternatievemiddelen.nl\/producten\/mayu-swirl-onyx\/"]}]},{"@type":"ImageObject","inLanguage":"fr-FR","@id":"https:\/\/www.alternatievemiddelen.nl\/producten\/mayu-swirl-onyx\/#primaryimage","url":"https:\/\/www.alternatievemiddelen.nl\/wp-content\/uploads\/2026\/04\/MAYU-Swirl_Onyx-new.jpg","contentUrl":"https:\/\/www.alternatievemiddelen.nl\/wp-content\/uploads\/2026\/04\/MAYU-Swirl_Onyx-new.jpg","width":900,"height":1200,"caption":"MAYU Swirl Onyx"},{"@type":"BreadcrumbList","@id":"https:\/\/www.alternatievemiddelen.nl\/producten\/mayu-swirl-onyx\/#breadcrumb","itemListElement":[{"@type":"ListItem","position":1,"name":"Home","item":"https:\/\/www.alternatievemiddelen.nl\/"},{"@type":"ListItem","position":2,"name":"Producten","item":"https:\/\/www.alternatievemiddelen.nl\/producten\/"},{"@type":"ListItem","position":3,"name":"MAYU Swirl Onyx karaf &#8211; vitaliseren met Vortex-technologie (natuurlijke spiraalbeweging)"}]},{"@type":"WebSite","@id":"https:\/\/www.alternatievemiddelen.nl\/#website","url":"https:\/\/www.alternatievemiddelen.nl\/","name":"Alternatievemiddelen.nl","description":"Webshop met gezonde, duurzame en ecologische alternatieve mogelijkheden in de hedendaagse levenstijl. Alles uit eigen ervaring.","publisher":{"@id":"https:\/\/www.alternatievemiddelen.nl\/#organization"},"potentialAction":[{"@type":"SearchAction","target":{"@type":"EntryPoint","urlTemplate":"https:\/\/www.alternatievemiddelen.nl\/?s={search_term_string}"},"query-input":{"@type":"PropertyValueSpecification","valueRequired":true,"valueName":"search_term_string"}}],"inLanguage":"fr-FR"},{"@type":"Organization","@id":"https:\/\/www.alternatievemiddelen.nl\/#organization","name":"Alternatievemiddelen.nl","url":"https:\/\/www.alternatievemiddelen.nl\/","logo":{"@type":"ImageObject","inLanguage":"fr-FR","@id":"https:\/\/www.alternatievemiddelen.nl\/#\/schema\/logo\/image\/","url":"https:\/\/www.alternatievemiddelen.nl\/wp-content\/uploads\/2023\/10\/alternatievemiddelen-PNG-logo.png","contentUrl":"https:\/\/www.alternatievemiddelen.nl\/wp-content\/uploads\/2023\/10\/alternatievemiddelen-PNG-logo.png","width":6400,"height":3062,"caption":"Alternatievemiddelen.nl"},"image":{"@id":"https:\/\/www.alternatievemiddelen.nl\/#\/schema\/logo\/image\/"}}]}},"_links":{"self":[{"href":"https:\/\/www.alternatievemiddelen.nl\/fr\/wp-json\/wp\/v2\/product\/51497","targetHints":{"allow":["GET"]}}],"collection":[{"href":"https:\/\/www.alternatievemiddelen.nl\/fr\/wp-json\/wp\/v2\/product"}],"about":[{"href":"https:\/\/www.alternatievemiddelen.nl\/fr\/wp-json\/wp\/v2\/types\/product"}],"replies":[{"embeddable":true,"href":"https:\/\/www.alternatievemiddelen.nl\/fr\/wp-json\/wp\/v2\/comments?post=51497"}],"wp:featuredmedia":[{"embeddable":true,"href":"https:\/\/www.alternatievemiddelen.nl\/fr\/wp-json\/wp\/v2\/media\/51502"}],"wp:attachment":[{"href":"https:\/\/www.alternatievemiddelen.nl\/fr\/wp-json\/wp\/v2\/media?parent=51497"}],"wp:term":[{"taxonomy":"product_brand","embeddable":true,"href":"https:\/\/www.alternatievemiddelen.nl\/fr\/wp-json\/wp\/v2\/product_brand?post=51497"},{"taxonomy":"product_cat","embeddable":true,"href":"https:\/\/www.alternatievemiddelen.nl\/fr\/wp-json\/wp\/v2\/product_cat?post=51497"},{"taxonomy":"product_tag","embeddable":true,"href":"https:\/\/www.alternatievemiddelen.nl\/fr\/wp-json\/wp\/v2\/product_tag?post=51497"},{"taxonomy":"merk","embeddable":true,"href":"https:\/\/www.alternatievemiddelen.nl\/fr\/wp-json\/wp\/v2\/merk?post=51497"}],"curies":[{"name":"wp","href":"https:\/\/api.w.org\/{rel}","templated":true}]}}