{"id":51536,"date":"2026-04-15T09:21:59","date_gmt":"2026-04-15T07:21:59","guid":{"rendered":"https:\/\/www.alternatievemiddelen.nl\/?post_type=product&#038;p=51536"},"modified":"2026-04-15T17:11:26","modified_gmt":"2026-04-15T15:11:26","slug":"boroux-douchefilter","status":"publish","type":"product","link":"https:\/\/www.alternatievemiddelen.nl\/fr\/produits\/filtre-de-douche-boroux\/","title":{"rendered":"Filtre de douche BOROUX"},"content":{"rendered":"<p>Une meilleure douche commence par une meilleure eau. Le filtre de douche BOROUX r\u00e9duit l'exposition aux produits chimiques et aide \u00e0 soulager la s\u00e9cheresse et les irritations, tout en favorisant l'hydratation naturelle de votre peau et la brillance naturelle de vos cheveux.<br \/>\n&nbsp;<\/p>\n<h3>Le filtre de douche BOROUX<\/h3>\n<p>Prenez une douche avec ce filtre de douche et faites-en l'exp\u00e9rience. L'eau que vous utilisez sous la douche peut contenir autant de contaminants que l'eau potable non filtr\u00e9e. Les produits chimiques pr\u00e9sents dans l'eau de votre douche peuvent provoquer un dess\u00e8chement des cheveux et de la peau. De petites am\u00e9liorations peuvent d\u00e9j\u00e0 r\u00e9ellement am\u00e9liorer votre qualit\u00e9 de vie. D\u00e9couvrez la diff\u00e9rence remarquable que ce filtre de douche de haute qualit\u00e9 peut faire dans votre vie quotidienne. D\u00e9couvrez des cheveux et une peau plus doux \u00e0 chaque douche, con\u00e7us pour une utilisation quotidienne.<\/p>\n<p>\u00c0 l'int\u00e9rieur, un m\u00e9lange d'alliage cuivre-zinc de haute qualit\u00e9 et de sulfite de calcium neutralise les produits chimiques avant qu'ils n'atteignent votre peau et vos cheveux. Il en r\u00e9sulte une eau plus propre et plus douce, dont la douceur est perceptible d\u00e8s la premi\u00e8re douche.<\/p>\n<p>Aucune installation compliqu\u00e9e n'est n\u00e9cessaire. Ce filtre est adapt\u00e9 au raccord de douche standard 1\/2\u2033 (entr\u00e9e) et fonctionne naturellement avec de nombreux tuyaux et pommeaux de douche (sortie). Ce filtre de douche peut \u00e9galement \u00eatre combin\u00e9 avec le <a href=\"https:\/\/www.alternatievemiddelen.nl\/fr\/produits\/pommeau-de-douche-universel\/\" rel=\"noopener\">pommeau de douche universel<\/a>.<br \/>\nLe filtre de douche BOROUX s'installe en quelques minutes gr\u00e2ce au ruban d'\u00e9tanch\u00e9it\u00e9 fourni. Il suffit de le fixer, de le serrer et de profiter imm\u00e9diatement d'une eau plus propre.<\/p>\n<p>Le filtre de la douche doit \u00eatre remplac\u00e9 tous les 3 \u00e0 6 mois.<br \/>\n&nbsp;<\/p>\n<h3>Caract\u00e9ristiques principales de ce filtre de douche :<\/h3>\n<ul>\n<li>Finition joliment fa\u00e7onn\u00e9e<\/li>\n<li>Mat\u00e9riau filtrant de haute qualit\u00e9 : utilise un alliage cuivre-zinc de haute puret\u00e9 et du sulfite de calcium pour r\u00e9duire efficacement les produits chimiques et rendre l'eau plus agr\u00e9able au toucher.<\/li>\n<li>R\u00e9duit les produits chimiques qui \u00e9liminent les huiles naturelles de la peau, laissant la peau et les cheveux plus doux.<\/li>\n<li>Dimensions approximatives : 6,5 cm (diam\u00e8tre) par 11,5 cm (hauteur)<\/li>\n<li>Facile \u00e0 installer sans outils (le produit est \u00e9galement fourni avec une bonne quantit\u00e9 de ruban adh\u00e9sif d'\u00e9tanch\u00e9it\u00e9, si n\u00e9cessaire)<\/li>\n<li>Dur\u00e9e de vie du filtre : 3 \u00e0 6 mois (la dur\u00e9e de vie et les performances du filtre varient en fonction des conditions domestiques)<\/li>\n<li>Fabriqu\u00e9 en plastique alimentaire<\/li>\n<li>Convient pour un raccord de douche standard 1\/2\u2033.<\/li>\n<li>\u00c9ventuellement combin\u00e9e avec la <a href=\"https:\/\/www.alternatievemiddelen.nl\/fr\/produits\/pommeau-de-douche-universel\/\" rel=\"noopener\">pommeau de douche universel<\/a><\/li>\n<\/ul>\n<p>&nbsp;<\/p>\n<h4>Instructions d'installation :<\/h4>\n<p>1. Nettoyez le raccord du robinet ou du bras de douche et du tuyau ou de la pomme de douche (c'est-\u00e0-dire l'endroit o\u00f9 vous souhaitez raccorder le filtre de douche).<br \/>\n2. Appliquez 3 couches de ruban d'\u00e9tanch\u00e9it\u00e9 sur le raccord et sur le raccord inf\u00e9rieur du filtre de douche (dans le sens des aiguilles d'une montre).<br \/>\n3. Fixez le filtre de douche au robinet ou au bras de douche et au tuyau ou \u00e0 la pomme de douche et serrez dans le sens des aiguilles d'une montre (ATTENTION ! NE SERREZ PAS TROP).<br \/>\n4. Ouvrir le robinet \u00e0 la temp\u00e9rature souhait\u00e9e<br \/>\n5. Laissez couler l'eau pendant quelques minutes sans vous placer sous l'eau<br \/>\n6. Vous avez termin\u00e9 et vous pouvez profiter du filtre de douche BOROUX.<\/p>\n<p><b><u>Remarque :<\/u><\/b><br \/>\n- S'il y a des fuites au niveau des raccords, essayez de resserrer le filtre de douche. Si cela ne suffit pas, desserrez le filtre de la douche et v\u00e9rifiez ou remplacez le ruban d'\u00e9tanch\u00e9it\u00e9. <\/p>\n<p>Veuillez vous r\u00e9f\u00e9rer \u00e0 notre <a href=\"https:\/\/www.alternatievemiddelen.nl\/fr\/la-bibliotheque\/\">biblioth\u00e8que<\/a>qui comprend des manuels et des r\u00e9ponses aux questions fr\u00e9quemment pos\u00e9es.<\/p>","protected":false},"excerpt":{"rendered":"<p>Le filtre de douche BOROUX r\u00e9duit l'exposition aux produits chimiques et aide \u00e0 soulager la s\u00e9cheresse et les irritations. D\u00e9couvrez des cheveux et une peau plus doux !<\/p>","protected":false},"featured_media":51542,"comment_status":"open","ping_status":"closed","template":"","meta":[],"product_brand":[],"product_cat":[3892,2971,2887],"product_tag":[3706,3937,2962,2888,2963,2964,3936,2965,2966,2967,2968,2969,2885,2970],"merk":[3702],"class_list":{"0":"post-51536","1":"product","2":"type-product","3":"status-publish","4":"has-post-thumbnail","6":"product_cat-nieuwe-producten","7":"product_cat-waterfilters","8":"product_cat-douchefilters","9":"product_tag-boroux","10":"product_tag-boroux-douchefilter","11":"product_tag-chloorvrij","12":"product_tag-douche","13":"product_tag-douchefilter","14":"product_tag-filter","15":"product_tag-kalk","16":"product_tag-reuk","17":"product_tag-schimmels","18":"product_tag-schoon","19":"product_tag-vermindering","20":"product_tag-vuil","21":"product_tag-water","22":"product_tag-zuivering","23":"merk-boroux","25":"first","26":"instock","27":"taxable","28":"shipping-taxable","29":"purchasable","30":"product-type-simple"},"bundled_by":[],"bundle_stock_status":"instock","bundle_stock_quantity":null,"bundle_virtual":false,"bundle_layout":"","bundle_add_to_cart_form_location":"","bundle_editable_in_cart":false,"bundle_sold_individually_context":"","bundle_item_grouping":"","bundle_min_size":"","bundle_max_size":"","bundle_price":[],"bundled_items":[],"bundle_sell_ids":[44176,34565],"yoast_head":"<!-- This site is optimized with the Yoast SEO plugin v26.1 - https:\/\/yoast.com\/wordpress\/plugins\/seo\/ -->\n<title>BOROUX Douchefilter - Alternatievemiddelen.nl<\/title>\n<meta name=\"description\" content=\"De BOROUX douchefilter vermindert de blootstelling aan chemicali\u00ebn, wat helpt om droogheid en irritatie te verlichten. Ervaar zachter haar en zachtere huid!\" \/>\n<meta name=\"robots\" content=\"index, follow, max-snippet:-1, max-image-preview:large, max-video-preview:-1\" \/>\n<link rel=\"canonical\" href=\"https:\/\/www.alternatievemiddelen.nl\/fr\/wp-json\/wp\/v2\/product\/51536\" \/>\n<meta property=\"og:locale\" content=\"fr_FR\" \/>\n<meta property=\"og:type\" content=\"article\" \/>\n<meta property=\"og:title\" content=\"BOROUX Douchefilter - Alternatievemiddelen.nl\" \/>\n<meta property=\"og:description\" content=\"De BOROUX douchefilter vermindert de blootstelling aan chemicali\u00ebn, wat helpt om droogheid en irritatie te verlichten. Ervaar zachter haar en zachtere huid!\" \/>\n<meta property=\"og:url\" content=\"https:\/\/www.alternatievemiddelen.nl\/fr\/produits\/filtre-de-douche-boroux\/\" \/>\n<meta property=\"og:site_name\" content=\"Alternatievemiddelen.nl\" \/>\n<meta property=\"article:modified_time\" content=\"2026-04-15T15:11:26+00:00\" \/>\n<meta property=\"og:image\" content=\"\/wp-content\/uploads\/2026\/04\/BOROUX-douchefilter.jpg\" \/>\n\t<meta property=\"og:image:width\" content=\"900\" \/>\n\t<meta property=\"og:image:height\" content=\"1200\" \/>\n\t<meta property=\"og:image:type\" content=\"image\/jpeg\" \/>\n<meta name=\"twitter:card\" content=\"summary_large_image\" \/>\n<meta name=\"twitter:label1\" content=\"Dur\u00e9e de lecture estim\u00e9e\" \/>\n\t<meta name=\"twitter:data1\" content=\"3 minutes\" \/>\n<script type=\"application\/ld+json\" class=\"yoast-schema-graph\">{\"@context\":\"https:\/\/schema.org\",\"@graph\":[{\"@type\":[\"WebPage\",\"ItemPage\"],\"@id\":\"https:\/\/www.alternatievemiddelen.nl\/producten\/boroux-douchefilter\/\",\"url\":\"https:\/\/www.alternatievemiddelen.nl\/producten\/boroux-douchefilter\/\",\"name\":\"BOROUX Douchefilter - Alternatievemiddelen.nl\",\"isPartOf\":{\"@id\":\"https:\/\/www.alternatievemiddelen.nl\/#website\"},\"primaryImageOfPage\":{\"@id\":\"https:\/\/www.alternatievemiddelen.nl\/producten\/boroux-douchefilter\/#primaryimage\"},\"image\":{\"@id\":\"https:\/\/www.alternatievemiddelen.nl\/producten\/boroux-douchefilter\/#primaryimage\"},\"thumbnailUrl\":\"https:\/\/www.alternatievemiddelen.nl\/wp-content\/uploads\/2026\/04\/BOROUX-douchefilter.jpg\",\"datePublished\":\"2026-04-15T07:21:59+00:00\",\"dateModified\":\"2026-04-15T15:11:26+00:00\",\"description\":\"De BOROUX douchefilter vermindert de blootstelling aan chemicali\u00ebn, wat helpt om droogheid en irritatie te verlichten. Ervaar zachter haar en zachtere huid!\",\"breadcrumb\":{\"@id\":\"https:\/\/www.alternatievemiddelen.nl\/producten\/boroux-douchefilter\/#breadcrumb\"},\"inLanguage\":\"fr-FR\",\"potentialAction\":[{\"@type\":\"ReadAction\",\"target\":[\"https:\/\/www.alternatievemiddelen.nl\/producten\/boroux-douchefilter\/\"]}]},{\"@type\":\"ImageObject\",\"inLanguage\":\"fr-FR\",\"@id\":\"https:\/\/www.alternatievemiddelen.nl\/producten\/boroux-douchefilter\/#primaryimage\",\"url\":\"https:\/\/www.alternatievemiddelen.nl\/wp-content\/uploads\/2026\/04\/BOROUX-douchefilter.jpg\",\"contentUrl\":\"https:\/\/www.alternatievemiddelen.nl\/wp-content\/uploads\/2026\/04\/BOROUX-douchefilter.jpg\",\"width\":900,\"height\":1200,\"caption\":\"BOROUX douchefilter\"},{\"@type\":\"BreadcrumbList\",\"@id\":\"https:\/\/www.alternatievemiddelen.nl\/producten\/boroux-douchefilter\/#breadcrumb\",\"itemListElement\":[{\"@type\":\"ListItem\",\"position\":1,\"name\":\"Home\",\"item\":\"https:\/\/www.alternatievemiddelen.nl\/\"},{\"@type\":\"ListItem\",\"position\":2,\"name\":\"Producten\",\"item\":\"https:\/\/www.alternatievemiddelen.nl\/producten\/\"},{\"@type\":\"ListItem\",\"position\":3,\"name\":\"BOROUX Douchefilter\"}]},{\"@type\":\"WebSite\",\"@id\":\"https:\/\/www.alternatievemiddelen.nl\/#website\",\"url\":\"https:\/\/www.alternatievemiddelen.nl\/\",\"name\":\"Alternatievemiddelen.nl\",\"description\":\"Webshop met gezonde, duurzame en ecologische alternatieve mogelijkheden in de hedendaagse levenstijl. Alles uit eigen ervaring.\",\"publisher\":{\"@id\":\"https:\/\/www.alternatievemiddelen.nl\/#organization\"},\"potentialAction\":[{\"@type\":\"SearchAction\",\"target\":{\"@type\":\"EntryPoint\",\"urlTemplate\":\"https:\/\/www.alternatievemiddelen.nl\/?s={search_term_string}\"},\"query-input\":{\"@type\":\"PropertyValueSpecification\",\"valueRequired\":true,\"valueName\":\"search_term_string\"}}],\"inLanguage\":\"fr-FR\"},{\"@type\":\"Organization\",\"@id\":\"https:\/\/www.alternatievemiddelen.nl\/#organization\",\"name\":\"Alternatievemiddelen.nl\",\"url\":\"https:\/\/www.alternatievemiddelen.nl\/\",\"logo\":{\"@type\":\"ImageObject\",\"inLanguage\":\"fr-FR\",\"@id\":\"https:\/\/www.alternatievemiddelen.nl\/#\/schema\/logo\/image\/\",\"url\":\"https:\/\/www.alternatievemiddelen.nl\/wp-content\/uploads\/2023\/10\/alternatievemiddelen-PNG-logo.png\",\"contentUrl\":\"https:\/\/www.alternatievemiddelen.nl\/wp-content\/uploads\/2023\/10\/alternatievemiddelen-PNG-logo.png\",\"width\":6400,\"height\":3062,\"caption\":\"Alternatievemiddelen.nl\"},\"image\":{\"@id\":\"https:\/\/www.alternatievemiddelen.nl\/#\/schema\/logo\/image\/\"}}]}<\/script>\n<!-- \/ Yoast SEO plugin. -->","yoast_head_json":{"title":"BOROUX Douchefilter - Alternatievemiddelen.nl","description":"De BOROUX douchefilter vermindert de blootstelling aan chemicali\u00ebn, wat helpt om droogheid en irritatie te verlichten. Ervaar zachter haar en zachtere huid!","robots":{"index":"index","follow":"follow","max-snippet":"max-snippet:-1","max-image-preview":"max-image-preview:large","max-video-preview":"max-video-preview:-1"},"canonical":"https:\/\/www.alternatievemiddelen.nl\/fr\/wp-json\/wp\/v2\/product\/51536","og_locale":"fr_FR","og_type":"article","og_title":"BOROUX Douchefilter - Alternatievemiddelen.nl","og_description":"De BOROUX douchefilter vermindert de blootstelling aan chemicali\u00ebn, wat helpt om droogheid en irritatie te verlichten. Ervaar zachter haar en zachtere huid!","og_url":"https:\/\/www.alternatievemiddelen.nl\/fr\/produits\/filtre-de-douche-boroux\/","og_site_name":"Alternatievemiddelen.nl","article_modified_time":"2026-04-15T15:11:26+00:00","og_image":[{"width":900,"height":1200,"url":"\/wp-content\/uploads\/2026\/04\/BOROUX-douchefilter.jpg","type":"image\/jpeg"}],"twitter_card":"summary_large_image","twitter_misc":{"Dur\u00e9e de lecture estim\u00e9e":"3 minutes"},"schema":{"@context":"https:\/\/schema.org","@graph":[{"@type":["WebPage","ItemPage"],"@id":"https:\/\/www.alternatievemiddelen.nl\/producten\/boroux-douchefilter\/","url":"https:\/\/www.alternatievemiddelen.nl\/producten\/boroux-douchefilter\/","name":"BOROUX Douchefilter - Alternatievemiddelen.nl","isPartOf":{"@id":"https:\/\/www.alternatievemiddelen.nl\/#website"},"primaryImageOfPage":{"@id":"https:\/\/www.alternatievemiddelen.nl\/producten\/boroux-douchefilter\/#primaryimage"},"image":{"@id":"https:\/\/www.alternatievemiddelen.nl\/producten\/boroux-douchefilter\/#primaryimage"},"thumbnailUrl":"https:\/\/www.alternatievemiddelen.nl\/wp-content\/uploads\/2026\/04\/BOROUX-douchefilter.jpg","datePublished":"2026-04-15T07:21:59+00:00","dateModified":"2026-04-15T15:11:26+00:00","description":"De BOROUX douchefilter vermindert de blootstelling aan chemicali\u00ebn, wat helpt om droogheid en irritatie te verlichten. Ervaar zachter haar en zachtere huid!","breadcrumb":{"@id":"https:\/\/www.alternatievemiddelen.nl\/producten\/boroux-douchefilter\/#breadcrumb"},"inLanguage":"fr-FR","potentialAction":[{"@type":"ReadAction","target":["https:\/\/www.alternatievemiddelen.nl\/producten\/boroux-douchefilter\/"]}]},{"@type":"ImageObject","inLanguage":"fr-FR","@id":"https:\/\/www.alternatievemiddelen.nl\/producten\/boroux-douchefilter\/#primaryimage","url":"https:\/\/www.alternatievemiddelen.nl\/wp-content\/uploads\/2026\/04\/BOROUX-douchefilter.jpg","contentUrl":"https:\/\/www.alternatievemiddelen.nl\/wp-content\/uploads\/2026\/04\/BOROUX-douchefilter.jpg","width":900,"height":1200,"caption":"BOROUX douchefilter"},{"@type":"BreadcrumbList","@id":"https:\/\/www.alternatievemiddelen.nl\/producten\/boroux-douchefilter\/#breadcrumb","itemListElement":[{"@type":"ListItem","position":1,"name":"Home","item":"https:\/\/www.alternatievemiddelen.nl\/"},{"@type":"ListItem","position":2,"name":"Producten","item":"https:\/\/www.alternatievemiddelen.nl\/producten\/"},{"@type":"ListItem","position":3,"name":"BOROUX Douchefilter"}]},{"@type":"WebSite","@id":"https:\/\/www.alternatievemiddelen.nl\/#website","url":"https:\/\/www.alternatievemiddelen.nl\/","name":"Alternatievemiddelen.nl","description":"Webshop met gezonde, duurzame en ecologische alternatieve mogelijkheden in de hedendaagse levenstijl. Alles uit eigen ervaring.","publisher":{"@id":"https:\/\/www.alternatievemiddelen.nl\/#organization"},"potentialAction":[{"@type":"SearchAction","target":{"@type":"EntryPoint","urlTemplate":"https:\/\/www.alternatievemiddelen.nl\/?s={search_term_string}"},"query-input":{"@type":"PropertyValueSpecification","valueRequired":true,"valueName":"search_term_string"}}],"inLanguage":"fr-FR"},{"@type":"Organization","@id":"https:\/\/www.alternatievemiddelen.nl\/#organization","name":"Alternatievemiddelen.nl","url":"https:\/\/www.alternatievemiddelen.nl\/","logo":{"@type":"ImageObject","inLanguage":"fr-FR","@id":"https:\/\/www.alternatievemiddelen.nl\/#\/schema\/logo\/image\/","url":"https:\/\/www.alternatievemiddelen.nl\/wp-content\/uploads\/2023\/10\/alternatievemiddelen-PNG-logo.png","contentUrl":"https:\/\/www.alternatievemiddelen.nl\/wp-content\/uploads\/2023\/10\/alternatievemiddelen-PNG-logo.png","width":6400,"height":3062,"caption":"Alternatievemiddelen.nl"},"image":{"@id":"https:\/\/www.alternatievemiddelen.nl\/#\/schema\/logo\/image\/"}}]}},"_links":{"self":[{"href":"https:\/\/www.alternatievemiddelen.nl\/fr\/wp-json\/wp\/v2\/product\/51536","targetHints":{"allow":["GET"]}}],"collection":[{"href":"https:\/\/www.alternatievemiddelen.nl\/fr\/wp-json\/wp\/v2\/product"}],"about":[{"href":"https:\/\/www.alternatievemiddelen.nl\/fr\/wp-json\/wp\/v2\/types\/product"}],"replies":[{"embeddable":true,"href":"https:\/\/www.alternatievemiddelen.nl\/fr\/wp-json\/wp\/v2\/comments?post=51536"}],"wp:featuredmedia":[{"embeddable":true,"href":"https:\/\/www.alternatievemiddelen.nl\/fr\/wp-json\/wp\/v2\/media\/51542"}],"wp:attachment":[{"href":"https:\/\/www.alternatievemiddelen.nl\/fr\/wp-json\/wp\/v2\/media?parent=51536"}],"wp:term":[{"taxonomy":"product_brand","embeddable":true,"href":"https:\/\/www.alternatievemiddelen.nl\/fr\/wp-json\/wp\/v2\/product_brand?post=51536"},{"taxonomy":"product_cat","embeddable":true,"href":"https:\/\/www.alternatievemiddelen.nl\/fr\/wp-json\/wp\/v2\/product_cat?post=51536"},{"taxonomy":"product_tag","embeddable":true,"href":"https:\/\/www.alternatievemiddelen.nl\/fr\/wp-json\/wp\/v2\/product_tag?post=51536"},{"taxonomy":"merk","embeddable":true,"href":"https:\/\/www.alternatievemiddelen.nl\/fr\/wp-json\/wp\/v2\/merk?post=51536"}],"curies":[{"name":"wp","href":"https:\/\/api.w.org\/{rel}","templated":true}]}}